{"id":2152,"date":"2014-10-20T12:48:29","date_gmt":"2014-10-20T12:48:29","guid":{"rendered":"https:\/\/xml-io.proteusthemes.com\/buildpress\/?page_id=29"},"modified":"2025-10-16T13:59:32","modified_gmt":"2025-10-16T11:59:32","slug":"kontakt","status":"publish","type":"page","link":"https:\/\/www.zaluziemm.sk\/index.php\/kontakt\/","title":{"rendered":"KONTAKTUJTE N\u00c1S"},"content":{"rendered":"<div id=\"pl-2152\"  class=\"panel-layout\" ><\/div><\/div><div id=\"pg-2152-0\"  class=\"panel-grid panel-has-style\" ><div class=\"wide-boxed panel-row-style panel-row-style-for-2152-0\" ><div id=\"pgc-2152-0-0\"  class=\"panel-grid-cell\" ><div id=\"panel-2152-0-0-0\" class=\"widget_text so-panel widget widget_custom_html panel-first-child panel-last-child\" data-index=\"0\" ><div class=\"textwidget custom-html-widget\"><iframe src=\"https:\/\/www.google.com\/maps\/embed?pb=!1m18!1m12!1m3!1d2391.5068328013494!2d21.09232067601461!3d49.09371538411772!2m3!1f0!2f0!3f0!3m2!1i1024!2i768!4f13.1!3m3!1m2!1s0x473e8b042ef39189%3A0x386e71958bf4a09!2zxb1hbMO6emllIE1NIC0gU0lFVEUgLSBST0xFVFkgLSBHQVLDgcW9T1bDiSBCUsOBTlk!5e1!3m2!1ssk!2ssk!4v1760608208308!5m2!1ssk!2ssk\" width=\"100%\" height=\"350\" style=\"border:0;\" allowfullscreen=\"\" loading=\"lazy\" referrerpolicy=\"no-referrer-when-downgrade\"><\/iframe><\/div><\/div><\/div><\/div><\/div><div class=\"container\"><div><div id=\"pg-2152-1\"  class=\"panel-grid panel-no-style\" ><div id=\"pgc-2152-1-0\"  class=\"panel-grid-cell\" ><div id=\"panel-2152-1-0-0\" class=\"so-panel widget widget_text panel-first-child panel-last-child\" data-index=\"1\" >\t\t\t<div class=\"textwidget\"><span class=\"icon-container\"><span class=\"fa fa-home\"><\/span><\/span> <b>\u017dal\u00fazie MV s.r.o.<\/b>\n<\/p>\n\u0160ancov\u00e1 13<br>\n083 01, Sabinov<br>\nSlovensko<br>\nI\u010cO: 57 097 381<br>\nDI\u010c: 21 225 673 59<br>\nObchodn\u00fd register Okresn\u00e9ho s\u00fadu Pre\u0161ov, oddiel: Sro, vlo\u017eka \u010d. 50334\/P\n<\/p>\n<b>Martin Matu\u0161<\/b><br>\n<span class=\"icon-container\"><span class=\"fa fa-phone\"><\/span><\/span> Mob.\u010d.: <a href=\"tel:+421907230353\">+421(0)907 230 353<\/a><br>\n<span class=\"icon-container\"><span class=\"fa fa-envelope\"><\/span><\/span> Mail:<a href=\"mailto: ahoj@zaluziemm.sk\">ahoj@zaluziemm.sk<\/a><br>\n<\/p>\n<br>\nWeb: <a href=\"https:\/\/zaluziemm.sk\/\">www.zaluziemm.sk<\/a><br>\n<\/p>\n<b>Po - Pia: 08:00 - 17:00<\/b><br>\nSo - Ne: Zatvoren\u00e9<\/div>\n\t\t<\/div><\/div><div id=\"pgc-2152-1-1\"  class=\"panel-grid-cell\" ><div id=\"panel-2152-1-1-0\" class=\"so-panel widget widget_text panel-first-child panel-last-child\" data-index=\"2\" >\t\t\t<div class=\"textwidget\"><style id=\"wpforms-css-vars-2764\">\n\t\t\t\t#wpforms-2764 {\n\t\t\t\t--wpforms-container-padding: 0px;\n--wpforms-container-border-width: 1px;\n--wpforms-container-border-radius: 3px;\n--wpforms-background-color: rgba(0, 0, 0, 0);\n--wpforms-field-size-input-height: 43px;\n--wpforms-field-size-input-spacing: 15px;\n--wpforms-field-size-font-size: 16px;\n--wpforms-field-size-line-height: 19px;\n--wpforms-field-size-padding-h: 14px;\n--wpforms-field-size-checkbox-size: 16px;\n--wpforms-field-size-sublabel-spacing: 5px;\n--wpforms-field-size-icon-size: 1;\n--wpforms-label-size-font-size: 16px;\n--wpforms-label-size-line-height: 19px;\n--wpforms-label-size-sublabel-font-size: 14px;\n--wpforms-label-size-sublabel-line-height: 17px;\n--wpforms-button-size-font-size: 17px;\n--wpforms-button-size-height: 41px;\n--wpforms-button-size-padding-h: 15px;\n--wpforms-button-size-margin-top: 10px;\n--wpforms-container-shadow-size-box-shadow: none;\n\t\t\t}\n\t\t\t<\/style><div class=\"wpforms-container wpforms-container-full wpforms-render-modern\" id=\"wpforms-2764\"><form id=\"wpforms-form-2764\" class=\"wpforms-validate wpforms-form wpforms-ajax-form\" data-formid=\"2764\" method=\"post\" enctype=\"multipart\/form-data\" action=\"\/index.php\/wp-json\/wp\/v2\/pages\/2152\" data-token=\"64d3480a0e33a2cd87401eb39dd36362\" data-token-time=\"1777738860\"><noscript class=\"wpforms-error-noscript\">Please enable JavaScript in your browser to complete this form.<\/noscript><div id=\"wpforms-error-noscript\" style=\"display: none;\">Please enable JavaScript in your browser to complete this form.<\/div><div class=\"wpforms-field-container\">\t\t<div id=\"wpforms-2764-field_3-container\"\n\t\t\tclass=\"wpforms-field wpforms-field-text\"\n\t\t\tdata-field-type=\"text\"\n\t\t\tdata-field-id=\"3\"\n\t\t\t>\n\t\t\t<label class=\"wpforms-field-label\" for=\"wpforms-2764-field_3\" >z\u00e1ujem? Telef\u00f3n... \/<\/label>\n\t\t\t<input type=\"text\" id=\"wpforms-2764-field_3\" class=\"wpforms-field-medium\" name=\"wpforms[fields][3]\" >\n\t\t<\/div>\n\t\t<div id=\"wpforms-2764-field_4-container\" class=\"wpforms-field wpforms-field-name wpforms-two-thirds wpforms-first\" data-field-id=\"4\"><fieldset><legend class=\"wpforms-field-label wpforms-label-hide\" aria-hidden=\"false\">Meno <span class=\"wpforms-required-label\" aria-hidden=\"true\">*<\/span><\/legend><div class=\"wpforms-field-row wpforms-field-large\"><div class=\"wpforms-field-row-block wpforms-first wpforms-one-half\"><input type=\"text\" id=\"wpforms-2764-field_4\" class=\"wpforms-field-name-first wpforms-field-required\" name=\"wpforms[fields][4][first]\" placeholder=\"Meno...\" aria-errormessage=\"wpforms-2764-field_4-error\" required><label for=\"wpforms-2764-field_4\" class=\"wpforms-field-sublabel after wpforms-sublabel-hide\">First<\/label><\/div><div class=\"wpforms-field-row-block wpforms-one-half\"><input type=\"text\" id=\"wpforms-2764-field_4-last\" class=\"wpforms-field-name-last wpforms-field-required\" name=\"wpforms[fields][4][last]\" placeholder=\"Priezvisko...\" aria-errormessage=\"wpforms-2764-field_4-last-error\" required><label for=\"wpforms-2764-field_4-last\" class=\"wpforms-field-sublabel after wpforms-sublabel-hide\">Last<\/label><\/div><\/div><\/fieldset><\/div><div id=\"wpforms-2764-field_5-container\" class=\"wpforms-field wpforms-field-text wpforms-one-third\" data-field-id=\"5\"><label class=\"wpforms-field-label wpforms-label-hide\" for=\"wpforms-2764-field_5\" aria-hidden=\"false\">N\u00e1zov spolo\u010dnosti <span class=\"wpforms-required-label\" aria-hidden=\"true\">*<\/span><\/label><input type=\"text\" id=\"wpforms-2764-field_5\" class=\"wpforms-field-large wpforms-field-required\" name=\"wpforms[fields][5]\" placeholder=\"N\u00e1zov spolo\u010dnosti...\" aria-errormessage=\"wpforms-2764-field_5-error\" required><\/div><div id=\"wpforms-2764-field_6-container\" class=\"wpforms-field wpforms-field-text wpforms-one-third wpforms-first\" data-field-id=\"6\"><label class=\"wpforms-field-label wpforms-label-hide\" for=\"wpforms-2764-field_6\" aria-hidden=\"false\">Nap\u00ed\u0161te Va\u0161u ulicu a \u010d\u00edslo: <span class=\"wpforms-required-label\" aria-hidden=\"true\">*<\/span><\/label><input type=\"text\" id=\"wpforms-2764-field_6\" class=\"wpforms-field-large wpforms-field-required\" name=\"wpforms[fields][6]\" placeholder=\"Nap\u00ed\u0161te Va\u0161u ulicu a \u010d\u00edslo...\" aria-errormessage=\"wpforms-2764-field_6-error\" required><\/div><div id=\"wpforms-2764-field_9-container\" class=\"wpforms-field wpforms-field-text wpforms-one-third\" data-field-id=\"9\"><label class=\"wpforms-field-label wpforms-label-hide\" for=\"wpforms-2764-field_9\" aria-hidden=\"false\">Nap\u00ed\u0161te Va\u0161e mesto \/ obec.... <span class=\"wpforms-required-label\" aria-hidden=\"true\">*<\/span><\/label><input type=\"text\" id=\"wpforms-2764-field_9\" class=\"wpforms-field-large wpforms-field-required\" name=\"wpforms[fields][9]\" placeholder=\"Nap\u00ed\u0161te Va\u0161e mesto \/ obec....\" aria-errormessage=\"wpforms-2764-field_9-error\" required><\/div><div id=\"wpforms-2764-field_7-container\" class=\"wpforms-field wpforms-field-text wpforms-one-third\" data-field-id=\"7\"><label class=\"wpforms-field-label wpforms-label-hide\" for=\"wpforms-2764-field_7\" aria-hidden=\"false\">Nap\u00ed\u0161te Va\u0161e PS\u010c... <span class=\"wpforms-required-label\" aria-hidden=\"true\">*<\/span><\/label><input type=\"text\" id=\"wpforms-2764-field_7\" class=\"wpforms-field-large wpforms-field-required\" name=\"wpforms[fields][7]\" placeholder=\"Nap\u00ed\u0161te Va\u0161e PS\u010c...\" aria-errormessage=\"wpforms-2764-field_7-error\" required><\/div><div id=\"wpforms-2764-field_1-container\" class=\"wpforms-field wpforms-field-email wpforms-one-half wpforms-first\" data-field-id=\"1\"><label class=\"wpforms-field-label wpforms-label-hide\" for=\"wpforms-2764-field_1\" aria-hidden=\"false\">Email <span class=\"wpforms-required-label\" aria-hidden=\"true\">*<\/span><\/label><input type=\"email\" id=\"wpforms-2764-field_1\" class=\"wpforms-field-large wpforms-field-required\" name=\"wpforms[fields][1]\" placeholder=\"Email ...\" spellcheck=\"false\" aria-errormessage=\"wpforms-2764-field_1-error\" required><\/div><div id=\"wpforms-2764-field_12-container\" class=\"wpforms-field wpforms-field-text wpforms-one-third\" data-field-id=\"12\"><label class=\"wpforms-field-label wpforms-label-hide\" for=\"wpforms-2764-field_12\" aria-hidden=\"false\">Telef\u00f3n... <span class=\"wpforms-required-label\" aria-hidden=\"true\">*<\/span><\/label><input type=\"text\" id=\"wpforms-2764-field_12\" class=\"wpforms-field-large wpforms-field-required\" name=\"wpforms[fields][12]\" placeholder=\"Telef\u00f3n...\" aria-errormessage=\"wpforms-2764-field_12-error\" required><\/div><div id=\"wpforms-2764-field_10-container\" class=\"wpforms-field wpforms-field-select wpforms-one-half wpforms-first wpforms-field-select-style-classic\" data-field-id=\"10\"><label class=\"wpforms-field-label wpforms-label-hide\" for=\"wpforms-2764-field_10\" aria-hidden=\"false\">O ak\u00fa slu\u017ebu m\u00e1te z\u00e1ujem? <span class=\"wpforms-required-label\" aria-hidden=\"true\">*<\/span><\/label><select id=\"wpforms-2764-field_10\" class=\"wpforms-field-large wpforms-field-required\" name=\"wpforms[fields][10]\" required=\"required\"><option value=\"\" class=\"placeholder\" disabled  selected='selected'>O ak\u00fa slu\u017ebu m\u00e1te z\u00e1ujem?<\/option><option value=\"PREDAJ\"  class=\"choice-1 depth-1\"  >PREDAJ<\/option><option value=\"CENOV\u00c1 PONUKA\"  class=\"choice-3 depth-1\"  >CENOV\u00c1 PONUKA<\/option><option value=\"MONT\u00c1\u017d\"  class=\"choice-2 depth-1\"  >MONT\u00c1\u017d<\/option><option value=\"V\u00ddROBA\"  class=\"choice-4 depth-1\"  >V\u00ddROBA<\/option><option value=\"NEM\u00c1M Z\u00c1UJEM O SLU\u017dBU\"  class=\"choice-5 depth-1\"  >NEM\u00c1M Z\u00c1UJEM O SLU\u017dBU<\/option><\/select><\/div><div id=\"wpforms-2764-field_11-container\" class=\"wpforms-field wpforms-field-select wpforms-one-half wpforms-field-select-style-classic\" data-field-id=\"11\"><label class=\"wpforms-field-label wpforms-label-hide\" for=\"wpforms-2764-field_11\" aria-hidden=\"false\">O ak\u00fd sortiment m\u00e1te z\u00e1ujem? <span class=\"wpforms-required-label\" aria-hidden=\"true\">*<\/span><\/label><select id=\"wpforms-2764-field_11\" class=\"wpforms-field-large wpforms-field-required\" name=\"wpforms[fields][11]\" required=\"required\"><option value=\"\" class=\"placeholder\" disabled  selected='selected'>O ak\u00fd sortiment m\u00e1te z\u00e1ujem?<\/option><option value=\"VONKAJ\u0160IE \u017dAL\u00daZIE\"  class=\"choice-1 depth-1\"  >VONKAJ\u0160IE \u017dAL\u00daZIE<\/option><option value=\"VONKAJ\u0160IE HLIN\u00cdKOV\u00c9 ROLETY\"  class=\"choice-16 depth-1\"  >VONKAJ\u0160IE HLIN\u00cdKOV\u00c9 ROLETY<\/option><option value=\"HLIN\u00cdKOV\u00c9 PERGOLY\"  class=\"choice-17 depth-1\"  >HLIN\u00cdKOV\u00c9 PERGOLY<\/option><option value=\"GARA\u017dOV\u00c9 BR\u00c1NY\"  class=\"choice-21 depth-1\"  >GARA\u017dOV\u00c9 BR\u00c1NY<\/option><option value=\"TIENENIE PERGOL A ZIMN\u00ddCH Z\u00c1HRAD\"  class=\"choice-18 depth-1\"  >TIENENIE PERGOL A ZIMN\u00ddCH Z\u00c1HRAD<\/option><option value=\"SCREENOV\u00c9 ROLETY\"  class=\"choice-19 depth-1\"  >SCREENOV\u00c9 ROLETY<\/option><option value=\"MARK\u00cdZY\"  class=\"choice-20 depth-1\"  >MARK\u00cdZY<\/option><option value=\"VN\u00daTORN\u00c9 \u017dAL\u00daZIE\"  class=\"choice-3 depth-1\"  >VN\u00daTORN\u00c9 \u017dAL\u00daZIE<\/option><option value=\"VN\u00daTORN\u00c9 ROLETY\"  class=\"choice-2 depth-1\"  >VN\u00daTORN\u00c9 ROLETY<\/option><option value=\"VERTIK\u00c1LNE \u017dAL\u00daZIE\"  class=\"choice-4 depth-1\"  >VERTIK\u00c1LNE \u017dAL\u00daZIE<\/option><option value=\"STRE\u0160N\u00c9 ROLETY\"  class=\"choice-5 depth-1\"  >STRE\u0160N\u00c9 ROLETY<\/option><option value=\"DREVEN\u00c9 \u017dAL\u00daZIE\"  class=\"choice-6 depth-1\"  >DREVEN\u00c9 \u017dAL\u00daZIE<\/option><option value=\"PLISS\u00c9 ROLETY\"  class=\"choice-7 depth-1\"  >PLISS\u00c9 ROLETY<\/option><option value=\"STRE\u0160N\u00c9 MARK\u00cdZY\"  class=\"choice-8 depth-1\"  >STRE\u0160N\u00c9 MARK\u00cdZY<\/option><option value=\"SIETE PROTI HMYZU NA OKNO\"  class=\"choice-10 depth-1\"  >SIETE PROTI HMYZU NA OKNO<\/option><option value=\"P\u00c1NTOV\u00c9 SIETE PROTI HMYZU NA DVERE\"  class=\"choice-11 depth-1\"  >P\u00c1NTOV\u00c9 SIETE PROTI HMYZU NA DVERE<\/option><option value=\"SIETE PROTI HMYZU NA DVERE PLISS\u00c9\"  class=\"choice-12 depth-1\"  >SIETE PROTI HMYZU NA DVERE PLISS\u00c9<\/option><option value=\"POSUVN\u00c9 SIETE PROTI HMYZU NA DVERE\"  class=\"choice-13 depth-1\"  >POSUVN\u00c9 SIETE PROTI HMYZU NA DVERE<\/option><option value=\"SIETE PROTI HMYZU NA DVERE S VLASTN\u00ddM R\u00c1MOM\"  class=\"choice-14 depth-1\"  >SIETE PROTI HMYZU NA DVERE S VLASTN\u00ddM R\u00c1MOM<\/option><option value=\"ROLOVACIE SIETE PRTOI HMYZU NA OKNO\"  class=\"choice-15 depth-1\"  >ROLOVACIE SIETE PRTOI HMYZU NA OKNO<\/option><\/select><\/div><div id=\"wpforms-2764-field_2-container\" class=\"wpforms-field wpforms-field-textarea\" data-field-id=\"2\"><label class=\"wpforms-field-label wpforms-label-hide\" for=\"wpforms-2764-field_2\" aria-hidden=\"false\">Nap\u00ed\u0161te svoju spr\u00e1vu... <span class=\"wpforms-required-label\" aria-hidden=\"true\">*<\/span><\/label><textarea id=\"wpforms-2764-field_2\" class=\"wpforms-field-large wpforms-field-required\" name=\"wpforms[fields][2]\" placeholder=\"Nap\u00ed\u0161te svoju spr\u00e1vu...\" aria-errormessage=\"wpforms-2764-field_2-error\" required><\/textarea><\/div><script>\n\t\t\t\t( function() {\n\t\t\t\t\tconst style = document.createElement( 'style' );\n\t\t\t\t\tstyle.appendChild( document.createTextNode( '#wpforms-2764-field_3-container { position: absolute !important; overflow: hidden !important; display: inline !important; height: 1px !important; width: 1px !important; z-index: -1000 !important; padding: 0 !important; } #wpforms-2764-field_3-container input { visibility: hidden; } #wpforms-conversational-form-page #wpforms-2764-field_3-container label { counter-increment: none; }' ) );\n\t\t\t\t\tdocument.head.appendChild( style );\n\t\t\t\t\tdocument.currentScript?.remove();\n\t\t\t\t} )();\n\t\t\t<\/script><\/div><!-- .wpforms-field-container --><div class=\"wpforms-recaptcha-container wpforms-is-recaptcha wpforms-is-recaptcha-type-v3\" ><input type=\"hidden\" name=\"wpforms[recaptcha]\" value=\"\"><\/div><div class=\"wpforms-submit-container\" ><input type=\"hidden\" name=\"wpforms[id]\" value=\"2764\"><input type=\"hidden\" name=\"page_title\" value=\"\"><input type=\"hidden\" name=\"page_url\" value=\"https:\/\/www.zaluziemm.sk\/index.php\/wp-json\/wp\/v2\/pages\/2152\"><input type=\"hidden\" name=\"url_referer\" value=\"\"><button type=\"submit\" name=\"wpforms[submit]\" id=\"wpforms-submit-2764\" class=\"wpforms-submit\" data-alt-text=\"POSIELAM...\" data-submit-text=\"ODOSLA\u0164\" aria-live=\"assertive\" value=\"wpforms-submit\">ODOSLA\u0164<\/button><img loading=\"lazy\" decoding=\"async\" src=\"https:\/\/www.zaluziemm.sk\/wp-content\/plugins\/wpforms-lite\/assets\/images\/submit-spin.svg\" class=\"wpforms-submit-spinner\" style=\"display: none;\" width=\"26\" height=\"26\" alt=\"Loading\"><\/div><\/form><\/div>  <!-- .wpforms-container -->\n<\/div>\n\t\t<\/div><\/div><\/div><\/div>","protected":false},"excerpt":{"rendered":"<p>\u017dal\u00fazie MV s.r.o. \u0160ancov\u00e1 13 083 01, Sabinov Slovensko I\u010cO: 57 097 381 DI\u010c: 21 225 673 59 Obchodn\u00fd register Okresn\u00e9ho s\u00fadu Pre\u0161ov, oddiel: Sro, vlo\u017eka \u010d. 50334\/P Martin Matu\u0161 Mob.\u010d.: +421(0)907 230 353 Mail:ahoj@zaluziemm.sk Web: www.zaluziemm.sk Po &#8211; Pia: 08:00 &#8211; 17:00 So &#8211; Ne: Zatvoren\u00e9<\/p>\n","protected":false},"author":1,"featured_media":2736,"parent":0,"menu_order":0,"comment_status":"closed","ping_status":"closed","template":"template-builder-page.php","meta":{"_acf_changed":false,"inline_featured_image":false,"footnotes":""},"class_list":["post-2152","page","type-page","status-publish","has-post-thumbnail","hentry"],"acf":[],"yoast_head":"<!-- This site is optimized with the Yoast SEO plugin v27.0 - https:\/\/yoast.com\/product\/yoast-seo-wordpress\/ -->\n<title>KONTAKTUJTE N\u00c1S - \u017dAL\u00daZIE MM | ROLETY \u2022 SIETE \u2022 PERGOLY<\/title>\n<meta name=\"description\" content=\"\u017dal\u00fazie MM \u2013 predaj, mont\u00e1\u017e a servis \u017eal\u00fazi\u00ed, roliet, siet\u00ed proti hmyzu a pergol na mieru. Bezplatn\u00e9 zameranie a profesion\u00e1lna mont\u00e1\u017e po celom Slovensku.\" \/>\n<meta name=\"robots\" content=\"index, follow, max-snippet:-1, max-image-preview:large, max-video-preview:-1\" \/>\n<link rel=\"canonical\" href=\"https:\/\/www.zaluziemm.sk\/index.php\/kontakt\/\" \/>\n<meta property=\"og:locale\" content=\"sk_SK\" \/>\n<meta property=\"og:type\" content=\"article\" \/>\n<meta property=\"og:title\" content=\"KONTAKTUJTE N\u00c1S\" \/>\n<meta property=\"og:description\" content=\"\u017dal\u00fazie MM \u2013 predaj, mont\u00e1\u017e a servis \u017eal\u00fazi\u00ed, roliet, siet\u00ed proti hmyzu a pergol na mieru. Bezplatn\u00e9 zameranie a profesion\u00e1lna mont\u00e1\u017e po celom Slovensku.\" \/>\n<meta property=\"og:url\" content=\"https:\/\/www.zaluziemm.sk\/index.php\/kontakt\/\" \/>\n<meta property=\"og:site_name\" content=\"\u017dAL\u00daZIE MM | ROLETY \u2022 SIETE \u2022 PERGOLY\" \/>\n<meta property=\"article:modified_time\" content=\"2025-10-16T11:59:32+00:00\" \/>\n<meta property=\"og:image\" content=\"https:\/\/www.zaluziemm.sk\/wp-content\/uploads\/2025\/05\/martin_matus_zaluziemm_vonkajsie_zaluzie.jpg\" \/>\n\t<meta property=\"og:image:width\" content=\"1536\" \/>\n\t<meta property=\"og:image:height\" content=\"855\" \/>\n\t<meta property=\"og:image:type\" content=\"image\/jpeg\" \/>\n<meta name=\"twitter:card\" content=\"summary_large_image\" \/>\n<meta name=\"twitter:label1\" content=\"Predpokladan\u00fd \u010das \u010d\u00edtania\" \/>\n\t<meta name=\"twitter:data1\" content=\"1 min\u00fata\" \/>\n<script type=\"application\/ld+json\" class=\"yoast-schema-graph\">{\"@context\":\"https:\/\/schema.org\",\"@graph\":[{\"@type\":\"WebPage\",\"@id\":\"https:\/\/www.zaluziemm.sk\/index.php\/kontakt\/\",\"url\":\"https:\/\/www.zaluziemm.sk\/index.php\/kontakt\/\",\"name\":\"KONTAKTUJTE N\u00c1S - \u017dAL\u00daZIE MM | ROLETY \u2022 SIETE \u2022 PERGOLY\",\"isPartOf\":{\"@id\":\"https:\/\/www.zaluziemm.sk\/#website\"},\"primaryImageOfPage\":{\"@id\":\"https:\/\/www.zaluziemm.sk\/index.php\/kontakt\/#primaryimage\"},\"image\":{\"@id\":\"https:\/\/www.zaluziemm.sk\/index.php\/kontakt\/#primaryimage\"},\"thumbnailUrl\":\"https:\/\/www.zaluziemm.sk\/wp-content\/uploads\/2025\/05\/cropped-logo_zaluzie_mm_martin_matus.png\",\"datePublished\":\"2014-10-20T12:48:29+00:00\",\"dateModified\":\"2025-10-16T11:59:32+00:00\",\"description\":\"\u017dal\u00fazie MM \u2013 predaj, mont\u00e1\u017e a servis \u017eal\u00fazi\u00ed, roliet, siet\u00ed proti hmyzu a pergol na mieru. Bezplatn\u00e9 zameranie a profesion\u00e1lna mont\u00e1\u017e po celom Slovensku.\",\"breadcrumb\":{\"@id\":\"https:\/\/www.zaluziemm.sk\/index.php\/kontakt\/#breadcrumb\"},\"inLanguage\":\"sk-SK\",\"potentialAction\":[{\"@type\":\"ReadAction\",\"target\":[\"https:\/\/www.zaluziemm.sk\/index.php\/kontakt\/\"]}]},{\"@type\":\"ImageObject\",\"inLanguage\":\"sk-SK\",\"@id\":\"https:\/\/www.zaluziemm.sk\/index.php\/kontakt\/#primaryimage\",\"url\":\"https:\/\/www.zaluziemm.sk\/wp-content\/uploads\/2025\/05\/cropped-logo_zaluzie_mm_martin_matus.png\",\"contentUrl\":\"https:\/\/www.zaluziemm.sk\/wp-content\/uploads\/2025\/05\/cropped-logo_zaluzie_mm_martin_matus.png\",\"width\":512,\"height\":512},{\"@type\":\"BreadcrumbList\",\"@id\":\"https:\/\/www.zaluziemm.sk\/index.php\/kontakt\/#breadcrumb\",\"itemListElement\":[{\"@type\":\"ListItem\",\"position\":1,\"name\":\"Domovsk\u00e1 str\u00e1nka\",\"item\":\"https:\/\/www.zaluziemm.sk\/\"},{\"@type\":\"ListItem\",\"position\":2,\"name\":\"KONTAKTUJTE N\u00c1S\"}]},{\"@type\":\"WebSite\",\"@id\":\"https:\/\/www.zaluziemm.sk\/#website\",\"url\":\"https:\/\/www.zaluziemm.sk\/\",\"name\":\"\u017dAL\u00daZIE MM | ROLETY \u2022 SIETE \u2022 PERGOLY\",\"description\":\"Kvalita, prec\u00edznos\u0165 a osobn\u00fd pr\u00edstup \u2013 \u017daluzie MM.\",\"potentialAction\":[{\"@type\":\"SearchAction\",\"target\":{\"@type\":\"EntryPoint\",\"urlTemplate\":\"https:\/\/www.zaluziemm.sk\/?s={search_term_string}\"},\"query-input\":{\"@type\":\"PropertyValueSpecification\",\"valueRequired\":true,\"valueName\":\"search_term_string\"}}],\"inLanguage\":\"sk-SK\"}]}<\/script>\n<!-- \/ Yoast SEO plugin. -->","yoast_head_json":{"title":"KONTAKTUJTE N\u00c1S - \u017dAL\u00daZIE MM | ROLETY \u2022 SIETE \u2022 PERGOLY","description":"\u017dal\u00fazie MM \u2013 predaj, mont\u00e1\u017e a servis \u017eal\u00fazi\u00ed, roliet, siet\u00ed proti hmyzu a pergol na mieru. Bezplatn\u00e9 zameranie a profesion\u00e1lna mont\u00e1\u017e po celom Slovensku.","robots":{"index":"index","follow":"follow","max-snippet":"max-snippet:-1","max-image-preview":"max-image-preview:large","max-video-preview":"max-video-preview:-1"},"canonical":"https:\/\/www.zaluziemm.sk\/index.php\/kontakt\/","og_locale":"sk_SK","og_type":"article","og_title":"KONTAKTUJTE N\u00c1S","og_description":"\u017dal\u00fazie MM \u2013 predaj, mont\u00e1\u017e a servis \u017eal\u00fazi\u00ed, roliet, siet\u00ed proti hmyzu a pergol na mieru. Bezplatn\u00e9 zameranie a profesion\u00e1lna mont\u00e1\u017e po celom Slovensku.","og_url":"https:\/\/www.zaluziemm.sk\/index.php\/kontakt\/","og_site_name":"\u017dAL\u00daZIE MM | ROLETY \u2022 SIETE \u2022 PERGOLY","article_modified_time":"2025-10-16T11:59:32+00:00","og_image":[{"width":1536,"height":855,"url":"https:\/\/www.zaluziemm.sk\/wp-content\/uploads\/2025\/05\/martin_matus_zaluziemm_vonkajsie_zaluzie.jpg","type":"image\/jpeg"}],"twitter_card":"summary_large_image","twitter_misc":{"Predpokladan\u00fd \u010das \u010d\u00edtania":"1 min\u00fata"},"schema":{"@context":"https:\/\/schema.org","@graph":[{"@type":"WebPage","@id":"https:\/\/www.zaluziemm.sk\/index.php\/kontakt\/","url":"https:\/\/www.zaluziemm.sk\/index.php\/kontakt\/","name":"KONTAKTUJTE N\u00c1S - \u017dAL\u00daZIE MM | ROLETY \u2022 SIETE \u2022 PERGOLY","isPartOf":{"@id":"https:\/\/www.zaluziemm.sk\/#website"},"primaryImageOfPage":{"@id":"https:\/\/www.zaluziemm.sk\/index.php\/kontakt\/#primaryimage"},"image":{"@id":"https:\/\/www.zaluziemm.sk\/index.php\/kontakt\/#primaryimage"},"thumbnailUrl":"https:\/\/www.zaluziemm.sk\/wp-content\/uploads\/2025\/05\/cropped-logo_zaluzie_mm_martin_matus.png","datePublished":"2014-10-20T12:48:29+00:00","dateModified":"2025-10-16T11:59:32+00:00","description":"\u017dal\u00fazie MM \u2013 predaj, mont\u00e1\u017e a servis \u017eal\u00fazi\u00ed, roliet, siet\u00ed proti hmyzu a pergol na mieru. Bezplatn\u00e9 zameranie a profesion\u00e1lna mont\u00e1\u017e po celom Slovensku.","breadcrumb":{"@id":"https:\/\/www.zaluziemm.sk\/index.php\/kontakt\/#breadcrumb"},"inLanguage":"sk-SK","potentialAction":[{"@type":"ReadAction","target":["https:\/\/www.zaluziemm.sk\/index.php\/kontakt\/"]}]},{"@type":"ImageObject","inLanguage":"sk-SK","@id":"https:\/\/www.zaluziemm.sk\/index.php\/kontakt\/#primaryimage","url":"https:\/\/www.zaluziemm.sk\/wp-content\/uploads\/2025\/05\/cropped-logo_zaluzie_mm_martin_matus.png","contentUrl":"https:\/\/www.zaluziemm.sk\/wp-content\/uploads\/2025\/05\/cropped-logo_zaluzie_mm_martin_matus.png","width":512,"height":512},{"@type":"BreadcrumbList","@id":"https:\/\/www.zaluziemm.sk\/index.php\/kontakt\/#breadcrumb","itemListElement":[{"@type":"ListItem","position":1,"name":"Domovsk\u00e1 str\u00e1nka","item":"https:\/\/www.zaluziemm.sk\/"},{"@type":"ListItem","position":2,"name":"KONTAKTUJTE N\u00c1S"}]},{"@type":"WebSite","@id":"https:\/\/www.zaluziemm.sk\/#website","url":"https:\/\/www.zaluziemm.sk\/","name":"\u017dAL\u00daZIE MM | ROLETY \u2022 SIETE \u2022 PERGOLY","description":"Kvalita, prec\u00edznos\u0165 a osobn\u00fd pr\u00edstup \u2013 \u017daluzie MM.","potentialAction":[{"@type":"SearchAction","target":{"@type":"EntryPoint","urlTemplate":"https:\/\/www.zaluziemm.sk\/?s={search_term_string}"},"query-input":{"@type":"PropertyValueSpecification","valueRequired":true,"valueName":"search_term_string"}}],"inLanguage":"sk-SK"}]}},"_links":{"self":[{"href":"https:\/\/www.zaluziemm.sk\/index.php\/wp-json\/wp\/v2\/pages\/2152","targetHints":{"allow":["GET"]}}],"collection":[{"href":"https:\/\/www.zaluziemm.sk\/index.php\/wp-json\/wp\/v2\/pages"}],"about":[{"href":"https:\/\/www.zaluziemm.sk\/index.php\/wp-json\/wp\/v2\/types\/page"}],"author":[{"embeddable":true,"href":"https:\/\/www.zaluziemm.sk\/index.php\/wp-json\/wp\/v2\/users\/1"}],"replies":[{"embeddable":true,"href":"https:\/\/www.zaluziemm.sk\/index.php\/wp-json\/wp\/v2\/comments?post=2152"}],"version-history":[{"count":16,"href":"https:\/\/www.zaluziemm.sk\/index.php\/wp-json\/wp\/v2\/pages\/2152\/revisions"}],"predecessor-version":[{"id":3074,"href":"https:\/\/www.zaluziemm.sk\/index.php\/wp-json\/wp\/v2\/pages\/2152\/revisions\/3074"}],"wp:featuredmedia":[{"embeddable":true,"href":"https:\/\/www.zaluziemm.sk\/index.php\/wp-json\/wp\/v2\/media\/2736"}],"wp:attachment":[{"href":"https:\/\/www.zaluziemm.sk\/index.php\/wp-json\/wp\/v2\/media?parent=2152"}],"curies":[{"name":"wp","href":"https:\/\/api.w.org\/{rel}","templated":true}]}}