{"id":2908,"date":"2025-05-22T14:14:51","date_gmt":"2025-05-22T12:14:51","guid":{"rendered":"https:\/\/www.zaluziemm.sk\/?page_id=2908"},"modified":"2025-05-22T14:16:43","modified_gmt":"2025-05-22T12:16:43","slug":"siete-proti-hmyzu-na-okno","status":"publish","type":"page","link":"https:\/\/www.zaluziemm.sk\/index.php\/siete-proti-hmyzu-na-okno\/","title":{"rendered":"SIETE PROTI HMYZU NA OKNO"},"content":{"rendered":"<div id=\"pl-2908\"  class=\"panel-layout\" ><div id=\"pg-2908-0\"  class=\"panel-grid panel-no-style\" ><div id=\"pgc-2908-0-0\"  class=\"panel-grid-cell\" ><div id=\"panel-2908-0-0-0\" class=\"so-panel widget widget_black-studio-tinymce widget_black_studio_tinymce panel-first-child panel-last-child\" data-index=\"0\" ><h3 class=\"widget-title\">SIETE PROTI HMYZU NA OKNO<\/h3><div class=\"textwidget\"><div class=\"wpb_text_column wpb_content_element  vc_custom_1644485967327\">\n<div class=\"wpb_wrapper\">\n<p><strong>Potreba vetra\u0165<\/strong>\u00a0je samozrejmos\u0165ou.\u00a0<strong>Najhor\u0161i<\/strong>e to v\u0161ak je v obdob\u00ed,\u00a0<strong>kedy vonku lieta<\/strong>\u00a0otravn\u00fd<strong>\u00a0hmyz.<\/strong>\u00a0Pr\u00e1ve\u00a0<strong>siete proti hmyzu<\/strong>\u00a0V\u00e1m pom\u00f4\u017eu<strong>\u00a0zbavi\u0165 sa<\/strong>\u00a0dotierav\u00e9ho\u00a0<strong>hmyzu vo Va\u0161om interi\u00e9ry<\/strong>. Okenn\u00e9 siete proti hmyzu\u00a0<strong>patria<\/strong>\u00a0aspo\u0148\u00a0<strong>na jedno okno do ka\u017edej izby<\/strong>, z\u00e1chodu, alebo \u0161pajze.<\/div>\n<\/div>\n<div class=\"wpb_text_column wpb_content_element  vc_custom_1644486055262\">\n<div class=\"wpb_wrapper\">\n<p><strong>\u00a0Jednoduch\u00fdm syst\u00e9mom<\/strong>\u00a0na h\u00e1\u010diky,\u00a0<strong>bez nutnosti v\u0155tania<\/strong>\u00a0do r\u00e1mu okna, sie\u0165ku na okno prichyt\u00edte.\u00a0<strong>V zime<\/strong>, ke\u010f ju na okne\u00a0<strong>nepotrebujete<\/strong>, viete sie\u0165ku\u00a0<strong>\u013eahko odlo\u017ei\u0165<\/strong>\u00a0do pivnice, alebo gar\u00e1\u017ee. Profily\u00a0siete proti hmyzu na okno\u00a0<strong>s\u00fa vyr\u00e1ban\u00e9 z extrudovan\u00e9ho hlin\u00edku<\/strong>\u00a0o rozmere 30x9mm, \u010dim je zabezpe\u010den\u00e1 pevnos\u0165 cel\u00e9ho r\u00e1mu.\u00a0<strong>Povrchov\u00e1 \u00faprava<\/strong>\u00a0m\u00f4\u017ee by\u0165 takmer v\u00a0<strong>akejko\u013evek farbe.<\/strong><\/div>\n<\/div>\n<div class=\"wpb_text_column wpb_content_element  vc_custom_1646230298869\">\n<div class=\"wpb_wrapper\">\n<p><strong>\u0160tandardne dostupn\u00e9 farby<\/strong>\u00a0ako\u00a0<strong>biela, hned\u00e1, tmavohned\u00e1, antracit, alebo na\u0161a ponuka drevoimit\u00e1ci\u00ed<\/strong>, sa hod\u00ed ku v\u00e4\u010d\u0161ine farieb okien, s ktor\u00fdmi sa be\u017ene stretnete na na\u0161om trhu. \u010ealej je\u00a0<strong>mo\u017enos\u0165 sie\u0165ky lakova\u0165<\/strong>\u00a0do akejko\u013evek RAL,\u00a0<strong>pod\u013ea v\u00fdberu zo vzorkovn\u00edku<\/strong>, alebo pou\u017ei\u0165 technol\u00f3giu renolit\u00e1cie, podobne ako sa vyr\u00e1baj\u00fa okn\u00e1 v drevoimit\u00e1ci\u00ed.<\/div>\n<\/div>\n<div class=\"wpb_text_column wpb_content_element  vc_custom_1646230929155\">\n<div class=\"wpb_wrapper\">\n<h4><b>TYPY SIE\u0164OVINY:<\/b><\/h4>\n<ul>\n<li>siv\u00e1 sie\u0165ovina<\/li>\n<li>\u010dierna sie\u0165ovina<\/li>\n<li>protipe\u013eov\u00e1 sie\u0165ovina \u2013 pre alergikov<\/li>\n<li>PET sie\u0165 proti hlodavcom<\/li>\n<\/ul>\n<\/div>\n<\/div>\n<\/div><\/div><\/div><div id=\"pgc-2908-0-1\"  class=\"panel-grid-cell\" ><div id=\"panel-2908-0-1-0\" class=\"so-panel widget widget_media_image panel-first-child panel-last-child\" data-index=\"1\" ><img loading=\"lazy\" decoding=\"async\" width=\"1500\" height=\"1500\" src=\"https:\/\/www.zaluziemm.sk\/wp-content\/uploads\/2025\/05\/431454_1.jpg\" class=\"image wp-image-2909  attachment-1500x1500 size-1500x1500\" alt=\"\" style=\"max-width: 100%; height: auto;\" srcset=\"https:\/\/www.zaluziemm.sk\/wp-content\/uploads\/2025\/05\/431454_1.jpg 1500w, https:\/\/www.zaluziemm.sk\/wp-content\/uploads\/2025\/05\/431454_1-300x300.jpg 300w, https:\/\/www.zaluziemm.sk\/wp-content\/uploads\/2025\/05\/431454_1-1024x1024.jpg 1024w, https:\/\/www.zaluziemm.sk\/wp-content\/uploads\/2025\/05\/431454_1-150x150.jpg 150w, https:\/\/www.zaluziemm.sk\/wp-content\/uploads\/2025\/05\/431454_1-768x768.jpg 768w, https:\/\/www.zaluziemm.sk\/wp-content\/uploads\/2025\/05\/431454_1-555x555.jpg 555w, https:\/\/www.zaluziemm.sk\/wp-content\/uploads\/2025\/05\/431454_1-600x600.jpg 600w, https:\/\/www.zaluziemm.sk\/wp-content\/uploads\/2025\/05\/431454_1-100x100.jpg 100w\" sizes=\"auto, (max-width: 1500px) 100vw, 1500px\" \/><\/div><\/div><\/div><\/div>","protected":false},"excerpt":{"rendered":"<p>We can execute complex kitchen remodelling projects that suit your personal style and preferences. We can assist you in making minor kitchen updates or performing entire kitchen remodelling.<\/p>\n","protected":false},"author":1,"featured_media":2909,"parent":0,"menu_order":0,"comment_status":"closed","ping_status":"open","template":"","meta":{"_acf_changed":false,"inline_featured_image":false,"footnotes":""},"class_list":["post-2908","page","type-page","status-publish","has-post-thumbnail","hentry"],"acf":[],"yoast_head":"<!-- This site is optimized with the Yoast SEO plugin v27.0 - https:\/\/yoast.com\/product\/yoast-seo-wordpress\/ -->\n<title>SIETE PROTI HMYZU NA OKNO - \u017dAL\u00daZIE MM | ROLETY \u2022 SIETE \u2022 PERGOLY<\/title>\n<meta name=\"description\" content=\"Potreba vetra\u0165 je samozrejmos\u0165ou. Najhor\u0161ie to v\u0161ak je v obdob\u00ed, kedy vonku lieta otravn\u00fd hmyz. Pr\u00e1ve siete proti hmyzu V\u00e1m pom\u00f4\u017eu zbavi\u0165 sa dotierav\u00e9ho hmyzu vo Va\u0161om interi\u00e9ry. Okenn\u00e9 siete proti hmyzu patria aspo\u0148 na jedno okno do ka\u017edej izby, z\u00e1chodu, alebo \u0161pajze.\" \/>\n<meta name=\"robots\" content=\"index, follow, max-snippet:-1, max-image-preview:large, max-video-preview:-1\" \/>\n<link rel=\"canonical\" href=\"https:\/\/www.zaluziemm.sk\/index.php\/siete-proti-hmyzu-na-okno\/\" \/>\n<meta property=\"og:locale\" content=\"sk_SK\" \/>\n<meta property=\"og:type\" content=\"article\" \/>\n<meta property=\"og:title\" content=\"SIETE PROTI HMYZU NA OKNO - \u017dAL\u00daZIE MM | ROLETY \u2022 SIETE \u2022 PERGOLY\" \/>\n<meta property=\"og:description\" content=\"Potreba vetra\u0165 je samozrejmos\u0165ou. Najhor\u0161ie to v\u0161ak je v obdob\u00ed, kedy vonku lieta otravn\u00fd hmyz. Pr\u00e1ve siete proti hmyzu V\u00e1m pom\u00f4\u017eu zbavi\u0165 sa dotierav\u00e9ho hmyzu vo Va\u0161om interi\u00e9ry. Okenn\u00e9 siete proti hmyzu patria aspo\u0148 na jedno okno do ka\u017edej izby, z\u00e1chodu, alebo \u0161pajze.\" \/>\n<meta property=\"og:url\" content=\"https:\/\/www.zaluziemm.sk\/index.php\/siete-proti-hmyzu-na-okno\/\" \/>\n<meta property=\"og:site_name\" content=\"\u017dAL\u00daZIE MM | ROLETY \u2022 SIETE \u2022 PERGOLY\" \/>\n<meta property=\"article:modified_time\" content=\"2025-05-22T12:16:43+00:00\" \/>\n<meta property=\"og:image\" content=\"https:\/\/www.zaluziemm.sk\/wp-content\/uploads\/2025\/05\/431454_1.jpg\" \/>\n\t<meta property=\"og:image:width\" content=\"1500\" \/>\n\t<meta property=\"og:image:height\" content=\"1500\" \/>\n\t<meta property=\"og:image:type\" content=\"image\/jpeg\" \/>\n<meta name=\"twitter:card\" content=\"summary_large_image\" \/>\n<meta name=\"twitter:label1\" content=\"Predpokladan\u00fd \u010das \u010d\u00edtania\" \/>\n\t<meta name=\"twitter:data1\" content=\"2 min\u00faty\" \/>\n<script type=\"application\/ld+json\" class=\"yoast-schema-graph\">{\"@context\":\"https:\/\/schema.org\",\"@graph\":[{\"@type\":\"WebPage\",\"@id\":\"https:\/\/www.zaluziemm.sk\/index.php\/siete-proti-hmyzu-na-okno\/\",\"url\":\"https:\/\/www.zaluziemm.sk\/index.php\/siete-proti-hmyzu-na-okno\/\",\"name\":\"SIETE PROTI HMYZU NA OKNO - \u017dAL\u00daZIE MM | ROLETY \u2022 SIETE \u2022 PERGOLY\",\"isPartOf\":{\"@id\":\"https:\/\/www.zaluziemm.sk\/#website\"},\"primaryImageOfPage\":{\"@id\":\"https:\/\/www.zaluziemm.sk\/index.php\/siete-proti-hmyzu-na-okno\/#primaryimage\"},\"image\":{\"@id\":\"https:\/\/www.zaluziemm.sk\/index.php\/siete-proti-hmyzu-na-okno\/#primaryimage\"},\"thumbnailUrl\":\"https:\/\/www.zaluziemm.sk\/wp-content\/uploads\/2025\/05\/431454_1.jpg\",\"datePublished\":\"2025-05-22T12:14:51+00:00\",\"dateModified\":\"2025-05-22T12:16:43+00:00\",\"description\":\"Potreba vetra\u0165 je samozrejmos\u0165ou. Najhor\u0161ie to v\u0161ak je v obdob\u00ed, kedy vonku lieta otravn\u00fd hmyz. Pr\u00e1ve siete proti hmyzu V\u00e1m pom\u00f4\u017eu zbavi\u0165 sa dotierav\u00e9ho hmyzu vo Va\u0161om interi\u00e9ry. Okenn\u00e9 siete proti hmyzu patria aspo\u0148 na jedno okno do ka\u017edej izby, z\u00e1chodu, alebo \u0161pajze.\",\"breadcrumb\":{\"@id\":\"https:\/\/www.zaluziemm.sk\/index.php\/siete-proti-hmyzu-na-okno\/#breadcrumb\"},\"inLanguage\":\"sk-SK\",\"potentialAction\":[{\"@type\":\"ReadAction\",\"target\":[\"https:\/\/www.zaluziemm.sk\/index.php\/siete-proti-hmyzu-na-okno\/\"]}]},{\"@type\":\"ImageObject\",\"inLanguage\":\"sk-SK\",\"@id\":\"https:\/\/www.zaluziemm.sk\/index.php\/siete-proti-hmyzu-na-okno\/#primaryimage\",\"url\":\"https:\/\/www.zaluziemm.sk\/wp-content\/uploads\/2025\/05\/431454_1.jpg\",\"contentUrl\":\"https:\/\/www.zaluziemm.sk\/wp-content\/uploads\/2025\/05\/431454_1.jpg\",\"width\":1500,\"height\":1500},{\"@type\":\"BreadcrumbList\",\"@id\":\"https:\/\/www.zaluziemm.sk\/index.php\/siete-proti-hmyzu-na-okno\/#breadcrumb\",\"itemListElement\":[{\"@type\":\"ListItem\",\"position\":1,\"name\":\"Domovsk\u00e1 str\u00e1nka\",\"item\":\"https:\/\/www.zaluziemm.sk\/\"},{\"@type\":\"ListItem\",\"position\":2,\"name\":\"SIETE PROTI HMYZU NA OKNO\"}]},{\"@type\":\"WebSite\",\"@id\":\"https:\/\/www.zaluziemm.sk\/#website\",\"url\":\"https:\/\/www.zaluziemm.sk\/\",\"name\":\"\u017dAL\u00daZIE MM | ROLETY \u2022 SIETE \u2022 PERGOLY\",\"description\":\"Kvalita, prec\u00edznos\u0165 a osobn\u00fd pr\u00edstup \u2013 \u017daluzie MM.\",\"potentialAction\":[{\"@type\":\"SearchAction\",\"target\":{\"@type\":\"EntryPoint\",\"urlTemplate\":\"https:\/\/www.zaluziemm.sk\/?s={search_term_string}\"},\"query-input\":{\"@type\":\"PropertyValueSpecification\",\"valueRequired\":true,\"valueName\":\"search_term_string\"}}],\"inLanguage\":\"sk-SK\"}]}<\/script>\n<!-- \/ Yoast SEO plugin. -->","yoast_head_json":{"title":"SIETE PROTI HMYZU NA OKNO - \u017dAL\u00daZIE MM | ROLETY \u2022 SIETE \u2022 PERGOLY","description":"Potreba vetra\u0165 je samozrejmos\u0165ou. Najhor\u0161ie to v\u0161ak je v obdob\u00ed, kedy vonku lieta otravn\u00fd hmyz. Pr\u00e1ve siete proti hmyzu V\u00e1m pom\u00f4\u017eu zbavi\u0165 sa dotierav\u00e9ho hmyzu vo Va\u0161om interi\u00e9ry. Okenn\u00e9 siete proti hmyzu patria aspo\u0148 na jedno okno do ka\u017edej izby, z\u00e1chodu, alebo \u0161pajze.","robots":{"index":"index","follow":"follow","max-snippet":"max-snippet:-1","max-image-preview":"max-image-preview:large","max-video-preview":"max-video-preview:-1"},"canonical":"https:\/\/www.zaluziemm.sk\/index.php\/siete-proti-hmyzu-na-okno\/","og_locale":"sk_SK","og_type":"article","og_title":"SIETE PROTI HMYZU NA OKNO - \u017dAL\u00daZIE MM | ROLETY \u2022 SIETE \u2022 PERGOLY","og_description":"Potreba vetra\u0165 je samozrejmos\u0165ou. Najhor\u0161ie to v\u0161ak je v obdob\u00ed, kedy vonku lieta otravn\u00fd hmyz. Pr\u00e1ve siete proti hmyzu V\u00e1m pom\u00f4\u017eu zbavi\u0165 sa dotierav\u00e9ho hmyzu vo Va\u0161om interi\u00e9ry. Okenn\u00e9 siete proti hmyzu patria aspo\u0148 na jedno okno do ka\u017edej izby, z\u00e1chodu, alebo \u0161pajze.","og_url":"https:\/\/www.zaluziemm.sk\/index.php\/siete-proti-hmyzu-na-okno\/","og_site_name":"\u017dAL\u00daZIE MM | ROLETY \u2022 SIETE \u2022 PERGOLY","article_modified_time":"2025-05-22T12:16:43+00:00","og_image":[{"width":1500,"height":1500,"url":"https:\/\/www.zaluziemm.sk\/wp-content\/uploads\/2025\/05\/431454_1.jpg","type":"image\/jpeg"}],"twitter_card":"summary_large_image","twitter_misc":{"Predpokladan\u00fd \u010das \u010d\u00edtania":"2 min\u00faty"},"schema":{"@context":"https:\/\/schema.org","@graph":[{"@type":"WebPage","@id":"https:\/\/www.zaluziemm.sk\/index.php\/siete-proti-hmyzu-na-okno\/","url":"https:\/\/www.zaluziemm.sk\/index.php\/siete-proti-hmyzu-na-okno\/","name":"SIETE PROTI HMYZU NA OKNO - \u017dAL\u00daZIE MM | ROLETY \u2022 SIETE \u2022 PERGOLY","isPartOf":{"@id":"https:\/\/www.zaluziemm.sk\/#website"},"primaryImageOfPage":{"@id":"https:\/\/www.zaluziemm.sk\/index.php\/siete-proti-hmyzu-na-okno\/#primaryimage"},"image":{"@id":"https:\/\/www.zaluziemm.sk\/index.php\/siete-proti-hmyzu-na-okno\/#primaryimage"},"thumbnailUrl":"https:\/\/www.zaluziemm.sk\/wp-content\/uploads\/2025\/05\/431454_1.jpg","datePublished":"2025-05-22T12:14:51+00:00","dateModified":"2025-05-22T12:16:43+00:00","description":"Potreba vetra\u0165 je samozrejmos\u0165ou. Najhor\u0161ie to v\u0161ak je v obdob\u00ed, kedy vonku lieta otravn\u00fd hmyz. Pr\u00e1ve siete proti hmyzu V\u00e1m pom\u00f4\u017eu zbavi\u0165 sa dotierav\u00e9ho hmyzu vo Va\u0161om interi\u00e9ry. Okenn\u00e9 siete proti hmyzu patria aspo\u0148 na jedno okno do ka\u017edej izby, z\u00e1chodu, alebo \u0161pajze.","breadcrumb":{"@id":"https:\/\/www.zaluziemm.sk\/index.php\/siete-proti-hmyzu-na-okno\/#breadcrumb"},"inLanguage":"sk-SK","potentialAction":[{"@type":"ReadAction","target":["https:\/\/www.zaluziemm.sk\/index.php\/siete-proti-hmyzu-na-okno\/"]}]},{"@type":"ImageObject","inLanguage":"sk-SK","@id":"https:\/\/www.zaluziemm.sk\/index.php\/siete-proti-hmyzu-na-okno\/#primaryimage","url":"https:\/\/www.zaluziemm.sk\/wp-content\/uploads\/2025\/05\/431454_1.jpg","contentUrl":"https:\/\/www.zaluziemm.sk\/wp-content\/uploads\/2025\/05\/431454_1.jpg","width":1500,"height":1500},{"@type":"BreadcrumbList","@id":"https:\/\/www.zaluziemm.sk\/index.php\/siete-proti-hmyzu-na-okno\/#breadcrumb","itemListElement":[{"@type":"ListItem","position":1,"name":"Domovsk\u00e1 str\u00e1nka","item":"https:\/\/www.zaluziemm.sk\/"},{"@type":"ListItem","position":2,"name":"SIETE PROTI HMYZU NA OKNO"}]},{"@type":"WebSite","@id":"https:\/\/www.zaluziemm.sk\/#website","url":"https:\/\/www.zaluziemm.sk\/","name":"\u017dAL\u00daZIE MM | ROLETY \u2022 SIETE \u2022 PERGOLY","description":"Kvalita, prec\u00edznos\u0165 a osobn\u00fd pr\u00edstup \u2013 \u017daluzie MM.","potentialAction":[{"@type":"SearchAction","target":{"@type":"EntryPoint","urlTemplate":"https:\/\/www.zaluziemm.sk\/?s={search_term_string}"},"query-input":{"@type":"PropertyValueSpecification","valueRequired":true,"valueName":"search_term_string"}}],"inLanguage":"sk-SK"}]}},"_links":{"self":[{"href":"https:\/\/www.zaluziemm.sk\/index.php\/wp-json\/wp\/v2\/pages\/2908","targetHints":{"allow":["GET"]}}],"collection":[{"href":"https:\/\/www.zaluziemm.sk\/index.php\/wp-json\/wp\/v2\/pages"}],"about":[{"href":"https:\/\/www.zaluziemm.sk\/index.php\/wp-json\/wp\/v2\/types\/page"}],"author":[{"embeddable":true,"href":"https:\/\/www.zaluziemm.sk\/index.php\/wp-json\/wp\/v2\/users\/1"}],"replies":[{"embeddable":true,"href":"https:\/\/www.zaluziemm.sk\/index.php\/wp-json\/wp\/v2\/comments?post=2908"}],"version-history":[{"count":4,"href":"https:\/\/www.zaluziemm.sk\/index.php\/wp-json\/wp\/v2\/pages\/2908\/revisions"}],"predecessor-version":[{"id":2914,"href":"https:\/\/www.zaluziemm.sk\/index.php\/wp-json\/wp\/v2\/pages\/2908\/revisions\/2914"}],"wp:featuredmedia":[{"embeddable":true,"href":"https:\/\/www.zaluziemm.sk\/index.php\/wp-json\/wp\/v2\/media\/2909"}],"wp:attachment":[{"href":"https:\/\/www.zaluziemm.sk\/index.php\/wp-json\/wp\/v2\/media?parent=2908"}],"curies":[{"name":"wp","href":"https:\/\/api.w.org\/{rel}","templated":true}]}}