{"id":2916,"date":"2025-05-22T15:22:28","date_gmt":"2025-05-22T13:22:28","guid":{"rendered":"https:\/\/www.zaluziemm.sk\/?page_id=2916"},"modified":"2025-05-22T15:58:35","modified_gmt":"2025-05-22T13:58:35","slug":"pantove-siete-proti-hmyzu-na-dvere","status":"publish","type":"page","link":"https:\/\/www.zaluziemm.sk\/index.php\/pantove-siete-proti-hmyzu-na-dvere\/","title":{"rendered":"P\u00c1NTOV\u00c9 SIETE PROTI HMYZU NA DVERE"},"content":{"rendered":"<div id=\"pl-2916\"  class=\"panel-layout\" ><div id=\"pg-2916-0\"  class=\"panel-grid panel-no-style\" ><div id=\"pgc-2916-0-0\"  class=\"panel-grid-cell\" ><div id=\"panel-2916-0-0-0\" class=\"so-panel widget widget_black-studio-tinymce widget_black_studio_tinymce panel-first-child panel-last-child\" data-index=\"0\" ><h3 class=\"widget-title\">P\u00c1NTOV\u00c9 SIETE PROTI HMYZU NA DVERE<\/h3><div class=\"textwidget\"><div class=\"wpb_text_column wpb_content_element vc_custom_1644485967327\">\n<div class=\"wpb_wrapper\">\n<div class=\"wpb_text_column wpb_content_element  vc_custom_1644487915889\">\n<div class=\"wpb_wrapper\">\n<p><strong>Dvere na balk\u00f3n, terasu alebo z\u00e1hradu<\/strong>\u00a0je v\u017edy dobr\u00e9 doplni\u0165 o\u00a0<strong>siete proti hmyzu na dvere<\/strong>. Hlavne po\u010das leta, si m\u00f4\u017eete\u00a0<strong>vychutna\u0165 \u010derstv\u00fd vzduch<\/strong>\u00a0ko\u013eko len chcete<strong>\u00a0bez otravn\u00e9ho hmyzu<\/strong>.\u00a0<strong>Jednoduch\u00fd syst\u00e9m na p\u00e1nty<\/strong>\u00a0a\u00a0<strong>uzatv\u00e1ranie<\/strong>\u00a0pomocou\u00a0<strong>magnetov<\/strong>.<strong>\u00a0Pokia\u013e m\u00e1te deti<\/strong>, ur\u010dite ocen\u00edte aj mo\u017enos\u0165\u00a0<strong>samozatv\u00e1rac\u00edch p\u00e1ntov.<\/strong>\u00a0Prie\u010dka na dver\u00e1ch je v tvare p\u00edsmena S a teda sl\u00fa\u017ei aj ako madlo.<\/div>\n<\/div>\n<div class=\"wpb_text_column wpb_content_element  vc_custom_1644487978429\">\n<div class=\"wpb_wrapper\">\n<p>V pr\u00edpade, \u017ee cez dvere nos\u00edte nejak\u00e9 veci, napr. t\u00e1cku s jedlom, alebo n\u00e1pojmi,\u00a0<strong>m\u00f4\u017eete sie\u0165ov\u00e9 dvere doplni\u0165 o okop\u00e1va\u010d,<\/strong>\u00a0\u010do\u00a0<strong>sl\u00fa\u017ei n\u00e1 otv\u00e1ranie dver\u00ed<\/strong>\u00a0z interi\u00e9ru\u00a0<strong>pomocou nohy<\/strong>. R\u00e1m\u00a0siete proti hmyzu na dvere\u00a0je<strong>\u00a0vyr\u00e1ban\u00fd z extr\u00fadovan\u00e9ho hlin\u00edku<\/strong>\u00a0o rozmere 40x20mm. Cel\u00fd\u00a0<strong>r\u00e1m<\/strong>\u00a0je teda\u00a0<strong>dostato\u010dne pevn\u00fd<\/strong>, ale z\u00e1rove\u0148 nep\u00f4sob\u00ed ru\u0161iv\u00fdm dojmom pr\u00edli\u0161nej, ba a\u017e zbyto\u010dnej ve\u013ekosti.<\/div>\n<\/div>\n<div class=\"wpb_text_column wpb_content_element  vc_custom_1646230304380\">\n<div class=\"wpb_wrapper\">\n<p>\u0160tandardne\u00a0<strong>dostupn\u00e9 farby ako biela, hned\u00e1, tmavohned\u00e1, antracit, alebo na\u0161a ponuka drevoimit\u00e1ci\u00ed<\/strong>, sa hod\u00ed ku v\u00e4\u010d\u0161ine farieb okien, s ktor\u00fdmi sa be\u017ene stretnete na na\u0161om trhu. \u010ealej je mo\u017enos\u0165 sie\u0165ky lakova\u0165 do akejko\u013evek\u00a0<strong>RAL<\/strong>, pod\u013ea v\u00fdberu zo vzorkovn\u00edka, alebo pou\u017ei\u0165\u00a0<strong>technol\u00f3giu renolit\u00e1cie,<\/strong>\u00a0podobne ako sa\u00a0<strong>vyr\u00e1baj\u00fa okn\u00e1 v drevoimit\u00e1ci\u00ed.<\/strong><\/div>\n<\/div>\n<div class=\"wpb_text_column wpb_content_element  vc_custom_1646230932926\">\n<div class=\"wpb_wrapper\">\n<h4><b>TYPY SIE\u0164OVINY:<\/b><\/h4>\n<ul>\n<li>siv\u00e1 sie\u0165ovina<\/li>\n<li>\u010dierna sie\u0165ovina<\/li>\n<li>protipe\u013eov\u00e1 sie\u0165ovina \u2013 pre alergikov<\/li>\n<li>PET sie\u0165 proti hlodavcom<\/li>\n<\/ul>\n<\/div>\n<\/div>\n<\/div>\n<\/div>\n<div class=\"wpb_text_column wpb_content_element vc_custom_1646230298869\">\n<div class=\"wpb_wrapper\">\n<p><strong>\u0160tandardne dostupn\u00e9 farby<\/strong>\u00a0ako\u00a0<strong>biela, hned\u00e1, tmavohned\u00e1, antracit, alebo na\u0161a ponuka drevoimit\u00e1ci\u00ed<\/strong>, sa hod\u00ed ku v\u00e4\u010d\u0161ine farieb okien, s ktor\u00fdmi sa be\u017ene stretnete na na\u0161om trhu. \u010ealej je\u00a0<strong>mo\u017enos\u0165 sie\u0165ky lakova\u0165<\/strong>\u00a0do akejko\u013evek RAL,\u00a0<strong>pod\u013ea v\u00fdberu zo vzorkovn\u00edku<\/strong>, alebo pou\u017ei\u0165 technol\u00f3giu renolit\u00e1cie, podobne ako sa vyr\u00e1baj\u00fa okn\u00e1 v drevoimit\u00e1ci\u00ed.<\/div>\n<\/div>\n<div class=\"wpb_text_column wpb_content_element vc_custom_1646230929155\">\n<div class=\"wpb_wrapper\">\n<h4><b>TYPY SIE\u0164OVINY:<\/b><\/h4>\n<ul>\n<li>siv\u00e1 sie\u0165ovina<\/li>\n<li>\u010dierna sie\u0165ovina<\/li>\n<li>protipe\u013eov\u00e1 sie\u0165ovina \u2013 pre alergikov<\/li>\n<li>PET sie\u0165 proti hlodavcom<\/li>\n<\/ul>\n<\/div>\n<\/div>\n<\/div><\/div><\/div><div id=\"pgc-2916-0-1\"  class=\"panel-grid-cell\" ><div id=\"panel-2916-0-1-0\" class=\"so-panel widget widget_media_image panel-first-child panel-last-child\" data-index=\"1\" ><img loading=\"lazy\" decoding=\"async\" width=\"1090\" height=\"1500\" src=\"https:\/\/www.zaluziemm.sk\/wp-content\/uploads\/2025\/05\/pantove_siete_proti_hmyzu_na_dvere.jpg\" class=\"image wp-image-2920  attachment-full size-full\" alt=\"\" style=\"max-width: 100%; height: auto;\" srcset=\"https:\/\/www.zaluziemm.sk\/wp-content\/uploads\/2025\/05\/pantove_siete_proti_hmyzu_na_dvere.jpg 1090w, https:\/\/www.zaluziemm.sk\/wp-content\/uploads\/2025\/05\/pantove_siete_proti_hmyzu_na_dvere-218x300.jpg 218w, https:\/\/www.zaluziemm.sk\/wp-content\/uploads\/2025\/05\/pantove_siete_proti_hmyzu_na_dvere-744x1024.jpg 744w, https:\/\/www.zaluziemm.sk\/wp-content\/uploads\/2025\/05\/pantove_siete_proti_hmyzu_na_dvere-768x1057.jpg 768w, https:\/\/www.zaluziemm.sk\/wp-content\/uploads\/2025\/05\/pantove_siete_proti_hmyzu_na_dvere-403x555.jpg 403w, https:\/\/www.zaluziemm.sk\/wp-content\/uploads\/2025\/05\/pantove_siete_proti_hmyzu_na_dvere-600x826.jpg 600w\" sizes=\"auto, (max-width: 1090px) 100vw, 1090px\" \/><\/div><\/div><\/div><\/div>","protected":false},"excerpt":{"rendered":"<p>We can execute complex kitchen remodelling projects that suit your personal style and preferences. We can assist you in making minor kitchen updates or performing entire kitchen remodelling.<\/p>\n","protected":false},"author":1,"featured_media":2917,"parent":0,"menu_order":0,"comment_status":"closed","ping_status":"open","template":"","meta":{"_acf_changed":false,"inline_featured_image":false,"footnotes":""},"class_list":["post-2916","page","type-page","status-publish","has-post-thumbnail","hentry"],"acf":[],"yoast_head":"<!-- This site is optimized with the Yoast SEO plugin v27.0 - https:\/\/yoast.com\/product\/yoast-seo-wordpress\/ -->\n<title>P\u00c1NTOV\u00c9 SIETE PROTI HMYZU NA DVERE - \u017dAL\u00daZIE MM | ROLETY \u2022 SIETE \u2022 PERGOLY<\/title>\n<meta name=\"description\" content=\"Dvere na balk\u00f3n, terasu alebo z\u00e1hradu je v\u017edy dobr\u00e9 doplni\u0165 o siete proti hmyzu na dvere. Hlavne po\u010das leta, si m\u00f4\u017eete vychutna\u0165 \u010derstv\u00fd vzduch ko\u013eko len chcete bez otravn\u00e9ho hmyzu. Jednoduch\u00fd syst\u00e9m na p\u00e1nty a uzatv\u00e1ranie pomocou magnetov.\" \/>\n<meta name=\"robots\" content=\"index, follow, max-snippet:-1, max-image-preview:large, max-video-preview:-1\" \/>\n<link rel=\"canonical\" href=\"https:\/\/www.zaluziemm.sk\/index.php\/pantove-siete-proti-hmyzu-na-dvere\/\" \/>\n<meta property=\"og:locale\" content=\"sk_SK\" \/>\n<meta property=\"og:type\" content=\"article\" \/>\n<meta property=\"og:title\" content=\"P\u00c1NTOV\u00c9 SIETE PROTI HMYZU NA DVERE\" \/>\n<meta property=\"og:description\" content=\"Dvere na balk\u00f3n, terasu alebo z\u00e1hradu je v\u017edy dobr\u00e9 doplni\u0165 o siete proti hmyzu na dvere. Hlavne po\u010das leta, si m\u00f4\u017eete vychutna\u0165 \u010derstv\u00fd vzduch ko\u013eko len chcete bez otravn\u00e9ho hmyzu. Jednoduch\u00fd syst\u00e9m na p\u00e1nty a uzatv\u00e1ranie pomocou magnetov.\" \/>\n<meta property=\"og:url\" content=\"https:\/\/www.zaluziemm.sk\/index.php\/pantove-siete-proti-hmyzu-na-dvere\/\" \/>\n<meta property=\"og:site_name\" content=\"\u017dAL\u00daZIE MM | ROLETY \u2022 SIETE \u2022 PERGOLY\" \/>\n<meta property=\"article:modified_time\" content=\"2025-05-22T13:58:35+00:00\" \/>\n<meta property=\"og:image\" content=\"https:\/\/www.zaluziemm.sk\/wp-content\/uploads\/2025\/05\/siete_proti_hmyzu_na_dvere_plisse_zalziemv_.jpg\" \/>\n\t<meta property=\"og:image:width\" content=\"1100\" \/>\n\t<meta property=\"og:image:height\" content=\"538\" \/>\n\t<meta property=\"og:image:type\" content=\"image\/jpeg\" \/>\n<meta name=\"twitter:card\" content=\"summary_large_image\" \/>\n<meta name=\"twitter:label1\" content=\"Predpokladan\u00fd \u010das \u010d\u00edtania\" \/>\n\t<meta name=\"twitter:data1\" content=\"2 min\u00faty\" \/>\n<script type=\"application\/ld+json\" class=\"yoast-schema-graph\">{\"@context\":\"https:\/\/schema.org\",\"@graph\":[{\"@type\":\"WebPage\",\"@id\":\"https:\/\/www.zaluziemm.sk\/index.php\/pantove-siete-proti-hmyzu-na-dvere\/\",\"url\":\"https:\/\/www.zaluziemm.sk\/index.php\/pantove-siete-proti-hmyzu-na-dvere\/\",\"name\":\"P\u00c1NTOV\u00c9 SIETE PROTI HMYZU NA DVERE - \u017dAL\u00daZIE MM | ROLETY \u2022 SIETE \u2022 PERGOLY\",\"isPartOf\":{\"@id\":\"https:\/\/www.zaluziemm.sk\/#website\"},\"primaryImageOfPage\":{\"@id\":\"https:\/\/www.zaluziemm.sk\/index.php\/pantove-siete-proti-hmyzu-na-dvere\/#primaryimage\"},\"image\":{\"@id\":\"https:\/\/www.zaluziemm.sk\/index.php\/pantove-siete-proti-hmyzu-na-dvere\/#primaryimage\"},\"thumbnailUrl\":\"https:\/\/www.zaluziemm.sk\/wp-content\/uploads\/2025\/05\/siete_proti_hmyzu_na_dvere_plisse_zalziemv_.jpg\",\"datePublished\":\"2025-05-22T13:22:28+00:00\",\"dateModified\":\"2025-05-22T13:58:35+00:00\",\"description\":\"Dvere na balk\u00f3n, terasu alebo z\u00e1hradu je v\u017edy dobr\u00e9 doplni\u0165 o siete proti hmyzu na dvere. Hlavne po\u010das leta, si m\u00f4\u017eete vychutna\u0165 \u010derstv\u00fd vzduch ko\u013eko len chcete bez otravn\u00e9ho hmyzu. Jednoduch\u00fd syst\u00e9m na p\u00e1nty a uzatv\u00e1ranie pomocou magnetov.\",\"breadcrumb\":{\"@id\":\"https:\/\/www.zaluziemm.sk\/index.php\/pantove-siete-proti-hmyzu-na-dvere\/#breadcrumb\"},\"inLanguage\":\"sk-SK\",\"potentialAction\":[{\"@type\":\"ReadAction\",\"target\":[\"https:\/\/www.zaluziemm.sk\/index.php\/pantove-siete-proti-hmyzu-na-dvere\/\"]}]},{\"@type\":\"ImageObject\",\"inLanguage\":\"sk-SK\",\"@id\":\"https:\/\/www.zaluziemm.sk\/index.php\/pantove-siete-proti-hmyzu-na-dvere\/#primaryimage\",\"url\":\"https:\/\/www.zaluziemm.sk\/wp-content\/uploads\/2025\/05\/siete_proti_hmyzu_na_dvere_plisse_zalziemv_.jpg\",\"contentUrl\":\"https:\/\/www.zaluziemm.sk\/wp-content\/uploads\/2025\/05\/siete_proti_hmyzu_na_dvere_plisse_zalziemv_.jpg\",\"width\":1100,\"height\":538},{\"@type\":\"BreadcrumbList\",\"@id\":\"https:\/\/www.zaluziemm.sk\/index.php\/pantove-siete-proti-hmyzu-na-dvere\/#breadcrumb\",\"itemListElement\":[{\"@type\":\"ListItem\",\"position\":1,\"name\":\"Domovsk\u00e1 str\u00e1nka\",\"item\":\"https:\/\/www.zaluziemm.sk\/\"},{\"@type\":\"ListItem\",\"position\":2,\"name\":\"P\u00c1NTOV\u00c9 SIETE PROTI HMYZU NA DVERE\"}]},{\"@type\":\"WebSite\",\"@id\":\"https:\/\/www.zaluziemm.sk\/#website\",\"url\":\"https:\/\/www.zaluziemm.sk\/\",\"name\":\"\u017dAL\u00daZIE MM | ROLETY \u2022 SIETE \u2022 PERGOLY\",\"description\":\"Kvalita, prec\u00edznos\u0165 a osobn\u00fd pr\u00edstup \u2013 \u017daluzie MM.\",\"potentialAction\":[{\"@type\":\"SearchAction\",\"target\":{\"@type\":\"EntryPoint\",\"urlTemplate\":\"https:\/\/www.zaluziemm.sk\/?s={search_term_string}\"},\"query-input\":{\"@type\":\"PropertyValueSpecification\",\"valueRequired\":true,\"valueName\":\"search_term_string\"}}],\"inLanguage\":\"sk-SK\"}]}<\/script>\n<!-- \/ Yoast SEO plugin. -->","yoast_head_json":{"title":"P\u00c1NTOV\u00c9 SIETE PROTI HMYZU NA DVERE - \u017dAL\u00daZIE MM | ROLETY \u2022 SIETE \u2022 PERGOLY","description":"Dvere na balk\u00f3n, terasu alebo z\u00e1hradu je v\u017edy dobr\u00e9 doplni\u0165 o siete proti hmyzu na dvere. Hlavne po\u010das leta, si m\u00f4\u017eete vychutna\u0165 \u010derstv\u00fd vzduch ko\u013eko len chcete bez otravn\u00e9ho hmyzu. Jednoduch\u00fd syst\u00e9m na p\u00e1nty a uzatv\u00e1ranie pomocou magnetov.","robots":{"index":"index","follow":"follow","max-snippet":"max-snippet:-1","max-image-preview":"max-image-preview:large","max-video-preview":"max-video-preview:-1"},"canonical":"https:\/\/www.zaluziemm.sk\/index.php\/pantove-siete-proti-hmyzu-na-dvere\/","og_locale":"sk_SK","og_type":"article","og_title":"P\u00c1NTOV\u00c9 SIETE PROTI HMYZU NA DVERE","og_description":"Dvere na balk\u00f3n, terasu alebo z\u00e1hradu je v\u017edy dobr\u00e9 doplni\u0165 o siete proti hmyzu na dvere. Hlavne po\u010das leta, si m\u00f4\u017eete vychutna\u0165 \u010derstv\u00fd vzduch ko\u013eko len chcete bez otravn\u00e9ho hmyzu. Jednoduch\u00fd syst\u00e9m na p\u00e1nty a uzatv\u00e1ranie pomocou magnetov.","og_url":"https:\/\/www.zaluziemm.sk\/index.php\/pantove-siete-proti-hmyzu-na-dvere\/","og_site_name":"\u017dAL\u00daZIE MM | ROLETY \u2022 SIETE \u2022 PERGOLY","article_modified_time":"2025-05-22T13:58:35+00:00","og_image":[{"width":1100,"height":538,"url":"https:\/\/www.zaluziemm.sk\/wp-content\/uploads\/2025\/05\/siete_proti_hmyzu_na_dvere_plisse_zalziemv_.jpg","type":"image\/jpeg"}],"twitter_card":"summary_large_image","twitter_misc":{"Predpokladan\u00fd \u010das \u010d\u00edtania":"2 min\u00faty"},"schema":{"@context":"https:\/\/schema.org","@graph":[{"@type":"WebPage","@id":"https:\/\/www.zaluziemm.sk\/index.php\/pantove-siete-proti-hmyzu-na-dvere\/","url":"https:\/\/www.zaluziemm.sk\/index.php\/pantove-siete-proti-hmyzu-na-dvere\/","name":"P\u00c1NTOV\u00c9 SIETE PROTI HMYZU NA DVERE - \u017dAL\u00daZIE MM | ROLETY \u2022 SIETE \u2022 PERGOLY","isPartOf":{"@id":"https:\/\/www.zaluziemm.sk\/#website"},"primaryImageOfPage":{"@id":"https:\/\/www.zaluziemm.sk\/index.php\/pantove-siete-proti-hmyzu-na-dvere\/#primaryimage"},"image":{"@id":"https:\/\/www.zaluziemm.sk\/index.php\/pantove-siete-proti-hmyzu-na-dvere\/#primaryimage"},"thumbnailUrl":"https:\/\/www.zaluziemm.sk\/wp-content\/uploads\/2025\/05\/siete_proti_hmyzu_na_dvere_plisse_zalziemv_.jpg","datePublished":"2025-05-22T13:22:28+00:00","dateModified":"2025-05-22T13:58:35+00:00","description":"Dvere na balk\u00f3n, terasu alebo z\u00e1hradu je v\u017edy dobr\u00e9 doplni\u0165 o siete proti hmyzu na dvere. Hlavne po\u010das leta, si m\u00f4\u017eete vychutna\u0165 \u010derstv\u00fd vzduch ko\u013eko len chcete bez otravn\u00e9ho hmyzu. Jednoduch\u00fd syst\u00e9m na p\u00e1nty a uzatv\u00e1ranie pomocou magnetov.","breadcrumb":{"@id":"https:\/\/www.zaluziemm.sk\/index.php\/pantove-siete-proti-hmyzu-na-dvere\/#breadcrumb"},"inLanguage":"sk-SK","potentialAction":[{"@type":"ReadAction","target":["https:\/\/www.zaluziemm.sk\/index.php\/pantove-siete-proti-hmyzu-na-dvere\/"]}]},{"@type":"ImageObject","inLanguage":"sk-SK","@id":"https:\/\/www.zaluziemm.sk\/index.php\/pantove-siete-proti-hmyzu-na-dvere\/#primaryimage","url":"https:\/\/www.zaluziemm.sk\/wp-content\/uploads\/2025\/05\/siete_proti_hmyzu_na_dvere_plisse_zalziemv_.jpg","contentUrl":"https:\/\/www.zaluziemm.sk\/wp-content\/uploads\/2025\/05\/siete_proti_hmyzu_na_dvere_plisse_zalziemv_.jpg","width":1100,"height":538},{"@type":"BreadcrumbList","@id":"https:\/\/www.zaluziemm.sk\/index.php\/pantove-siete-proti-hmyzu-na-dvere\/#breadcrumb","itemListElement":[{"@type":"ListItem","position":1,"name":"Domovsk\u00e1 str\u00e1nka","item":"https:\/\/www.zaluziemm.sk\/"},{"@type":"ListItem","position":2,"name":"P\u00c1NTOV\u00c9 SIETE PROTI HMYZU NA DVERE"}]},{"@type":"WebSite","@id":"https:\/\/www.zaluziemm.sk\/#website","url":"https:\/\/www.zaluziemm.sk\/","name":"\u017dAL\u00daZIE MM | ROLETY \u2022 SIETE \u2022 PERGOLY","description":"Kvalita, prec\u00edznos\u0165 a osobn\u00fd pr\u00edstup \u2013 \u017daluzie MM.","potentialAction":[{"@type":"SearchAction","target":{"@type":"EntryPoint","urlTemplate":"https:\/\/www.zaluziemm.sk\/?s={search_term_string}"},"query-input":{"@type":"PropertyValueSpecification","valueRequired":true,"valueName":"search_term_string"}}],"inLanguage":"sk-SK"}]}},"_links":{"self":[{"href":"https:\/\/www.zaluziemm.sk\/index.php\/wp-json\/wp\/v2\/pages\/2916","targetHints":{"allow":["GET"]}}],"collection":[{"href":"https:\/\/www.zaluziemm.sk\/index.php\/wp-json\/wp\/v2\/pages"}],"about":[{"href":"https:\/\/www.zaluziemm.sk\/index.php\/wp-json\/wp\/v2\/types\/page"}],"author":[{"embeddable":true,"href":"https:\/\/www.zaluziemm.sk\/index.php\/wp-json\/wp\/v2\/users\/1"}],"replies":[{"embeddable":true,"href":"https:\/\/www.zaluziemm.sk\/index.php\/wp-json\/wp\/v2\/comments?post=2916"}],"version-history":[{"count":4,"href":"https:\/\/www.zaluziemm.sk\/index.php\/wp-json\/wp\/v2\/pages\/2916\/revisions"}],"predecessor-version":[{"id":2951,"href":"https:\/\/www.zaluziemm.sk\/index.php\/wp-json\/wp\/v2\/pages\/2916\/revisions\/2951"}],"wp:featuredmedia":[{"embeddable":true,"href":"https:\/\/www.zaluziemm.sk\/index.php\/wp-json\/wp\/v2\/media\/2917"}],"wp:attachment":[{"href":"https:\/\/www.zaluziemm.sk\/index.php\/wp-json\/wp\/v2\/media?parent=2916"}],"curies":[{"name":"wp","href":"https:\/\/api.w.org\/{rel}","templated":true}]}}