{"id":2923,"date":"2025-05-22T15:31:11","date_gmt":"2025-05-22T13:31:11","guid":{"rendered":"https:\/\/www.zaluziemm.sk\/?page_id=2923"},"modified":"2025-05-22T15:59:22","modified_gmt":"2025-05-22T13:59:22","slug":"siete-proti-hmyzu-na-dvere-plisse","status":"publish","type":"page","link":"https:\/\/www.zaluziemm.sk\/index.php\/siete-proti-hmyzu-na-dvere-plisse\/","title":{"rendered":"SIETE PROTI HMYZU NA DVERE PLISS\u00c9"},"content":{"rendered":"<div id=\"pl-2923\"  class=\"panel-layout\" ><div id=\"pg-2923-0\"  class=\"panel-grid panel-no-style\" ><div id=\"pgc-2923-0-0\"  class=\"panel-grid-cell\" ><div id=\"panel-2923-0-0-0\" class=\"so-panel widget widget_black-studio-tinymce widget_black_studio_tinymce panel-first-child panel-last-child\" data-index=\"0\" ><h3 class=\"widget-title\">SIETE PROTI HMYZU NA DVERE PLISS\u00c9<\/h3><div class=\"textwidget\"><div class=\"wpb_text_column wpb_content_element vc_custom_1644485967327\">\n<div class=\"wpb_wrapper\">\n<div class=\"wpb_text_column wpb_content_element vc_custom_1644487915889\">\n<div class=\"wpb_wrapper\">\n<div class=\"wpb_text_column wpb_content_element  vc_custom_1646230313548\">\n<div class=\"wpb_wrapper\">\n<p>S\u00fa pr\u00edpady, kedy\u00a0<strong>nie je mo\u017en\u00e9 montova\u0165 sie\u0165ov\u00e9 dvere na p\u00e1nty<\/strong>, ani rolovacie sie\u0165ov\u00e9 dvere ani \u017eiaden in\u00fd v\u00fdrobok.\u00a0<strong>Je to napr\u00edklad u ve\u013ek\u00fdch posuvn\u00fdch dver\u00ed, HS port\u00e1lov<\/strong>\u00a0a podobn\u00fdch nadrozmern\u00fdch pr\u00edpadoch.\u00a0<strong>M\u00e1me v\u0161ak na to rie\u0161enie.<\/strong>\u00a0Je to s\u00edce drah\u0161ie, ale vyrie\u0161i V\u00e1m to situ\u00e1ciu. Na\u0161e\u00a0<strong>siete proti hmyzu na dvere pliss\u00e9<\/strong>.<strong>\u00a0Tvrd\u00e1 sie\u0165ovina<\/strong>\u00a0je skladan\u00e1 v tvare\u00a0<strong>harmoniky \u2013 takzvane plissovan\u00e1<\/strong>. Pokia\u013e ju chcete otvori\u0165, cel\u00fd paket si viete stiahn\u00fa\u0165 na stranu.<\/div>\n<\/div>\n<div class=\"wpb_text_column wpb_content_element  vc_custom_1646230318035\">\n<div class=\"wpb_wrapper\">\n<p><strong>\u0160tandardn\u00e9 farby pre\u00a0siete proti hmyzu na dvere\u00a0pliss\u00e9 s\u00fa biela, tmavohned\u00e1 a antracit.<\/strong>\u00a0Daj\u00fa sa v\u0161ak aj lakova\u0165 do akejko\u013evek\u00a0<strong>RAL<\/strong>, alebo\u00a0<strong>renolitova\u0165 do drevoimit\u00e1cie pod\u013ea vzorkovn\u00edku.<\/strong>\u00a0S\u00fdstemov je viacero a m\u00f4\u017ee by\u0165 s vysok\u00fdm prahom, n\u00edzkym prahom, alebo aj bezbari\u00e9rov\u00e9. Rovnako je to v\u00e4\u010d\u0161inou jedin\u00e1 mo\u017enos\u0165 otv\u00e1ravej siete proti hmyzu pod vonkaj\u0161ie rolety, alebo \u017eal\u00fazie.<\/div>\n<\/div>\n<div class=\"wpb_text_column wpb_content_element  vc_custom_1646230938289\">\n<div class=\"wpb_wrapper\">\n<h4><b>TYPY SIE\u0164OVINY:<\/b><\/h4>\n<ul>\n<li>siv\u00e1 sie\u0165ovina<\/li>\n<li>\u010dierna sie\u0165ovina<\/li>\n<li>protipe\u013eov\u00e1 sie\u0165ovina \u2013 pre alergikov<\/li>\n<li>PET sie\u0165 proti hlodavcom<\/li>\n<\/ul>\n<\/div>\n<\/div>\n<\/div>\n<\/div>\n<\/div>\n<\/div>\n<\/div><\/div><\/div><div id=\"pgc-2923-0-1\"  class=\"panel-grid-cell\" ><div id=\"panel-2923-0-1-0\" class=\"so-panel widget widget_media_image panel-first-child panel-last-child\" data-index=\"1\" ><img loading=\"lazy\" decoding=\"async\" width=\"962\" height=\"814\" src=\"https:\/\/www.zaluziemm.sk\/wp-content\/uploads\/2025\/05\/siate_plisse_zaluziemm1.jpg\" class=\"image wp-image-2927  attachment-full size-full\" alt=\"\" style=\"max-width: 100%; height: auto;\" srcset=\"https:\/\/www.zaluziemm.sk\/wp-content\/uploads\/2025\/05\/siate_plisse_zaluziemm1.jpg 962w, https:\/\/www.zaluziemm.sk\/wp-content\/uploads\/2025\/05\/siate_plisse_zaluziemm1-300x254.jpg 300w, https:\/\/www.zaluziemm.sk\/wp-content\/uploads\/2025\/05\/siate_plisse_zaluziemm1-768x650.jpg 768w, https:\/\/www.zaluziemm.sk\/wp-content\/uploads\/2025\/05\/siate_plisse_zaluziemm1-555x470.jpg 555w, https:\/\/www.zaluziemm.sk\/wp-content\/uploads\/2025\/05\/siate_plisse_zaluziemm1-600x508.jpg 600w\" sizes=\"auto, (max-width: 962px) 100vw, 962px\" \/><\/div><\/div><\/div><\/div>","protected":false},"excerpt":{"rendered":"<p>We can execute complex kitchen remodelling projects that suit your personal style and preferences. We can assist you in making minor kitchen updates or performing entire kitchen remodelling.<\/p>\n","protected":false},"author":1,"featured_media":2917,"parent":0,"menu_order":0,"comment_status":"closed","ping_status":"open","template":"","meta":{"_acf_changed":false,"inline_featured_image":false,"footnotes":""},"class_list":["post-2923","page","type-page","status-publish","has-post-thumbnail","hentry"],"acf":[],"yoast_head":"<!-- This site is optimized with the Yoast SEO plugin v27.0 - https:\/\/yoast.com\/product\/yoast-seo-wordpress\/ -->\n<title>SIETE PROTI HMYZU NA DVERE PLISS\u00c9 - \u017dAL\u00daZIE MM | ROLETY \u2022 SIETE \u2022 PERGOLY<\/title>\n<meta name=\"description\" content=\"S\u00fa pr\u00edpady, kedy nie je mo\u017en\u00e9 montova\u0165 sie\u0165ov\u00e9 dvere na p\u00e1nty, ani rolovacie sie\u0165ov\u00e9 dvere ani \u017eiaden in\u00fd v\u00fdrobok. Je to napr\u00edklad u ve\u013ek\u00fdch posuvn\u00fdch dver\u00ed, HS port\u00e1lov a podobn\u00fdch nadrozmern\u00fdch pr\u00edpadoch.\" \/>\n<meta name=\"robots\" content=\"index, follow, max-snippet:-1, max-image-preview:large, max-video-preview:-1\" \/>\n<link rel=\"canonical\" href=\"https:\/\/www.zaluziemm.sk\/index.php\/siete-proti-hmyzu-na-dvere-plisse\/\" \/>\n<meta property=\"og:locale\" content=\"sk_SK\" \/>\n<meta property=\"og:type\" content=\"article\" \/>\n<meta property=\"og:title\" content=\"P\u00c1NTOV\u00c9 SIETE PROTI HMYZU NA DVERE\" \/>\n<meta property=\"og:description\" content=\"Dvere na balk\u00f3n, terasu alebo z\u00e1hradu je v\u017edy dobr\u00e9 doplni\u0165 o siete proti hmyzu na dvere. Hlavne po\u010das leta, si m\u00f4\u017eete vychutna\u0165 \u010derstv\u00fd vzduch ko\u013eko len chcete bez otravn\u00e9ho hmyzu. Jednoduch\u00fd syst\u00e9m na p\u00e1nty a uzatv\u00e1ranie pomocou magnetov.\" \/>\n<meta property=\"og:url\" content=\"https:\/\/www.zaluziemm.sk\/index.php\/siete-proti-hmyzu-na-dvere-plisse\/\" \/>\n<meta property=\"og:site_name\" content=\"\u017dAL\u00daZIE MM | ROLETY \u2022 SIETE \u2022 PERGOLY\" \/>\n<meta property=\"article:modified_time\" content=\"2025-05-22T13:59:22+00:00\" \/>\n<meta property=\"og:image\" content=\"https:\/\/www.zaluziemm.sk\/wp-content\/uploads\/2025\/05\/siete_proti_hmyzu_na_dvere_plisse_zalziemv_.jpg\" \/>\n\t<meta property=\"og:image:width\" content=\"1100\" \/>\n\t<meta property=\"og:image:height\" content=\"538\" \/>\n\t<meta property=\"og:image:type\" content=\"image\/jpeg\" \/>\n<meta name=\"twitter:card\" content=\"summary_large_image\" \/>\n<meta name=\"twitter:label1\" content=\"Predpokladan\u00fd \u010das \u010d\u00edtania\" \/>\n\t<meta name=\"twitter:data1\" content=\"2 min\u00faty\" \/>\n<script type=\"application\/ld+json\" class=\"yoast-schema-graph\">{\"@context\":\"https:\/\/schema.org\",\"@graph\":[{\"@type\":\"WebPage\",\"@id\":\"https:\/\/www.zaluziemm.sk\/index.php\/siete-proti-hmyzu-na-dvere-plisse\/\",\"url\":\"https:\/\/www.zaluziemm.sk\/index.php\/siete-proti-hmyzu-na-dvere-plisse\/\",\"name\":\"SIETE PROTI HMYZU NA DVERE PLISS\u00c9 - \u017dAL\u00daZIE MM | ROLETY \u2022 SIETE \u2022 PERGOLY\",\"isPartOf\":{\"@id\":\"https:\/\/www.zaluziemm.sk\/#website\"},\"primaryImageOfPage\":{\"@id\":\"https:\/\/www.zaluziemm.sk\/index.php\/siete-proti-hmyzu-na-dvere-plisse\/#primaryimage\"},\"image\":{\"@id\":\"https:\/\/www.zaluziemm.sk\/index.php\/siete-proti-hmyzu-na-dvere-plisse\/#primaryimage\"},\"thumbnailUrl\":\"https:\/\/www.zaluziemm.sk\/wp-content\/uploads\/2025\/05\/siete_proti_hmyzu_na_dvere_plisse_zalziemv_.jpg\",\"datePublished\":\"2025-05-22T13:31:11+00:00\",\"dateModified\":\"2025-05-22T13:59:22+00:00\",\"description\":\"S\u00fa pr\u00edpady, kedy nie je mo\u017en\u00e9 montova\u0165 sie\u0165ov\u00e9 dvere na p\u00e1nty, ani rolovacie sie\u0165ov\u00e9 dvere ani \u017eiaden in\u00fd v\u00fdrobok. Je to napr\u00edklad u ve\u013ek\u00fdch posuvn\u00fdch dver\u00ed, HS port\u00e1lov a podobn\u00fdch nadrozmern\u00fdch pr\u00edpadoch.\",\"breadcrumb\":{\"@id\":\"https:\/\/www.zaluziemm.sk\/index.php\/siete-proti-hmyzu-na-dvere-plisse\/#breadcrumb\"},\"inLanguage\":\"sk-SK\",\"potentialAction\":[{\"@type\":\"ReadAction\",\"target\":[\"https:\/\/www.zaluziemm.sk\/index.php\/siete-proti-hmyzu-na-dvere-plisse\/\"]}]},{\"@type\":\"ImageObject\",\"inLanguage\":\"sk-SK\",\"@id\":\"https:\/\/www.zaluziemm.sk\/index.php\/siete-proti-hmyzu-na-dvere-plisse\/#primaryimage\",\"url\":\"https:\/\/www.zaluziemm.sk\/wp-content\/uploads\/2025\/05\/siete_proti_hmyzu_na_dvere_plisse_zalziemv_.jpg\",\"contentUrl\":\"https:\/\/www.zaluziemm.sk\/wp-content\/uploads\/2025\/05\/siete_proti_hmyzu_na_dvere_plisse_zalziemv_.jpg\",\"width\":1100,\"height\":538},{\"@type\":\"BreadcrumbList\",\"@id\":\"https:\/\/www.zaluziemm.sk\/index.php\/siete-proti-hmyzu-na-dvere-plisse\/#breadcrumb\",\"itemListElement\":[{\"@type\":\"ListItem\",\"position\":1,\"name\":\"Domovsk\u00e1 str\u00e1nka\",\"item\":\"https:\/\/www.zaluziemm.sk\/\"},{\"@type\":\"ListItem\",\"position\":2,\"name\":\"SIETE PROTI HMYZU NA DVERE PLISS\u00c9\"}]},{\"@type\":\"WebSite\",\"@id\":\"https:\/\/www.zaluziemm.sk\/#website\",\"url\":\"https:\/\/www.zaluziemm.sk\/\",\"name\":\"\u017dAL\u00daZIE MM | ROLETY \u2022 SIETE \u2022 PERGOLY\",\"description\":\"Kvalita, prec\u00edznos\u0165 a osobn\u00fd pr\u00edstup \u2013 \u017daluzie MM.\",\"potentialAction\":[{\"@type\":\"SearchAction\",\"target\":{\"@type\":\"EntryPoint\",\"urlTemplate\":\"https:\/\/www.zaluziemm.sk\/?s={search_term_string}\"},\"query-input\":{\"@type\":\"PropertyValueSpecification\",\"valueRequired\":true,\"valueName\":\"search_term_string\"}}],\"inLanguage\":\"sk-SK\"}]}<\/script>\n<!-- \/ Yoast SEO plugin. -->","yoast_head_json":{"title":"SIETE PROTI HMYZU NA DVERE PLISS\u00c9 - \u017dAL\u00daZIE MM | ROLETY \u2022 SIETE \u2022 PERGOLY","description":"S\u00fa pr\u00edpady, kedy nie je mo\u017en\u00e9 montova\u0165 sie\u0165ov\u00e9 dvere na p\u00e1nty, ani rolovacie sie\u0165ov\u00e9 dvere ani \u017eiaden in\u00fd v\u00fdrobok. Je to napr\u00edklad u ve\u013ek\u00fdch posuvn\u00fdch dver\u00ed, HS port\u00e1lov a podobn\u00fdch nadrozmern\u00fdch pr\u00edpadoch.","robots":{"index":"index","follow":"follow","max-snippet":"max-snippet:-1","max-image-preview":"max-image-preview:large","max-video-preview":"max-video-preview:-1"},"canonical":"https:\/\/www.zaluziemm.sk\/index.php\/siete-proti-hmyzu-na-dvere-plisse\/","og_locale":"sk_SK","og_type":"article","og_title":"P\u00c1NTOV\u00c9 SIETE PROTI HMYZU NA DVERE","og_description":"Dvere na balk\u00f3n, terasu alebo z\u00e1hradu je v\u017edy dobr\u00e9 doplni\u0165 o siete proti hmyzu na dvere. Hlavne po\u010das leta, si m\u00f4\u017eete vychutna\u0165 \u010derstv\u00fd vzduch ko\u013eko len chcete bez otravn\u00e9ho hmyzu. Jednoduch\u00fd syst\u00e9m na p\u00e1nty a uzatv\u00e1ranie pomocou magnetov.","og_url":"https:\/\/www.zaluziemm.sk\/index.php\/siete-proti-hmyzu-na-dvere-plisse\/","og_site_name":"\u017dAL\u00daZIE MM | ROLETY \u2022 SIETE \u2022 PERGOLY","article_modified_time":"2025-05-22T13:59:22+00:00","og_image":[{"width":1100,"height":538,"url":"https:\/\/www.zaluziemm.sk\/wp-content\/uploads\/2025\/05\/siete_proti_hmyzu_na_dvere_plisse_zalziemv_.jpg","type":"image\/jpeg"}],"twitter_card":"summary_large_image","twitter_misc":{"Predpokladan\u00fd \u010das \u010d\u00edtania":"2 min\u00faty"},"schema":{"@context":"https:\/\/schema.org","@graph":[{"@type":"WebPage","@id":"https:\/\/www.zaluziemm.sk\/index.php\/siete-proti-hmyzu-na-dvere-plisse\/","url":"https:\/\/www.zaluziemm.sk\/index.php\/siete-proti-hmyzu-na-dvere-plisse\/","name":"SIETE PROTI HMYZU NA DVERE PLISS\u00c9 - \u017dAL\u00daZIE MM | ROLETY \u2022 SIETE \u2022 PERGOLY","isPartOf":{"@id":"https:\/\/www.zaluziemm.sk\/#website"},"primaryImageOfPage":{"@id":"https:\/\/www.zaluziemm.sk\/index.php\/siete-proti-hmyzu-na-dvere-plisse\/#primaryimage"},"image":{"@id":"https:\/\/www.zaluziemm.sk\/index.php\/siete-proti-hmyzu-na-dvere-plisse\/#primaryimage"},"thumbnailUrl":"https:\/\/www.zaluziemm.sk\/wp-content\/uploads\/2025\/05\/siete_proti_hmyzu_na_dvere_plisse_zalziemv_.jpg","datePublished":"2025-05-22T13:31:11+00:00","dateModified":"2025-05-22T13:59:22+00:00","description":"S\u00fa pr\u00edpady, kedy nie je mo\u017en\u00e9 montova\u0165 sie\u0165ov\u00e9 dvere na p\u00e1nty, ani rolovacie sie\u0165ov\u00e9 dvere ani \u017eiaden in\u00fd v\u00fdrobok. Je to napr\u00edklad u ve\u013ek\u00fdch posuvn\u00fdch dver\u00ed, HS port\u00e1lov a podobn\u00fdch nadrozmern\u00fdch pr\u00edpadoch.","breadcrumb":{"@id":"https:\/\/www.zaluziemm.sk\/index.php\/siete-proti-hmyzu-na-dvere-plisse\/#breadcrumb"},"inLanguage":"sk-SK","potentialAction":[{"@type":"ReadAction","target":["https:\/\/www.zaluziemm.sk\/index.php\/siete-proti-hmyzu-na-dvere-plisse\/"]}]},{"@type":"ImageObject","inLanguage":"sk-SK","@id":"https:\/\/www.zaluziemm.sk\/index.php\/siete-proti-hmyzu-na-dvere-plisse\/#primaryimage","url":"https:\/\/www.zaluziemm.sk\/wp-content\/uploads\/2025\/05\/siete_proti_hmyzu_na_dvere_plisse_zalziemv_.jpg","contentUrl":"https:\/\/www.zaluziemm.sk\/wp-content\/uploads\/2025\/05\/siete_proti_hmyzu_na_dvere_plisse_zalziemv_.jpg","width":1100,"height":538},{"@type":"BreadcrumbList","@id":"https:\/\/www.zaluziemm.sk\/index.php\/siete-proti-hmyzu-na-dvere-plisse\/#breadcrumb","itemListElement":[{"@type":"ListItem","position":1,"name":"Domovsk\u00e1 str\u00e1nka","item":"https:\/\/www.zaluziemm.sk\/"},{"@type":"ListItem","position":2,"name":"SIETE PROTI HMYZU NA DVERE PLISS\u00c9"}]},{"@type":"WebSite","@id":"https:\/\/www.zaluziemm.sk\/#website","url":"https:\/\/www.zaluziemm.sk\/","name":"\u017dAL\u00daZIE MM | ROLETY \u2022 SIETE \u2022 PERGOLY","description":"Kvalita, prec\u00edznos\u0165 a osobn\u00fd pr\u00edstup \u2013 \u017daluzie MM.","potentialAction":[{"@type":"SearchAction","target":{"@type":"EntryPoint","urlTemplate":"https:\/\/www.zaluziemm.sk\/?s={search_term_string}"},"query-input":{"@type":"PropertyValueSpecification","valueRequired":true,"valueName":"search_term_string"}}],"inLanguage":"sk-SK"}]}},"_links":{"self":[{"href":"https:\/\/www.zaluziemm.sk\/index.php\/wp-json\/wp\/v2\/pages\/2923","targetHints":{"allow":["GET"]}}],"collection":[{"href":"https:\/\/www.zaluziemm.sk\/index.php\/wp-json\/wp\/v2\/pages"}],"about":[{"href":"https:\/\/www.zaluziemm.sk\/index.php\/wp-json\/wp\/v2\/types\/page"}],"author":[{"embeddable":true,"href":"https:\/\/www.zaluziemm.sk\/index.php\/wp-json\/wp\/v2\/users\/1"}],"replies":[{"embeddable":true,"href":"https:\/\/www.zaluziemm.sk\/index.php\/wp-json\/wp\/v2\/comments?post=2923"}],"version-history":[{"count":3,"href":"https:\/\/www.zaluziemm.sk\/index.php\/wp-json\/wp\/v2\/pages\/2923\/revisions"}],"predecessor-version":[{"id":2952,"href":"https:\/\/www.zaluziemm.sk\/index.php\/wp-json\/wp\/v2\/pages\/2923\/revisions\/2952"}],"wp:featuredmedia":[{"embeddable":true,"href":"https:\/\/www.zaluziemm.sk\/index.php\/wp-json\/wp\/v2\/media\/2917"}],"wp:attachment":[{"href":"https:\/\/www.zaluziemm.sk\/index.php\/wp-json\/wp\/v2\/media?parent=2923"}],"curies":[{"name":"wp","href":"https:\/\/api.w.org\/{rel}","templated":true}]}}