{"id":2929,"date":"2025-05-22T15:34:39","date_gmt":"2025-05-22T13:34:39","guid":{"rendered":"https:\/\/www.zaluziemm.sk\/?page_id=2929"},"modified":"2025-05-22T16:00:07","modified_gmt":"2025-05-22T14:00:07","slug":"posuvne-siete-proti-hmyzu-na-dvere","status":"publish","type":"page","link":"https:\/\/www.zaluziemm.sk\/index.php\/posuvne-siete-proti-hmyzu-na-dvere\/","title":{"rendered":"POSUVN\u00c9 SIETE PROTI HMYZU NA DVERE"},"content":{"rendered":"<div id=\"pl-2929\"  class=\"panel-layout\" ><div id=\"pg-2929-0\"  class=\"panel-grid panel-no-style\" ><div id=\"pgc-2929-0-0\"  class=\"panel-grid-cell\" ><div id=\"panel-2929-0-0-0\" class=\"so-panel widget widget_black-studio-tinymce widget_black_studio_tinymce panel-first-child panel-last-child\" data-index=\"0\" ><h3 class=\"widget-title\">POSUVN\u00c9 SIETE PROTI HMYZU NA DVERE<\/h3><div class=\"textwidget\"><div class=\"wpb_text_column wpb_content_element vc_custom_1644485967327\">\n<div class=\"wpb_wrapper\">\n<div class=\"wpb_text_column wpb_content_element vc_custom_1644487915889\">\n<div class=\"wpb_wrapper\">\n<div class=\"wpb_text_column wpb_content_element vc_custom_1646230313548\">\n<div class=\"wpb_wrapper\">\n<div class=\"wpb_text_column wpb_content_element  vc_custom_1644495360994\">\n<div class=\"wpb_wrapper\">\n<p>Pokia\u013e m\u00e1te\u00a0<strong>franc\u00fazsky syst\u00e9m, HS port\u00e1l, alebo ak\u00fdko\u013evek in\u00fd posuvn\u00fd syst\u00e9m<\/strong>\u00a0s otvorom do \u0161\u00edrky 1,20m, tak s\u00fa pre V\u00e1s vhodn\u00e9\u00a0<strong>posuvn\u00e9 siete proti hmyzu na dvere<\/strong>. R\u00e1m je vlastne\u00a0<strong>ten ist\u00fd ako pri p\u00e1ntov\u00fdch sie\u0165ov\u00fdch<\/strong>\u00a0<strong>dver\u00e1ch<\/strong>, av\u0161ak vybaven\u00fd\u00a0<strong>klzn\u00fdmi plastov\u00fdmi vod\u00edtkami<\/strong>, veden\u00fd v ko\u013eajni\u010dk\u00e1ch. V\u0161etky profily s\u00fa vyr\u00e1ban\u00e9 z\u00a0<strong>extrudovan\u00e9ho hlin\u00edku<\/strong>, \u010di\u017ee s\u00fa\u00a0<strong>ur\u010den\u00e9 na vonkaj\u0161ie pou\u017eitie.<\/strong><\/div>\n<\/div>\n<div class=\"wpb_text_column wpb_content_element  vc_custom_1644496521995\">\n<div class=\"wpb_wrapper\">\n<p><strong>Nekoroduj\u00fa a vydr\u017eia dlhodobo.<\/strong>\u00a0Vodiace ko\u013eajni\u010dky\u00a0<strong>s\u00fa vybaven\u00e9 kefkou<\/strong>, ktor\u00e1 napom\u00e1ha hladk\u00e9mu k\u013azaniu.\u00a0<strong>Dorazy na koncoch s\u00fa opatren\u00e9 gumovou \u010diapo\u010dkou<\/strong>, aby sa nepo\u0161kodil r\u00e1m sie\u0165ov\u00fdch dver\u00ed.\u00a0<strong>Prie\u010dka<\/strong>\u00a0v tvare p\u00edsmena S\u00a0<strong>sl\u00fa\u017ei aj ako madlo<\/strong>\u00a0a z\u00e1rove\u0148\u00a0<strong>spev\u0148uje<\/strong>\u00a0cel\u00fa\u00a0<strong>kon\u0161trukciu<\/strong>\u00a0aby sa nekr\u00ed\u017eovala.<\/div>\n<\/div>\n<div class=\"wpb_text_column wpb_content_element  vc_custom_1646230324206\">\n<div class=\"wpb_wrapper\">\n<p><strong>\u0160tandardn\u00e9 farby<\/strong>\u00a0pre\u00a0posuvn\u00e9 siete proti hmyzu na\u00a0<strong>dvere\u00a0s\u00fa biela<\/strong>,\u00a0<strong>tmavohned\u00e1, antracit a drevoimit\u00e1cia zlat\u00fd dub.<\/strong>\u00a0Daj\u00fa sa lakova\u0165 do akejko\u013evek farby RAL. Bohu\u017eia\u013e nie je mo\u017enos\u0165 ich renolitova\u0165.<\/div>\n<\/div>\n<div class=\"wpb_text_column wpb_content_element  vc_custom_1646230941739\">\n<div class=\"wpb_wrapper\">\n<h4><b>TYPY SIE\u0164OVINY:<\/b><\/h4>\n<ul>\n<li>siv\u00e1 sie\u0165ovina<\/li>\n<li>\u010dierna sie\u0165ovina<\/li>\n<li>protipe\u013eov\u00e1 sie\u0165ovina \u2013 pre alergikov<\/li>\n<li>PET sie\u0165 proti hlodavcom<\/li>\n<\/ul>\n<\/div>\n<\/div>\n<\/div>\n<\/div>\n<\/div>\n<\/div>\n<\/div>\n<\/div>\n<\/div><\/div><\/div><div id=\"pgc-2929-0-1\"  class=\"panel-grid-cell\" ><div id=\"panel-2929-0-1-0\" class=\"so-panel widget widget_media_image panel-first-child panel-last-child\" data-index=\"1\" ><img loading=\"lazy\" decoding=\"async\" width=\"1536\" height=\"1152\" src=\"https:\/\/www.zaluziemm.sk\/wp-content\/uploads\/2025\/05\/posuvne_siete_zaluziemm.jpg\" class=\"image wp-image-2936  attachment-full size-full\" alt=\"\" style=\"max-width: 100%; height: auto;\" srcset=\"https:\/\/www.zaluziemm.sk\/wp-content\/uploads\/2025\/05\/posuvne_siete_zaluziemm.jpg 1536w, https:\/\/www.zaluziemm.sk\/wp-content\/uploads\/2025\/05\/posuvne_siete_zaluziemm-300x225.jpg 300w, https:\/\/www.zaluziemm.sk\/wp-content\/uploads\/2025\/05\/posuvne_siete_zaluziemm-1024x768.jpg 1024w, https:\/\/www.zaluziemm.sk\/wp-content\/uploads\/2025\/05\/posuvne_siete_zaluziemm-768x576.jpg 768w, https:\/\/www.zaluziemm.sk\/wp-content\/uploads\/2025\/05\/posuvne_siete_zaluziemm-555x416.jpg 555w, https:\/\/www.zaluziemm.sk\/wp-content\/uploads\/2025\/05\/posuvne_siete_zaluziemm-100x75.jpg 100w, https:\/\/www.zaluziemm.sk\/wp-content\/uploads\/2025\/05\/posuvne_siete_zaluziemm-600x450.jpg 600w\" sizes=\"auto, (max-width: 1536px) 100vw, 1536px\" \/><\/div><\/div><\/div><\/div>","protected":false},"excerpt":{"rendered":"<p>We can execute complex kitchen remodelling projects that suit your personal style and preferences. We can assist you in making minor kitchen updates or performing entire kitchen remodelling.<\/p>\n","protected":false},"author":1,"featured_media":2930,"parent":0,"menu_order":0,"comment_status":"closed","ping_status":"open","template":"","meta":{"_acf_changed":false,"inline_featured_image":false,"footnotes":""},"class_list":["post-2929","page","type-page","status-publish","has-post-thumbnail","hentry"],"acf":[],"yoast_head":"<!-- This site is optimized with the Yoast SEO plugin v27.0 - https:\/\/yoast.com\/product\/yoast-seo-wordpress\/ -->\n<title>POSUVN\u00c9 SIETE PROTI HMYZU NA DVERE - \u017dAL\u00daZIE MM | ROLETY \u2022 SIETE \u2022 PERGOLY<\/title>\n<meta name=\"description\" content=\"Pokia\u013e m\u00e1te franc\u00fazsky syst\u00e9m, HS port\u00e1l, alebo ak\u00fdko\u013evek in\u00fd posuvn\u00fd syst\u00e9m s otvorom do \u0161\u00edrky 1,20m, tak s\u00fa pre V\u00e1s vhodn\u00e9 posuvn\u00e9 siete proti hmyzu na dvere. R\u00e1m je vlastne ten ist\u00fd ako pri p\u00e1ntov\u00fdch sie\u0165ov\u00fdch dver\u00e1ch, av\u0161ak vybaven\u00fd klzn\u00fdmi plastov\u00fdmi vod\u00edtkami, veden\u00fd v ko\u013eajni\u010dk\u00e1ch. V\u0161etky profily s\u00fa vyr\u00e1ban\u00e9 z extrudovan\u00e9ho hlin\u00edku, \u010di\u017ee s\u00fa ur\u010den\u00e9 na vonkaj\u0161ie pou\u017eitie.\" \/>\n<meta name=\"robots\" content=\"index, follow, max-snippet:-1, max-image-preview:large, max-video-preview:-1\" \/>\n<link rel=\"canonical\" href=\"https:\/\/www.zaluziemm.sk\/index.php\/posuvne-siete-proti-hmyzu-na-dvere\/\" \/>\n<meta property=\"og:locale\" content=\"sk_SK\" \/>\n<meta property=\"og:type\" content=\"article\" \/>\n<meta property=\"og:title\" content=\"P\u00c1NTOV\u00c9 SIETE PROTI HMYZU NA DVERE\" \/>\n<meta property=\"og:description\" content=\"Dvere na balk\u00f3n, terasu alebo z\u00e1hradu je v\u017edy dobr\u00e9 doplni\u0165 o siete proti hmyzu na dvere. Hlavne po\u010das leta, si m\u00f4\u017eete vychutna\u0165 \u010derstv\u00fd vzduch ko\u013eko len chcete bez otravn\u00e9ho hmyzu. Jednoduch\u00fd syst\u00e9m na p\u00e1nty a uzatv\u00e1ranie pomocou magnetov.\" \/>\n<meta property=\"og:url\" content=\"https:\/\/www.zaluziemm.sk\/index.php\/posuvne-siete-proti-hmyzu-na-dvere\/\" \/>\n<meta property=\"og:site_name\" content=\"\u017dAL\u00daZIE MM | ROLETY \u2022 SIETE \u2022 PERGOLY\" \/>\n<meta property=\"article:modified_time\" content=\"2025-05-22T14:00:07+00:00\" \/>\n<meta property=\"og:image\" content=\"https:\/\/www.zaluziemm.sk\/wp-content\/uploads\/2025\/05\/siete_proti_hmyzu_na_dvere_plisse_zalziemv_.jpg\" \/>\n\t<meta property=\"og:image:width\" content=\"1100\" \/>\n\t<meta property=\"og:image:height\" content=\"538\" \/>\n\t<meta property=\"og:image:type\" content=\"image\/jpeg\" \/>\n<meta name=\"twitter:card\" content=\"summary_large_image\" \/>\n<meta name=\"twitter:label1\" content=\"Predpokladan\u00fd \u010das \u010d\u00edtania\" \/>\n\t<meta name=\"twitter:data1\" content=\"2 min\u00faty\" \/>\n<script type=\"application\/ld+json\" class=\"yoast-schema-graph\">{\"@context\":\"https:\/\/schema.org\",\"@graph\":[{\"@type\":\"WebPage\",\"@id\":\"https:\/\/www.zaluziemm.sk\/index.php\/posuvne-siete-proti-hmyzu-na-dvere\/\",\"url\":\"https:\/\/www.zaluziemm.sk\/index.php\/posuvne-siete-proti-hmyzu-na-dvere\/\",\"name\":\"POSUVN\u00c9 SIETE PROTI HMYZU NA DVERE - \u017dAL\u00daZIE MM | ROLETY \u2022 SIETE \u2022 PERGOLY\",\"isPartOf\":{\"@id\":\"https:\/\/www.zaluziemm.sk\/#website\"},\"primaryImageOfPage\":{\"@id\":\"https:\/\/www.zaluziemm.sk\/index.php\/posuvne-siete-proti-hmyzu-na-dvere\/#primaryimage\"},\"image\":{\"@id\":\"https:\/\/www.zaluziemm.sk\/index.php\/posuvne-siete-proti-hmyzu-na-dvere\/#primaryimage\"},\"thumbnailUrl\":\"https:\/\/www.zaluziemm.sk\/wp-content\/uploads\/2025\/05\/posuvne_siete_proti_hmyzu_zaluziemv_01.jpg\",\"datePublished\":\"2025-05-22T13:34:39+00:00\",\"dateModified\":\"2025-05-22T14:00:07+00:00\",\"description\":\"Pokia\u013e m\u00e1te franc\u00fazsky syst\u00e9m, HS port\u00e1l, alebo ak\u00fdko\u013evek in\u00fd posuvn\u00fd syst\u00e9m s otvorom do \u0161\u00edrky 1,20m, tak s\u00fa pre V\u00e1s vhodn\u00e9 posuvn\u00e9 siete proti hmyzu na dvere. R\u00e1m je vlastne ten ist\u00fd ako pri p\u00e1ntov\u00fdch sie\u0165ov\u00fdch dver\u00e1ch, av\u0161ak vybaven\u00fd klzn\u00fdmi plastov\u00fdmi vod\u00edtkami, veden\u00fd v ko\u013eajni\u010dk\u00e1ch. V\u0161etky profily s\u00fa vyr\u00e1ban\u00e9 z extrudovan\u00e9ho hlin\u00edku, \u010di\u017ee s\u00fa ur\u010den\u00e9 na vonkaj\u0161ie pou\u017eitie.\",\"breadcrumb\":{\"@id\":\"https:\/\/www.zaluziemm.sk\/index.php\/posuvne-siete-proti-hmyzu-na-dvere\/#breadcrumb\"},\"inLanguage\":\"sk-SK\",\"potentialAction\":[{\"@type\":\"ReadAction\",\"target\":[\"https:\/\/www.zaluziemm.sk\/index.php\/posuvne-siete-proti-hmyzu-na-dvere\/\"]}]},{\"@type\":\"ImageObject\",\"inLanguage\":\"sk-SK\",\"@id\":\"https:\/\/www.zaluziemm.sk\/index.php\/posuvne-siete-proti-hmyzu-na-dvere\/#primaryimage\",\"url\":\"https:\/\/www.zaluziemm.sk\/wp-content\/uploads\/2025\/05\/posuvne_siete_proti_hmyzu_zaluziemv_01.jpg\",\"contentUrl\":\"https:\/\/www.zaluziemm.sk\/wp-content\/uploads\/2025\/05\/posuvne_siete_proti_hmyzu_zaluziemv_01.jpg\",\"width\":2048,\"height\":1152},{\"@type\":\"BreadcrumbList\",\"@id\":\"https:\/\/www.zaluziemm.sk\/index.php\/posuvne-siete-proti-hmyzu-na-dvere\/#breadcrumb\",\"itemListElement\":[{\"@type\":\"ListItem\",\"position\":1,\"name\":\"Domovsk\u00e1 str\u00e1nka\",\"item\":\"https:\/\/www.zaluziemm.sk\/\"},{\"@type\":\"ListItem\",\"position\":2,\"name\":\"POSUVN\u00c9 SIETE PROTI HMYZU NA DVERE\"}]},{\"@type\":\"WebSite\",\"@id\":\"https:\/\/www.zaluziemm.sk\/#website\",\"url\":\"https:\/\/www.zaluziemm.sk\/\",\"name\":\"\u017dAL\u00daZIE MM | ROLETY \u2022 SIETE \u2022 PERGOLY\",\"description\":\"Kvalita, prec\u00edznos\u0165 a osobn\u00fd pr\u00edstup \u2013 \u017daluzie MM.\",\"potentialAction\":[{\"@type\":\"SearchAction\",\"target\":{\"@type\":\"EntryPoint\",\"urlTemplate\":\"https:\/\/www.zaluziemm.sk\/?s={search_term_string}\"},\"query-input\":{\"@type\":\"PropertyValueSpecification\",\"valueRequired\":true,\"valueName\":\"search_term_string\"}}],\"inLanguage\":\"sk-SK\"}]}<\/script>\n<!-- \/ Yoast SEO plugin. -->","yoast_head_json":{"title":"POSUVN\u00c9 SIETE PROTI HMYZU NA DVERE - \u017dAL\u00daZIE MM | ROLETY \u2022 SIETE \u2022 PERGOLY","description":"Pokia\u013e m\u00e1te franc\u00fazsky syst\u00e9m, HS port\u00e1l, alebo ak\u00fdko\u013evek in\u00fd posuvn\u00fd syst\u00e9m s otvorom do \u0161\u00edrky 1,20m, tak s\u00fa pre V\u00e1s vhodn\u00e9 posuvn\u00e9 siete proti hmyzu na dvere. R\u00e1m je vlastne ten ist\u00fd ako pri p\u00e1ntov\u00fdch sie\u0165ov\u00fdch dver\u00e1ch, av\u0161ak vybaven\u00fd klzn\u00fdmi plastov\u00fdmi vod\u00edtkami, veden\u00fd v ko\u013eajni\u010dk\u00e1ch. V\u0161etky profily s\u00fa vyr\u00e1ban\u00e9 z extrudovan\u00e9ho hlin\u00edku, \u010di\u017ee s\u00fa ur\u010den\u00e9 na vonkaj\u0161ie pou\u017eitie.","robots":{"index":"index","follow":"follow","max-snippet":"max-snippet:-1","max-image-preview":"max-image-preview:large","max-video-preview":"max-video-preview:-1"},"canonical":"https:\/\/www.zaluziemm.sk\/index.php\/posuvne-siete-proti-hmyzu-na-dvere\/","og_locale":"sk_SK","og_type":"article","og_title":"P\u00c1NTOV\u00c9 SIETE PROTI HMYZU NA DVERE","og_description":"Dvere na balk\u00f3n, terasu alebo z\u00e1hradu je v\u017edy dobr\u00e9 doplni\u0165 o siete proti hmyzu na dvere. Hlavne po\u010das leta, si m\u00f4\u017eete vychutna\u0165 \u010derstv\u00fd vzduch ko\u013eko len chcete bez otravn\u00e9ho hmyzu. Jednoduch\u00fd syst\u00e9m na p\u00e1nty a uzatv\u00e1ranie pomocou magnetov.","og_url":"https:\/\/www.zaluziemm.sk\/index.php\/posuvne-siete-proti-hmyzu-na-dvere\/","og_site_name":"\u017dAL\u00daZIE MM | ROLETY \u2022 SIETE \u2022 PERGOLY","article_modified_time":"2025-05-22T14:00:07+00:00","og_image":[{"width":1100,"height":538,"url":"https:\/\/www.zaluziemm.sk\/wp-content\/uploads\/2025\/05\/siete_proti_hmyzu_na_dvere_plisse_zalziemv_.jpg","type":"image\/jpeg"}],"twitter_card":"summary_large_image","twitter_misc":{"Predpokladan\u00fd \u010das \u010d\u00edtania":"2 min\u00faty"},"schema":{"@context":"https:\/\/schema.org","@graph":[{"@type":"WebPage","@id":"https:\/\/www.zaluziemm.sk\/index.php\/posuvne-siete-proti-hmyzu-na-dvere\/","url":"https:\/\/www.zaluziemm.sk\/index.php\/posuvne-siete-proti-hmyzu-na-dvere\/","name":"POSUVN\u00c9 SIETE PROTI HMYZU NA DVERE - \u017dAL\u00daZIE MM | ROLETY \u2022 SIETE \u2022 PERGOLY","isPartOf":{"@id":"https:\/\/www.zaluziemm.sk\/#website"},"primaryImageOfPage":{"@id":"https:\/\/www.zaluziemm.sk\/index.php\/posuvne-siete-proti-hmyzu-na-dvere\/#primaryimage"},"image":{"@id":"https:\/\/www.zaluziemm.sk\/index.php\/posuvne-siete-proti-hmyzu-na-dvere\/#primaryimage"},"thumbnailUrl":"https:\/\/www.zaluziemm.sk\/wp-content\/uploads\/2025\/05\/posuvne_siete_proti_hmyzu_zaluziemv_01.jpg","datePublished":"2025-05-22T13:34:39+00:00","dateModified":"2025-05-22T14:00:07+00:00","description":"Pokia\u013e m\u00e1te franc\u00fazsky syst\u00e9m, HS port\u00e1l, alebo ak\u00fdko\u013evek in\u00fd posuvn\u00fd syst\u00e9m s otvorom do \u0161\u00edrky 1,20m, tak s\u00fa pre V\u00e1s vhodn\u00e9 posuvn\u00e9 siete proti hmyzu na dvere. R\u00e1m je vlastne ten ist\u00fd ako pri p\u00e1ntov\u00fdch sie\u0165ov\u00fdch dver\u00e1ch, av\u0161ak vybaven\u00fd klzn\u00fdmi plastov\u00fdmi vod\u00edtkami, veden\u00fd v ko\u013eajni\u010dk\u00e1ch. V\u0161etky profily s\u00fa vyr\u00e1ban\u00e9 z extrudovan\u00e9ho hlin\u00edku, \u010di\u017ee s\u00fa ur\u010den\u00e9 na vonkaj\u0161ie pou\u017eitie.","breadcrumb":{"@id":"https:\/\/www.zaluziemm.sk\/index.php\/posuvne-siete-proti-hmyzu-na-dvere\/#breadcrumb"},"inLanguage":"sk-SK","potentialAction":[{"@type":"ReadAction","target":["https:\/\/www.zaluziemm.sk\/index.php\/posuvne-siete-proti-hmyzu-na-dvere\/"]}]},{"@type":"ImageObject","inLanguage":"sk-SK","@id":"https:\/\/www.zaluziemm.sk\/index.php\/posuvne-siete-proti-hmyzu-na-dvere\/#primaryimage","url":"https:\/\/www.zaluziemm.sk\/wp-content\/uploads\/2025\/05\/posuvne_siete_proti_hmyzu_zaluziemv_01.jpg","contentUrl":"https:\/\/www.zaluziemm.sk\/wp-content\/uploads\/2025\/05\/posuvne_siete_proti_hmyzu_zaluziemv_01.jpg","width":2048,"height":1152},{"@type":"BreadcrumbList","@id":"https:\/\/www.zaluziemm.sk\/index.php\/posuvne-siete-proti-hmyzu-na-dvere\/#breadcrumb","itemListElement":[{"@type":"ListItem","position":1,"name":"Domovsk\u00e1 str\u00e1nka","item":"https:\/\/www.zaluziemm.sk\/"},{"@type":"ListItem","position":2,"name":"POSUVN\u00c9 SIETE PROTI HMYZU NA DVERE"}]},{"@type":"WebSite","@id":"https:\/\/www.zaluziemm.sk\/#website","url":"https:\/\/www.zaluziemm.sk\/","name":"\u017dAL\u00daZIE MM | ROLETY \u2022 SIETE \u2022 PERGOLY","description":"Kvalita, prec\u00edznos\u0165 a osobn\u00fd pr\u00edstup \u2013 \u017daluzie MM.","potentialAction":[{"@type":"SearchAction","target":{"@type":"EntryPoint","urlTemplate":"https:\/\/www.zaluziemm.sk\/?s={search_term_string}"},"query-input":{"@type":"PropertyValueSpecification","valueRequired":true,"valueName":"search_term_string"}}],"inLanguage":"sk-SK"}]}},"_links":{"self":[{"href":"https:\/\/www.zaluziemm.sk\/index.php\/wp-json\/wp\/v2\/pages\/2929","targetHints":{"allow":["GET"]}}],"collection":[{"href":"https:\/\/www.zaluziemm.sk\/index.php\/wp-json\/wp\/v2\/pages"}],"about":[{"href":"https:\/\/www.zaluziemm.sk\/index.php\/wp-json\/wp\/v2\/types\/page"}],"author":[{"embeddable":true,"href":"https:\/\/www.zaluziemm.sk\/index.php\/wp-json\/wp\/v2\/users\/1"}],"replies":[{"embeddable":true,"href":"https:\/\/www.zaluziemm.sk\/index.php\/wp-json\/wp\/v2\/comments?post=2929"}],"version-history":[{"count":5,"href":"https:\/\/www.zaluziemm.sk\/index.php\/wp-json\/wp\/v2\/pages\/2929\/revisions"}],"predecessor-version":[{"id":2953,"href":"https:\/\/www.zaluziemm.sk\/index.php\/wp-json\/wp\/v2\/pages\/2929\/revisions\/2953"}],"wp:featuredmedia":[{"embeddable":true,"href":"https:\/\/www.zaluziemm.sk\/index.php\/wp-json\/wp\/v2\/media\/2930"}],"wp:attachment":[{"href":"https:\/\/www.zaluziemm.sk\/index.php\/wp-json\/wp\/v2\/media?parent=2929"}],"curies":[{"name":"wp","href":"https:\/\/api.w.org\/{rel}","templated":true}]}}