{"id":2938,"date":"2025-05-22T15:45:21","date_gmt":"2025-05-22T13:45:21","guid":{"rendered":"https:\/\/www.zaluziemm.sk\/?page_id=2938"},"modified":"2025-05-22T15:48:50","modified_gmt":"2025-05-22T13:48:50","slug":"siete-proti-hmyzu-na-dvere-s-vlastnym-ramom","status":"publish","type":"page","link":"https:\/\/www.zaluziemm.sk\/index.php\/siete-proti-hmyzu-na-dvere-s-vlastnym-ramom\/","title":{"rendered":"SIETE PROTI HMYZU NA DVERE S VLASTN\u00ddM R\u00c1MOM"},"content":{"rendered":"<div id=\"pl-2938\"  class=\"panel-layout\" ><div id=\"pg-2938-0\"  class=\"panel-grid panel-no-style\" ><div id=\"pgc-2938-0-0\"  class=\"panel-grid-cell\" ><div id=\"panel-2938-0-0-0\" class=\"so-panel widget widget_black-studio-tinymce widget_black_studio_tinymce panel-first-child panel-last-child\" data-index=\"0\" ><h3 class=\"widget-title\">SIETE PROTI HMYZU NA DVERE S VLASTN\u00ddM R\u00c1MOM<\/h3><div class=\"textwidget\"><div class=\"wpb_text_column wpb_content_element vc_custom_1644485967327\">\n<div class=\"wpb_wrapper\">\n<div class=\"wpb_text_column wpb_content_element vc_custom_1644487915889\">\n<div class=\"wpb_wrapper\">\n<div class=\"wpb_text_column wpb_content_element vc_custom_1646230313548\">\n<div class=\"wpb_wrapper\">\n<div class=\"wpb_text_column wpb_content_element vc_custom_1644495360994\">\n<div class=\"wpb_wrapper\">\n<div class=\"wpb_text_column wpb_content_element  vc_custom_1644501168436\">\n<div class=\"wpb_wrapper\">\n<div class=\"wpb_text_column wpb_content_element  vc_custom_1644501168436\">\n<div class=\"wpb_wrapper\">\n<p>Otv\u00e1rav\u00e9\u00a0<strong>siete proti hmyzu s vlastn\u00fdm r\u00e1mom<\/strong>\u00a0funguj\u00fa na p\u00e1nty. Maj\u00fa vlastn\u00fd\u00a0<strong>samonostn\u00fd r\u00e1m<\/strong>, ktor\u00fd je\u00a0<strong>mo\u017en\u00e9 iba nalepi\u0165<\/strong>. S\u00fa teda vhodn\u00e9 v pr\u00edpadoch, ke\u010f\u00a0<strong>nechcete v\u0155ta\u0165 do r\u00e1mu Va\u0161ich okien<\/strong>. Pr\u00edpadne, pokia\u013e\u00a0<strong>m\u00e1te \u201eutopen\u00e9\u201c okn\u00e1<\/strong>\u00a0po zatep\u013eovan\u00ed a\u00a0<strong>neostal<\/strong>\u00a0V\u00e1m\u00a0<strong>dostatok miesta na p\u00e1nty<\/strong>, je to vhodnej\u0161ie rie\u0161enie.\u00a0<strong>Potrebuj\u00fa toti\u017eto len 1cm rovnej plochy<\/strong>\u00a0<strong>po celom obvode<\/strong>\u00a0na svoje<strong>\u00a0uchytenie<\/strong>.<\/div>\n<\/div>\n<div class=\"wpb_text_column wpb_content_element  vc_custom_1644501216402\">\n<div class=\"wpb_wrapper\">\n<p>S\u00edce V\u00e1m potom\u00a0<strong>r\u00e1m bude pret\u0155\u010da\u0165 do otvoru<\/strong>, ale\u00a0<strong>vyrie\u0161i to situ\u00e1ciu<\/strong>. Dvere je\u00a0<strong>mo\u017en\u00e9 vybavi\u0165<\/strong>\u00a0<strong>samozatv\u00e1rac\u00edmi p\u00e1ntami a okopovou li\u0161tou.<\/strong>\u00a0T\u00e1 sl\u00fa\u017ei na otv\u00e1ranie dver\u00ed pomocou nohy v pr\u00edpade, \u017ee m\u00e1te pln\u00e9 ruky.\u00a0<strong>Uzatv\u00e1ranie dr\u017e\u00ed pomocou magnetick\u00e9ho p\u00e1su.<\/strong>\u00a0Stredov\u00e1 prie\u010dka je nutnos\u0165ou aby cel\u00fa kon\u0161trukciu spevnila, ke\u010f\u017ee profil otv\u00e1rav\u00e9ho kr\u00eddla je v rozmeroch iba 23x13mm. Je v tvare p\u00edsmena S a teda sl\u00fa\u017ei aj ako madlo.<\/div>\n<\/div>\n<div class=\"wpb_text_column wpb_content_element  vc_custom_1644501241627\">\n<div class=\"wpb_wrapper\">\n<p>\u0160tandardne\u00a0<strong>dostupn\u00e9 farby ako biela, hned\u00e1, tmavohned\u00e1, antracit sa hodia ku v\u00e4\u010d\u0161ine farieb okien<\/strong>, s ktor\u00fdmi sa be\u017ene stretnete na na\u0161om trhu. \u010ealej je\u00a0<strong>mo\u017enos\u0165 sie\u0165ky lakova\u0165 do akejko\u013evek RAL<\/strong>, pod\u013ea v\u00fdberu zo vzorkovn\u00edku, alebo pou\u017ei\u0165 technol\u00f3giu renolit\u00e1cie, podobne ako sa vyr\u00e1baj\u00fa okn\u00e1 v drevoimit\u00e1ci\u00ed.<\/p>\n<p>Max. rozmer: \u0161\u00edrka 1,20m a plocha 2,60m\u00b2.<\/p><\/div>\n<\/div>\n<div class=\"wpb_text_column wpb_content_element  vc_custom_1646230946304\">\n<div class=\"wpb_wrapper\">\n<h4><b>TYPY SIE\u0164OVINY:<\/b><\/h4>\n<ul>\n<li>siv\u00e1 sie\u0165ovina<\/li>\n<li>\u010dierna sie\u0165ovina<\/li>\n<li>protipe\u013eov\u00e1 sie\u0165ovina \u2013 pre alergikov<\/li>\n<li>PET sie\u0165 proti hlodavcom<\/li>\n<\/ul>\n<\/div>\n<\/div>\n<\/div>\n<\/div>\n<\/div>\n<\/div>\n<\/div>\n<\/div>\n<\/div>\n<\/div>\n<\/div>\n<\/div>\n<\/div><\/div><\/div><div id=\"pgc-2938-0-1\"  class=\"panel-grid-cell\" ><div id=\"panel-2938-0-1-0\" class=\"so-panel widget widget_media_image panel-first-child panel-last-child\" data-index=\"1\" ><img loading=\"lazy\" decoding=\"async\" width=\"1196\" height=\"1248\" src=\"https:\/\/www.zaluziemm.sk\/wp-content\/uploads\/2025\/05\/01_zaluziemm.jpg\" class=\"image wp-image-2943  attachment-full size-full\" alt=\"\" style=\"max-width: 100%; height: auto;\" srcset=\"https:\/\/www.zaluziemm.sk\/wp-content\/uploads\/2025\/05\/01_zaluziemm.jpg 1196w, https:\/\/www.zaluziemm.sk\/wp-content\/uploads\/2025\/05\/01_zaluziemm-288x300.jpg 288w, https:\/\/www.zaluziemm.sk\/wp-content\/uploads\/2025\/05\/01_zaluziemm-981x1024.jpg 981w, https:\/\/www.zaluziemm.sk\/wp-content\/uploads\/2025\/05\/01_zaluziemm-768x801.jpg 768w, https:\/\/www.zaluziemm.sk\/wp-content\/uploads\/2025\/05\/01_zaluziemm-532x555.jpg 532w, https:\/\/www.zaluziemm.sk\/wp-content\/uploads\/2025\/05\/01_zaluziemm-600x626.jpg 600w\" sizes=\"auto, (max-width: 1196px) 100vw, 1196px\" \/><\/div><\/div><\/div><\/div>","protected":false},"excerpt":{"rendered":"<p>We can execute complex kitchen remodelling projects that suit your personal style and preferences. We can assist you in making minor kitchen updates or performing entire kitchen remodelling.<\/p>\n","protected":false},"author":1,"featured_media":2939,"parent":0,"menu_order":0,"comment_status":"closed","ping_status":"open","template":"","meta":{"_acf_changed":false,"inline_featured_image":false,"footnotes":""},"class_list":["post-2938","page","type-page","status-publish","has-post-thumbnail","hentry"],"acf":[],"yoast_head":"<!-- This site is optimized with the Yoast SEO plugin v27.0 - https:\/\/yoast.com\/product\/yoast-seo-wordpress\/ -->\n<title>SIETE PROTI HMYZU NA DVERE S VLASTN\u00ddM R\u00c1MOM - \u017dAL\u00daZIE MM | ROLETY \u2022 SIETE \u2022 PERGOLY<\/title>\n<meta name=\"description\" content=\"Otv\u00e1rav\u00e9 siete proti hmyzu s vlastn\u00fdm r\u00e1mom funguj\u00fa na p\u00e1nty. Maj\u00fa vlastn\u00fd samonostn\u00fd r\u00e1m, ktor\u00fd je mo\u017en\u00e9 iba nalepi\u0165. S\u00fa teda vhodn\u00e9 v pr\u00edpadoch, ke\u010f nechcete v\u0155ta\u0165 do r\u00e1mu Va\u0161ich okien. Pr\u00edpadne, pokia\u013e m\u00e1te \u201eutopen\u00e9\u201c okn\u00e1 po zatep\u013eovan\u00ed a neostal V\u00e1m dostatok miesta na p\u00e1nty, je to vhodnej\u0161ie rie\u0161enie. Potrebuj\u00fa toti\u017eto len 1cm rovnej plochy po celom obvode na svoje uchytenie.\" \/>\n<meta name=\"robots\" content=\"index, follow, max-snippet:-1, max-image-preview:large, max-video-preview:-1\" \/>\n<link rel=\"canonical\" href=\"https:\/\/www.zaluziemm.sk\/index.php\/siete-proti-hmyzu-na-dvere-s-vlastnym-ramom\/\" \/>\n<meta property=\"og:locale\" content=\"sk_SK\" \/>\n<meta property=\"og:type\" content=\"article\" \/>\n<meta property=\"og:title\" content=\"P\u00c1NTOV\u00c9 SIETE PROTI HMYZU NA DVERE\" \/>\n<meta property=\"og:description\" content=\"Dvere na balk\u00f3n, terasu alebo z\u00e1hradu je v\u017edy dobr\u00e9 doplni\u0165 o siete proti hmyzu na dvere. Hlavne po\u010das leta, si m\u00f4\u017eete vychutna\u0165 \u010derstv\u00fd vzduch ko\u013eko len chcete bez otravn\u00e9ho hmyzu. Jednoduch\u00fd syst\u00e9m na p\u00e1nty a uzatv\u00e1ranie pomocou magnetov.\" \/>\n<meta property=\"og:url\" content=\"https:\/\/www.zaluziemm.sk\/index.php\/siete-proti-hmyzu-na-dvere-s-vlastnym-ramom\/\" \/>\n<meta property=\"og:site_name\" content=\"\u017dAL\u00daZIE MM | ROLETY \u2022 SIETE \u2022 PERGOLY\" \/>\n<meta property=\"article:modified_time\" content=\"2025-05-22T13:48:50+00:00\" \/>\n<meta property=\"og:image\" content=\"https:\/\/www.zaluziemm.sk\/wp-content\/uploads\/2025\/05\/siete_proti_hmyzu_na_dvere_plisse_zalziemv_.jpg\" \/>\n\t<meta property=\"og:image:width\" content=\"1100\" \/>\n\t<meta property=\"og:image:height\" content=\"538\" \/>\n\t<meta property=\"og:image:type\" content=\"image\/jpeg\" \/>\n<meta name=\"twitter:card\" content=\"summary_large_image\" \/>\n<meta name=\"twitter:label1\" content=\"Predpokladan\u00fd \u010das \u010d\u00edtania\" \/>\n\t<meta name=\"twitter:data1\" content=\"2 min\u00faty\" \/>\n<script type=\"application\/ld+json\" class=\"yoast-schema-graph\">{\"@context\":\"https:\/\/schema.org\",\"@graph\":[{\"@type\":\"WebPage\",\"@id\":\"https:\/\/www.zaluziemm.sk\/index.php\/siete-proti-hmyzu-na-dvere-s-vlastnym-ramom\/\",\"url\":\"https:\/\/www.zaluziemm.sk\/index.php\/siete-proti-hmyzu-na-dvere-s-vlastnym-ramom\/\",\"name\":\"SIETE PROTI HMYZU NA DVERE S VLASTN\u00ddM R\u00c1MOM - \u017dAL\u00daZIE MM | ROLETY \u2022 SIETE \u2022 PERGOLY\",\"isPartOf\":{\"@id\":\"https:\/\/www.zaluziemm.sk\/#website\"},\"primaryImageOfPage\":{\"@id\":\"https:\/\/www.zaluziemm.sk\/index.php\/siete-proti-hmyzu-na-dvere-s-vlastnym-ramom\/#primaryimage\"},\"image\":{\"@id\":\"https:\/\/www.zaluziemm.sk\/index.php\/siete-proti-hmyzu-na-dvere-s-vlastnym-ramom\/#primaryimage\"},\"thumbnailUrl\":\"https:\/\/www.zaluziemm.sk\/wp-content\/uploads\/2025\/05\/siete_proti_hmyzu_na_dvere_s_vlastnym_ramom_zaluziemv_1.jpg\",\"datePublished\":\"2025-05-22T13:45:21+00:00\",\"dateModified\":\"2025-05-22T13:48:50+00:00\",\"description\":\"Otv\u00e1rav\u00e9 siete proti hmyzu s vlastn\u00fdm r\u00e1mom funguj\u00fa na p\u00e1nty. Maj\u00fa vlastn\u00fd samonostn\u00fd r\u00e1m, ktor\u00fd je mo\u017en\u00e9 iba nalepi\u0165. S\u00fa teda vhodn\u00e9 v pr\u00edpadoch, ke\u010f nechcete v\u0155ta\u0165 do r\u00e1mu Va\u0161ich okien. Pr\u00edpadne, pokia\u013e m\u00e1te \u201eutopen\u00e9\u201c okn\u00e1 po zatep\u013eovan\u00ed a neostal V\u00e1m dostatok miesta na p\u00e1nty, je to vhodnej\u0161ie rie\u0161enie. Potrebuj\u00fa toti\u017eto len 1cm rovnej plochy po celom obvode na svoje uchytenie.\",\"breadcrumb\":{\"@id\":\"https:\/\/www.zaluziemm.sk\/index.php\/siete-proti-hmyzu-na-dvere-s-vlastnym-ramom\/#breadcrumb\"},\"inLanguage\":\"sk-SK\",\"potentialAction\":[{\"@type\":\"ReadAction\",\"target\":[\"https:\/\/www.zaluziemm.sk\/index.php\/siete-proti-hmyzu-na-dvere-s-vlastnym-ramom\/\"]}]},{\"@type\":\"ImageObject\",\"inLanguage\":\"sk-SK\",\"@id\":\"https:\/\/www.zaluziemm.sk\/index.php\/siete-proti-hmyzu-na-dvere-s-vlastnym-ramom\/#primaryimage\",\"url\":\"https:\/\/www.zaluziemm.sk\/wp-content\/uploads\/2025\/05\/siete_proti_hmyzu_na_dvere_s_vlastnym_ramom_zaluziemv_1.jpg\",\"contentUrl\":\"https:\/\/www.zaluziemm.sk\/wp-content\/uploads\/2025\/05\/siete_proti_hmyzu_na_dvere_s_vlastnym_ramom_zaluziemv_1.jpg\",\"width\":857,\"height\":1600},{\"@type\":\"BreadcrumbList\",\"@id\":\"https:\/\/www.zaluziemm.sk\/index.php\/siete-proti-hmyzu-na-dvere-s-vlastnym-ramom\/#breadcrumb\",\"itemListElement\":[{\"@type\":\"ListItem\",\"position\":1,\"name\":\"Domovsk\u00e1 str\u00e1nka\",\"item\":\"https:\/\/www.zaluziemm.sk\/\"},{\"@type\":\"ListItem\",\"position\":2,\"name\":\"SIETE PROTI HMYZU NA DVERE S VLASTN\u00ddM R\u00c1MOM\"}]},{\"@type\":\"WebSite\",\"@id\":\"https:\/\/www.zaluziemm.sk\/#website\",\"url\":\"https:\/\/www.zaluziemm.sk\/\",\"name\":\"\u017dAL\u00daZIE MM | ROLETY \u2022 SIETE \u2022 PERGOLY\",\"description\":\"Kvalita, prec\u00edznos\u0165 a osobn\u00fd pr\u00edstup \u2013 \u017daluzie MM.\",\"potentialAction\":[{\"@type\":\"SearchAction\",\"target\":{\"@type\":\"EntryPoint\",\"urlTemplate\":\"https:\/\/www.zaluziemm.sk\/?s={search_term_string}\"},\"query-input\":{\"@type\":\"PropertyValueSpecification\",\"valueRequired\":true,\"valueName\":\"search_term_string\"}}],\"inLanguage\":\"sk-SK\"}]}<\/script>\n<!-- \/ Yoast SEO plugin. -->","yoast_head_json":{"title":"SIETE PROTI HMYZU NA DVERE S VLASTN\u00ddM R\u00c1MOM - \u017dAL\u00daZIE MM | ROLETY \u2022 SIETE \u2022 PERGOLY","description":"Otv\u00e1rav\u00e9 siete proti hmyzu s vlastn\u00fdm r\u00e1mom funguj\u00fa na p\u00e1nty. Maj\u00fa vlastn\u00fd samonostn\u00fd r\u00e1m, ktor\u00fd je mo\u017en\u00e9 iba nalepi\u0165. S\u00fa teda vhodn\u00e9 v pr\u00edpadoch, ke\u010f nechcete v\u0155ta\u0165 do r\u00e1mu Va\u0161ich okien. Pr\u00edpadne, pokia\u013e m\u00e1te \u201eutopen\u00e9\u201c okn\u00e1 po zatep\u013eovan\u00ed a neostal V\u00e1m dostatok miesta na p\u00e1nty, je to vhodnej\u0161ie rie\u0161enie. Potrebuj\u00fa toti\u017eto len 1cm rovnej plochy po celom obvode na svoje uchytenie.","robots":{"index":"index","follow":"follow","max-snippet":"max-snippet:-1","max-image-preview":"max-image-preview:large","max-video-preview":"max-video-preview:-1"},"canonical":"https:\/\/www.zaluziemm.sk\/index.php\/siete-proti-hmyzu-na-dvere-s-vlastnym-ramom\/","og_locale":"sk_SK","og_type":"article","og_title":"P\u00c1NTOV\u00c9 SIETE PROTI HMYZU NA DVERE","og_description":"Dvere na balk\u00f3n, terasu alebo z\u00e1hradu je v\u017edy dobr\u00e9 doplni\u0165 o siete proti hmyzu na dvere. Hlavne po\u010das leta, si m\u00f4\u017eete vychutna\u0165 \u010derstv\u00fd vzduch ko\u013eko len chcete bez otravn\u00e9ho hmyzu. Jednoduch\u00fd syst\u00e9m na p\u00e1nty a uzatv\u00e1ranie pomocou magnetov.","og_url":"https:\/\/www.zaluziemm.sk\/index.php\/siete-proti-hmyzu-na-dvere-s-vlastnym-ramom\/","og_site_name":"\u017dAL\u00daZIE MM | ROLETY \u2022 SIETE \u2022 PERGOLY","article_modified_time":"2025-05-22T13:48:50+00:00","og_image":[{"width":1100,"height":538,"url":"https:\/\/www.zaluziemm.sk\/wp-content\/uploads\/2025\/05\/siete_proti_hmyzu_na_dvere_plisse_zalziemv_.jpg","type":"image\/jpeg"}],"twitter_card":"summary_large_image","twitter_misc":{"Predpokladan\u00fd \u010das \u010d\u00edtania":"2 min\u00faty"},"schema":{"@context":"https:\/\/schema.org","@graph":[{"@type":"WebPage","@id":"https:\/\/www.zaluziemm.sk\/index.php\/siete-proti-hmyzu-na-dvere-s-vlastnym-ramom\/","url":"https:\/\/www.zaluziemm.sk\/index.php\/siete-proti-hmyzu-na-dvere-s-vlastnym-ramom\/","name":"SIETE PROTI HMYZU NA DVERE S VLASTN\u00ddM R\u00c1MOM - \u017dAL\u00daZIE MM | ROLETY \u2022 SIETE \u2022 PERGOLY","isPartOf":{"@id":"https:\/\/www.zaluziemm.sk\/#website"},"primaryImageOfPage":{"@id":"https:\/\/www.zaluziemm.sk\/index.php\/siete-proti-hmyzu-na-dvere-s-vlastnym-ramom\/#primaryimage"},"image":{"@id":"https:\/\/www.zaluziemm.sk\/index.php\/siete-proti-hmyzu-na-dvere-s-vlastnym-ramom\/#primaryimage"},"thumbnailUrl":"https:\/\/www.zaluziemm.sk\/wp-content\/uploads\/2025\/05\/siete_proti_hmyzu_na_dvere_s_vlastnym_ramom_zaluziemv_1.jpg","datePublished":"2025-05-22T13:45:21+00:00","dateModified":"2025-05-22T13:48:50+00:00","description":"Otv\u00e1rav\u00e9 siete proti hmyzu s vlastn\u00fdm r\u00e1mom funguj\u00fa na p\u00e1nty. Maj\u00fa vlastn\u00fd samonostn\u00fd r\u00e1m, ktor\u00fd je mo\u017en\u00e9 iba nalepi\u0165. S\u00fa teda vhodn\u00e9 v pr\u00edpadoch, ke\u010f nechcete v\u0155ta\u0165 do r\u00e1mu Va\u0161ich okien. Pr\u00edpadne, pokia\u013e m\u00e1te \u201eutopen\u00e9\u201c okn\u00e1 po zatep\u013eovan\u00ed a neostal V\u00e1m dostatok miesta na p\u00e1nty, je to vhodnej\u0161ie rie\u0161enie. Potrebuj\u00fa toti\u017eto len 1cm rovnej plochy po celom obvode na svoje uchytenie.","breadcrumb":{"@id":"https:\/\/www.zaluziemm.sk\/index.php\/siete-proti-hmyzu-na-dvere-s-vlastnym-ramom\/#breadcrumb"},"inLanguage":"sk-SK","potentialAction":[{"@type":"ReadAction","target":["https:\/\/www.zaluziemm.sk\/index.php\/siete-proti-hmyzu-na-dvere-s-vlastnym-ramom\/"]}]},{"@type":"ImageObject","inLanguage":"sk-SK","@id":"https:\/\/www.zaluziemm.sk\/index.php\/siete-proti-hmyzu-na-dvere-s-vlastnym-ramom\/#primaryimage","url":"https:\/\/www.zaluziemm.sk\/wp-content\/uploads\/2025\/05\/siete_proti_hmyzu_na_dvere_s_vlastnym_ramom_zaluziemv_1.jpg","contentUrl":"https:\/\/www.zaluziemm.sk\/wp-content\/uploads\/2025\/05\/siete_proti_hmyzu_na_dvere_s_vlastnym_ramom_zaluziemv_1.jpg","width":857,"height":1600},{"@type":"BreadcrumbList","@id":"https:\/\/www.zaluziemm.sk\/index.php\/siete-proti-hmyzu-na-dvere-s-vlastnym-ramom\/#breadcrumb","itemListElement":[{"@type":"ListItem","position":1,"name":"Domovsk\u00e1 str\u00e1nka","item":"https:\/\/www.zaluziemm.sk\/"},{"@type":"ListItem","position":2,"name":"SIETE PROTI HMYZU NA DVERE S VLASTN\u00ddM R\u00c1MOM"}]},{"@type":"WebSite","@id":"https:\/\/www.zaluziemm.sk\/#website","url":"https:\/\/www.zaluziemm.sk\/","name":"\u017dAL\u00daZIE MM | ROLETY \u2022 SIETE \u2022 PERGOLY","description":"Kvalita, prec\u00edznos\u0165 a osobn\u00fd pr\u00edstup \u2013 \u017daluzie MM.","potentialAction":[{"@type":"SearchAction","target":{"@type":"EntryPoint","urlTemplate":"https:\/\/www.zaluziemm.sk\/?s={search_term_string}"},"query-input":{"@type":"PropertyValueSpecification","valueRequired":true,"valueName":"search_term_string"}}],"inLanguage":"sk-SK"}]}},"_links":{"self":[{"href":"https:\/\/www.zaluziemm.sk\/index.php\/wp-json\/wp\/v2\/pages\/2938","targetHints":{"allow":["GET"]}}],"collection":[{"href":"https:\/\/www.zaluziemm.sk\/index.php\/wp-json\/wp\/v2\/pages"}],"about":[{"href":"https:\/\/www.zaluziemm.sk\/index.php\/wp-json\/wp\/v2\/types\/page"}],"author":[{"embeddable":true,"href":"https:\/\/www.zaluziemm.sk\/index.php\/wp-json\/wp\/v2\/users\/1"}],"replies":[{"embeddable":true,"href":"https:\/\/www.zaluziemm.sk\/index.php\/wp-json\/wp\/v2\/comments?post=2938"}],"version-history":[{"count":2,"href":"https:\/\/www.zaluziemm.sk\/index.php\/wp-json\/wp\/v2\/pages\/2938\/revisions"}],"predecessor-version":[{"id":2944,"href":"https:\/\/www.zaluziemm.sk\/index.php\/wp-json\/wp\/v2\/pages\/2938\/revisions\/2944"}],"wp:featuredmedia":[{"embeddable":true,"href":"https:\/\/www.zaluziemm.sk\/index.php\/wp-json\/wp\/v2\/media\/2939"}],"wp:attachment":[{"href":"https:\/\/www.zaluziemm.sk\/index.php\/wp-json\/wp\/v2\/media?parent=2938"}],"curies":[{"name":"wp","href":"https:\/\/api.w.org\/{rel}","templated":true}]}}