{"id":2954,"date":"2025-05-22T16:06:07","date_gmt":"2025-05-22T14:06:07","guid":{"rendered":"https:\/\/www.zaluziemm.sk\/?page_id=2954"},"modified":"2025-05-22T16:07:11","modified_gmt":"2025-05-22T14:07:11","slug":"vnutorne-zaluzie","status":"publish","type":"page","link":"https:\/\/www.zaluziemm.sk\/index.php\/vnutorne-zaluzie\/","title":{"rendered":"VN\u00daTORN\u00c9 \u017dAL\u00daZIE"},"content":{"rendered":"<div id=\"pl-2954\"  class=\"panel-layout\" ><div id=\"pg-2954-0\"  class=\"panel-grid panel-no-style\" ><div id=\"pgc-2954-0-0\"  class=\"panel-grid-cell\" ><div id=\"panel-2954-0-0-0\" class=\"so-panel widget widget_black-studio-tinymce widget_black_studio_tinymce panel-first-child panel-last-child\" data-index=\"0\" ><h3 class=\"widget-title\">VN\u00daTORN\u00c9 \u017dAL\u00daZIE<\/h3><div class=\"textwidget\"><div class=\"wpb_text_column wpb_content_element vc_custom_1644485967327\">\n<div class=\"wpb_wrapper\">\n<div class=\"wpb_text_column wpb_content_element vc_custom_1644487915889\">\n<div class=\"wpb_wrapper\">\n<div class=\"wpb_text_column wpb_content_element vc_custom_1646230313548\">\n<div class=\"wpb_wrapper\">\n<div class=\"wpb_text_column wpb_content_element vc_custom_1644495360994\">\n<div class=\"wpb_wrapper\">\n<div class=\"wpb_text_column wpb_content_element  vc_custom_1644435169750\">\n<div class=\"wpb_wrapper\">\n<div class=\"wpb_text_column wpb_content_element  vc_custom_1644435169750\">\n<div class=\"wpb_wrapper\">\n<p>Overen\u00e1 klasika a\u00a0<strong>v\u00fdbava ka\u017ed\u00e9ho okna<\/strong>, ktor\u00fa si ve\u013emi netreba predstavova\u0165 \u2013\u00a0<strong>vn\u00fatorn\u00e9 horizont\u00e1lne \u017eal\u00fazie<\/strong>.\u00a0<strong>Najlacnej\u0161\u00ed sp\u00f4sob<\/strong>\u00a0ako docieli\u0165 zatienenie V\u00e1\u0161ho interi\u00e9ru. \u017dal\u00fazie sa skladaj\u00fa z horn\u00e9ho profilu a jednotliv\u00fdch lamiel, ktor\u00e9 zabezpe\u010duj\u00fa\u00a0<strong>regul\u00e1ciu prenikaj\u00faceho svetla<\/strong>.<\/div>\n<\/div>\n<div class=\"wpb_text_column wpb_content_element  vc_custom_1644435343781\">\n<div class=\"wpb_wrapper\">\n<p>Ak v\u0161ak m\u00e1te z\u00e1ujem o \u010do<strong>\u00a0najv\u00e4\u010d\u0161ie zatienenie<\/strong>, odpor\u00fa\u010dame V\u00e1m\u00a0<strong>sk\u00f4r rolety<\/strong>, ktor\u00e9 maj\u00fa v\u00e4\u010d\u0161ie percento tienivosti a teda aj\u00a0<strong>men\u0161iu priepustnos\u0165 svetla.<\/strong>\u00a0V na\u0161ej ponuke vn\u00fatorn\u00fdch \u017eal\u00fazi\u00ed n\u00e1jdete\u00a0<strong>\u0161irok\u00fa paletu farie<\/strong>b lamiel od klasickej bielej, cez moment\u00e1lne trendov\u00fa antracitov\u00fa a\u017e po\u00a0<strong>designov\u00e9 drevoimita\u010dn\u00e9 farby<\/strong>. Horn\u00fd nosn\u00edk je rovnako vo viacer\u00fdch farb\u00e1ch a tie\u017e m\u00f4\u017ee by\u0165 v drevoimit\u00e1ci\u00ed.\u00a0<strong>V ponuke s\u00fa 2 tvary<\/strong>\u00a0t\u00fdchto nosn\u00edkov a to\u00a0<strong>ploch\u00fd a obl\u00fd.<\/strong><\/div>\n<\/div>\n<div class=\"wpb_text_column wpb_content_element  vc_custom_1644435412258\">\n<div class=\"wpb_wrapper\">\n<p>\u017dal\u00fazie\u00a0sa montuj\u00fa\u00a0<strong>priamo na okno<\/strong>\u00a0pomocou skrutiek, ktor\u00e9 sa v\u0155taj\u00fa do\u00a0<strong>zasklievac\u00edch l\u00ed\u0161t<\/strong>\u00a0(ak je t\u00e1to mo\u017enos\u0165).\u00a0<strong>Ovl\u00e1daj\u00fa<\/strong>\u00a0sa pomocou\u00a0<strong>retiazky<\/strong>, ktor\u00e1 sl\u00fa\u017ei ako na prekl\u00e1panie lamiel, tak aj na ich vy\u0165ahovanie \u2013 tzv.\u00a0<strong>monokomandick\u00e9 ovl\u00e1danie<\/strong>. Farebn\u00e9 zladenie plastov\u00fdch komponentov, textbandov a retiazky vieme farebne zladi\u0165 ku zvy\u0161ku \u017eal\u00fazi\u00ed pod\u013ea \u017eelanie z n\u00e1\u0161ho farebn\u00e9ho v\u00fdberu.<\/div>\n<\/div>\n<\/div>\n<\/div>\n<\/div>\n<\/div>\n<\/div>\n<\/div>\n<\/div>\n<\/div>\n<\/div>\n<\/div>\n<\/div><\/div><\/div><div id=\"pgc-2954-0-1\"  class=\"panel-grid-cell\" ><div id=\"panel-2954-0-1-0\" class=\"so-panel widget widget_media_image panel-first-child panel-last-child\" data-index=\"1\" ><img loading=\"lazy\" decoding=\"async\" width=\"2560\" height=\"1703\" src=\"https:\/\/www.zaluziemm.sk\/wp-content\/uploads\/2025\/05\/interierove_tienenie_vnutorne_zaluzie_zaluziemm_presov.jpg\" class=\"image wp-image-2955  attachment-full size-full\" alt=\"\" style=\"max-width: 100%; height: auto;\" srcset=\"https:\/\/www.zaluziemm.sk\/wp-content\/uploads\/2025\/05\/interierove_tienenie_vnutorne_zaluzie_zaluziemm_presov.jpg 2560w, https:\/\/www.zaluziemm.sk\/wp-content\/uploads\/2025\/05\/interierove_tienenie_vnutorne_zaluzie_zaluziemm_presov-300x200.jpg 300w, https:\/\/www.zaluziemm.sk\/wp-content\/uploads\/2025\/05\/interierove_tienenie_vnutorne_zaluzie_zaluziemm_presov-1024x681.jpg 1024w, https:\/\/www.zaluziemm.sk\/wp-content\/uploads\/2025\/05\/interierove_tienenie_vnutorne_zaluzie_zaluziemm_presov-768x511.jpg 768w, https:\/\/www.zaluziemm.sk\/wp-content\/uploads\/2025\/05\/interierove_tienenie_vnutorne_zaluzie_zaluziemm_presov-1536x1022.jpg 1536w, https:\/\/www.zaluziemm.sk\/wp-content\/uploads\/2025\/05\/interierove_tienenie_vnutorne_zaluzie_zaluziemm_presov-2048x1362.jpg 2048w, https:\/\/www.zaluziemm.sk\/wp-content\/uploads\/2025\/05\/interierove_tienenie_vnutorne_zaluzie_zaluziemm_presov-555x369.jpg 555w, https:\/\/www.zaluziemm.sk\/wp-content\/uploads\/2025\/05\/interierove_tienenie_vnutorne_zaluzie_zaluziemm_presov-600x399.jpg 600w\" sizes=\"auto, (max-width: 2560px) 100vw, 2560px\" \/><\/div><\/div><\/div><\/div>","protected":false},"excerpt":{"rendered":"<p>We can execute complex kitchen remodelling projects that suit your personal style and preferences. We can assist you in making minor kitchen updates or performing entire kitchen remodelling.<\/p>\n","protected":false},"author":1,"featured_media":2955,"parent":0,"menu_order":0,"comment_status":"closed","ping_status":"open","template":"","meta":{"_acf_changed":false,"inline_featured_image":false,"footnotes":""},"class_list":["post-2954","page","type-page","status-publish","has-post-thumbnail","hentry"],"acf":[],"yoast_head":"<!-- This site is optimized with the Yoast SEO plugin v27.0 - https:\/\/yoast.com\/product\/yoast-seo-wordpress\/ -->\n<title>VN\u00daTORN\u00c9 \u017dAL\u00daZIE - \u017dAL\u00daZIE MM | ROLETY \u2022 SIETE \u2022 PERGOLY<\/title>\n<meta name=\"description\" content=\"Overen\u00e1 klasika a v\u00fdbava ka\u017ed\u00e9ho okna, ktor\u00fa si ve\u013emi netreba predstavova\u0165 \u2013 vn\u00fatorn\u00e9 horizont\u00e1lne \u017eal\u00fazie. Najlacnej\u0161\u00ed sp\u00f4sob ako docieli\u0165 zatienenie V\u00e1\u0161ho interi\u00e9ru. \u017dal\u00fazie sa skladaj\u00fa z horn\u00e9ho profilu a jednotliv\u00fdch lamiel, ktor\u00e9 zabezpe\u010duj\u00fa regul\u00e1ciu prenikaj\u00faceho svetla.\" \/>\n<meta name=\"robots\" content=\"index, follow, max-snippet:-1, max-image-preview:large, max-video-preview:-1\" \/>\n<link rel=\"canonical\" href=\"https:\/\/www.zaluziemm.sk\/index.php\/vnutorne-zaluzie\/\" \/>\n<meta property=\"og:locale\" content=\"sk_SK\" \/>\n<meta property=\"og:type\" content=\"article\" \/>\n<meta property=\"og:title\" content=\"P\u00c1NTOV\u00c9 SIETE PROTI HMYZU NA DVERE\" \/>\n<meta property=\"og:description\" content=\"Dvere na balk\u00f3n, terasu alebo z\u00e1hradu je v\u017edy dobr\u00e9 doplni\u0165 o siete proti hmyzu na dvere. Hlavne po\u010das leta, si m\u00f4\u017eete vychutna\u0165 \u010derstv\u00fd vzduch ko\u013eko len chcete bez otravn\u00e9ho hmyzu. Jednoduch\u00fd syst\u00e9m na p\u00e1nty a uzatv\u00e1ranie pomocou magnetov.\" \/>\n<meta property=\"og:url\" content=\"https:\/\/www.zaluziemm.sk\/index.php\/vnutorne-zaluzie\/\" \/>\n<meta property=\"og:site_name\" content=\"\u017dAL\u00daZIE MM | ROLETY \u2022 SIETE \u2022 PERGOLY\" \/>\n<meta property=\"article:modified_time\" content=\"2025-05-22T14:07:11+00:00\" \/>\n<meta property=\"og:image\" content=\"https:\/\/www.zaluziemm.sk\/wp-content\/uploads\/2025\/05\/siete_proti_hmyzu_na_dvere_plisse_zalziemv_.jpg\" \/>\n\t<meta property=\"og:image:width\" content=\"1100\" \/>\n\t<meta property=\"og:image:height\" content=\"538\" \/>\n\t<meta property=\"og:image:type\" content=\"image\/jpeg\" \/>\n<meta name=\"twitter:card\" content=\"summary_large_image\" \/>\n<meta name=\"twitter:label1\" content=\"Predpokladan\u00fd \u010das \u010d\u00edtania\" \/>\n\t<meta name=\"twitter:data1\" content=\"2 min\u00faty\" \/>\n<script type=\"application\/ld+json\" class=\"yoast-schema-graph\">{\"@context\":\"https:\/\/schema.org\",\"@graph\":[{\"@type\":\"WebPage\",\"@id\":\"https:\/\/www.zaluziemm.sk\/index.php\/vnutorne-zaluzie\/\",\"url\":\"https:\/\/www.zaluziemm.sk\/index.php\/vnutorne-zaluzie\/\",\"name\":\"VN\u00daTORN\u00c9 \u017dAL\u00daZIE - \u017dAL\u00daZIE MM | ROLETY \u2022 SIETE \u2022 PERGOLY\",\"isPartOf\":{\"@id\":\"https:\/\/www.zaluziemm.sk\/#website\"},\"primaryImageOfPage\":{\"@id\":\"https:\/\/www.zaluziemm.sk\/index.php\/vnutorne-zaluzie\/#primaryimage\"},\"image\":{\"@id\":\"https:\/\/www.zaluziemm.sk\/index.php\/vnutorne-zaluzie\/#primaryimage\"},\"thumbnailUrl\":\"https:\/\/www.zaluziemm.sk\/wp-content\/uploads\/2025\/05\/interierove_tienenie_vnutorne_zaluzie_zaluziemm_presov.jpg\",\"datePublished\":\"2025-05-22T14:06:07+00:00\",\"dateModified\":\"2025-05-22T14:07:11+00:00\",\"description\":\"Overen\u00e1 klasika a v\u00fdbava ka\u017ed\u00e9ho okna, ktor\u00fa si ve\u013emi netreba predstavova\u0165 \u2013 vn\u00fatorn\u00e9 horizont\u00e1lne \u017eal\u00fazie. Najlacnej\u0161\u00ed sp\u00f4sob ako docieli\u0165 zatienenie V\u00e1\u0161ho interi\u00e9ru. \u017dal\u00fazie sa skladaj\u00fa z horn\u00e9ho profilu a jednotliv\u00fdch lamiel, ktor\u00e9 zabezpe\u010duj\u00fa regul\u00e1ciu prenikaj\u00faceho svetla.\",\"breadcrumb\":{\"@id\":\"https:\/\/www.zaluziemm.sk\/index.php\/vnutorne-zaluzie\/#breadcrumb\"},\"inLanguage\":\"sk-SK\",\"potentialAction\":[{\"@type\":\"ReadAction\",\"target\":[\"https:\/\/www.zaluziemm.sk\/index.php\/vnutorne-zaluzie\/\"]}]},{\"@type\":\"ImageObject\",\"inLanguage\":\"sk-SK\",\"@id\":\"https:\/\/www.zaluziemm.sk\/index.php\/vnutorne-zaluzie\/#primaryimage\",\"url\":\"https:\/\/www.zaluziemm.sk\/wp-content\/uploads\/2025\/05\/interierove_tienenie_vnutorne_zaluzie_zaluziemm_presov.jpg\",\"contentUrl\":\"https:\/\/www.zaluziemm.sk\/wp-content\/uploads\/2025\/05\/interierove_tienenie_vnutorne_zaluzie_zaluziemm_presov.jpg\",\"width\":2560,\"height\":1703},{\"@type\":\"BreadcrumbList\",\"@id\":\"https:\/\/www.zaluziemm.sk\/index.php\/vnutorne-zaluzie\/#breadcrumb\",\"itemListElement\":[{\"@type\":\"ListItem\",\"position\":1,\"name\":\"Domovsk\u00e1 str\u00e1nka\",\"item\":\"https:\/\/www.zaluziemm.sk\/\"},{\"@type\":\"ListItem\",\"position\":2,\"name\":\"VN\u00daTORN\u00c9 \u017dAL\u00daZIE\"}]},{\"@type\":\"WebSite\",\"@id\":\"https:\/\/www.zaluziemm.sk\/#website\",\"url\":\"https:\/\/www.zaluziemm.sk\/\",\"name\":\"\u017dAL\u00daZIE MM | ROLETY \u2022 SIETE \u2022 PERGOLY\",\"description\":\"Kvalita, prec\u00edznos\u0165 a osobn\u00fd pr\u00edstup \u2013 \u017daluzie MM.\",\"potentialAction\":[{\"@type\":\"SearchAction\",\"target\":{\"@type\":\"EntryPoint\",\"urlTemplate\":\"https:\/\/www.zaluziemm.sk\/?s={search_term_string}\"},\"query-input\":{\"@type\":\"PropertyValueSpecification\",\"valueRequired\":true,\"valueName\":\"search_term_string\"}}],\"inLanguage\":\"sk-SK\"}]}<\/script>\n<!-- \/ Yoast SEO plugin. -->","yoast_head_json":{"title":"VN\u00daTORN\u00c9 \u017dAL\u00daZIE - \u017dAL\u00daZIE MM | ROLETY \u2022 SIETE \u2022 PERGOLY","description":"Overen\u00e1 klasika a v\u00fdbava ka\u017ed\u00e9ho okna, ktor\u00fa si ve\u013emi netreba predstavova\u0165 \u2013 vn\u00fatorn\u00e9 horizont\u00e1lne \u017eal\u00fazie. Najlacnej\u0161\u00ed sp\u00f4sob ako docieli\u0165 zatienenie V\u00e1\u0161ho interi\u00e9ru. \u017dal\u00fazie sa skladaj\u00fa z horn\u00e9ho profilu a jednotliv\u00fdch lamiel, ktor\u00e9 zabezpe\u010duj\u00fa regul\u00e1ciu prenikaj\u00faceho svetla.","robots":{"index":"index","follow":"follow","max-snippet":"max-snippet:-1","max-image-preview":"max-image-preview:large","max-video-preview":"max-video-preview:-1"},"canonical":"https:\/\/www.zaluziemm.sk\/index.php\/vnutorne-zaluzie\/","og_locale":"sk_SK","og_type":"article","og_title":"P\u00c1NTOV\u00c9 SIETE PROTI HMYZU NA DVERE","og_description":"Dvere na balk\u00f3n, terasu alebo z\u00e1hradu je v\u017edy dobr\u00e9 doplni\u0165 o siete proti hmyzu na dvere. Hlavne po\u010das leta, si m\u00f4\u017eete vychutna\u0165 \u010derstv\u00fd vzduch ko\u013eko len chcete bez otravn\u00e9ho hmyzu. Jednoduch\u00fd syst\u00e9m na p\u00e1nty a uzatv\u00e1ranie pomocou magnetov.","og_url":"https:\/\/www.zaluziemm.sk\/index.php\/vnutorne-zaluzie\/","og_site_name":"\u017dAL\u00daZIE MM | ROLETY \u2022 SIETE \u2022 PERGOLY","article_modified_time":"2025-05-22T14:07:11+00:00","og_image":[{"width":1100,"height":538,"url":"https:\/\/www.zaluziemm.sk\/wp-content\/uploads\/2025\/05\/siete_proti_hmyzu_na_dvere_plisse_zalziemv_.jpg","type":"image\/jpeg"}],"twitter_card":"summary_large_image","twitter_misc":{"Predpokladan\u00fd \u010das \u010d\u00edtania":"2 min\u00faty"},"schema":{"@context":"https:\/\/schema.org","@graph":[{"@type":"WebPage","@id":"https:\/\/www.zaluziemm.sk\/index.php\/vnutorne-zaluzie\/","url":"https:\/\/www.zaluziemm.sk\/index.php\/vnutorne-zaluzie\/","name":"VN\u00daTORN\u00c9 \u017dAL\u00daZIE - \u017dAL\u00daZIE MM | ROLETY \u2022 SIETE \u2022 PERGOLY","isPartOf":{"@id":"https:\/\/www.zaluziemm.sk\/#website"},"primaryImageOfPage":{"@id":"https:\/\/www.zaluziemm.sk\/index.php\/vnutorne-zaluzie\/#primaryimage"},"image":{"@id":"https:\/\/www.zaluziemm.sk\/index.php\/vnutorne-zaluzie\/#primaryimage"},"thumbnailUrl":"https:\/\/www.zaluziemm.sk\/wp-content\/uploads\/2025\/05\/interierove_tienenie_vnutorne_zaluzie_zaluziemm_presov.jpg","datePublished":"2025-05-22T14:06:07+00:00","dateModified":"2025-05-22T14:07:11+00:00","description":"Overen\u00e1 klasika a v\u00fdbava ka\u017ed\u00e9ho okna, ktor\u00fa si ve\u013emi netreba predstavova\u0165 \u2013 vn\u00fatorn\u00e9 horizont\u00e1lne \u017eal\u00fazie. Najlacnej\u0161\u00ed sp\u00f4sob ako docieli\u0165 zatienenie V\u00e1\u0161ho interi\u00e9ru. \u017dal\u00fazie sa skladaj\u00fa z horn\u00e9ho profilu a jednotliv\u00fdch lamiel, ktor\u00e9 zabezpe\u010duj\u00fa regul\u00e1ciu prenikaj\u00faceho svetla.","breadcrumb":{"@id":"https:\/\/www.zaluziemm.sk\/index.php\/vnutorne-zaluzie\/#breadcrumb"},"inLanguage":"sk-SK","potentialAction":[{"@type":"ReadAction","target":["https:\/\/www.zaluziemm.sk\/index.php\/vnutorne-zaluzie\/"]}]},{"@type":"ImageObject","inLanguage":"sk-SK","@id":"https:\/\/www.zaluziemm.sk\/index.php\/vnutorne-zaluzie\/#primaryimage","url":"https:\/\/www.zaluziemm.sk\/wp-content\/uploads\/2025\/05\/interierove_tienenie_vnutorne_zaluzie_zaluziemm_presov.jpg","contentUrl":"https:\/\/www.zaluziemm.sk\/wp-content\/uploads\/2025\/05\/interierove_tienenie_vnutorne_zaluzie_zaluziemm_presov.jpg","width":2560,"height":1703},{"@type":"BreadcrumbList","@id":"https:\/\/www.zaluziemm.sk\/index.php\/vnutorne-zaluzie\/#breadcrumb","itemListElement":[{"@type":"ListItem","position":1,"name":"Domovsk\u00e1 str\u00e1nka","item":"https:\/\/www.zaluziemm.sk\/"},{"@type":"ListItem","position":2,"name":"VN\u00daTORN\u00c9 \u017dAL\u00daZIE"}]},{"@type":"WebSite","@id":"https:\/\/www.zaluziemm.sk\/#website","url":"https:\/\/www.zaluziemm.sk\/","name":"\u017dAL\u00daZIE MM | ROLETY \u2022 SIETE \u2022 PERGOLY","description":"Kvalita, prec\u00edznos\u0165 a osobn\u00fd pr\u00edstup \u2013 \u017daluzie MM.","potentialAction":[{"@type":"SearchAction","target":{"@type":"EntryPoint","urlTemplate":"https:\/\/www.zaluziemm.sk\/?s={search_term_string}"},"query-input":{"@type":"PropertyValueSpecification","valueRequired":true,"valueName":"search_term_string"}}],"inLanguage":"sk-SK"}]}},"_links":{"self":[{"href":"https:\/\/www.zaluziemm.sk\/index.php\/wp-json\/wp\/v2\/pages\/2954","targetHints":{"allow":["GET"]}}],"collection":[{"href":"https:\/\/www.zaluziemm.sk\/index.php\/wp-json\/wp\/v2\/pages"}],"about":[{"href":"https:\/\/www.zaluziemm.sk\/index.php\/wp-json\/wp\/v2\/types\/page"}],"author":[{"embeddable":true,"href":"https:\/\/www.zaluziemm.sk\/index.php\/wp-json\/wp\/v2\/users\/1"}],"replies":[{"embeddable":true,"href":"https:\/\/www.zaluziemm.sk\/index.php\/wp-json\/wp\/v2\/comments?post=2954"}],"version-history":[{"count":2,"href":"https:\/\/www.zaluziemm.sk\/index.php\/wp-json\/wp\/v2\/pages\/2954\/revisions"}],"predecessor-version":[{"id":2958,"href":"https:\/\/www.zaluziemm.sk\/index.php\/wp-json\/wp\/v2\/pages\/2954\/revisions\/2958"}],"wp:featuredmedia":[{"embeddable":true,"href":"https:\/\/www.zaluziemm.sk\/index.php\/wp-json\/wp\/v2\/media\/2955"}],"wp:attachment":[{"href":"https:\/\/www.zaluziemm.sk\/index.php\/wp-json\/wp\/v2\/media?parent=2954"}],"curies":[{"name":"wp","href":"https:\/\/api.w.org\/{rel}","templated":true}]}}