{"id":2959,"date":"2025-05-22T16:12:58","date_gmt":"2025-05-22T14:12:58","guid":{"rendered":"https:\/\/www.zaluziemm.sk\/?page_id=2959"},"modified":"2025-05-22T16:12:58","modified_gmt":"2025-05-22T14:12:58","slug":"vnutorne-rolety","status":"publish","type":"page","link":"https:\/\/www.zaluziemm.sk\/index.php\/vnutorne-rolety\/","title":{"rendered":"VN\u00daTORN\u00c9 ROLETY"},"content":{"rendered":"<div id=\"pl-2959\"  class=\"panel-layout\" ><div id=\"pg-2959-0\"  class=\"panel-grid panel-no-style\" ><div id=\"pgc-2959-0-0\"  class=\"panel-grid-cell\" ><div id=\"panel-2959-0-0-0\" class=\"so-panel widget widget_black-studio-tinymce widget_black_studio_tinymce panel-first-child panel-last-child\" data-index=\"0\" ><h3 class=\"widget-title\">VN\u00daTORN\u00c9 ROLETY<\/h3><div class=\"textwidget\"><div class=\"wpb_text_column wpb_content_element vc_custom_1644485967327\">\n<div class=\"wpb_wrapper\">\n<div class=\"wpb_text_column wpb_content_element vc_custom_1644487915889\">\n<div class=\"wpb_wrapper\">\n<div class=\"wpb_text_column wpb_content_element vc_custom_1646230313548\">\n<div class=\"wpb_wrapper\">\n<div class=\"wpb_text_column wpb_content_element vc_custom_1644495360994\">\n<div class=\"wpb_wrapper\">\n<div class=\"wpb_text_column wpb_content_element vc_custom_1644435169750\">\n<div class=\"wpb_wrapper\">\n<div class=\"wpb_text_column wpb_content_element vc_custom_1644435169750\">\n<div class=\"wpb_wrapper\">\n<div class=\"wpb_text_column wpb_content_element  vc_custom_1644435771897\">\n<div class=\"wpb_wrapper\">\n<p>V s\u00fa\u010dasnosti\u00a0<strong>najpreferovanej\u0161\u00ed sp\u00f4sob<\/strong>\u00a0interi\u00e9rovej tieniacej techniky. Je to aj v\u010faka<strong>\u00a0\u0161irokej palete l\u00e1tok<\/strong>, z ktor\u00fdch si ur\u010dite dok\u00e1\u017eete vybra\u0165 a prisp\u00f4sobi\u0165 tak celkov\u00fd v<strong>zh\u013ead\u00a0rolety\u00a0k interi\u00e9ru<\/strong>. Neplat\u00ed u\u017e pravidlo, \u017ee roletami nedok\u00e1\u017eete regulova\u0165 priepustnos\u0165 svetla. Pr\u00e1ve\u00a0<strong>v\u010faka l\u00e1tkam de\u0148 a noc,<\/strong>\u00a0m\u00e1te mo\u017enos\u0165 rozhodn\u00fa\u0165 o tom,\u00a0<strong>ko\u013eko svetla vpust\u00edte<\/strong>\u00a0cez okno\u00a0<strong>dnu<\/strong>. T\u00e1to l\u00e1tka m\u00e1\u00a0<strong>striedav\u00e9 pruhy<\/strong>\u00a0v dvojitom n\u00e1vine p\u00edsmena U, kedy sa\u00a0<strong>jednotliv\u00e9 p\u00e1sy prekr\u00fdvaj\u00fa<\/strong>\u00a0a m\u00f4\u017eete si tak roletu\u00a0<strong>\u00faplne zatvori\u0165, alebo pootvori\u0165.<\/strong><\/div>\n<\/div>\n<div class=\"wpb_text_column wpb_content_element  vc_custom_1644435847320\">\n<div class=\"wpb_wrapper\">\n<p>V na\u0161ej ponuke n\u00e1jdete nieko\u013eko\u00a0<strong>r\u00f4znych typov vn\u00fatorn\u00fdch roliet.<\/strong>\u00a0Je mo\u017en\u00e9\u00a0<strong>montova\u0165<\/strong>\u00a0ich na\u00a0<strong>stenu, strop ale aj priamo na okno<\/strong>. Pr\u00e1ve\u00a0<strong>rolety<\/strong>\u00a0v kazete s bo\u010dn\u00fdmi vymedzuj\u00facimi li\u0161tami, ktor\u00e9 sa montuj\u00fa priamo na okno (podobne ako \u017eal\u00fazie), V\u00e1m\u00a0<strong>dok\u00e1\u017eu poskytn\u00fa\u0165 najlep\u0161ie zatienenie.\u00a0<\/strong>\u00a0V na\u0161om sortimente m\u00e1me\u00a0<strong>mno\u017estvo r\u00f4znych odtie\u0148ov<\/strong>\u00a0a dekorov l\u00e1tok. Rovnako m\u00e1me \u00faplne zatem\u0148uj\u00face l\u00e1tky blackou, alebo aj thermo l\u00e1tky, ktor\u00e9 s\u00fa z vonkaj\u0161ej strany potiahnut\u00e9 odr\u00e1\u017eavou vrstvou,\u00a0<strong>pre lep\u0161\u00ed termoregula\u010dn\u00fd efekt<\/strong>.\u00a0<strong>Najv\u00e4\u010d\u0161ej ob\u013eub<\/strong>e sa v\u0161ak te\u0161ia\u00a0<strong>l\u00e1tky de\u0148 a noc,<\/strong>\u00a0ktor\u00fdch m\u00e1me nieko\u013eko typov s\u00a0<strong>r\u00f4znou priepustnos\u0165ou svetla<\/strong>.<\/div>\n<\/div>\n<\/div>\n<\/div>\n<\/div>\n<\/div>\n<\/div>\n<\/div>\n<\/div>\n<\/div>\n<\/div>\n<\/div>\n<\/div>\n<\/div>\n<\/div><\/div><\/div><div id=\"pgc-2959-0-1\"  class=\"panel-grid-cell\" ><div id=\"panel-2959-0-1-0\" class=\"so-panel widget widget_media_image panel-first-child panel-last-child\" data-index=\"1\" ><img loading=\"lazy\" decoding=\"async\" width=\"1140\" height=\"760\" src=\"https:\/\/www.zaluziemm.sk\/wp-content\/uploads\/2025\/05\/vnutorne_rolety_zaluzievm.jpg\" class=\"image wp-image-2960  attachment-full size-full\" alt=\"\" style=\"max-width: 100%; height: auto;\" srcset=\"https:\/\/www.zaluziemm.sk\/wp-content\/uploads\/2025\/05\/vnutorne_rolety_zaluzievm.jpg 1140w, https:\/\/www.zaluziemm.sk\/wp-content\/uploads\/2025\/05\/vnutorne_rolety_zaluzievm-300x200.jpg 300w, https:\/\/www.zaluziemm.sk\/wp-content\/uploads\/2025\/05\/vnutorne_rolety_zaluzievm-1024x683.jpg 1024w, https:\/\/www.zaluziemm.sk\/wp-content\/uploads\/2025\/05\/vnutorne_rolety_zaluzievm-768x512.jpg 768w, https:\/\/www.zaluziemm.sk\/wp-content\/uploads\/2025\/05\/vnutorne_rolety_zaluzievm-555x370.jpg 555w, https:\/\/www.zaluziemm.sk\/wp-content\/uploads\/2025\/05\/vnutorne_rolety_zaluzievm-600x400.jpg 600w\" sizes=\"auto, (max-width: 1140px) 100vw, 1140px\" \/><\/div><\/div><\/div><\/div>","protected":false},"excerpt":{"rendered":"<p>We can execute complex kitchen remodelling projects that suit your personal style and preferences. We can assist you in making minor kitchen updates or performing entire kitchen remodelling.<\/p>\n","protected":false},"author":1,"featured_media":2960,"parent":0,"menu_order":0,"comment_status":"closed","ping_status":"open","template":"","meta":{"_acf_changed":false,"inline_featured_image":false,"footnotes":""},"class_list":["post-2959","page","type-page","status-publish","has-post-thumbnail","hentry"],"acf":[],"yoast_head":"<!-- This site is optimized with the Yoast SEO plugin v27.0 - https:\/\/yoast.com\/product\/yoast-seo-wordpress\/ -->\n<title>VN\u00daTORN\u00c9 ROLETY - \u017dAL\u00daZIE MM | ROLETY \u2022 SIETE \u2022 PERGOLY<\/title>\n<meta name=\"description\" content=\"Pr\u00e1ve v\u010faka l\u00e1tkam de\u0148 a noc, m\u00e1te mo\u017enos\u0165 rozhodn\u00fa\u0165 o tom, ko\u013eko svetla vpust\u00edte cez okno dnu. T\u00e1to l\u00e1tka m\u00e1 striedav\u00e9 pruhy v dvojitom n\u00e1vine p\u00edsmena U, kedy sa jednotliv\u00e9 p\u00e1sy prekr\u00fdvaj\u00fa a m\u00f4\u017eete si tak roletu \u00faplne zatvori\u0165, alebo pootvori\u0165.\" \/>\n<meta name=\"robots\" content=\"index, follow, max-snippet:-1, max-image-preview:large, max-video-preview:-1\" \/>\n<link rel=\"canonical\" href=\"https:\/\/www.zaluziemm.sk\/index.php\/vnutorne-rolety\/\" \/>\n<meta property=\"og:locale\" content=\"sk_SK\" \/>\n<meta property=\"og:type\" content=\"article\" \/>\n<meta property=\"og:title\" content=\"P\u00c1NTOV\u00c9 SIETE PROTI HMYZU NA DVERE\" \/>\n<meta property=\"og:description\" content=\"Dvere na balk\u00f3n, terasu alebo z\u00e1hradu je v\u017edy dobr\u00e9 doplni\u0165 o siete proti hmyzu na dvere. Hlavne po\u010das leta, si m\u00f4\u017eete vychutna\u0165 \u010derstv\u00fd vzduch ko\u013eko len chcete bez otravn\u00e9ho hmyzu. Jednoduch\u00fd syst\u00e9m na p\u00e1nty a uzatv\u00e1ranie pomocou magnetov.\" \/>\n<meta property=\"og:url\" content=\"https:\/\/www.zaluziemm.sk\/index.php\/vnutorne-rolety\/\" \/>\n<meta property=\"og:site_name\" content=\"\u017dAL\u00daZIE MM | ROLETY \u2022 SIETE \u2022 PERGOLY\" \/>\n<meta property=\"og:image\" content=\"https:\/\/www.zaluziemm.sk\/wp-content\/uploads\/2025\/05\/siete_proti_hmyzu_na_dvere_plisse_zalziemv_.jpg\" \/>\n\t<meta property=\"og:image:width\" content=\"1100\" \/>\n\t<meta property=\"og:image:height\" content=\"538\" \/>\n\t<meta property=\"og:image:type\" content=\"image\/jpeg\" \/>\n<meta name=\"twitter:card\" content=\"summary_large_image\" \/>\n<meta name=\"twitter:label1\" content=\"Predpokladan\u00fd \u010das \u010d\u00edtania\" \/>\n\t<meta name=\"twitter:data1\" content=\"2 min\u00faty\" \/>\n<script type=\"application\/ld+json\" class=\"yoast-schema-graph\">{\"@context\":\"https:\/\/schema.org\",\"@graph\":[{\"@type\":\"WebPage\",\"@id\":\"https:\/\/www.zaluziemm.sk\/index.php\/vnutorne-rolety\/\",\"url\":\"https:\/\/www.zaluziemm.sk\/index.php\/vnutorne-rolety\/\",\"name\":\"VN\u00daTORN\u00c9 ROLETY - \u017dAL\u00daZIE MM | ROLETY \u2022 SIETE \u2022 PERGOLY\",\"isPartOf\":{\"@id\":\"https:\/\/www.zaluziemm.sk\/#website\"},\"primaryImageOfPage\":{\"@id\":\"https:\/\/www.zaluziemm.sk\/index.php\/vnutorne-rolety\/#primaryimage\"},\"image\":{\"@id\":\"https:\/\/www.zaluziemm.sk\/index.php\/vnutorne-rolety\/#primaryimage\"},\"thumbnailUrl\":\"https:\/\/www.zaluziemm.sk\/wp-content\/uploads\/2025\/05\/vnutorne_rolety_zaluzievm.jpg\",\"datePublished\":\"2025-05-22T14:12:58+00:00\",\"description\":\"Pr\u00e1ve v\u010faka l\u00e1tkam de\u0148 a noc, m\u00e1te mo\u017enos\u0165 rozhodn\u00fa\u0165 o tom, ko\u013eko svetla vpust\u00edte cez okno dnu. T\u00e1to l\u00e1tka m\u00e1 striedav\u00e9 pruhy v dvojitom n\u00e1vine p\u00edsmena U, kedy sa jednotliv\u00e9 p\u00e1sy prekr\u00fdvaj\u00fa a m\u00f4\u017eete si tak roletu \u00faplne zatvori\u0165, alebo pootvori\u0165.\",\"breadcrumb\":{\"@id\":\"https:\/\/www.zaluziemm.sk\/index.php\/vnutorne-rolety\/#breadcrumb\"},\"inLanguage\":\"sk-SK\",\"potentialAction\":[{\"@type\":\"ReadAction\",\"target\":[\"https:\/\/www.zaluziemm.sk\/index.php\/vnutorne-rolety\/\"]}]},{\"@type\":\"ImageObject\",\"inLanguage\":\"sk-SK\",\"@id\":\"https:\/\/www.zaluziemm.sk\/index.php\/vnutorne-rolety\/#primaryimage\",\"url\":\"https:\/\/www.zaluziemm.sk\/wp-content\/uploads\/2025\/05\/vnutorne_rolety_zaluzievm.jpg\",\"contentUrl\":\"https:\/\/www.zaluziemm.sk\/wp-content\/uploads\/2025\/05\/vnutorne_rolety_zaluzievm.jpg\",\"width\":1140,\"height\":760},{\"@type\":\"BreadcrumbList\",\"@id\":\"https:\/\/www.zaluziemm.sk\/index.php\/vnutorne-rolety\/#breadcrumb\",\"itemListElement\":[{\"@type\":\"ListItem\",\"position\":1,\"name\":\"Domovsk\u00e1 str\u00e1nka\",\"item\":\"https:\/\/www.zaluziemm.sk\/\"},{\"@type\":\"ListItem\",\"position\":2,\"name\":\"VN\u00daTORN\u00c9 ROLETY\"}]},{\"@type\":\"WebSite\",\"@id\":\"https:\/\/www.zaluziemm.sk\/#website\",\"url\":\"https:\/\/www.zaluziemm.sk\/\",\"name\":\"\u017dAL\u00daZIE MM | ROLETY \u2022 SIETE \u2022 PERGOLY\",\"description\":\"Kvalita, prec\u00edznos\u0165 a osobn\u00fd pr\u00edstup \u2013 \u017daluzie MM.\",\"potentialAction\":[{\"@type\":\"SearchAction\",\"target\":{\"@type\":\"EntryPoint\",\"urlTemplate\":\"https:\/\/www.zaluziemm.sk\/?s={search_term_string}\"},\"query-input\":{\"@type\":\"PropertyValueSpecification\",\"valueRequired\":true,\"valueName\":\"search_term_string\"}}],\"inLanguage\":\"sk-SK\"}]}<\/script>\n<!-- \/ Yoast SEO plugin. -->","yoast_head_json":{"title":"VN\u00daTORN\u00c9 ROLETY - \u017dAL\u00daZIE MM | ROLETY \u2022 SIETE \u2022 PERGOLY","description":"Pr\u00e1ve v\u010faka l\u00e1tkam de\u0148 a noc, m\u00e1te mo\u017enos\u0165 rozhodn\u00fa\u0165 o tom, ko\u013eko svetla vpust\u00edte cez okno dnu. T\u00e1to l\u00e1tka m\u00e1 striedav\u00e9 pruhy v dvojitom n\u00e1vine p\u00edsmena U, kedy sa jednotliv\u00e9 p\u00e1sy prekr\u00fdvaj\u00fa a m\u00f4\u017eete si tak roletu \u00faplne zatvori\u0165, alebo pootvori\u0165.","robots":{"index":"index","follow":"follow","max-snippet":"max-snippet:-1","max-image-preview":"max-image-preview:large","max-video-preview":"max-video-preview:-1"},"canonical":"https:\/\/www.zaluziemm.sk\/index.php\/vnutorne-rolety\/","og_locale":"sk_SK","og_type":"article","og_title":"P\u00c1NTOV\u00c9 SIETE PROTI HMYZU NA DVERE","og_description":"Dvere na balk\u00f3n, terasu alebo z\u00e1hradu je v\u017edy dobr\u00e9 doplni\u0165 o siete proti hmyzu na dvere. Hlavne po\u010das leta, si m\u00f4\u017eete vychutna\u0165 \u010derstv\u00fd vzduch ko\u013eko len chcete bez otravn\u00e9ho hmyzu. Jednoduch\u00fd syst\u00e9m na p\u00e1nty a uzatv\u00e1ranie pomocou magnetov.","og_url":"https:\/\/www.zaluziemm.sk\/index.php\/vnutorne-rolety\/","og_site_name":"\u017dAL\u00daZIE MM | ROLETY \u2022 SIETE \u2022 PERGOLY","og_image":[{"width":1100,"height":538,"url":"https:\/\/www.zaluziemm.sk\/wp-content\/uploads\/2025\/05\/siete_proti_hmyzu_na_dvere_plisse_zalziemv_.jpg","type":"image\/jpeg"}],"twitter_card":"summary_large_image","twitter_misc":{"Predpokladan\u00fd \u010das \u010d\u00edtania":"2 min\u00faty"},"schema":{"@context":"https:\/\/schema.org","@graph":[{"@type":"WebPage","@id":"https:\/\/www.zaluziemm.sk\/index.php\/vnutorne-rolety\/","url":"https:\/\/www.zaluziemm.sk\/index.php\/vnutorne-rolety\/","name":"VN\u00daTORN\u00c9 ROLETY - \u017dAL\u00daZIE MM | ROLETY \u2022 SIETE \u2022 PERGOLY","isPartOf":{"@id":"https:\/\/www.zaluziemm.sk\/#website"},"primaryImageOfPage":{"@id":"https:\/\/www.zaluziemm.sk\/index.php\/vnutorne-rolety\/#primaryimage"},"image":{"@id":"https:\/\/www.zaluziemm.sk\/index.php\/vnutorne-rolety\/#primaryimage"},"thumbnailUrl":"https:\/\/www.zaluziemm.sk\/wp-content\/uploads\/2025\/05\/vnutorne_rolety_zaluzievm.jpg","datePublished":"2025-05-22T14:12:58+00:00","description":"Pr\u00e1ve v\u010faka l\u00e1tkam de\u0148 a noc, m\u00e1te mo\u017enos\u0165 rozhodn\u00fa\u0165 o tom, ko\u013eko svetla vpust\u00edte cez okno dnu. T\u00e1to l\u00e1tka m\u00e1 striedav\u00e9 pruhy v dvojitom n\u00e1vine p\u00edsmena U, kedy sa jednotliv\u00e9 p\u00e1sy prekr\u00fdvaj\u00fa a m\u00f4\u017eete si tak roletu \u00faplne zatvori\u0165, alebo pootvori\u0165.","breadcrumb":{"@id":"https:\/\/www.zaluziemm.sk\/index.php\/vnutorne-rolety\/#breadcrumb"},"inLanguage":"sk-SK","potentialAction":[{"@type":"ReadAction","target":["https:\/\/www.zaluziemm.sk\/index.php\/vnutorne-rolety\/"]}]},{"@type":"ImageObject","inLanguage":"sk-SK","@id":"https:\/\/www.zaluziemm.sk\/index.php\/vnutorne-rolety\/#primaryimage","url":"https:\/\/www.zaluziemm.sk\/wp-content\/uploads\/2025\/05\/vnutorne_rolety_zaluzievm.jpg","contentUrl":"https:\/\/www.zaluziemm.sk\/wp-content\/uploads\/2025\/05\/vnutorne_rolety_zaluzievm.jpg","width":1140,"height":760},{"@type":"BreadcrumbList","@id":"https:\/\/www.zaluziemm.sk\/index.php\/vnutorne-rolety\/#breadcrumb","itemListElement":[{"@type":"ListItem","position":1,"name":"Domovsk\u00e1 str\u00e1nka","item":"https:\/\/www.zaluziemm.sk\/"},{"@type":"ListItem","position":2,"name":"VN\u00daTORN\u00c9 ROLETY"}]},{"@type":"WebSite","@id":"https:\/\/www.zaluziemm.sk\/#website","url":"https:\/\/www.zaluziemm.sk\/","name":"\u017dAL\u00daZIE MM | ROLETY \u2022 SIETE \u2022 PERGOLY","description":"Kvalita, prec\u00edznos\u0165 a osobn\u00fd pr\u00edstup \u2013 \u017daluzie MM.","potentialAction":[{"@type":"SearchAction","target":{"@type":"EntryPoint","urlTemplate":"https:\/\/www.zaluziemm.sk\/?s={search_term_string}"},"query-input":{"@type":"PropertyValueSpecification","valueRequired":true,"valueName":"search_term_string"}}],"inLanguage":"sk-SK"}]}},"_links":{"self":[{"href":"https:\/\/www.zaluziemm.sk\/index.php\/wp-json\/wp\/v2\/pages\/2959","targetHints":{"allow":["GET"]}}],"collection":[{"href":"https:\/\/www.zaluziemm.sk\/index.php\/wp-json\/wp\/v2\/pages"}],"about":[{"href":"https:\/\/www.zaluziemm.sk\/index.php\/wp-json\/wp\/v2\/types\/page"}],"author":[{"embeddable":true,"href":"https:\/\/www.zaluziemm.sk\/index.php\/wp-json\/wp\/v2\/users\/1"}],"replies":[{"embeddable":true,"href":"https:\/\/www.zaluziemm.sk\/index.php\/wp-json\/wp\/v2\/comments?post=2959"}],"version-history":[{"count":1,"href":"https:\/\/www.zaluziemm.sk\/index.php\/wp-json\/wp\/v2\/pages\/2959\/revisions"}],"predecessor-version":[{"id":2961,"href":"https:\/\/www.zaluziemm.sk\/index.php\/wp-json\/wp\/v2\/pages\/2959\/revisions\/2961"}],"wp:featuredmedia":[{"embeddable":true,"href":"https:\/\/www.zaluziemm.sk\/index.php\/wp-json\/wp\/v2\/media\/2960"}],"wp:attachment":[{"href":"https:\/\/www.zaluziemm.sk\/index.php\/wp-json\/wp\/v2\/media?parent=2959"}],"curies":[{"name":"wp","href":"https:\/\/api.w.org\/{rel}","templated":true}]}}