{"id":2963,"date":"2025-05-22T16:16:28","date_gmt":"2025-05-22T14:16:28","guid":{"rendered":"https:\/\/www.zaluziemm.sk\/?page_id=2963"},"modified":"2025-05-22T16:16:28","modified_gmt":"2025-05-22T14:16:28","slug":"vertikalne-zaluzie","status":"publish","type":"page","link":"https:\/\/www.zaluziemm.sk\/index.php\/vertikalne-zaluzie\/","title":{"rendered":"VERTIK\u00c1LNE \u017dAL\u00daZIE"},"content":{"rendered":"<div id=\"pl-2963\"  class=\"panel-layout\" ><div id=\"pg-2963-0\"  class=\"panel-grid panel-no-style\" ><div id=\"pgc-2963-0-0\"  class=\"panel-grid-cell\" ><div id=\"panel-2963-0-0-0\" class=\"so-panel widget widget_black-studio-tinymce widget_black_studio_tinymce panel-first-child panel-last-child\" data-index=\"0\" ><h3 class=\"widget-title\">VERTIK\u00c1LNE \u017dAL\u00daZIE<\/h3><div class=\"textwidget\"><div class=\"wpb_text_column wpb_content_element vc_custom_1644485967327\">\n<div class=\"wpb_wrapper\">\n<div class=\"wpb_text_column wpb_content_element vc_custom_1644487915889\">\n<div class=\"wpb_wrapper\">\n<div class=\"wpb_text_column wpb_content_element  vc_custom_1644436921705\">\n<div class=\"wpb_wrapper\">\n<p>Pr\u00e1ve\u00a0<strong>vertik\u00e1lne \u017eal\u00fazie<\/strong>\u00a0m\u00f4\u017eete vidie\u0165 v r\u00f4znych\u00a0<strong>kancel\u00e1rskych priestoroch<\/strong>, alebo vo\u00a0<strong>ve\u013ek\u00fdch presklenn\u00fdch priesotorch<\/strong>, napr. aj\u00a0<strong>v ob\u00fdva\u010dke<\/strong>. Ich v\u00fdhodou je, \u017ee\u00a0<strong>jednotliv\u00e9 lamely<\/strong>\u00a0je mo\u017en\u00e9 p<strong>rekl\u00e1pa\u0165 pod\u013ea potreby.\u00a0<\/strong><\/div>\n<\/div>\n<div class=\"wpb_text_column wpb_content_element  vc_custom_1644437006835\">\n<div class=\"wpb_wrapper\">\n<p>Tie\u017e ich\u00a0<strong>m\u00f4\u017eete<\/strong>\u00a0<strong>stiahn\u00fa\u0165<\/strong>, alebo<strong>\u00a0odtiahn\u00fa\u0165<\/strong>\u00a0ako len chcete.\u00a0<strong>Mechanizmus<\/strong>\u00a0m\u00f4\u017ee by\u0165 z v\u00fdroby\u00a0<strong>nastaven\u00fd na s\u0165ahovanie vpravo, v\u013eavo<\/strong>, do opony alebo\u00a0<strong>do stredu<\/strong>. Skladaj\u00fa sa z horn\u00e9ho nosn\u00edku, v ktorom je cel\u00fd mechanizmus, l\u00e1tkov\u00fdch p\u00e1sov (lamiel) a spodn\u00e9ho z\u00e1va\u017eia, na ktorom m\u00f4\u017ee by\u0165\u00a0<strong>umiestnen\u00e1 retiazka, ktor\u00e1 prep\u00e1ja jednotliv\u00e9 lamely<\/strong>, aby sa tak\u00a0<strong>zamedzil<\/strong>\u00a0pohyb pri prievane.<\/div>\n<\/div>\n<\/div>\n<\/div>\n<\/div>\n<\/div>\n<\/div><\/div><\/div><div id=\"pgc-2963-0-1\"  class=\"panel-grid-cell\" ><div id=\"panel-2963-0-1-0\" class=\"so-panel widget widget_media_image panel-first-child panel-last-child\" data-index=\"1\" ><img loading=\"lazy\" decoding=\"async\" width=\"1750\" height=\"1750\" src=\"https:\/\/www.zaluziemm.sk\/wp-content\/uploads\/2025\/05\/interierove_tienenie_vertikalne_zaluzie_zaluziemv.jpg\" class=\"image wp-image-2964  attachment-full size-full\" alt=\"\" style=\"max-width: 100%; height: auto;\" srcset=\"https:\/\/www.zaluziemm.sk\/wp-content\/uploads\/2025\/05\/interierove_tienenie_vertikalne_zaluzie_zaluziemv.jpg 1750w, https:\/\/www.zaluziemm.sk\/wp-content\/uploads\/2025\/05\/interierove_tienenie_vertikalne_zaluzie_zaluziemv-300x300.jpg 300w, https:\/\/www.zaluziemm.sk\/wp-content\/uploads\/2025\/05\/interierove_tienenie_vertikalne_zaluzie_zaluziemv-1024x1024.jpg 1024w, https:\/\/www.zaluziemm.sk\/wp-content\/uploads\/2025\/05\/interierove_tienenie_vertikalne_zaluzie_zaluziemv-150x150.jpg 150w, https:\/\/www.zaluziemm.sk\/wp-content\/uploads\/2025\/05\/interierove_tienenie_vertikalne_zaluzie_zaluziemv-768x768.jpg 768w, https:\/\/www.zaluziemm.sk\/wp-content\/uploads\/2025\/05\/interierove_tienenie_vertikalne_zaluzie_zaluziemv-1536x1536.jpg 1536w, https:\/\/www.zaluziemm.sk\/wp-content\/uploads\/2025\/05\/interierove_tienenie_vertikalne_zaluzie_zaluziemv-555x555.jpg 555w, https:\/\/www.zaluziemm.sk\/wp-content\/uploads\/2025\/05\/interierove_tienenie_vertikalne_zaluzie_zaluziemv-600x600.jpg 600w, https:\/\/www.zaluziemm.sk\/wp-content\/uploads\/2025\/05\/interierove_tienenie_vertikalne_zaluzie_zaluziemv-100x100.jpg 100w\" sizes=\"auto, (max-width: 1750px) 100vw, 1750px\" \/><\/div><\/div><\/div><\/div>","protected":false},"excerpt":{"rendered":"<p>We can execute complex kitchen remodelling projects that suit your personal style and preferences. We can assist you in making minor kitchen updates or performing entire kitchen remodelling.<\/p>\n","protected":false},"author":1,"featured_media":2964,"parent":0,"menu_order":0,"comment_status":"closed","ping_status":"open","template":"","meta":{"_acf_changed":false,"inline_featured_image":false,"footnotes":""},"class_list":["post-2963","page","type-page","status-publish","has-post-thumbnail","hentry"],"acf":[],"yoast_head":"<!-- This site is optimized with the Yoast SEO plugin v27.0 - https:\/\/yoast.com\/product\/yoast-seo-wordpress\/ -->\n<title>VERTIK\u00c1LNE \u017dAL\u00daZIE - \u017dAL\u00daZIE MM | ROLETY \u2022 SIETE \u2022 PERGOLY<\/title>\n<meta name=\"description\" content=\"Pr\u00e1ve vertik\u00e1lne \u017eal\u00fazie m\u00f4\u017eete vidie\u0165 v r\u00f4znych kancel\u00e1rskych priestoroch, alebo vo ve\u013ek\u00fdch presklenn\u00fdch priesotorch, napr. aj v ob\u00fdva\u010dke. Ich v\u00fdhodou je, \u017ee jednotliv\u00e9 lamely je mo\u017en\u00e9 prekl\u00e1pa\u0165 pod\u013ea potreby.\" \/>\n<meta name=\"robots\" content=\"index, follow, max-snippet:-1, max-image-preview:large, max-video-preview:-1\" \/>\n<link rel=\"canonical\" href=\"https:\/\/www.zaluziemm.sk\/index.php\/vertikalne-zaluzie\/\" \/>\n<meta property=\"og:locale\" content=\"sk_SK\" \/>\n<meta property=\"og:type\" content=\"article\" \/>\n<meta property=\"og:title\" content=\"VERTIK\u00c1LNE \u017dAL\u00daZIE\" \/>\n<meta property=\"og:description\" content=\"Pr\u00e1ve vertik\u00e1lne \u017eal\u00fazie m\u00f4\u017eete vidie\u0165 v r\u00f4znych kancel\u00e1rskych priestoroch, alebo vo ve\u013ek\u00fdch presklenn\u00fdch priesotorch, napr. aj v ob\u00fdva\u010dke. Ich v\u00fdhodou je, \u017ee jednotliv\u00e9 lamely je mo\u017en\u00e9 prekl\u00e1pa\u0165 pod\u013ea potreby.\" \/>\n<meta property=\"og:url\" content=\"https:\/\/www.zaluziemm.sk\/index.php\/vertikalne-zaluzie\/\" \/>\n<meta property=\"og:site_name\" content=\"\u017dAL\u00daZIE MM | ROLETY \u2022 SIETE \u2022 PERGOLY\" \/>\n<meta property=\"og:image\" content=\"https:\/\/www.zaluziemm.sk\/wp-content\/uploads\/2025\/05\/interierove_tienenie_vertikalne_zaluzie_zaluziemv.jpg\" \/>\n\t<meta property=\"og:image:width\" content=\"1750\" \/>\n\t<meta property=\"og:image:height\" content=\"1750\" \/>\n\t<meta property=\"og:image:type\" content=\"image\/jpeg\" \/>\n<meta name=\"twitter:card\" content=\"summary_large_image\" \/>\n<meta name=\"twitter:label1\" content=\"Predpokladan\u00fd \u010das \u010d\u00edtania\" \/>\n\t<meta name=\"twitter:data1\" content=\"1 min\u00fata\" \/>\n<script type=\"application\/ld+json\" class=\"yoast-schema-graph\">{\"@context\":\"https:\/\/schema.org\",\"@graph\":[{\"@type\":\"WebPage\",\"@id\":\"https:\/\/www.zaluziemm.sk\/index.php\/vertikalne-zaluzie\/\",\"url\":\"https:\/\/www.zaluziemm.sk\/index.php\/vertikalne-zaluzie\/\",\"name\":\"VERTIK\u00c1LNE \u017dAL\u00daZIE - \u017dAL\u00daZIE MM | ROLETY \u2022 SIETE \u2022 PERGOLY\",\"isPartOf\":{\"@id\":\"https:\/\/www.zaluziemm.sk\/#website\"},\"primaryImageOfPage\":{\"@id\":\"https:\/\/www.zaluziemm.sk\/index.php\/vertikalne-zaluzie\/#primaryimage\"},\"image\":{\"@id\":\"https:\/\/www.zaluziemm.sk\/index.php\/vertikalne-zaluzie\/#primaryimage\"},\"thumbnailUrl\":\"https:\/\/www.zaluziemm.sk\/wp-content\/uploads\/2025\/05\/interierove_tienenie_vertikalne_zaluzie_zaluziemv.jpg\",\"datePublished\":\"2025-05-22T14:16:28+00:00\",\"description\":\"Pr\u00e1ve vertik\u00e1lne \u017eal\u00fazie m\u00f4\u017eete vidie\u0165 v r\u00f4znych kancel\u00e1rskych priestoroch, alebo vo ve\u013ek\u00fdch presklenn\u00fdch priesotorch, napr. aj v ob\u00fdva\u010dke. Ich v\u00fdhodou je, \u017ee jednotliv\u00e9 lamely je mo\u017en\u00e9 prekl\u00e1pa\u0165 pod\u013ea potreby.\",\"breadcrumb\":{\"@id\":\"https:\/\/www.zaluziemm.sk\/index.php\/vertikalne-zaluzie\/#breadcrumb\"},\"inLanguage\":\"sk-SK\",\"potentialAction\":[{\"@type\":\"ReadAction\",\"target\":[\"https:\/\/www.zaluziemm.sk\/index.php\/vertikalne-zaluzie\/\"]}]},{\"@type\":\"ImageObject\",\"inLanguage\":\"sk-SK\",\"@id\":\"https:\/\/www.zaluziemm.sk\/index.php\/vertikalne-zaluzie\/#primaryimage\",\"url\":\"https:\/\/www.zaluziemm.sk\/wp-content\/uploads\/2025\/05\/interierove_tienenie_vertikalne_zaluzie_zaluziemv.jpg\",\"contentUrl\":\"https:\/\/www.zaluziemm.sk\/wp-content\/uploads\/2025\/05\/interierove_tienenie_vertikalne_zaluzie_zaluziemv.jpg\",\"width\":1750,\"height\":1750},{\"@type\":\"BreadcrumbList\",\"@id\":\"https:\/\/www.zaluziemm.sk\/index.php\/vertikalne-zaluzie\/#breadcrumb\",\"itemListElement\":[{\"@type\":\"ListItem\",\"position\":1,\"name\":\"Domovsk\u00e1 str\u00e1nka\",\"item\":\"https:\/\/www.zaluziemm.sk\/\"},{\"@type\":\"ListItem\",\"position\":2,\"name\":\"VERTIK\u00c1LNE \u017dAL\u00daZIE\"}]},{\"@type\":\"WebSite\",\"@id\":\"https:\/\/www.zaluziemm.sk\/#website\",\"url\":\"https:\/\/www.zaluziemm.sk\/\",\"name\":\"\u017dAL\u00daZIE MM | ROLETY \u2022 SIETE \u2022 PERGOLY\",\"description\":\"Kvalita, prec\u00edznos\u0165 a osobn\u00fd pr\u00edstup \u2013 \u017daluzie MM.\",\"potentialAction\":[{\"@type\":\"SearchAction\",\"target\":{\"@type\":\"EntryPoint\",\"urlTemplate\":\"https:\/\/www.zaluziemm.sk\/?s={search_term_string}\"},\"query-input\":{\"@type\":\"PropertyValueSpecification\",\"valueRequired\":true,\"valueName\":\"search_term_string\"}}],\"inLanguage\":\"sk-SK\"}]}<\/script>\n<!-- \/ Yoast SEO plugin. -->","yoast_head_json":{"title":"VERTIK\u00c1LNE \u017dAL\u00daZIE - \u017dAL\u00daZIE MM | ROLETY \u2022 SIETE \u2022 PERGOLY","description":"Pr\u00e1ve vertik\u00e1lne \u017eal\u00fazie m\u00f4\u017eete vidie\u0165 v r\u00f4znych kancel\u00e1rskych priestoroch, alebo vo ve\u013ek\u00fdch presklenn\u00fdch priesotorch, napr. aj v ob\u00fdva\u010dke. Ich v\u00fdhodou je, \u017ee jednotliv\u00e9 lamely je mo\u017en\u00e9 prekl\u00e1pa\u0165 pod\u013ea potreby.","robots":{"index":"index","follow":"follow","max-snippet":"max-snippet:-1","max-image-preview":"max-image-preview:large","max-video-preview":"max-video-preview:-1"},"canonical":"https:\/\/www.zaluziemm.sk\/index.php\/vertikalne-zaluzie\/","og_locale":"sk_SK","og_type":"article","og_title":"VERTIK\u00c1LNE \u017dAL\u00daZIE","og_description":"Pr\u00e1ve vertik\u00e1lne \u017eal\u00fazie m\u00f4\u017eete vidie\u0165 v r\u00f4znych kancel\u00e1rskych priestoroch, alebo vo ve\u013ek\u00fdch presklenn\u00fdch priesotorch, napr. aj v ob\u00fdva\u010dke. Ich v\u00fdhodou je, \u017ee jednotliv\u00e9 lamely je mo\u017en\u00e9 prekl\u00e1pa\u0165 pod\u013ea potreby.","og_url":"https:\/\/www.zaluziemm.sk\/index.php\/vertikalne-zaluzie\/","og_site_name":"\u017dAL\u00daZIE MM | ROLETY \u2022 SIETE \u2022 PERGOLY","og_image":[{"width":1750,"height":1750,"url":"https:\/\/www.zaluziemm.sk\/wp-content\/uploads\/2025\/05\/interierove_tienenie_vertikalne_zaluzie_zaluziemv.jpg","type":"image\/jpeg"}],"twitter_card":"summary_large_image","twitter_misc":{"Predpokladan\u00fd \u010das \u010d\u00edtania":"1 min\u00fata"},"schema":{"@context":"https:\/\/schema.org","@graph":[{"@type":"WebPage","@id":"https:\/\/www.zaluziemm.sk\/index.php\/vertikalne-zaluzie\/","url":"https:\/\/www.zaluziemm.sk\/index.php\/vertikalne-zaluzie\/","name":"VERTIK\u00c1LNE \u017dAL\u00daZIE - \u017dAL\u00daZIE MM | ROLETY \u2022 SIETE \u2022 PERGOLY","isPartOf":{"@id":"https:\/\/www.zaluziemm.sk\/#website"},"primaryImageOfPage":{"@id":"https:\/\/www.zaluziemm.sk\/index.php\/vertikalne-zaluzie\/#primaryimage"},"image":{"@id":"https:\/\/www.zaluziemm.sk\/index.php\/vertikalne-zaluzie\/#primaryimage"},"thumbnailUrl":"https:\/\/www.zaluziemm.sk\/wp-content\/uploads\/2025\/05\/interierove_tienenie_vertikalne_zaluzie_zaluziemv.jpg","datePublished":"2025-05-22T14:16:28+00:00","description":"Pr\u00e1ve vertik\u00e1lne \u017eal\u00fazie m\u00f4\u017eete vidie\u0165 v r\u00f4znych kancel\u00e1rskych priestoroch, alebo vo ve\u013ek\u00fdch presklenn\u00fdch priesotorch, napr. aj v ob\u00fdva\u010dke. Ich v\u00fdhodou je, \u017ee jednotliv\u00e9 lamely je mo\u017en\u00e9 prekl\u00e1pa\u0165 pod\u013ea potreby.","breadcrumb":{"@id":"https:\/\/www.zaluziemm.sk\/index.php\/vertikalne-zaluzie\/#breadcrumb"},"inLanguage":"sk-SK","potentialAction":[{"@type":"ReadAction","target":["https:\/\/www.zaluziemm.sk\/index.php\/vertikalne-zaluzie\/"]}]},{"@type":"ImageObject","inLanguage":"sk-SK","@id":"https:\/\/www.zaluziemm.sk\/index.php\/vertikalne-zaluzie\/#primaryimage","url":"https:\/\/www.zaluziemm.sk\/wp-content\/uploads\/2025\/05\/interierove_tienenie_vertikalne_zaluzie_zaluziemv.jpg","contentUrl":"https:\/\/www.zaluziemm.sk\/wp-content\/uploads\/2025\/05\/interierove_tienenie_vertikalne_zaluzie_zaluziemv.jpg","width":1750,"height":1750},{"@type":"BreadcrumbList","@id":"https:\/\/www.zaluziemm.sk\/index.php\/vertikalne-zaluzie\/#breadcrumb","itemListElement":[{"@type":"ListItem","position":1,"name":"Domovsk\u00e1 str\u00e1nka","item":"https:\/\/www.zaluziemm.sk\/"},{"@type":"ListItem","position":2,"name":"VERTIK\u00c1LNE \u017dAL\u00daZIE"}]},{"@type":"WebSite","@id":"https:\/\/www.zaluziemm.sk\/#website","url":"https:\/\/www.zaluziemm.sk\/","name":"\u017dAL\u00daZIE MM | ROLETY \u2022 SIETE \u2022 PERGOLY","description":"Kvalita, prec\u00edznos\u0165 a osobn\u00fd pr\u00edstup \u2013 \u017daluzie MM.","potentialAction":[{"@type":"SearchAction","target":{"@type":"EntryPoint","urlTemplate":"https:\/\/www.zaluziemm.sk\/?s={search_term_string}"},"query-input":{"@type":"PropertyValueSpecification","valueRequired":true,"valueName":"search_term_string"}}],"inLanguage":"sk-SK"}]}},"_links":{"self":[{"href":"https:\/\/www.zaluziemm.sk\/index.php\/wp-json\/wp\/v2\/pages\/2963","targetHints":{"allow":["GET"]}}],"collection":[{"href":"https:\/\/www.zaluziemm.sk\/index.php\/wp-json\/wp\/v2\/pages"}],"about":[{"href":"https:\/\/www.zaluziemm.sk\/index.php\/wp-json\/wp\/v2\/types\/page"}],"author":[{"embeddable":true,"href":"https:\/\/www.zaluziemm.sk\/index.php\/wp-json\/wp\/v2\/users\/1"}],"replies":[{"embeddable":true,"href":"https:\/\/www.zaluziemm.sk\/index.php\/wp-json\/wp\/v2\/comments?post=2963"}],"version-history":[{"count":1,"href":"https:\/\/www.zaluziemm.sk\/index.php\/wp-json\/wp\/v2\/pages\/2963\/revisions"}],"predecessor-version":[{"id":2965,"href":"https:\/\/www.zaluziemm.sk\/index.php\/wp-json\/wp\/v2\/pages\/2963\/revisions\/2965"}],"wp:featuredmedia":[{"embeddable":true,"href":"https:\/\/www.zaluziemm.sk\/index.php\/wp-json\/wp\/v2\/media\/2964"}],"wp:attachment":[{"href":"https:\/\/www.zaluziemm.sk\/index.php\/wp-json\/wp\/v2\/media?parent=2963"}],"curies":[{"name":"wp","href":"https:\/\/api.w.org\/{rel}","templated":true}]}}