{"id":2967,"date":"2025-05-22T16:19:16","date_gmt":"2025-05-22T14:19:16","guid":{"rendered":"https:\/\/www.zaluziemm.sk\/?page_id=2967"},"modified":"2025-05-22T16:20:54","modified_gmt":"2025-05-22T14:20:54","slug":"stresne-rolety","status":"publish","type":"page","link":"https:\/\/www.zaluziemm.sk\/index.php\/stresne-rolety\/","title":{"rendered":"STRE\u0160N\u00c9 ROLETY"},"content":{"rendered":"<div id=\"pl-2967\"  class=\"panel-layout\" ><div id=\"pg-2967-0\"  class=\"panel-grid panel-no-style\" ><div id=\"pgc-2967-0-0\"  class=\"panel-grid-cell\" ><div id=\"panel-2967-0-0-0\" class=\"so-panel widget widget_black-studio-tinymce widget_black_studio_tinymce panel-first-child panel-last-child\" data-index=\"0\" ><h3 class=\"widget-title\">STRE\u0160N\u00c9 ROLETY<\/h3><div class=\"textwidget\"><div class=\"wpb_text_column wpb_content_element vc_custom_1644485967327\">\n<div class=\"wpb_wrapper\">\n<div class=\"wpb_text_column wpb_content_element vc_custom_1644487915889\">\n<div class=\"wpb_wrapper\">\n<div class=\"wpb_text_column wpb_content_element  vc_custom_1644438097128\">\n<div class=\"wpb_wrapper\">\n<p><strong>Stre\u0161n\u00e9 okn\u00e1<\/strong>\u00a0s\u00fa \u010dastokr\u00e1\u0165 t\u00fdm\u00a0<strong>najhor\u0161\u00edm radi\u00e1torom<\/strong>\u00a0v celom dome. V letn\u00fdch mesiacoch\u00a0<strong>cez ne p\u00e1li slnko<\/strong>\u00a0v u\u017e i tak dos\u0165 teplom podkrov\u00ed. Preto\u00a0<strong>ich<\/strong>\u00a0neodmyslite\u013enou\u00a0<strong>s\u00fa\u010das\u0165ou s\u00fa\u00a0stre\u0161n\u00e9 rolety<\/strong>, alebo<strong>\u00a0\u017eal\u00fazie<\/strong>. Na\u0161e\u00a0<strong>rolety<\/strong>\u00a0s\u00fa vyr\u00e1ban\u00e9\u00a0<strong>na mieru<\/strong>\u00a0a teda vieme ich\u00a0<strong>prisp\u00f4sobi\u0165<\/strong>\u00a0takmer ak\u00e9muko\u013evek\u00a0<strong>stre\u0161n\u00e9mu oknu<\/strong>. L\u00e1tka je veden\u00e1 vo vodiacich li\u0161t\u00e1ch,\u00a0<strong>nedoch\u00e1dza<\/strong>\u00a0tak k \u017eiadnemu v\u00fdrazn\u00e9mu\u00a0<strong>bo\u010dn\u00e9mu priesvitu<\/strong>.<\/div>\n<\/div>\n<div class=\"wpb_text_column wpb_content_element  vc_custom_1644438508505\">\n<div class=\"wpb_wrapper\">\n<p>Pokia\u013e sa\u00a0<strong>stre\u0161n\u00e9 okno<\/strong>\u00a0nach\u00e1dza\u00a0<strong>vo v\u00fd\u0161ke<\/strong>, je mo\u017en\u00e9 si k rolete\u00a0<strong>objedna\u0165<\/strong>\u00a0aj\u00a0<strong>ovl\u00e1daciu pali\u010dku<\/strong>. Stre\u0161n\u00e9 rolety\u00a0<strong>pom\u00e1haj\u00fa<\/strong>\u00a0k\u00a0<strong>zatienenie<\/strong>\u00a0pr\u00e1ve toho najnepr\u00edjemnej\u0161ieho svetla v podkrovn\u00fdch\u00a0<strong>priestoroch<\/strong>, ktor\u00e9 s\u00fa\u00a0<strong>naj\u010dastej\u0161ie<\/strong>\u00a0vyu\u017e\u00edvan\u00e9\u00a0<strong>ako sp\u00e1lne<\/strong>.\u00a0 Pokia\u013e V\u00e1m ide o prehrievanie,\u00a0<strong>ide\u00e1lne je zadr\u017ea\u0165 svetlo u\u017e z vonkaj\u0161ej strany.<\/strong>\u00a0Aj na to m\u00e1me rie\u0161enie. Pozrite si na\u0161e\u00a0<strong>stre\u0161n\u00e9 mark\u00edzy<\/strong>.<\/div>\n<\/div>\n<div class=\"wpb_text_column wpb_content_element  vc_custom_1644438639619\">\n<div class=\"wpb_wrapper\">\n<p><strong>Stre\u0161n\u00e9 rolety<\/strong>\u00a0pom\u00e1haj\u00fa aj s prehrievan\u00edm, no predov\u0161etk\u00fdm s\u00a0<strong>regul\u00e1ciou svetla.<\/strong>\u00a0V na\u0161ej ponuke\u00a0<strong>n\u00e1jdete<\/strong>\u00a0aj\u00a0<strong>zatem\u0148uj\u00face l\u00e1tky<\/strong>, alebo l\u00e1tky thermo, ktor\u00e9 s\u00fa z vonkaj\u0161ej strany potiahnut\u00e9\u00a0<strong>odr\u00e1\u017eavou vrstvou<\/strong>, \u010do napom\u00e1ha\u00a0<strong>termoregula\u010dn\u00e9mu efektu roliet<\/strong>. L\u00e1tok je na v\u00fdber mnoho a teda sta\u010d\u00ed si vybra\u0165, \u010do sa V\u00e1m najviac hod\u00ed do V\u00e1\u0161ho interi\u00e9ru.<\/div>\n<\/div>\n<\/div>\n<\/div>\n<\/div>\n<\/div>\n<\/div><\/div><\/div><div id=\"pgc-2967-0-1\"  class=\"panel-grid-cell\" ><div id=\"panel-2967-0-1-0\" class=\"so-panel widget widget_media_image panel-first-child panel-last-child\" data-index=\"1\" ><img loading=\"lazy\" decoding=\"async\" width=\"1200\" height=\"1200\" src=\"https:\/\/www.zaluziemm.sk\/wp-content\/uploads\/2025\/05\/bloc_blinds_light_grey_blackout.jpg\" class=\"image wp-image-2968  attachment-full size-full\" alt=\"\" style=\"max-width: 100%; height: auto;\" srcset=\"https:\/\/www.zaluziemm.sk\/wp-content\/uploads\/2025\/05\/bloc_blinds_light_grey_blackout.jpg 1200w, https:\/\/www.zaluziemm.sk\/wp-content\/uploads\/2025\/05\/bloc_blinds_light_grey_blackout-300x300.jpg 300w, https:\/\/www.zaluziemm.sk\/wp-content\/uploads\/2025\/05\/bloc_blinds_light_grey_blackout-1024x1024.jpg 1024w, https:\/\/www.zaluziemm.sk\/wp-content\/uploads\/2025\/05\/bloc_blinds_light_grey_blackout-150x150.jpg 150w, https:\/\/www.zaluziemm.sk\/wp-content\/uploads\/2025\/05\/bloc_blinds_light_grey_blackout-768x768.jpg 768w, https:\/\/www.zaluziemm.sk\/wp-content\/uploads\/2025\/05\/bloc_blinds_light_grey_blackout-555x555.jpg 555w, https:\/\/www.zaluziemm.sk\/wp-content\/uploads\/2025\/05\/bloc_blinds_light_grey_blackout-600x600.jpg 600w, https:\/\/www.zaluziemm.sk\/wp-content\/uploads\/2025\/05\/bloc_blinds_light_grey_blackout-100x100.jpg 100w\" sizes=\"auto, (max-width: 1200px) 100vw, 1200px\" \/><\/div><\/div><\/div><\/div>","protected":false},"excerpt":{"rendered":"<p>We can execute complex kitchen remodelling projects that suit your personal style and preferences. We can assist you in making minor kitchen updates or performing entire kitchen remodelling.<\/p>\n","protected":false},"author":1,"featured_media":2968,"parent":0,"menu_order":0,"comment_status":"closed","ping_status":"open","template":"","meta":{"_acf_changed":false,"inline_featured_image":false,"footnotes":""},"class_list":["post-2967","page","type-page","status-publish","has-post-thumbnail","hentry"],"acf":[],"yoast_head":"<!-- This site is optimized with the Yoast SEO plugin v27.0 - https:\/\/yoast.com\/product\/yoast-seo-wordpress\/ -->\n<title>STRE\u0160N\u00c9 ROLETY - \u017dAL\u00daZIE MM | ROLETY \u2022 SIETE \u2022 PERGOLY<\/title>\n<meta name=\"description\" content=\"Stre\u0161n\u00e9 okn\u00e1 s\u00fa \u010dastokr\u00e1\u0165 t\u00fdm najhor\u0161\u00edm radi\u00e1torom v celom dome. V letn\u00fdch mesiacoch cez ne p\u00e1li slnko v u\u017e i tak dos\u0165 teplom podkrov\u00ed. Preto ich neodmyslite\u013enou s\u00fa\u010das\u0165ou s\u00fa stre\u0161n\u00e9 rolety, alebo \u017eal\u00fazie. Na\u0161e rolety s\u00fa vyr\u00e1ban\u00e9 na mieru a teda vieme ich prisp\u00f4sobi\u0165 takmer ak\u00e9muko\u013evek stre\u0161n\u00e9mu oknu. L\u00e1tka je veden\u00e1 vo vodiacich li\u0161t\u00e1ch, nedoch\u00e1dza tak k \u017eiadnemu v\u00fdrazn\u00e9mu bo\u010dn\u00e9mu priesvitu.\" \/>\n<meta name=\"robots\" content=\"index, follow, max-snippet:-1, max-image-preview:large, max-video-preview:-1\" \/>\n<link rel=\"canonical\" href=\"https:\/\/www.zaluziemm.sk\/index.php\/stresne-rolety\/\" \/>\n<meta property=\"og:locale\" content=\"sk_SK\" \/>\n<meta property=\"og:type\" content=\"article\" \/>\n<meta property=\"og:title\" content=\"P\u00c1NTOV\u00c9 SIETE PROTI HMYZU NA DVERE\" \/>\n<meta property=\"og:description\" content=\"Dvere na balk\u00f3n, terasu alebo z\u00e1hradu je v\u017edy dobr\u00e9 doplni\u0165 o siete proti hmyzu na dvere. Hlavne po\u010das leta, si m\u00f4\u017eete vychutna\u0165 \u010derstv\u00fd vzduch ko\u013eko len chcete bez otravn\u00e9ho hmyzu. Jednoduch\u00fd syst\u00e9m na p\u00e1nty a uzatv\u00e1ranie pomocou magnetov.\" \/>\n<meta property=\"og:url\" content=\"https:\/\/www.zaluziemm.sk\/index.php\/stresne-rolety\/\" \/>\n<meta property=\"og:site_name\" content=\"\u017dAL\u00daZIE MM | ROLETY \u2022 SIETE \u2022 PERGOLY\" \/>\n<meta property=\"article:modified_time\" content=\"2025-05-22T14:20:54+00:00\" \/>\n<meta property=\"og:image\" content=\"https:\/\/www.zaluziemm.sk\/wp-content\/uploads\/2025\/05\/siete_proti_hmyzu_na_dvere_plisse_zalziemv_.jpg\" \/>\n\t<meta property=\"og:image:width\" content=\"1100\" \/>\n\t<meta property=\"og:image:height\" content=\"538\" \/>\n\t<meta property=\"og:image:type\" content=\"image\/jpeg\" \/>\n<meta name=\"twitter:card\" content=\"summary_large_image\" \/>\n<meta name=\"twitter:label1\" content=\"Predpokladan\u00fd \u010das \u010d\u00edtania\" \/>\n\t<meta name=\"twitter:data1\" content=\"2 min\u00faty\" \/>\n<script type=\"application\/ld+json\" class=\"yoast-schema-graph\">{\"@context\":\"https:\/\/schema.org\",\"@graph\":[{\"@type\":\"WebPage\",\"@id\":\"https:\/\/www.zaluziemm.sk\/index.php\/stresne-rolety\/\",\"url\":\"https:\/\/www.zaluziemm.sk\/index.php\/stresne-rolety\/\",\"name\":\"STRE\u0160N\u00c9 ROLETY - \u017dAL\u00daZIE MM | ROLETY \u2022 SIETE \u2022 PERGOLY\",\"isPartOf\":{\"@id\":\"https:\/\/www.zaluziemm.sk\/#website\"},\"primaryImageOfPage\":{\"@id\":\"https:\/\/www.zaluziemm.sk\/index.php\/stresne-rolety\/#primaryimage\"},\"image\":{\"@id\":\"https:\/\/www.zaluziemm.sk\/index.php\/stresne-rolety\/#primaryimage\"},\"thumbnailUrl\":\"https:\/\/www.zaluziemm.sk\/wp-content\/uploads\/2025\/05\/bloc_blinds_light_grey_blackout.jpg\",\"datePublished\":\"2025-05-22T14:19:16+00:00\",\"dateModified\":\"2025-05-22T14:20:54+00:00\",\"description\":\"Stre\u0161n\u00e9 okn\u00e1 s\u00fa \u010dastokr\u00e1\u0165 t\u00fdm najhor\u0161\u00edm radi\u00e1torom v celom dome. V letn\u00fdch mesiacoch cez ne p\u00e1li slnko v u\u017e i tak dos\u0165 teplom podkrov\u00ed. Preto ich neodmyslite\u013enou s\u00fa\u010das\u0165ou s\u00fa stre\u0161n\u00e9 rolety, alebo \u017eal\u00fazie. Na\u0161e rolety s\u00fa vyr\u00e1ban\u00e9 na mieru a teda vieme ich prisp\u00f4sobi\u0165 takmer ak\u00e9muko\u013evek stre\u0161n\u00e9mu oknu. L\u00e1tka je veden\u00e1 vo vodiacich li\u0161t\u00e1ch, nedoch\u00e1dza tak k \u017eiadnemu v\u00fdrazn\u00e9mu bo\u010dn\u00e9mu priesvitu.\",\"breadcrumb\":{\"@id\":\"https:\/\/www.zaluziemm.sk\/index.php\/stresne-rolety\/#breadcrumb\"},\"inLanguage\":\"sk-SK\",\"potentialAction\":[{\"@type\":\"ReadAction\",\"target\":[\"https:\/\/www.zaluziemm.sk\/index.php\/stresne-rolety\/\"]}]},{\"@type\":\"ImageObject\",\"inLanguage\":\"sk-SK\",\"@id\":\"https:\/\/www.zaluziemm.sk\/index.php\/stresne-rolety\/#primaryimage\",\"url\":\"https:\/\/www.zaluziemm.sk\/wp-content\/uploads\/2025\/05\/bloc_blinds_light_grey_blackout.jpg\",\"contentUrl\":\"https:\/\/www.zaluziemm.sk\/wp-content\/uploads\/2025\/05\/bloc_blinds_light_grey_blackout.jpg\",\"width\":1200,\"height\":1200},{\"@type\":\"BreadcrumbList\",\"@id\":\"https:\/\/www.zaluziemm.sk\/index.php\/stresne-rolety\/#breadcrumb\",\"itemListElement\":[{\"@type\":\"ListItem\",\"position\":1,\"name\":\"Domovsk\u00e1 str\u00e1nka\",\"item\":\"https:\/\/www.zaluziemm.sk\/\"},{\"@type\":\"ListItem\",\"position\":2,\"name\":\"STRE\u0160N\u00c9 ROLETY\"}]},{\"@type\":\"WebSite\",\"@id\":\"https:\/\/www.zaluziemm.sk\/#website\",\"url\":\"https:\/\/www.zaluziemm.sk\/\",\"name\":\"\u017dAL\u00daZIE MM | ROLETY \u2022 SIETE \u2022 PERGOLY\",\"description\":\"Kvalita, prec\u00edznos\u0165 a osobn\u00fd pr\u00edstup \u2013 \u017daluzie MM.\",\"potentialAction\":[{\"@type\":\"SearchAction\",\"target\":{\"@type\":\"EntryPoint\",\"urlTemplate\":\"https:\/\/www.zaluziemm.sk\/?s={search_term_string}\"},\"query-input\":{\"@type\":\"PropertyValueSpecification\",\"valueRequired\":true,\"valueName\":\"search_term_string\"}}],\"inLanguage\":\"sk-SK\"}]}<\/script>\n<!-- \/ Yoast SEO plugin. -->","yoast_head_json":{"title":"STRE\u0160N\u00c9 ROLETY - \u017dAL\u00daZIE MM | ROLETY \u2022 SIETE \u2022 PERGOLY","description":"Stre\u0161n\u00e9 okn\u00e1 s\u00fa \u010dastokr\u00e1\u0165 t\u00fdm najhor\u0161\u00edm radi\u00e1torom v celom dome. V letn\u00fdch mesiacoch cez ne p\u00e1li slnko v u\u017e i tak dos\u0165 teplom podkrov\u00ed. Preto ich neodmyslite\u013enou s\u00fa\u010das\u0165ou s\u00fa stre\u0161n\u00e9 rolety, alebo \u017eal\u00fazie. Na\u0161e rolety s\u00fa vyr\u00e1ban\u00e9 na mieru a teda vieme ich prisp\u00f4sobi\u0165 takmer ak\u00e9muko\u013evek stre\u0161n\u00e9mu oknu. L\u00e1tka je veden\u00e1 vo vodiacich li\u0161t\u00e1ch, nedoch\u00e1dza tak k \u017eiadnemu v\u00fdrazn\u00e9mu bo\u010dn\u00e9mu priesvitu.","robots":{"index":"index","follow":"follow","max-snippet":"max-snippet:-1","max-image-preview":"max-image-preview:large","max-video-preview":"max-video-preview:-1"},"canonical":"https:\/\/www.zaluziemm.sk\/index.php\/stresne-rolety\/","og_locale":"sk_SK","og_type":"article","og_title":"P\u00c1NTOV\u00c9 SIETE PROTI HMYZU NA DVERE","og_description":"Dvere na balk\u00f3n, terasu alebo z\u00e1hradu je v\u017edy dobr\u00e9 doplni\u0165 o siete proti hmyzu na dvere. Hlavne po\u010das leta, si m\u00f4\u017eete vychutna\u0165 \u010derstv\u00fd vzduch ko\u013eko len chcete bez otravn\u00e9ho hmyzu. Jednoduch\u00fd syst\u00e9m na p\u00e1nty a uzatv\u00e1ranie pomocou magnetov.","og_url":"https:\/\/www.zaluziemm.sk\/index.php\/stresne-rolety\/","og_site_name":"\u017dAL\u00daZIE MM | ROLETY \u2022 SIETE \u2022 PERGOLY","article_modified_time":"2025-05-22T14:20:54+00:00","og_image":[{"width":1100,"height":538,"url":"https:\/\/www.zaluziemm.sk\/wp-content\/uploads\/2025\/05\/siete_proti_hmyzu_na_dvere_plisse_zalziemv_.jpg","type":"image\/jpeg"}],"twitter_card":"summary_large_image","twitter_misc":{"Predpokladan\u00fd \u010das \u010d\u00edtania":"2 min\u00faty"},"schema":{"@context":"https:\/\/schema.org","@graph":[{"@type":"WebPage","@id":"https:\/\/www.zaluziemm.sk\/index.php\/stresne-rolety\/","url":"https:\/\/www.zaluziemm.sk\/index.php\/stresne-rolety\/","name":"STRE\u0160N\u00c9 ROLETY - \u017dAL\u00daZIE MM | ROLETY \u2022 SIETE \u2022 PERGOLY","isPartOf":{"@id":"https:\/\/www.zaluziemm.sk\/#website"},"primaryImageOfPage":{"@id":"https:\/\/www.zaluziemm.sk\/index.php\/stresne-rolety\/#primaryimage"},"image":{"@id":"https:\/\/www.zaluziemm.sk\/index.php\/stresne-rolety\/#primaryimage"},"thumbnailUrl":"https:\/\/www.zaluziemm.sk\/wp-content\/uploads\/2025\/05\/bloc_blinds_light_grey_blackout.jpg","datePublished":"2025-05-22T14:19:16+00:00","dateModified":"2025-05-22T14:20:54+00:00","description":"Stre\u0161n\u00e9 okn\u00e1 s\u00fa \u010dastokr\u00e1\u0165 t\u00fdm najhor\u0161\u00edm radi\u00e1torom v celom dome. V letn\u00fdch mesiacoch cez ne p\u00e1li slnko v u\u017e i tak dos\u0165 teplom podkrov\u00ed. Preto ich neodmyslite\u013enou s\u00fa\u010das\u0165ou s\u00fa stre\u0161n\u00e9 rolety, alebo \u017eal\u00fazie. Na\u0161e rolety s\u00fa vyr\u00e1ban\u00e9 na mieru a teda vieme ich prisp\u00f4sobi\u0165 takmer ak\u00e9muko\u013evek stre\u0161n\u00e9mu oknu. L\u00e1tka je veden\u00e1 vo vodiacich li\u0161t\u00e1ch, nedoch\u00e1dza tak k \u017eiadnemu v\u00fdrazn\u00e9mu bo\u010dn\u00e9mu priesvitu.","breadcrumb":{"@id":"https:\/\/www.zaluziemm.sk\/index.php\/stresne-rolety\/#breadcrumb"},"inLanguage":"sk-SK","potentialAction":[{"@type":"ReadAction","target":["https:\/\/www.zaluziemm.sk\/index.php\/stresne-rolety\/"]}]},{"@type":"ImageObject","inLanguage":"sk-SK","@id":"https:\/\/www.zaluziemm.sk\/index.php\/stresne-rolety\/#primaryimage","url":"https:\/\/www.zaluziemm.sk\/wp-content\/uploads\/2025\/05\/bloc_blinds_light_grey_blackout.jpg","contentUrl":"https:\/\/www.zaluziemm.sk\/wp-content\/uploads\/2025\/05\/bloc_blinds_light_grey_blackout.jpg","width":1200,"height":1200},{"@type":"BreadcrumbList","@id":"https:\/\/www.zaluziemm.sk\/index.php\/stresne-rolety\/#breadcrumb","itemListElement":[{"@type":"ListItem","position":1,"name":"Domovsk\u00e1 str\u00e1nka","item":"https:\/\/www.zaluziemm.sk\/"},{"@type":"ListItem","position":2,"name":"STRE\u0160N\u00c9 ROLETY"}]},{"@type":"WebSite","@id":"https:\/\/www.zaluziemm.sk\/#website","url":"https:\/\/www.zaluziemm.sk\/","name":"\u017dAL\u00daZIE MM | ROLETY \u2022 SIETE \u2022 PERGOLY","description":"Kvalita, prec\u00edznos\u0165 a osobn\u00fd pr\u00edstup \u2013 \u017daluzie MM.","potentialAction":[{"@type":"SearchAction","target":{"@type":"EntryPoint","urlTemplate":"https:\/\/www.zaluziemm.sk\/?s={search_term_string}"},"query-input":{"@type":"PropertyValueSpecification","valueRequired":true,"valueName":"search_term_string"}}],"inLanguage":"sk-SK"}]}},"_links":{"self":[{"href":"https:\/\/www.zaluziemm.sk\/index.php\/wp-json\/wp\/v2\/pages\/2967","targetHints":{"allow":["GET"]}}],"collection":[{"href":"https:\/\/www.zaluziemm.sk\/index.php\/wp-json\/wp\/v2\/pages"}],"about":[{"href":"https:\/\/www.zaluziemm.sk\/index.php\/wp-json\/wp\/v2\/types\/page"}],"author":[{"embeddable":true,"href":"https:\/\/www.zaluziemm.sk\/index.php\/wp-json\/wp\/v2\/users\/1"}],"replies":[{"embeddable":true,"href":"https:\/\/www.zaluziemm.sk\/index.php\/wp-json\/wp\/v2\/comments?post=2967"}],"version-history":[{"count":3,"href":"https:\/\/www.zaluziemm.sk\/index.php\/wp-json\/wp\/v2\/pages\/2967\/revisions"}],"predecessor-version":[{"id":2972,"href":"https:\/\/www.zaluziemm.sk\/index.php\/wp-json\/wp\/v2\/pages\/2967\/revisions\/2972"}],"wp:featuredmedia":[{"embeddable":true,"href":"https:\/\/www.zaluziemm.sk\/index.php\/wp-json\/wp\/v2\/media\/2968"}],"wp:attachment":[{"href":"https:\/\/www.zaluziemm.sk\/index.php\/wp-json\/wp\/v2\/media?parent=2967"}],"curies":[{"name":"wp","href":"https:\/\/api.w.org\/{rel}","templated":true}]}}