{"id":2973,"date":"2025-05-22T16:24:40","date_gmt":"2025-05-22T14:24:40","guid":{"rendered":"https:\/\/www.zaluziemm.sk\/?page_id=2973"},"modified":"2025-05-22T16:24:40","modified_gmt":"2025-05-22T14:24:40","slug":"drevene-zaluzie","status":"publish","type":"page","link":"https:\/\/www.zaluziemm.sk\/index.php\/drevene-zaluzie\/","title":{"rendered":"DREVEN\u00c9 \u017dAL\u00daZIE"},"content":{"rendered":"<div id=\"pl-2973\"  class=\"panel-layout\" ><div id=\"pg-2973-0\"  class=\"panel-grid panel-no-style\" ><div id=\"pgc-2973-0-0\"  class=\"panel-grid-cell\" ><div id=\"panel-2973-0-0-0\" class=\"so-panel widget widget_black-studio-tinymce widget_black_studio_tinymce panel-first-child panel-last-child\" data-index=\"0\" ><h3 class=\"widget-title\">DREVEN\u00c9 \u017dAL\u00daZIE<\/h3><div class=\"textwidget\"><div class=\"wpb_text_column wpb_content_element vc_custom_1644485967327\">\n<div class=\"wpb_wrapper\">\n<div class=\"wpb_text_column wpb_content_element vc_custom_1644487915889\">\n<div class=\"wpb_wrapper\">\n<div class=\"wpb_text_column wpb_content_element  vc_custom_1644439119905\">\n<div class=\"wpb_wrapper\">\n<p>Luxusn\u00e9\u00a0<strong>dreven\u00e9 \u017eal\u00fazie<\/strong>. Je\u00a0<strong>mo\u017en\u00e9<\/strong>\u00a0ich montova\u0165\u00a0<strong>na stenu, na strop ale aj na okno.<\/strong>\u00a0Nakl\u00e1pan\u00edm lamiel si viete regulova\u0165 ko\u013eko svetla vpust\u00edte do interi\u00e9ru. Lamely m\u00f4\u017eu by\u0165 \u0161irok\u00e9 25mm alebo aj 50mm.<strong>\u00a0Pou\u017eit\u00fd materi\u00e1l<\/strong>\u00a0m\u00f4\u017ee by\u0165\u00a0<strong>drevo<\/strong>, alebo<strong>\u00a0bambus<\/strong>\u00a0s farebnou povrchovou \u00fapravou pod\u013ea v\u00fdberu zo vzorkovn\u00edku. Bambusov\u00e9 lamely s\u00fa ten\u0161ie a teda aj n\u00e1bal lamiel je pri vytiahnut\u00ed o nie\u010do men\u0161\u00ed ako pri dreve. \u017dal\u00fazie maj\u00fa v\u017edy horn\u00fa kryciu li\u0161tu, ktor\u00e1 diazjnovo pasuje ku zvy\u0161ku \u017eal\u00fazie a zakr\u00fdva horn\u00fd mechanizmus.<\/div>\n<\/div>\n<div class=\"wpb_text_column wpb_content_element  vc_custom_1644439166869\">\n<div class=\"wpb_wrapper\">\n<p>Dreven\u00e9 \u017eal\u00fazie\u00a0kr\u00e1sne vynikn\u00fa v modern\u00fdch priestoroch, ktor\u00e9 si chc\u00fa udr\u017ea\u0165 nad\u010dasovos\u0165 aj po nieko\u013ek\u00fdch rokoch.\u00a0<strong>Ovl\u00e1danie je jednoduch\u00e9<\/strong>\u00a0a to bu\u010f\u00a0<strong>\u0161n\u00farkami,<\/strong>\u00a0alebo\u00a0<strong>pali\u010dkou<\/strong>, ktor\u00e1 je pripevnen\u00e1 k horn\u00e9mu mechanizmu. Ke\u010f\u017ee ide o<strong>\u00a0drevo,<\/strong>\u00a0s\u00fa\u00a0<strong>vhodn\u00e9<\/strong>\u00a0iba\u00a0<strong>do interi\u00e9ru<\/strong>, preto\u017ee vo vlhk\u00fdch a vonkaj\u0161ich podmienkach, si drevo vy\u017eaduje opateru. To by sa pri takto komplikovanom tvare zabezpe\u010dovalo len ve\u013emi \u0165a\u017eko.<\/div>\n<\/div>\n<\/div>\n<\/div>\n<\/div>\n<\/div>\n<\/div><\/div><\/div><div id=\"pgc-2973-0-1\"  class=\"panel-grid-cell\" ><div id=\"panel-2973-0-1-0\" class=\"so-panel widget widget_media_image panel-first-child panel-last-child\" data-index=\"1\" ><img loading=\"lazy\" decoding=\"async\" width=\"1620\" height=\"1080\" src=\"https:\/\/www.zaluziemm.sk\/wp-content\/uploads\/2025\/05\/drevene_zaluzie_zaluziemv.jpeg\" class=\"image wp-image-2974  attachment-full size-full\" alt=\"\" style=\"max-width: 100%; height: auto;\" srcset=\"https:\/\/www.zaluziemm.sk\/wp-content\/uploads\/2025\/05\/drevene_zaluzie_zaluziemv.jpeg 1620w, https:\/\/www.zaluziemm.sk\/wp-content\/uploads\/2025\/05\/drevene_zaluzie_zaluziemv-300x200.jpeg 300w, https:\/\/www.zaluziemm.sk\/wp-content\/uploads\/2025\/05\/drevene_zaluzie_zaluziemv-1024x683.jpeg 1024w, https:\/\/www.zaluziemm.sk\/wp-content\/uploads\/2025\/05\/drevene_zaluzie_zaluziemv-768x512.jpeg 768w, https:\/\/www.zaluziemm.sk\/wp-content\/uploads\/2025\/05\/drevene_zaluzie_zaluziemv-1536x1024.jpeg 1536w, https:\/\/www.zaluziemm.sk\/wp-content\/uploads\/2025\/05\/drevene_zaluzie_zaluziemv-555x370.jpeg 555w, https:\/\/www.zaluziemm.sk\/wp-content\/uploads\/2025\/05\/drevene_zaluzie_zaluziemv-600x400.jpeg 600w\" sizes=\"auto, (max-width: 1620px) 100vw, 1620px\" \/><\/div><\/div><\/div><\/div>","protected":false},"excerpt":{"rendered":"<p>We can execute complex kitchen remodelling projects that suit your personal style and preferences. We can assist you in making minor kitchen updates or performing entire kitchen remodelling.<\/p>\n","protected":false},"author":1,"featured_media":2974,"parent":0,"menu_order":0,"comment_status":"closed","ping_status":"open","template":"","meta":{"_acf_changed":false,"inline_featured_image":false,"footnotes":""},"class_list":["post-2973","page","type-page","status-publish","has-post-thumbnail","hentry"],"acf":[],"yoast_head":"<!-- This site is optimized with the Yoast SEO plugin v27.0 - https:\/\/yoast.com\/product\/yoast-seo-wordpress\/ -->\n<title>DREVEN\u00c9 \u017dAL\u00daZIE - \u017dAL\u00daZIE MM | ROLETY \u2022 SIETE \u2022 PERGOLY<\/title>\n<meta name=\"description\" content=\"Luxusn\u00e9 dreven\u00e9 \u017eal\u00fazie. Je mo\u017en\u00e9 ich montova\u0165 na stenu, na strop ale aj na okno. Nakl\u00e1pan\u00edm lamiel si viete regulova\u0165 ko\u013eko svetla vpust\u00edte do interi\u00e9ru. Lamely m\u00f4\u017eu by\u0165 \u0161irok\u00e9 25mm alebo aj 50mm. Pou\u017eit\u00fd materi\u00e1l m\u00f4\u017ee by\u0165 drevo, alebo bambus s farebnou povrchovou \u00fapravou pod\u013ea v\u00fdberu zo vzorkovn\u00edku.\" \/>\n<meta name=\"robots\" content=\"index, follow, max-snippet:-1, max-image-preview:large, max-video-preview:-1\" \/>\n<link rel=\"canonical\" href=\"https:\/\/www.zaluziemm.sk\/index.php\/drevene-zaluzie\/\" \/>\n<meta property=\"og:locale\" content=\"sk_SK\" \/>\n<meta property=\"og:type\" content=\"article\" \/>\n<meta property=\"og:title\" content=\"P\u00c1NTOV\u00c9 SIETE PROTI HMYZU NA DVERE\" \/>\n<meta property=\"og:description\" content=\"Dvere na balk\u00f3n, terasu alebo z\u00e1hradu je v\u017edy dobr\u00e9 doplni\u0165 o siete proti hmyzu na dvere. Hlavne po\u010das leta, si m\u00f4\u017eete vychutna\u0165 \u010derstv\u00fd vzduch ko\u013eko len chcete bez otravn\u00e9ho hmyzu. Jednoduch\u00fd syst\u00e9m na p\u00e1nty a uzatv\u00e1ranie pomocou magnetov.\" \/>\n<meta property=\"og:url\" content=\"https:\/\/www.zaluziemm.sk\/index.php\/drevene-zaluzie\/\" \/>\n<meta property=\"og:site_name\" content=\"\u017dAL\u00daZIE MM | ROLETY \u2022 SIETE \u2022 PERGOLY\" \/>\n<meta property=\"og:image\" content=\"https:\/\/www.zaluziemm.sk\/wp-content\/uploads\/2025\/05\/siete_proti_hmyzu_na_dvere_plisse_zalziemv_.jpg\" \/>\n\t<meta property=\"og:image:width\" content=\"1100\" \/>\n\t<meta property=\"og:image:height\" content=\"538\" \/>\n\t<meta property=\"og:image:type\" content=\"image\/jpeg\" \/>\n<meta name=\"twitter:card\" content=\"summary_large_image\" \/>\n<meta name=\"twitter:label1\" content=\"Predpokladan\u00fd \u010das \u010d\u00edtania\" \/>\n\t<meta name=\"twitter:data1\" content=\"2 min\u00faty\" \/>\n<script type=\"application\/ld+json\" class=\"yoast-schema-graph\">{\"@context\":\"https:\/\/schema.org\",\"@graph\":[{\"@type\":\"WebPage\",\"@id\":\"https:\/\/www.zaluziemm.sk\/index.php\/drevene-zaluzie\/\",\"url\":\"https:\/\/www.zaluziemm.sk\/index.php\/drevene-zaluzie\/\",\"name\":\"DREVEN\u00c9 \u017dAL\u00daZIE - \u017dAL\u00daZIE MM | ROLETY \u2022 SIETE \u2022 PERGOLY\",\"isPartOf\":{\"@id\":\"https:\/\/www.zaluziemm.sk\/#website\"},\"primaryImageOfPage\":{\"@id\":\"https:\/\/www.zaluziemm.sk\/index.php\/drevene-zaluzie\/#primaryimage\"},\"image\":{\"@id\":\"https:\/\/www.zaluziemm.sk\/index.php\/drevene-zaluzie\/#primaryimage\"},\"thumbnailUrl\":\"https:\/\/www.zaluziemm.sk\/wp-content\/uploads\/2025\/05\/drevene_zaluzie_zaluziemv.jpeg\",\"datePublished\":\"2025-05-22T14:24:40+00:00\",\"description\":\"Luxusn\u00e9 dreven\u00e9 \u017eal\u00fazie. Je mo\u017en\u00e9 ich montova\u0165 na stenu, na strop ale aj na okno. Nakl\u00e1pan\u00edm lamiel si viete regulova\u0165 ko\u013eko svetla vpust\u00edte do interi\u00e9ru. Lamely m\u00f4\u017eu by\u0165 \u0161irok\u00e9 25mm alebo aj 50mm. Pou\u017eit\u00fd materi\u00e1l m\u00f4\u017ee by\u0165 drevo, alebo bambus s farebnou povrchovou \u00fapravou pod\u013ea v\u00fdberu zo vzorkovn\u00edku.\",\"breadcrumb\":{\"@id\":\"https:\/\/www.zaluziemm.sk\/index.php\/drevene-zaluzie\/#breadcrumb\"},\"inLanguage\":\"sk-SK\",\"potentialAction\":[{\"@type\":\"ReadAction\",\"target\":[\"https:\/\/www.zaluziemm.sk\/index.php\/drevene-zaluzie\/\"]}]},{\"@type\":\"ImageObject\",\"inLanguage\":\"sk-SK\",\"@id\":\"https:\/\/www.zaluziemm.sk\/index.php\/drevene-zaluzie\/#primaryimage\",\"url\":\"https:\/\/www.zaluziemm.sk\/wp-content\/uploads\/2025\/05\/drevene_zaluzie_zaluziemv.jpeg\",\"contentUrl\":\"https:\/\/www.zaluziemm.sk\/wp-content\/uploads\/2025\/05\/drevene_zaluzie_zaluziemv.jpeg\",\"width\":1620,\"height\":1080},{\"@type\":\"BreadcrumbList\",\"@id\":\"https:\/\/www.zaluziemm.sk\/index.php\/drevene-zaluzie\/#breadcrumb\",\"itemListElement\":[{\"@type\":\"ListItem\",\"position\":1,\"name\":\"Domovsk\u00e1 str\u00e1nka\",\"item\":\"https:\/\/www.zaluziemm.sk\/\"},{\"@type\":\"ListItem\",\"position\":2,\"name\":\"DREVEN\u00c9 \u017dAL\u00daZIE\"}]},{\"@type\":\"WebSite\",\"@id\":\"https:\/\/www.zaluziemm.sk\/#website\",\"url\":\"https:\/\/www.zaluziemm.sk\/\",\"name\":\"\u017dAL\u00daZIE MM | ROLETY \u2022 SIETE \u2022 PERGOLY\",\"description\":\"Kvalita, prec\u00edznos\u0165 a osobn\u00fd pr\u00edstup \u2013 \u017daluzie MM.\",\"potentialAction\":[{\"@type\":\"SearchAction\",\"target\":{\"@type\":\"EntryPoint\",\"urlTemplate\":\"https:\/\/www.zaluziemm.sk\/?s={search_term_string}\"},\"query-input\":{\"@type\":\"PropertyValueSpecification\",\"valueRequired\":true,\"valueName\":\"search_term_string\"}}],\"inLanguage\":\"sk-SK\"}]}<\/script>\n<!-- \/ Yoast SEO plugin. -->","yoast_head_json":{"title":"DREVEN\u00c9 \u017dAL\u00daZIE - \u017dAL\u00daZIE MM | ROLETY \u2022 SIETE \u2022 PERGOLY","description":"Luxusn\u00e9 dreven\u00e9 \u017eal\u00fazie. Je mo\u017en\u00e9 ich montova\u0165 na stenu, na strop ale aj na okno. Nakl\u00e1pan\u00edm lamiel si viete regulova\u0165 ko\u013eko svetla vpust\u00edte do interi\u00e9ru. Lamely m\u00f4\u017eu by\u0165 \u0161irok\u00e9 25mm alebo aj 50mm. Pou\u017eit\u00fd materi\u00e1l m\u00f4\u017ee by\u0165 drevo, alebo bambus s farebnou povrchovou \u00fapravou pod\u013ea v\u00fdberu zo vzorkovn\u00edku.","robots":{"index":"index","follow":"follow","max-snippet":"max-snippet:-1","max-image-preview":"max-image-preview:large","max-video-preview":"max-video-preview:-1"},"canonical":"https:\/\/www.zaluziemm.sk\/index.php\/drevene-zaluzie\/","og_locale":"sk_SK","og_type":"article","og_title":"P\u00c1NTOV\u00c9 SIETE PROTI HMYZU NA DVERE","og_description":"Dvere na balk\u00f3n, terasu alebo z\u00e1hradu je v\u017edy dobr\u00e9 doplni\u0165 o siete proti hmyzu na dvere. Hlavne po\u010das leta, si m\u00f4\u017eete vychutna\u0165 \u010derstv\u00fd vzduch ko\u013eko len chcete bez otravn\u00e9ho hmyzu. Jednoduch\u00fd syst\u00e9m na p\u00e1nty a uzatv\u00e1ranie pomocou magnetov.","og_url":"https:\/\/www.zaluziemm.sk\/index.php\/drevene-zaluzie\/","og_site_name":"\u017dAL\u00daZIE MM | ROLETY \u2022 SIETE \u2022 PERGOLY","og_image":[{"width":1100,"height":538,"url":"https:\/\/www.zaluziemm.sk\/wp-content\/uploads\/2025\/05\/siete_proti_hmyzu_na_dvere_plisse_zalziemv_.jpg","type":"image\/jpeg"}],"twitter_card":"summary_large_image","twitter_misc":{"Predpokladan\u00fd \u010das \u010d\u00edtania":"2 min\u00faty"},"schema":{"@context":"https:\/\/schema.org","@graph":[{"@type":"WebPage","@id":"https:\/\/www.zaluziemm.sk\/index.php\/drevene-zaluzie\/","url":"https:\/\/www.zaluziemm.sk\/index.php\/drevene-zaluzie\/","name":"DREVEN\u00c9 \u017dAL\u00daZIE - \u017dAL\u00daZIE MM | ROLETY \u2022 SIETE \u2022 PERGOLY","isPartOf":{"@id":"https:\/\/www.zaluziemm.sk\/#website"},"primaryImageOfPage":{"@id":"https:\/\/www.zaluziemm.sk\/index.php\/drevene-zaluzie\/#primaryimage"},"image":{"@id":"https:\/\/www.zaluziemm.sk\/index.php\/drevene-zaluzie\/#primaryimage"},"thumbnailUrl":"https:\/\/www.zaluziemm.sk\/wp-content\/uploads\/2025\/05\/drevene_zaluzie_zaluziemv.jpeg","datePublished":"2025-05-22T14:24:40+00:00","description":"Luxusn\u00e9 dreven\u00e9 \u017eal\u00fazie. Je mo\u017en\u00e9 ich montova\u0165 na stenu, na strop ale aj na okno. Nakl\u00e1pan\u00edm lamiel si viete regulova\u0165 ko\u013eko svetla vpust\u00edte do interi\u00e9ru. Lamely m\u00f4\u017eu by\u0165 \u0161irok\u00e9 25mm alebo aj 50mm. Pou\u017eit\u00fd materi\u00e1l m\u00f4\u017ee by\u0165 drevo, alebo bambus s farebnou povrchovou \u00fapravou pod\u013ea v\u00fdberu zo vzorkovn\u00edku.","breadcrumb":{"@id":"https:\/\/www.zaluziemm.sk\/index.php\/drevene-zaluzie\/#breadcrumb"},"inLanguage":"sk-SK","potentialAction":[{"@type":"ReadAction","target":["https:\/\/www.zaluziemm.sk\/index.php\/drevene-zaluzie\/"]}]},{"@type":"ImageObject","inLanguage":"sk-SK","@id":"https:\/\/www.zaluziemm.sk\/index.php\/drevene-zaluzie\/#primaryimage","url":"https:\/\/www.zaluziemm.sk\/wp-content\/uploads\/2025\/05\/drevene_zaluzie_zaluziemv.jpeg","contentUrl":"https:\/\/www.zaluziemm.sk\/wp-content\/uploads\/2025\/05\/drevene_zaluzie_zaluziemv.jpeg","width":1620,"height":1080},{"@type":"BreadcrumbList","@id":"https:\/\/www.zaluziemm.sk\/index.php\/drevene-zaluzie\/#breadcrumb","itemListElement":[{"@type":"ListItem","position":1,"name":"Domovsk\u00e1 str\u00e1nka","item":"https:\/\/www.zaluziemm.sk\/"},{"@type":"ListItem","position":2,"name":"DREVEN\u00c9 \u017dAL\u00daZIE"}]},{"@type":"WebSite","@id":"https:\/\/www.zaluziemm.sk\/#website","url":"https:\/\/www.zaluziemm.sk\/","name":"\u017dAL\u00daZIE MM | ROLETY \u2022 SIETE \u2022 PERGOLY","description":"Kvalita, prec\u00edznos\u0165 a osobn\u00fd pr\u00edstup \u2013 \u017daluzie MM.","potentialAction":[{"@type":"SearchAction","target":{"@type":"EntryPoint","urlTemplate":"https:\/\/www.zaluziemm.sk\/?s={search_term_string}"},"query-input":{"@type":"PropertyValueSpecification","valueRequired":true,"valueName":"search_term_string"}}],"inLanguage":"sk-SK"}]}},"_links":{"self":[{"href":"https:\/\/www.zaluziemm.sk\/index.php\/wp-json\/wp\/v2\/pages\/2973","targetHints":{"allow":["GET"]}}],"collection":[{"href":"https:\/\/www.zaluziemm.sk\/index.php\/wp-json\/wp\/v2\/pages"}],"about":[{"href":"https:\/\/www.zaluziemm.sk\/index.php\/wp-json\/wp\/v2\/types\/page"}],"author":[{"embeddable":true,"href":"https:\/\/www.zaluziemm.sk\/index.php\/wp-json\/wp\/v2\/users\/1"}],"replies":[{"embeddable":true,"href":"https:\/\/www.zaluziemm.sk\/index.php\/wp-json\/wp\/v2\/comments?post=2973"}],"version-history":[{"count":1,"href":"https:\/\/www.zaluziemm.sk\/index.php\/wp-json\/wp\/v2\/pages\/2973\/revisions"}],"predecessor-version":[{"id":2975,"href":"https:\/\/www.zaluziemm.sk\/index.php\/wp-json\/wp\/v2\/pages\/2973\/revisions\/2975"}],"wp:featuredmedia":[{"embeddable":true,"href":"https:\/\/www.zaluziemm.sk\/index.php\/wp-json\/wp\/v2\/media\/2974"}],"wp:attachment":[{"href":"https:\/\/www.zaluziemm.sk\/index.php\/wp-json\/wp\/v2\/media?parent=2973"}],"curies":[{"name":"wp","href":"https:\/\/api.w.org\/{rel}","templated":true}]}}