{"id":2981,"date":"2025-05-22T16:31:24","date_gmt":"2025-05-22T14:31:24","guid":{"rendered":"https:\/\/www.zaluziemm.sk\/?page_id=2981"},"modified":"2025-05-22T16:31:24","modified_gmt":"2025-05-22T14:31:24","slug":"stresne-markizy","status":"publish","type":"page","link":"https:\/\/www.zaluziemm.sk\/index.php\/stresne-markizy\/","title":{"rendered":"STRE\u0160N\u00c9 MARK\u00cdZY"},"content":{"rendered":"<div id=\"pl-2981\"  class=\"panel-layout\" ><div id=\"pg-2981-0\"  class=\"panel-grid panel-no-style\" ><div id=\"pgc-2981-0-0\"  class=\"panel-grid-cell\" ><div id=\"panel-2981-0-0-0\" class=\"so-panel widget widget_black-studio-tinymce widget_black_studio_tinymce panel-first-child panel-last-child\" data-index=\"0\" ><h3 class=\"widget-title\">STRE\u0160N\u00c9 MARK\u00cdZY<\/h3><div class=\"textwidget\"><div class=\"wpb_text_column wpb_content_element vc_custom_1644485967327\">\n<div class=\"wpb_wrapper\">\n<div class=\"wpb_text_column wpb_content_element vc_custom_1644487915889\">\n<div class=\"wpb_wrapper\">\n<div class=\"wpb_text_column wpb_content_element vc_custom_1646230120828\">\n<div class=\"wpb_wrapper\">\n<div class=\"wpb_text_column wpb_content_element  vc_custom_1644441089223\">\n<div class=\"wpb_wrapper\">\n<div class=\"wpb_text_column wpb_content_element  vc_custom_1644441089223\">\n<div class=\"wpb_wrapper\">\n<p><strong>Prehrievanie interi\u00e9ru<\/strong>\u00a0a predov\u0161etk\u00fdm sp\u00e1ln\u00ed cez stre\u0161n\u00e9 okn\u00e1\u00a0<strong>vie by\u0165<\/strong>\u00a0<strong>najnepr\u00edjemnej\u0161ie v<\/strong>\u00a0hor\u00facich letn\u00fdch\u00a0<strong>d\u0148och<\/strong>. S\u00edce to nepatr\u00ed do interi\u00e9rov\u00e9 tienenia, ke\u010f\u017ee\u00a0<strong>stre\u0161n\u00e9 mark\u00edzy<\/strong>\u00a0s\u00fa na okne z vonkaj\u0161ej strany, av\u0161ak ich mont\u00e1\u017e je mo\u017en\u00e9 vykona\u0165 aj z interi\u00e9ru.\u00a0<strong>Pr\u00e1ve v\u010faka tomu<\/strong>, \u017ee s\u00fa\u00a0<strong>montovan\u00e9<\/strong>\u00a0na\u00a0<strong>vonkaj\u0161ej strane okna<\/strong>, tak\u00a0<strong>dok\u00e1\u017eu zachyti\u0165 slne\u010dn\u00e9 l\u00fa\u010de<\/strong>\u00a0e\u0161te pred kontaktom s Va\u0161im oknom a\u00a0<strong>najefekt\u00edvnej\u0161ie eleiminuj\u00fa jeho prehrievanie.\u00a0<\/strong><\/div>\n<\/div>\n<div class=\"wpb_text_column wpb_content_element  vc_custom_1644441151066\">\n<div class=\"wpb_wrapper\">\n<p><strong>Na zatienenie<\/strong>\u00a0sa pou\u017e\u00edva\u00a0<strong>sceenov\u00e1 l\u00e1tka,<\/strong>\u00a0ktor\u00e1 je ur\u010den\u00e1\u00a0<strong>do exteri\u00e9ru<\/strong>. Tieto l\u00e1tky sa pou\u017e\u00edvaj\u00fa aj na\u00a0screenov\u00e9 rolety\u00a0a\u00a0tienenie pergol a zimn\u00fdch z\u00e1hrad.\u00a0<strong>Jednotliv\u00e9 l\u00e1tky<\/strong>\u00a0maj\u00fa\u00a0<strong>r\u00f4znu priepustnos\u0165 svetla<\/strong>\u00a0a m\u00f4\u017eu by\u0165 aj \u00faplne zatem\u0148uj\u00face. Odpor\u00fa\u010dame V\u00e1m ne\u010daka\u0165 na prv\u00e9 l\u00e9tn\u00e9 dni. Rovnako rozm\u00fd\u0161\u013eaj\u00fa aj in\u00ed z\u00e1kazn\u00edci a v letn\u00fdch mesiacoch m\u00f4\u017ee by\u0165 dodacia doba aj viac ako mesiac.<\/div>\n<\/div>\n<div class=\"wpb_text_column wpb_content_element  vc_custom_1644441192728\">\n<div class=\"wpb_wrapper\">\n<p>Ide\u00e1lne je\u00a0<strong>spoji\u0165 u\u017eito\u010dn\u00e9<\/strong>\u00a0s efekt\u00edvnym a to<strong>\u00a0stre\u0161n\u00e9 mark\u00edzy<\/strong><em>\u00a0p<\/em>on\u00fakaj\u00fa. Zatienia V\u00e1m stre\u0161n\u00e9 okno a\u00a0<strong>z\u00e1rove\u0148 pom\u00f4\u017eu s prehrievan\u00edm<\/strong>. Rolety s\u00fa pevne spojen\u00e9 s oknom a pod\u013ea toho ako ho otv\u00e1rate, tak sa h\u00fdbe aj l\u00e1tka.<\/div>\n<\/div>\n<\/div>\n<\/div>\n<\/div>\n<\/div>\n<\/div>\n<\/div>\n<\/div>\n<\/div>\n<\/div><\/div><\/div><div id=\"pgc-2981-0-1\"  class=\"panel-grid-cell\" ><div id=\"panel-2981-0-1-0\" class=\"so-panel widget widget_media_image panel-first-child panel-last-child\" data-index=\"1\" ><img loading=\"lazy\" decoding=\"async\" width=\"2560\" height=\"1306\" src=\"https:\/\/www.zaluziemm.sk\/wp-content\/uploads\/2025\/05\/stresne_markizy_zaluziemv_.jpg\" class=\"image wp-image-2982  attachment-full size-full\" alt=\"\" style=\"max-width: 100%; height: auto;\" srcset=\"https:\/\/www.zaluziemm.sk\/wp-content\/uploads\/2025\/05\/stresne_markizy_zaluziemv_.jpg 2560w, https:\/\/www.zaluziemm.sk\/wp-content\/uploads\/2025\/05\/stresne_markizy_zaluziemv_-300x153.jpg 300w, https:\/\/www.zaluziemm.sk\/wp-content\/uploads\/2025\/05\/stresne_markizy_zaluziemv_-1024x522.jpg 1024w, https:\/\/www.zaluziemm.sk\/wp-content\/uploads\/2025\/05\/stresne_markizy_zaluziemv_-768x392.jpg 768w, https:\/\/www.zaluziemm.sk\/wp-content\/uploads\/2025\/05\/stresne_markizy_zaluziemv_-1536x784.jpg 1536w, https:\/\/www.zaluziemm.sk\/wp-content\/uploads\/2025\/05\/stresne_markizy_zaluziemv_-2048x1045.jpg 2048w, https:\/\/www.zaluziemm.sk\/wp-content\/uploads\/2025\/05\/stresne_markizy_zaluziemv_-555x283.jpg 555w, https:\/\/www.zaluziemm.sk\/wp-content\/uploads\/2025\/05\/stresne_markizy_zaluziemv_-600x306.jpg 600w\" sizes=\"auto, (max-width: 2560px) 100vw, 2560px\" \/><\/div><\/div><\/div><\/div>","protected":false},"excerpt":{"rendered":"<p>We can execute complex kitchen remodelling projects that suit your personal style and preferences. We can assist you in making minor kitchen updates or performing entire kitchen remodelling.<\/p>\n","protected":false},"author":1,"featured_media":2982,"parent":0,"menu_order":0,"comment_status":"closed","ping_status":"open","template":"","meta":{"_acf_changed":false,"inline_featured_image":false,"footnotes":""},"class_list":["post-2981","page","type-page","status-publish","has-post-thumbnail","hentry"],"acf":[],"yoast_head":"<!-- This site is optimized with the Yoast SEO plugin v27.0 - https:\/\/yoast.com\/product\/yoast-seo-wordpress\/ -->\n<title>STRE\u0160N\u00c9 MARK\u00cdZY - \u017dAL\u00daZIE MM | ROLETY \u2022 SIETE \u2022 PERGOLY<\/title>\n<meta name=\"description\" content=\"Prehrievanie interi\u00e9ru a predov\u0161etk\u00fdm sp\u00e1ln\u00ed cez stre\u0161n\u00e9 okn\u00e1 vie by\u0165 najnepr\u00edjemnej\u0161ie v hor\u00facich letn\u00fdch d\u0148och. S\u00edce to nepatr\u00ed do interi\u00e9rov\u00e9 tienenia, ke\u010f\u017ee stre\u0161n\u00e9 mark\u00edzy s\u00fa na okne z vonkaj\u0161ej strany, av\u0161ak ich mont\u00e1\u017e je mo\u017en\u00e9 vykona\u0165 aj z interi\u00e9ru. Pr\u00e1ve v\u010faka tomu, \u017ee s\u00fa montovan\u00e9 na vonkaj\u0161ej strane okna, tak dok\u00e1\u017eu zachyti\u0165 slne\u010dn\u00e9 l\u00fa\u010de e\u0161te pred kontaktom s Va\u0161im oknom a najefekt\u00edvnej\u0161ie eleiminuj\u00fa jeho prehrievanie.\" \/>\n<meta name=\"robots\" content=\"index, follow, max-snippet:-1, max-image-preview:large, max-video-preview:-1\" \/>\n<link rel=\"canonical\" href=\"https:\/\/www.zaluziemm.sk\/index.php\/stresne-markizy\/\" \/>\n<meta property=\"og:locale\" content=\"sk_SK\" \/>\n<meta property=\"og:type\" content=\"article\" \/>\n<meta property=\"og:title\" content=\"P\u00c1NTOV\u00c9 SIETE PROTI HMYZU NA DVERE\" \/>\n<meta property=\"og:description\" content=\"Dvere na balk\u00f3n, terasu alebo z\u00e1hradu je v\u017edy dobr\u00e9 doplni\u0165 o siete proti hmyzu na dvere. Hlavne po\u010das leta, si m\u00f4\u017eete vychutna\u0165 \u010derstv\u00fd vzduch ko\u013eko len chcete bez otravn\u00e9ho hmyzu. Jednoduch\u00fd syst\u00e9m na p\u00e1nty a uzatv\u00e1ranie pomocou magnetov.\" \/>\n<meta property=\"og:url\" content=\"https:\/\/www.zaluziemm.sk\/index.php\/stresne-markizy\/\" \/>\n<meta property=\"og:site_name\" content=\"\u017dAL\u00daZIE MM | ROLETY \u2022 SIETE \u2022 PERGOLY\" \/>\n<meta property=\"og:image\" content=\"https:\/\/www.zaluziemm.sk\/wp-content\/uploads\/2025\/05\/siete_proti_hmyzu_na_dvere_plisse_zalziemv_.jpg\" \/>\n\t<meta property=\"og:image:width\" content=\"1100\" \/>\n\t<meta property=\"og:image:height\" content=\"538\" \/>\n\t<meta property=\"og:image:type\" content=\"image\/jpeg\" \/>\n<meta name=\"twitter:card\" content=\"summary_large_image\" \/>\n<meta name=\"twitter:label1\" content=\"Predpokladan\u00fd \u010das \u010d\u00edtania\" \/>\n\t<meta name=\"twitter:data1\" content=\"2 min\u00faty\" \/>\n<script type=\"application\/ld+json\" class=\"yoast-schema-graph\">{\"@context\":\"https:\/\/schema.org\",\"@graph\":[{\"@type\":\"WebPage\",\"@id\":\"https:\/\/www.zaluziemm.sk\/index.php\/stresne-markizy\/\",\"url\":\"https:\/\/www.zaluziemm.sk\/index.php\/stresne-markizy\/\",\"name\":\"STRE\u0160N\u00c9 MARK\u00cdZY - \u017dAL\u00daZIE MM | ROLETY \u2022 SIETE \u2022 PERGOLY\",\"isPartOf\":{\"@id\":\"https:\/\/www.zaluziemm.sk\/#website\"},\"primaryImageOfPage\":{\"@id\":\"https:\/\/www.zaluziemm.sk\/index.php\/stresne-markizy\/#primaryimage\"},\"image\":{\"@id\":\"https:\/\/www.zaluziemm.sk\/index.php\/stresne-markizy\/#primaryimage\"},\"thumbnailUrl\":\"https:\/\/www.zaluziemm.sk\/wp-content\/uploads\/2025\/05\/stresne_markizy_zaluziemv_.jpg\",\"datePublished\":\"2025-05-22T14:31:24+00:00\",\"description\":\"Prehrievanie interi\u00e9ru a predov\u0161etk\u00fdm sp\u00e1ln\u00ed cez stre\u0161n\u00e9 okn\u00e1 vie by\u0165 najnepr\u00edjemnej\u0161ie v hor\u00facich letn\u00fdch d\u0148och. S\u00edce to nepatr\u00ed do interi\u00e9rov\u00e9 tienenia, ke\u010f\u017ee stre\u0161n\u00e9 mark\u00edzy s\u00fa na okne z vonkaj\u0161ej strany, av\u0161ak ich mont\u00e1\u017e je mo\u017en\u00e9 vykona\u0165 aj z interi\u00e9ru. Pr\u00e1ve v\u010faka tomu, \u017ee s\u00fa montovan\u00e9 na vonkaj\u0161ej strane okna, tak dok\u00e1\u017eu zachyti\u0165 slne\u010dn\u00e9 l\u00fa\u010de e\u0161te pred kontaktom s Va\u0161im oknom a najefekt\u00edvnej\u0161ie eleiminuj\u00fa jeho prehrievanie.\",\"breadcrumb\":{\"@id\":\"https:\/\/www.zaluziemm.sk\/index.php\/stresne-markizy\/#breadcrumb\"},\"inLanguage\":\"sk-SK\",\"potentialAction\":[{\"@type\":\"ReadAction\",\"target\":[\"https:\/\/www.zaluziemm.sk\/index.php\/stresne-markizy\/\"]}]},{\"@type\":\"ImageObject\",\"inLanguage\":\"sk-SK\",\"@id\":\"https:\/\/www.zaluziemm.sk\/index.php\/stresne-markizy\/#primaryimage\",\"url\":\"https:\/\/www.zaluziemm.sk\/wp-content\/uploads\/2025\/05\/stresne_markizy_zaluziemv_.jpg\",\"contentUrl\":\"https:\/\/www.zaluziemm.sk\/wp-content\/uploads\/2025\/05\/stresne_markizy_zaluziemv_.jpg\",\"width\":2560,\"height\":1306},{\"@type\":\"BreadcrumbList\",\"@id\":\"https:\/\/www.zaluziemm.sk\/index.php\/stresne-markizy\/#breadcrumb\",\"itemListElement\":[{\"@type\":\"ListItem\",\"position\":1,\"name\":\"Domovsk\u00e1 str\u00e1nka\",\"item\":\"https:\/\/www.zaluziemm.sk\/\"},{\"@type\":\"ListItem\",\"position\":2,\"name\":\"STRE\u0160N\u00c9 MARK\u00cdZY\"}]},{\"@type\":\"WebSite\",\"@id\":\"https:\/\/www.zaluziemm.sk\/#website\",\"url\":\"https:\/\/www.zaluziemm.sk\/\",\"name\":\"\u017dAL\u00daZIE MM | ROLETY \u2022 SIETE \u2022 PERGOLY\",\"description\":\"Kvalita, prec\u00edznos\u0165 a osobn\u00fd pr\u00edstup \u2013 \u017daluzie MM.\",\"potentialAction\":[{\"@type\":\"SearchAction\",\"target\":{\"@type\":\"EntryPoint\",\"urlTemplate\":\"https:\/\/www.zaluziemm.sk\/?s={search_term_string}\"},\"query-input\":{\"@type\":\"PropertyValueSpecification\",\"valueRequired\":true,\"valueName\":\"search_term_string\"}}],\"inLanguage\":\"sk-SK\"}]}<\/script>\n<!-- \/ Yoast SEO plugin. -->","yoast_head_json":{"title":"STRE\u0160N\u00c9 MARK\u00cdZY - \u017dAL\u00daZIE MM | ROLETY \u2022 SIETE \u2022 PERGOLY","description":"Prehrievanie interi\u00e9ru a predov\u0161etk\u00fdm sp\u00e1ln\u00ed cez stre\u0161n\u00e9 okn\u00e1 vie by\u0165 najnepr\u00edjemnej\u0161ie v hor\u00facich letn\u00fdch d\u0148och. S\u00edce to nepatr\u00ed do interi\u00e9rov\u00e9 tienenia, ke\u010f\u017ee stre\u0161n\u00e9 mark\u00edzy s\u00fa na okne z vonkaj\u0161ej strany, av\u0161ak ich mont\u00e1\u017e je mo\u017en\u00e9 vykona\u0165 aj z interi\u00e9ru. Pr\u00e1ve v\u010faka tomu, \u017ee s\u00fa montovan\u00e9 na vonkaj\u0161ej strane okna, tak dok\u00e1\u017eu zachyti\u0165 slne\u010dn\u00e9 l\u00fa\u010de e\u0161te pred kontaktom s Va\u0161im oknom a najefekt\u00edvnej\u0161ie eleiminuj\u00fa jeho prehrievanie.","robots":{"index":"index","follow":"follow","max-snippet":"max-snippet:-1","max-image-preview":"max-image-preview:large","max-video-preview":"max-video-preview:-1"},"canonical":"https:\/\/www.zaluziemm.sk\/index.php\/stresne-markizy\/","og_locale":"sk_SK","og_type":"article","og_title":"P\u00c1NTOV\u00c9 SIETE PROTI HMYZU NA DVERE","og_description":"Dvere na balk\u00f3n, terasu alebo z\u00e1hradu je v\u017edy dobr\u00e9 doplni\u0165 o siete proti hmyzu na dvere. Hlavne po\u010das leta, si m\u00f4\u017eete vychutna\u0165 \u010derstv\u00fd vzduch ko\u013eko len chcete bez otravn\u00e9ho hmyzu. Jednoduch\u00fd syst\u00e9m na p\u00e1nty a uzatv\u00e1ranie pomocou magnetov.","og_url":"https:\/\/www.zaluziemm.sk\/index.php\/stresne-markizy\/","og_site_name":"\u017dAL\u00daZIE MM | ROLETY \u2022 SIETE \u2022 PERGOLY","og_image":[{"width":1100,"height":538,"url":"https:\/\/www.zaluziemm.sk\/wp-content\/uploads\/2025\/05\/siete_proti_hmyzu_na_dvere_plisse_zalziemv_.jpg","type":"image\/jpeg"}],"twitter_card":"summary_large_image","twitter_misc":{"Predpokladan\u00fd \u010das \u010d\u00edtania":"2 min\u00faty"},"schema":{"@context":"https:\/\/schema.org","@graph":[{"@type":"WebPage","@id":"https:\/\/www.zaluziemm.sk\/index.php\/stresne-markizy\/","url":"https:\/\/www.zaluziemm.sk\/index.php\/stresne-markizy\/","name":"STRE\u0160N\u00c9 MARK\u00cdZY - \u017dAL\u00daZIE MM | ROLETY \u2022 SIETE \u2022 PERGOLY","isPartOf":{"@id":"https:\/\/www.zaluziemm.sk\/#website"},"primaryImageOfPage":{"@id":"https:\/\/www.zaluziemm.sk\/index.php\/stresne-markizy\/#primaryimage"},"image":{"@id":"https:\/\/www.zaluziemm.sk\/index.php\/stresne-markizy\/#primaryimage"},"thumbnailUrl":"https:\/\/www.zaluziemm.sk\/wp-content\/uploads\/2025\/05\/stresne_markizy_zaluziemv_.jpg","datePublished":"2025-05-22T14:31:24+00:00","description":"Prehrievanie interi\u00e9ru a predov\u0161etk\u00fdm sp\u00e1ln\u00ed cez stre\u0161n\u00e9 okn\u00e1 vie by\u0165 najnepr\u00edjemnej\u0161ie v hor\u00facich letn\u00fdch d\u0148och. S\u00edce to nepatr\u00ed do interi\u00e9rov\u00e9 tienenia, ke\u010f\u017ee stre\u0161n\u00e9 mark\u00edzy s\u00fa na okne z vonkaj\u0161ej strany, av\u0161ak ich mont\u00e1\u017e je mo\u017en\u00e9 vykona\u0165 aj z interi\u00e9ru. Pr\u00e1ve v\u010faka tomu, \u017ee s\u00fa montovan\u00e9 na vonkaj\u0161ej strane okna, tak dok\u00e1\u017eu zachyti\u0165 slne\u010dn\u00e9 l\u00fa\u010de e\u0161te pred kontaktom s Va\u0161im oknom a najefekt\u00edvnej\u0161ie eleiminuj\u00fa jeho prehrievanie.","breadcrumb":{"@id":"https:\/\/www.zaluziemm.sk\/index.php\/stresne-markizy\/#breadcrumb"},"inLanguage":"sk-SK","potentialAction":[{"@type":"ReadAction","target":["https:\/\/www.zaluziemm.sk\/index.php\/stresne-markizy\/"]}]},{"@type":"ImageObject","inLanguage":"sk-SK","@id":"https:\/\/www.zaluziemm.sk\/index.php\/stresne-markizy\/#primaryimage","url":"https:\/\/www.zaluziemm.sk\/wp-content\/uploads\/2025\/05\/stresne_markizy_zaluziemv_.jpg","contentUrl":"https:\/\/www.zaluziemm.sk\/wp-content\/uploads\/2025\/05\/stresne_markizy_zaluziemv_.jpg","width":2560,"height":1306},{"@type":"BreadcrumbList","@id":"https:\/\/www.zaluziemm.sk\/index.php\/stresne-markizy\/#breadcrumb","itemListElement":[{"@type":"ListItem","position":1,"name":"Domovsk\u00e1 str\u00e1nka","item":"https:\/\/www.zaluziemm.sk\/"},{"@type":"ListItem","position":2,"name":"STRE\u0160N\u00c9 MARK\u00cdZY"}]},{"@type":"WebSite","@id":"https:\/\/www.zaluziemm.sk\/#website","url":"https:\/\/www.zaluziemm.sk\/","name":"\u017dAL\u00daZIE MM | ROLETY \u2022 SIETE \u2022 PERGOLY","description":"Kvalita, prec\u00edznos\u0165 a osobn\u00fd pr\u00edstup \u2013 \u017daluzie MM.","potentialAction":[{"@type":"SearchAction","target":{"@type":"EntryPoint","urlTemplate":"https:\/\/www.zaluziemm.sk\/?s={search_term_string}"},"query-input":{"@type":"PropertyValueSpecification","valueRequired":true,"valueName":"search_term_string"}}],"inLanguage":"sk-SK"}]}},"_links":{"self":[{"href":"https:\/\/www.zaluziemm.sk\/index.php\/wp-json\/wp\/v2\/pages\/2981","targetHints":{"allow":["GET"]}}],"collection":[{"href":"https:\/\/www.zaluziemm.sk\/index.php\/wp-json\/wp\/v2\/pages"}],"about":[{"href":"https:\/\/www.zaluziemm.sk\/index.php\/wp-json\/wp\/v2\/types\/page"}],"author":[{"embeddable":true,"href":"https:\/\/www.zaluziemm.sk\/index.php\/wp-json\/wp\/v2\/users\/1"}],"replies":[{"embeddable":true,"href":"https:\/\/www.zaluziemm.sk\/index.php\/wp-json\/wp\/v2\/comments?post=2981"}],"version-history":[{"count":1,"href":"https:\/\/www.zaluziemm.sk\/index.php\/wp-json\/wp\/v2\/pages\/2981\/revisions"}],"predecessor-version":[{"id":2983,"href":"https:\/\/www.zaluziemm.sk\/index.php\/wp-json\/wp\/v2\/pages\/2981\/revisions\/2983"}],"wp:featuredmedia":[{"embeddable":true,"href":"https:\/\/www.zaluziemm.sk\/index.php\/wp-json\/wp\/v2\/media\/2982"}],"wp:attachment":[{"href":"https:\/\/www.zaluziemm.sk\/index.php\/wp-json\/wp\/v2\/media?parent=2981"}],"curies":[{"name":"wp","href":"https:\/\/api.w.org\/{rel}","templated":true}]}}