{"id":2986,"date":"2025-05-22T16:47:13","date_gmt":"2025-05-22T14:47:13","guid":{"rendered":"https:\/\/www.zaluziemm.sk\/?page_id=2986"},"modified":"2025-05-22T16:48:04","modified_gmt":"2025-05-22T14:48:04","slug":"vonkajsie-zaluzie","status":"publish","type":"page","link":"https:\/\/www.zaluziemm.sk\/index.php\/vonkajsie-zaluzie\/","title":{"rendered":"VONKAJ\u0160IE \u017dAL\u00daZIE"},"content":{"rendered":"<div id=\"pl-2986\"  class=\"panel-layout\" ><div id=\"pg-2986-0\"  class=\"panel-grid panel-no-style\" ><div id=\"pgc-2986-0-0\"  class=\"panel-grid-cell\" ><div id=\"panel-2986-0-0-0\" class=\"so-panel widget widget_black-studio-tinymce widget_black_studio_tinymce panel-first-child panel-last-child\" data-index=\"0\" ><h3 class=\"widget-title\">VONKAJ\u0160IE \u017dAL\u00daZIE<\/h3><div class=\"textwidget\"><div class=\"wpb_text_column wpb_content_element vc_custom_1644485967327\">\n<div class=\"wpb_wrapper\">\n<div class=\"wpb_text_column wpb_content_element vc_custom_1644487915889\">\n<div class=\"wpb_wrapper\">\n<div class=\"wpb_text_column wpb_content_element  vc_custom_1644394317761\">\n<div class=\"wpb_wrapper\">\n<p><strong>Exteri\u00e9rov\u00e9 \u017eal\u00fazie<\/strong>, ktor\u00e9 chr\u00e1nia v\u00e1\u0161 interi\u00e9r pred poveternostn\u00fdmi vplyvmi. \u0160peci\u00e1lny tvar lamiel u vonkaj\u0161\u00edch \u017eal\u00fazi\u00ed zais\u0165uje\u00a0<strong>vynikaj\u00face zatienenie<\/strong>\u00a0a poskytuje\u00a0<strong>vysok\u00fd termoregula\u010dn\u00fd efekt<\/strong>. T\u00fato technol\u00f3giu vyu\u017e\u00edva\u00a0<strong>najvyspelej\u0161ia gener\u00e1cia vonkaj\u0161\u00edch \u017eal\u00fazi\u00ed<\/strong>\u00a0a je vhodn\u00e1 na zatienenie rodinn\u00fdch domov aj administrat\u00edvnych budov.<\/div>\n<\/div>\n<div class=\"wpb_text_column wpb_content_element  vc_custom_1644394365215\">\n<div class=\"wpb_wrapper\">\n<p><strong>Lamely<\/strong>\u00a0extern\u00fdch horizont\u00e1lnych\u00a0<strong>\u017eal\u00fazi\u00ed<\/strong>\u00a0vytv\u00e1raj\u00fa v zavretom stave celistv\u00fa,\u00a0<strong>dokonale tieniacu plochu<\/strong>\u00a0a po celej d\u013a\u017eke lamely je vlisovan\u00e1 guma, ktor\u00e1\u00a0<strong>zvy\u0161uje termoregula\u010dn\u00e9 p\u00f4sobenie<\/strong>\u00a0vonkaj\u0161ej \u017eal\u00fazie. \u017dal\u00fazia t\u00fdm\u00a0<strong>efekt\u00edvne<\/strong>\u00a0podporuje termoizola\u010dn\u00e9 vlastnosti domu a\u00a0<strong>\u0161etr\u00ed energie<\/strong>.<\/div>\n<\/div>\n<div class=\"wpb_text_column wpb_content_element  vc_custom_1644396312709\">\n<div class=\"wpb_wrapper\">\n<p>Predokenn\u00e1\u00a0<strong>vonkaj\u0161ia \u017eal\u00fazia<\/strong>\u00a0vytv\u00e1ra optim\u00e1lne prostredie z poh\u013eadu sveteln\u00fdch a tepeln\u00fdch podmienok.\u00a0<strong>\u0160etr\u00ed n\u00e1klady<\/strong>\u00a0na klimatiz\u00e1ciu a vytv\u00e1ra\u00a0<strong>pr\u00edjemn\u00fa kl\u00edmu interi\u00e9ru<\/strong>.\u00a0<em>Vonkaj\u0161ie \u017eal\u00fazie<\/em>\u00a0\u00fa\u010dinne\u00a0<strong>chr\u00e1nia interi\u00e9r<\/strong>\u00a0bytu pred teplom a\u00a0<strong>pon\u00fakaj\u00fa<\/strong>\u00a0mo\u017enos\u0165<strong>\u00a0regulova\u0165 mno\u017estvo slne\u010dn\u00fdch l\u00fa\u010dov<\/strong>, ktor\u00e9 dopadaj\u00fa do izby.<\/div>\n<\/div>\n<div class=\"wpb_text_column wpb_content_element  vc_custom_1644396355812\">\n<div class=\"wpb_wrapper\">\n<p>Samonosn\u00e9 exteri\u00e9rov\u00e9 \u017eal\u00fazie m\u00f4\u017eu by\u0165 vybeven\u00e9 integrovanou sie\u0165kou proti hmyzu.\u00a0 Vonkaj\u0161ie \u017eal\u00fazie tie\u017e\u00a0<strong>ochr\u00e1nia<\/strong>\u00a0va\u0161e s\u00fakromie a\u00a0<strong>zvy\u0161uj\u00fa bezpe\u010dnos\u0165 domu.<\/strong>\u00a0Cez hlin\u00edkov\u00e9 li\u0161ty\u00a0<strong>vonkaj\u0161\u00edch \u017eal\u00fazi\u00ed<\/strong>\u00a0sa nik len tak \u013eahko nedostane. Okrem tieniacej a bezpe\u010dnostnej funkcie\u00a0<strong>dotv\u00e1raj\u00fa<\/strong>\u00a0vonkaj\u0161ie \u017eal\u00fazie\u00a0<strong>vzh\u013ead<\/strong>\u00a0<strong>v\u00e1\u0161ho domu<\/strong>. Dostupn\u00e9 s\u00fa v mnoh\u00fdch farb\u00e1ch.<\/div>\n<\/div>\n<\/div>\n<\/div>\n<\/div>\n<\/div>\n<\/div><\/div><\/div><div id=\"pgc-2986-0-1\"  class=\"panel-grid-cell\" ><div id=\"panel-2986-0-1-0\" class=\"so-panel widget widget_media_image panel-first-child panel-last-child\" data-index=\"1\" ><img loading=\"lazy\" decoding=\"async\" width=\"1920\" height=\"1280\" src=\"https:\/\/www.zaluziemm.sk\/wp-content\/uploads\/2025\/05\/01_Frgb.jpg\" class=\"image wp-image-2988  attachment-full size-full\" alt=\"\" style=\"max-width: 100%; height: auto;\" srcset=\"https:\/\/www.zaluziemm.sk\/wp-content\/uploads\/2025\/05\/01_Frgb.jpg 1920w, https:\/\/www.zaluziemm.sk\/wp-content\/uploads\/2025\/05\/01_Frgb-300x200.jpg 300w, https:\/\/www.zaluziemm.sk\/wp-content\/uploads\/2025\/05\/01_Frgb-1024x683.jpg 1024w, https:\/\/www.zaluziemm.sk\/wp-content\/uploads\/2025\/05\/01_Frgb-768x512.jpg 768w, https:\/\/www.zaluziemm.sk\/wp-content\/uploads\/2025\/05\/01_Frgb-1536x1024.jpg 1536w, https:\/\/www.zaluziemm.sk\/wp-content\/uploads\/2025\/05\/01_Frgb-555x370.jpg 555w, https:\/\/www.zaluziemm.sk\/wp-content\/uploads\/2025\/05\/01_Frgb-600x400.jpg 600w\" sizes=\"auto, (max-width: 1920px) 100vw, 1920px\" \/><\/div><\/div><\/div><\/div>","protected":false},"excerpt":{"rendered":"<p>We can execute complex kitchen remodelling projects that suit your personal style and preferences. We can assist you in making minor kitchen updates or performing entire kitchen remodelling.<\/p>\n","protected":false},"author":1,"featured_media":2988,"parent":0,"menu_order":0,"comment_status":"closed","ping_status":"open","template":"","meta":{"_acf_changed":false,"inline_featured_image":false,"footnotes":""},"class_list":["post-2986","page","type-page","status-publish","has-post-thumbnail","hentry"],"acf":[],"yoast_head":"<!-- This site is optimized with the Yoast SEO plugin v27.0 - https:\/\/yoast.com\/product\/yoast-seo-wordpress\/ -->\n<title>VONKAJ\u0160IE \u017dAL\u00daZIE - \u017dAL\u00daZIE MM | ROLETY \u2022 SIETE \u2022 PERGOLY<\/title>\n<meta name=\"description\" content=\"Exteri\u00e9rov\u00e9 \u017eal\u00fazie, ktor\u00e9 chr\u00e1nia v\u00e1\u0161 interi\u00e9r pred poveternostn\u00fdmi vplyvmi. \u0160peci\u00e1lny tvar lamiel u vonkaj\u0161\u00edch \u017eal\u00fazi\u00ed zais\u0165uje vynikaj\u00face zatienenie a poskytuje vysok\u00fd termoregula\u010dn\u00fd efekt. T\u00fato technol\u00f3giu vyu\u017e\u00edva najvyspelej\u0161ia gener\u00e1cia vonkaj\u0161\u00edch \u017eal\u00fazi\u00ed a je vhodn\u00e1 na zatienenie rodinn\u00fdch domov aj administrat\u00edvnych budov.\" \/>\n<meta name=\"robots\" content=\"index, follow, max-snippet:-1, max-image-preview:large, max-video-preview:-1\" \/>\n<link rel=\"canonical\" href=\"https:\/\/www.zaluziemm.sk\/index.php\/vonkajsie-zaluzie\/\" \/>\n<meta property=\"og:locale\" content=\"sk_SK\" \/>\n<meta property=\"og:type\" content=\"article\" \/>\n<meta property=\"og:title\" content=\"P\u00c1NTOV\u00c9 SIETE PROTI HMYZU NA DVERE\" \/>\n<meta property=\"og:description\" content=\"Dvere na balk\u00f3n, terasu alebo z\u00e1hradu je v\u017edy dobr\u00e9 doplni\u0165 o siete proti hmyzu na dvere. Hlavne po\u010das leta, si m\u00f4\u017eete vychutna\u0165 \u010derstv\u00fd vzduch ko\u013eko len chcete bez otravn\u00e9ho hmyzu. Jednoduch\u00fd syst\u00e9m na p\u00e1nty a uzatv\u00e1ranie pomocou magnetov.\" \/>\n<meta property=\"og:url\" content=\"https:\/\/www.zaluziemm.sk\/index.php\/vonkajsie-zaluzie\/\" \/>\n<meta property=\"og:site_name\" content=\"\u017dAL\u00daZIE MM | ROLETY \u2022 SIETE \u2022 PERGOLY\" \/>\n<meta property=\"article:modified_time\" content=\"2025-05-22T14:48:04+00:00\" \/>\n<meta property=\"og:image\" content=\"https:\/\/www.zaluziemm.sk\/wp-content\/uploads\/2025\/05\/siete_proti_hmyzu_na_dvere_plisse_zalziemv_.jpg\" \/>\n\t<meta property=\"og:image:width\" content=\"1100\" \/>\n\t<meta property=\"og:image:height\" content=\"538\" \/>\n\t<meta property=\"og:image:type\" content=\"image\/jpeg\" \/>\n<meta name=\"twitter:card\" content=\"summary_large_image\" \/>\n<meta name=\"twitter:label1\" content=\"Predpokladan\u00fd \u010das \u010d\u00edtania\" \/>\n\t<meta name=\"twitter:data1\" content=\"2 min\u00faty\" \/>\n<script type=\"application\/ld+json\" class=\"yoast-schema-graph\">{\"@context\":\"https:\/\/schema.org\",\"@graph\":[{\"@type\":\"WebPage\",\"@id\":\"https:\/\/www.zaluziemm.sk\/index.php\/vonkajsie-zaluzie\/\",\"url\":\"https:\/\/www.zaluziemm.sk\/index.php\/vonkajsie-zaluzie\/\",\"name\":\"VONKAJ\u0160IE \u017dAL\u00daZIE - \u017dAL\u00daZIE MM | ROLETY \u2022 SIETE \u2022 PERGOLY\",\"isPartOf\":{\"@id\":\"https:\/\/www.zaluziemm.sk\/#website\"},\"primaryImageOfPage\":{\"@id\":\"https:\/\/www.zaluziemm.sk\/index.php\/vonkajsie-zaluzie\/#primaryimage\"},\"image\":{\"@id\":\"https:\/\/www.zaluziemm.sk\/index.php\/vonkajsie-zaluzie\/#primaryimage\"},\"thumbnailUrl\":\"https:\/\/www.zaluziemm.sk\/wp-content\/uploads\/2025\/05\/01_Frgb.jpg\",\"datePublished\":\"2025-05-22T14:47:13+00:00\",\"dateModified\":\"2025-05-22T14:48:04+00:00\",\"description\":\"Exteri\u00e9rov\u00e9 \u017eal\u00fazie, ktor\u00e9 chr\u00e1nia v\u00e1\u0161 interi\u00e9r pred poveternostn\u00fdmi vplyvmi. \u0160peci\u00e1lny tvar lamiel u vonkaj\u0161\u00edch \u017eal\u00fazi\u00ed zais\u0165uje vynikaj\u00face zatienenie a poskytuje vysok\u00fd termoregula\u010dn\u00fd efekt. T\u00fato technol\u00f3giu vyu\u017e\u00edva najvyspelej\u0161ia gener\u00e1cia vonkaj\u0161\u00edch \u017eal\u00fazi\u00ed a je vhodn\u00e1 na zatienenie rodinn\u00fdch domov aj administrat\u00edvnych budov.\",\"breadcrumb\":{\"@id\":\"https:\/\/www.zaluziemm.sk\/index.php\/vonkajsie-zaluzie\/#breadcrumb\"},\"inLanguage\":\"sk-SK\",\"potentialAction\":[{\"@type\":\"ReadAction\",\"target\":[\"https:\/\/www.zaluziemm.sk\/index.php\/vonkajsie-zaluzie\/\"]}]},{\"@type\":\"ImageObject\",\"inLanguage\":\"sk-SK\",\"@id\":\"https:\/\/www.zaluziemm.sk\/index.php\/vonkajsie-zaluzie\/#primaryimage\",\"url\":\"https:\/\/www.zaluziemm.sk\/wp-content\/uploads\/2025\/05\/01_Frgb.jpg\",\"contentUrl\":\"https:\/\/www.zaluziemm.sk\/wp-content\/uploads\/2025\/05\/01_Frgb.jpg\",\"width\":1920,\"height\":1280},{\"@type\":\"BreadcrumbList\",\"@id\":\"https:\/\/www.zaluziemm.sk\/index.php\/vonkajsie-zaluzie\/#breadcrumb\",\"itemListElement\":[{\"@type\":\"ListItem\",\"position\":1,\"name\":\"Domovsk\u00e1 str\u00e1nka\",\"item\":\"https:\/\/www.zaluziemm.sk\/\"},{\"@type\":\"ListItem\",\"position\":2,\"name\":\"VONKAJ\u0160IE \u017dAL\u00daZIE\"}]},{\"@type\":\"WebSite\",\"@id\":\"https:\/\/www.zaluziemm.sk\/#website\",\"url\":\"https:\/\/www.zaluziemm.sk\/\",\"name\":\"\u017dAL\u00daZIE MM | ROLETY \u2022 SIETE \u2022 PERGOLY\",\"description\":\"Kvalita, prec\u00edznos\u0165 a osobn\u00fd pr\u00edstup \u2013 \u017daluzie MM.\",\"potentialAction\":[{\"@type\":\"SearchAction\",\"target\":{\"@type\":\"EntryPoint\",\"urlTemplate\":\"https:\/\/www.zaluziemm.sk\/?s={search_term_string}\"},\"query-input\":{\"@type\":\"PropertyValueSpecification\",\"valueRequired\":true,\"valueName\":\"search_term_string\"}}],\"inLanguage\":\"sk-SK\"}]}<\/script>\n<!-- \/ Yoast SEO plugin. -->","yoast_head_json":{"title":"VONKAJ\u0160IE \u017dAL\u00daZIE - \u017dAL\u00daZIE MM | ROLETY \u2022 SIETE \u2022 PERGOLY","description":"Exteri\u00e9rov\u00e9 \u017eal\u00fazie, ktor\u00e9 chr\u00e1nia v\u00e1\u0161 interi\u00e9r pred poveternostn\u00fdmi vplyvmi. \u0160peci\u00e1lny tvar lamiel u vonkaj\u0161\u00edch \u017eal\u00fazi\u00ed zais\u0165uje vynikaj\u00face zatienenie a poskytuje vysok\u00fd termoregula\u010dn\u00fd efekt. T\u00fato technol\u00f3giu vyu\u017e\u00edva najvyspelej\u0161ia gener\u00e1cia vonkaj\u0161\u00edch \u017eal\u00fazi\u00ed a je vhodn\u00e1 na zatienenie rodinn\u00fdch domov aj administrat\u00edvnych budov.","robots":{"index":"index","follow":"follow","max-snippet":"max-snippet:-1","max-image-preview":"max-image-preview:large","max-video-preview":"max-video-preview:-1"},"canonical":"https:\/\/www.zaluziemm.sk\/index.php\/vonkajsie-zaluzie\/","og_locale":"sk_SK","og_type":"article","og_title":"P\u00c1NTOV\u00c9 SIETE PROTI HMYZU NA DVERE","og_description":"Dvere na balk\u00f3n, terasu alebo z\u00e1hradu je v\u017edy dobr\u00e9 doplni\u0165 o siete proti hmyzu na dvere. Hlavne po\u010das leta, si m\u00f4\u017eete vychutna\u0165 \u010derstv\u00fd vzduch ko\u013eko len chcete bez otravn\u00e9ho hmyzu. Jednoduch\u00fd syst\u00e9m na p\u00e1nty a uzatv\u00e1ranie pomocou magnetov.","og_url":"https:\/\/www.zaluziemm.sk\/index.php\/vonkajsie-zaluzie\/","og_site_name":"\u017dAL\u00daZIE MM | ROLETY \u2022 SIETE \u2022 PERGOLY","article_modified_time":"2025-05-22T14:48:04+00:00","og_image":[{"width":1100,"height":538,"url":"https:\/\/www.zaluziemm.sk\/wp-content\/uploads\/2025\/05\/siete_proti_hmyzu_na_dvere_plisse_zalziemv_.jpg","type":"image\/jpeg"}],"twitter_card":"summary_large_image","twitter_misc":{"Predpokladan\u00fd \u010das \u010d\u00edtania":"2 min\u00faty"},"schema":{"@context":"https:\/\/schema.org","@graph":[{"@type":"WebPage","@id":"https:\/\/www.zaluziemm.sk\/index.php\/vonkajsie-zaluzie\/","url":"https:\/\/www.zaluziemm.sk\/index.php\/vonkajsie-zaluzie\/","name":"VONKAJ\u0160IE \u017dAL\u00daZIE - \u017dAL\u00daZIE MM | ROLETY \u2022 SIETE \u2022 PERGOLY","isPartOf":{"@id":"https:\/\/www.zaluziemm.sk\/#website"},"primaryImageOfPage":{"@id":"https:\/\/www.zaluziemm.sk\/index.php\/vonkajsie-zaluzie\/#primaryimage"},"image":{"@id":"https:\/\/www.zaluziemm.sk\/index.php\/vonkajsie-zaluzie\/#primaryimage"},"thumbnailUrl":"https:\/\/www.zaluziemm.sk\/wp-content\/uploads\/2025\/05\/01_Frgb.jpg","datePublished":"2025-05-22T14:47:13+00:00","dateModified":"2025-05-22T14:48:04+00:00","description":"Exteri\u00e9rov\u00e9 \u017eal\u00fazie, ktor\u00e9 chr\u00e1nia v\u00e1\u0161 interi\u00e9r pred poveternostn\u00fdmi vplyvmi. \u0160peci\u00e1lny tvar lamiel u vonkaj\u0161\u00edch \u017eal\u00fazi\u00ed zais\u0165uje vynikaj\u00face zatienenie a poskytuje vysok\u00fd termoregula\u010dn\u00fd efekt. T\u00fato technol\u00f3giu vyu\u017e\u00edva najvyspelej\u0161ia gener\u00e1cia vonkaj\u0161\u00edch \u017eal\u00fazi\u00ed a je vhodn\u00e1 na zatienenie rodinn\u00fdch domov aj administrat\u00edvnych budov.","breadcrumb":{"@id":"https:\/\/www.zaluziemm.sk\/index.php\/vonkajsie-zaluzie\/#breadcrumb"},"inLanguage":"sk-SK","potentialAction":[{"@type":"ReadAction","target":["https:\/\/www.zaluziemm.sk\/index.php\/vonkajsie-zaluzie\/"]}]},{"@type":"ImageObject","inLanguage":"sk-SK","@id":"https:\/\/www.zaluziemm.sk\/index.php\/vonkajsie-zaluzie\/#primaryimage","url":"https:\/\/www.zaluziemm.sk\/wp-content\/uploads\/2025\/05\/01_Frgb.jpg","contentUrl":"https:\/\/www.zaluziemm.sk\/wp-content\/uploads\/2025\/05\/01_Frgb.jpg","width":1920,"height":1280},{"@type":"BreadcrumbList","@id":"https:\/\/www.zaluziemm.sk\/index.php\/vonkajsie-zaluzie\/#breadcrumb","itemListElement":[{"@type":"ListItem","position":1,"name":"Domovsk\u00e1 str\u00e1nka","item":"https:\/\/www.zaluziemm.sk\/"},{"@type":"ListItem","position":2,"name":"VONKAJ\u0160IE \u017dAL\u00daZIE"}]},{"@type":"WebSite","@id":"https:\/\/www.zaluziemm.sk\/#website","url":"https:\/\/www.zaluziemm.sk\/","name":"\u017dAL\u00daZIE MM | ROLETY \u2022 SIETE \u2022 PERGOLY","description":"Kvalita, prec\u00edznos\u0165 a osobn\u00fd pr\u00edstup \u2013 \u017daluzie MM.","potentialAction":[{"@type":"SearchAction","target":{"@type":"EntryPoint","urlTemplate":"https:\/\/www.zaluziemm.sk\/?s={search_term_string}"},"query-input":{"@type":"PropertyValueSpecification","valueRequired":true,"valueName":"search_term_string"}}],"inLanguage":"sk-SK"}]}},"_links":{"self":[{"href":"https:\/\/www.zaluziemm.sk\/index.php\/wp-json\/wp\/v2\/pages\/2986","targetHints":{"allow":["GET"]}}],"collection":[{"href":"https:\/\/www.zaluziemm.sk\/index.php\/wp-json\/wp\/v2\/pages"}],"about":[{"href":"https:\/\/www.zaluziemm.sk\/index.php\/wp-json\/wp\/v2\/types\/page"}],"author":[{"embeddable":true,"href":"https:\/\/www.zaluziemm.sk\/index.php\/wp-json\/wp\/v2\/users\/1"}],"replies":[{"embeddable":true,"href":"https:\/\/www.zaluziemm.sk\/index.php\/wp-json\/wp\/v2\/comments?post=2986"}],"version-history":[{"count":2,"href":"https:\/\/www.zaluziemm.sk\/index.php\/wp-json\/wp\/v2\/pages\/2986\/revisions"}],"predecessor-version":[{"id":2991,"href":"https:\/\/www.zaluziemm.sk\/index.php\/wp-json\/wp\/v2\/pages\/2986\/revisions\/2991"}],"wp:featuredmedia":[{"embeddable":true,"href":"https:\/\/www.zaluziemm.sk\/index.php\/wp-json\/wp\/v2\/media\/2988"}],"wp:attachment":[{"href":"https:\/\/www.zaluziemm.sk\/index.php\/wp-json\/wp\/v2\/media?parent=2986"}],"curies":[{"name":"wp","href":"https:\/\/api.w.org\/{rel}","templated":true}]}}