{"id":2996,"date":"2025-05-22T16:52:01","date_gmt":"2025-05-22T14:52:01","guid":{"rendered":"https:\/\/www.zaluziemm.sk\/?page_id=2996"},"modified":"2025-05-22T16:52:01","modified_gmt":"2025-05-22T14:52:01","slug":"hlinikove-pergoly","status":"publish","type":"page","link":"https:\/\/www.zaluziemm.sk\/index.php\/hlinikove-pergoly\/","title":{"rendered":"HLIN\u00cdKOV\u00c9 PERGOLY"},"content":{"rendered":"<div id=\"pl-2996\"  class=\"panel-layout\" ><div id=\"pg-2996-0\"  class=\"panel-grid panel-no-style\" ><div id=\"pgc-2996-0-0\"  class=\"panel-grid-cell\" ><div id=\"panel-2996-0-0-0\" class=\"so-panel widget widget_black-studio-tinymce widget_black_studio_tinymce panel-first-child panel-last-child\" data-index=\"0\" ><h3 class=\"widget-title\">HLIN\u00cdKOV\u00c9 PERGOLY<\/h3><div class=\"textwidget\"><div class=\"wpb_text_column wpb_content_element vc_custom_1644485967327\">\n<div class=\"wpb_wrapper\">\n<div class=\"wpb_text_column wpb_content_element vc_custom_1644487915889\">\n<div class=\"wpb_wrapper\">\n<div class=\"wpb_text_column wpb_content_element  vc_custom_1644400020454\">\n<div class=\"wpb_wrapper\">\n<p><strong>Hlin\u00edkov\u00e1 pergola<\/strong>\u00a0zv\u00e4\u010d\u0161i obytn\u00fd priestor domu (hotela, kaviarne, inej prev\u00e1dzky) a z\u00e1rove\u0148\u00a0<strong>prepoj\u00ed dom so z\u00e1hradou<\/strong>. Je priestorom pre\u00a0<strong>relax<\/strong>\u00a0a Va\u0161u\u00a0<strong>pohodu domova<\/strong>, kde sa m\u00f4\u017eu\u00a0<strong>hra\u0165 Va\u0161e deti<\/strong>\u00a0na \u010derstvom vzduchu.\u00a0<strong>Hlin\u00edkov\u00e1 pergola<\/strong>\u00a0je trend, ktor\u00fd z\u00e1rove\u0148\u00a0<strong>zvy\u0161uje \u0161tandard domu<\/strong>\u00a0ale aj jeho trhov\u00fa hodnotu, teda nie je len invest\u00edcia.<\/div>\n<\/div>\n<div class=\"wpb_text_column wpb_content_element  vc_custom_1644400438014\">\n<div class=\"wpb_wrapper\">\n<p><strong>V\u00fdhodou<\/strong>\u00a0bioklimatick\u00fdch\u00a0<strong>pergol\u00a0<\/strong>je pohybliv\u00fd\u00a0<strong>stre\u0161n\u00fd slnolam<\/strong>. Ten disponuje hne\u010f\u00a0<strong>nieko\u013ek\u00fdmi funkciami<\/strong>\u00a0\u2013 po\u010das hor\u00facich letn\u00fdch dn\u00ed naklon\u00ed lamely tak, aby\u00a0<strong>zabr\u00e1nil priamemu slne\u010dn\u00e9mu svitu<\/strong>\u00a0a z\u00e1rove\u0148\u00a0<strong>odvetr\u00e1val vn\u00fatro pergoly<\/strong>, tak\u017ee v\u00e1m bude\u00a0<strong>pr\u00edjemne<\/strong>\u00a0<strong>aj<\/strong>\u00a0v t\u00fdch najv\u00e4\u010d\u0161\u00edch\u00a0<strong>hor\u00fa\u010dav\u00e1ch<\/strong>\u00a0a po\u010das\u00a0<strong>da\u017ediv\u00fdch dn\u00ed<\/strong>\u00a0si lamely\u00a0<strong>uzatvor\u00edte<\/strong>\u00a0\u010d\u00edm va\u0161u terasu\u00a0<strong>ochran\u00ed<\/strong>\u00a0pred nepriazniv\u00fdmi\u00a0<strong>poveternostn\u00fdmi vplyvmi<\/strong>. N\u00e1sledne pergola odvedie da\u017e\u010fov\u00fa vodu do z\u00e1hrady alebo priamo do kanaliz\u00e1cie.<\/div>\n<\/div>\n<\/div>\n<\/div>\n<\/div>\n<\/div>\n<\/div><\/div><\/div><div id=\"pgc-2996-0-1\"  class=\"panel-grid-cell\" ><div id=\"panel-2996-0-1-0\" class=\"so-panel widget widget_media_image panel-first-child panel-last-child\" data-index=\"1\" ><img loading=\"lazy\" decoding=\"async\" width=\"960\" height=\"720\" src=\"https:\/\/www.zaluziemm.sk\/wp-content\/uploads\/2025\/05\/R1.jpg\" class=\"image wp-image-2997  attachment-full size-full\" alt=\"\" style=\"max-width: 100%; height: auto;\" srcset=\"https:\/\/www.zaluziemm.sk\/wp-content\/uploads\/2025\/05\/R1.jpg 960w, https:\/\/www.zaluziemm.sk\/wp-content\/uploads\/2025\/05\/R1-300x225.jpg 300w, https:\/\/www.zaluziemm.sk\/wp-content\/uploads\/2025\/05\/R1-768x576.jpg 768w, https:\/\/www.zaluziemm.sk\/wp-content\/uploads\/2025\/05\/R1-555x416.jpg 555w, https:\/\/www.zaluziemm.sk\/wp-content\/uploads\/2025\/05\/R1-100x75.jpg 100w, https:\/\/www.zaluziemm.sk\/wp-content\/uploads\/2025\/05\/R1-600x450.jpg 600w\" sizes=\"auto, (max-width: 960px) 100vw, 960px\" \/><\/div><\/div><\/div><\/div>","protected":false},"excerpt":{"rendered":"<p>We can execute complex kitchen remodelling projects that suit your personal style and preferences. We can assist you in making minor kitchen updates or performing entire kitchen remodelling.<\/p>\n","protected":false},"author":1,"featured_media":2997,"parent":0,"menu_order":0,"comment_status":"closed","ping_status":"open","template":"","meta":{"_acf_changed":false,"inline_featured_image":false,"footnotes":""},"class_list":["post-2996","page","type-page","status-publish","has-post-thumbnail","hentry"],"acf":[],"yoast_head":"<!-- This site is optimized with the Yoast SEO plugin v27.0 - https:\/\/yoast.com\/product\/yoast-seo-wordpress\/ -->\n<title>HLIN\u00cdKOV\u00c9 PERGOLY - \u017dAL\u00daZIE MM | ROLETY \u2022 SIETE \u2022 PERGOLY<\/title>\n<meta name=\"description\" content=\"Hlin\u00edkov\u00e1 pergola zv\u00e4\u010d\u0161i obytn\u00fd priestor domu (hotela, kaviarne, inej prev\u00e1dzky) a z\u00e1rove\u0148 prepoj\u00ed dom so z\u00e1hradou. Je priestorom pre relax a Va\u0161u pohodu domova, kde sa m\u00f4\u017eu hra\u0165 Va\u0161e deti na \u010derstvom vzduchu. Hlin\u00edkov\u00e1 pergola je trend, ktor\u00fd z\u00e1rove\u0148 zvy\u0161uje \u0161tandard domu ale aj jeho trhov\u00fa hodnotu, teda nie je len invest\u00edcia.\" \/>\n<meta name=\"robots\" content=\"index, follow, max-snippet:-1, max-image-preview:large, max-video-preview:-1\" \/>\n<link rel=\"canonical\" href=\"https:\/\/www.zaluziemm.sk\/index.php\/hlinikove-pergoly\/\" \/>\n<meta property=\"og:locale\" content=\"sk_SK\" \/>\n<meta property=\"og:type\" content=\"article\" \/>\n<meta property=\"og:title\" content=\"P\u00c1NTOV\u00c9 SIETE PROTI HMYZU NA DVERE\" \/>\n<meta property=\"og:description\" content=\"Dvere na balk\u00f3n, terasu alebo z\u00e1hradu je v\u017edy dobr\u00e9 doplni\u0165 o siete proti hmyzu na dvere. Hlavne po\u010das leta, si m\u00f4\u017eete vychutna\u0165 \u010derstv\u00fd vzduch ko\u013eko len chcete bez otravn\u00e9ho hmyzu. Jednoduch\u00fd syst\u00e9m na p\u00e1nty a uzatv\u00e1ranie pomocou magnetov.\" \/>\n<meta property=\"og:url\" content=\"https:\/\/www.zaluziemm.sk\/index.php\/hlinikove-pergoly\/\" \/>\n<meta property=\"og:site_name\" content=\"\u017dAL\u00daZIE MM | ROLETY \u2022 SIETE \u2022 PERGOLY\" \/>\n<meta property=\"og:image\" content=\"https:\/\/www.zaluziemm.sk\/wp-content\/uploads\/2025\/05\/siete_proti_hmyzu_na_dvere_plisse_zalziemv_.jpg\" \/>\n\t<meta property=\"og:image:width\" content=\"1100\" \/>\n\t<meta property=\"og:image:height\" content=\"538\" \/>\n\t<meta property=\"og:image:type\" content=\"image\/jpeg\" \/>\n<meta name=\"twitter:card\" content=\"summary_large_image\" \/>\n<meta name=\"twitter:label1\" content=\"Predpokladan\u00fd \u010das \u010d\u00edtania\" \/>\n\t<meta name=\"twitter:data1\" content=\"2 min\u00faty\" \/>\n<script type=\"application\/ld+json\" class=\"yoast-schema-graph\">{\"@context\":\"https:\/\/schema.org\",\"@graph\":[{\"@type\":\"WebPage\",\"@id\":\"https:\/\/www.zaluziemm.sk\/index.php\/hlinikove-pergoly\/\",\"url\":\"https:\/\/www.zaluziemm.sk\/index.php\/hlinikove-pergoly\/\",\"name\":\"HLIN\u00cdKOV\u00c9 PERGOLY - \u017dAL\u00daZIE MM | ROLETY \u2022 SIETE \u2022 PERGOLY\",\"isPartOf\":{\"@id\":\"https:\/\/www.zaluziemm.sk\/#website\"},\"primaryImageOfPage\":{\"@id\":\"https:\/\/www.zaluziemm.sk\/index.php\/hlinikove-pergoly\/#primaryimage\"},\"image\":{\"@id\":\"https:\/\/www.zaluziemm.sk\/index.php\/hlinikove-pergoly\/#primaryimage\"},\"thumbnailUrl\":\"https:\/\/www.zaluziemm.sk\/wp-content\/uploads\/2025\/05\/R1.jpg\",\"datePublished\":\"2025-05-22T14:52:01+00:00\",\"description\":\"Hlin\u00edkov\u00e1 pergola zv\u00e4\u010d\u0161i obytn\u00fd priestor domu (hotela, kaviarne, inej prev\u00e1dzky) a z\u00e1rove\u0148 prepoj\u00ed dom so z\u00e1hradou. Je priestorom pre relax a Va\u0161u pohodu domova, kde sa m\u00f4\u017eu hra\u0165 Va\u0161e deti na \u010derstvom vzduchu. Hlin\u00edkov\u00e1 pergola je trend, ktor\u00fd z\u00e1rove\u0148 zvy\u0161uje \u0161tandard domu ale aj jeho trhov\u00fa hodnotu, teda nie je len invest\u00edcia.\",\"breadcrumb\":{\"@id\":\"https:\/\/www.zaluziemm.sk\/index.php\/hlinikove-pergoly\/#breadcrumb\"},\"inLanguage\":\"sk-SK\",\"potentialAction\":[{\"@type\":\"ReadAction\",\"target\":[\"https:\/\/www.zaluziemm.sk\/index.php\/hlinikove-pergoly\/\"]}]},{\"@type\":\"ImageObject\",\"inLanguage\":\"sk-SK\",\"@id\":\"https:\/\/www.zaluziemm.sk\/index.php\/hlinikove-pergoly\/#primaryimage\",\"url\":\"https:\/\/www.zaluziemm.sk\/wp-content\/uploads\/2025\/05\/R1.jpg\",\"contentUrl\":\"https:\/\/www.zaluziemm.sk\/wp-content\/uploads\/2025\/05\/R1.jpg\",\"width\":960,\"height\":720},{\"@type\":\"BreadcrumbList\",\"@id\":\"https:\/\/www.zaluziemm.sk\/index.php\/hlinikove-pergoly\/#breadcrumb\",\"itemListElement\":[{\"@type\":\"ListItem\",\"position\":1,\"name\":\"Domovsk\u00e1 str\u00e1nka\",\"item\":\"https:\/\/www.zaluziemm.sk\/\"},{\"@type\":\"ListItem\",\"position\":2,\"name\":\"HLIN\u00cdKOV\u00c9 PERGOLY\"}]},{\"@type\":\"WebSite\",\"@id\":\"https:\/\/www.zaluziemm.sk\/#website\",\"url\":\"https:\/\/www.zaluziemm.sk\/\",\"name\":\"\u017dAL\u00daZIE MM | ROLETY \u2022 SIETE \u2022 PERGOLY\",\"description\":\"Kvalita, prec\u00edznos\u0165 a osobn\u00fd pr\u00edstup \u2013 \u017daluzie MM.\",\"potentialAction\":[{\"@type\":\"SearchAction\",\"target\":{\"@type\":\"EntryPoint\",\"urlTemplate\":\"https:\/\/www.zaluziemm.sk\/?s={search_term_string}\"},\"query-input\":{\"@type\":\"PropertyValueSpecification\",\"valueRequired\":true,\"valueName\":\"search_term_string\"}}],\"inLanguage\":\"sk-SK\"}]}<\/script>\n<!-- \/ Yoast SEO plugin. -->","yoast_head_json":{"title":"HLIN\u00cdKOV\u00c9 PERGOLY - \u017dAL\u00daZIE MM | ROLETY \u2022 SIETE \u2022 PERGOLY","description":"Hlin\u00edkov\u00e1 pergola zv\u00e4\u010d\u0161i obytn\u00fd priestor domu (hotela, kaviarne, inej prev\u00e1dzky) a z\u00e1rove\u0148 prepoj\u00ed dom so z\u00e1hradou. Je priestorom pre relax a Va\u0161u pohodu domova, kde sa m\u00f4\u017eu hra\u0165 Va\u0161e deti na \u010derstvom vzduchu. Hlin\u00edkov\u00e1 pergola je trend, ktor\u00fd z\u00e1rove\u0148 zvy\u0161uje \u0161tandard domu ale aj jeho trhov\u00fa hodnotu, teda nie je len invest\u00edcia.","robots":{"index":"index","follow":"follow","max-snippet":"max-snippet:-1","max-image-preview":"max-image-preview:large","max-video-preview":"max-video-preview:-1"},"canonical":"https:\/\/www.zaluziemm.sk\/index.php\/hlinikove-pergoly\/","og_locale":"sk_SK","og_type":"article","og_title":"P\u00c1NTOV\u00c9 SIETE PROTI HMYZU NA DVERE","og_description":"Dvere na balk\u00f3n, terasu alebo z\u00e1hradu je v\u017edy dobr\u00e9 doplni\u0165 o siete proti hmyzu na dvere. Hlavne po\u010das leta, si m\u00f4\u017eete vychutna\u0165 \u010derstv\u00fd vzduch ko\u013eko len chcete bez otravn\u00e9ho hmyzu. Jednoduch\u00fd syst\u00e9m na p\u00e1nty a uzatv\u00e1ranie pomocou magnetov.","og_url":"https:\/\/www.zaluziemm.sk\/index.php\/hlinikove-pergoly\/","og_site_name":"\u017dAL\u00daZIE MM | ROLETY \u2022 SIETE \u2022 PERGOLY","og_image":[{"width":1100,"height":538,"url":"https:\/\/www.zaluziemm.sk\/wp-content\/uploads\/2025\/05\/siete_proti_hmyzu_na_dvere_plisse_zalziemv_.jpg","type":"image\/jpeg"}],"twitter_card":"summary_large_image","twitter_misc":{"Predpokladan\u00fd \u010das \u010d\u00edtania":"2 min\u00faty"},"schema":{"@context":"https:\/\/schema.org","@graph":[{"@type":"WebPage","@id":"https:\/\/www.zaluziemm.sk\/index.php\/hlinikove-pergoly\/","url":"https:\/\/www.zaluziemm.sk\/index.php\/hlinikove-pergoly\/","name":"HLIN\u00cdKOV\u00c9 PERGOLY - \u017dAL\u00daZIE MM | ROLETY \u2022 SIETE \u2022 PERGOLY","isPartOf":{"@id":"https:\/\/www.zaluziemm.sk\/#website"},"primaryImageOfPage":{"@id":"https:\/\/www.zaluziemm.sk\/index.php\/hlinikove-pergoly\/#primaryimage"},"image":{"@id":"https:\/\/www.zaluziemm.sk\/index.php\/hlinikove-pergoly\/#primaryimage"},"thumbnailUrl":"https:\/\/www.zaluziemm.sk\/wp-content\/uploads\/2025\/05\/R1.jpg","datePublished":"2025-05-22T14:52:01+00:00","description":"Hlin\u00edkov\u00e1 pergola zv\u00e4\u010d\u0161i obytn\u00fd priestor domu (hotela, kaviarne, inej prev\u00e1dzky) a z\u00e1rove\u0148 prepoj\u00ed dom so z\u00e1hradou. Je priestorom pre relax a Va\u0161u pohodu domova, kde sa m\u00f4\u017eu hra\u0165 Va\u0161e deti na \u010derstvom vzduchu. Hlin\u00edkov\u00e1 pergola je trend, ktor\u00fd z\u00e1rove\u0148 zvy\u0161uje \u0161tandard domu ale aj jeho trhov\u00fa hodnotu, teda nie je len invest\u00edcia.","breadcrumb":{"@id":"https:\/\/www.zaluziemm.sk\/index.php\/hlinikove-pergoly\/#breadcrumb"},"inLanguage":"sk-SK","potentialAction":[{"@type":"ReadAction","target":["https:\/\/www.zaluziemm.sk\/index.php\/hlinikove-pergoly\/"]}]},{"@type":"ImageObject","inLanguage":"sk-SK","@id":"https:\/\/www.zaluziemm.sk\/index.php\/hlinikove-pergoly\/#primaryimage","url":"https:\/\/www.zaluziemm.sk\/wp-content\/uploads\/2025\/05\/R1.jpg","contentUrl":"https:\/\/www.zaluziemm.sk\/wp-content\/uploads\/2025\/05\/R1.jpg","width":960,"height":720},{"@type":"BreadcrumbList","@id":"https:\/\/www.zaluziemm.sk\/index.php\/hlinikove-pergoly\/#breadcrumb","itemListElement":[{"@type":"ListItem","position":1,"name":"Domovsk\u00e1 str\u00e1nka","item":"https:\/\/www.zaluziemm.sk\/"},{"@type":"ListItem","position":2,"name":"HLIN\u00cdKOV\u00c9 PERGOLY"}]},{"@type":"WebSite","@id":"https:\/\/www.zaluziemm.sk\/#website","url":"https:\/\/www.zaluziemm.sk\/","name":"\u017dAL\u00daZIE MM | ROLETY \u2022 SIETE \u2022 PERGOLY","description":"Kvalita, prec\u00edznos\u0165 a osobn\u00fd pr\u00edstup \u2013 \u017daluzie MM.","potentialAction":[{"@type":"SearchAction","target":{"@type":"EntryPoint","urlTemplate":"https:\/\/www.zaluziemm.sk\/?s={search_term_string}"},"query-input":{"@type":"PropertyValueSpecification","valueRequired":true,"valueName":"search_term_string"}}],"inLanguage":"sk-SK"}]}},"_links":{"self":[{"href":"https:\/\/www.zaluziemm.sk\/index.php\/wp-json\/wp\/v2\/pages\/2996","targetHints":{"allow":["GET"]}}],"collection":[{"href":"https:\/\/www.zaluziemm.sk\/index.php\/wp-json\/wp\/v2\/pages"}],"about":[{"href":"https:\/\/www.zaluziemm.sk\/index.php\/wp-json\/wp\/v2\/types\/page"}],"author":[{"embeddable":true,"href":"https:\/\/www.zaluziemm.sk\/index.php\/wp-json\/wp\/v2\/users\/1"}],"replies":[{"embeddable":true,"href":"https:\/\/www.zaluziemm.sk\/index.php\/wp-json\/wp\/v2\/comments?post=2996"}],"version-history":[{"count":1,"href":"https:\/\/www.zaluziemm.sk\/index.php\/wp-json\/wp\/v2\/pages\/2996\/revisions"}],"predecessor-version":[{"id":2998,"href":"https:\/\/www.zaluziemm.sk\/index.php\/wp-json\/wp\/v2\/pages\/2996\/revisions\/2998"}],"wp:featuredmedia":[{"embeddable":true,"href":"https:\/\/www.zaluziemm.sk\/index.php\/wp-json\/wp\/v2\/media\/2997"}],"wp:attachment":[{"href":"https:\/\/www.zaluziemm.sk\/index.php\/wp-json\/wp\/v2\/media?parent=2996"}],"curies":[{"name":"wp","href":"https:\/\/api.w.org\/{rel}","templated":true}]}}