{"id":3000,"date":"2025-05-22T16:54:03","date_gmt":"2025-05-22T14:54:03","guid":{"rendered":"https:\/\/www.zaluziemm.sk\/?page_id=3000"},"modified":"2025-05-22T16:54:03","modified_gmt":"2025-05-22T14:54:03","slug":"tienenie-pergol-a-zimnych-zahrad","status":"publish","type":"page","link":"https:\/\/www.zaluziemm.sk\/index.php\/tienenie-pergol-a-zimnych-zahrad\/","title":{"rendered":"TIENENIE PERGOL A ZIMN\u00ddCH Z\u00c1HRAD"},"content":{"rendered":"<div id=\"pl-3000\"  class=\"panel-layout\" ><div id=\"pg-3000-0\"  class=\"panel-grid panel-no-style\" ><div id=\"pgc-3000-0-0\"  class=\"panel-grid-cell\" ><div id=\"panel-3000-0-0-0\" class=\"so-panel widget widget_black-studio-tinymce widget_black_studio_tinymce panel-first-child panel-last-child\" data-index=\"0\" ><h3 class=\"widget-title\">HLIN\u00cdKOV\u00c9 PERGOLY<\/h3><div class=\"textwidget\"><div class=\"wpb_text_column wpb_content_element vc_custom_1644485967327\">\n<div class=\"wpb_wrapper\">\n<div class=\"wpb_text_column wpb_content_element vc_custom_1644487915889\">\n<div class=\"wpb_wrapper\">\n<div class=\"wpb_text_column wpb_content_element vc_custom_1644400020454\">\n<div class=\"wpb_wrapper\">\n<div class=\"wpb_text_column wpb_content_element  vc_custom_1644402283566\">\n<div class=\"wpb_wrapper\">\n<p>V<strong>\u00a0letn\u00fdch mesiacoch<\/strong>\u00a0m\u00f4\u017eete\u00a0<strong>potrebova\u0165<\/strong>\u00a0aj nejak\u00e9 dodato\u010dn\u00e9\u00a0<strong>tienenie<\/strong>\u00a0v podobe bo\u010dn\u00fdch\u00a0<strong>screenov\u00fdch roliet<\/strong>, alebo\u00a0<strong>stre\u0161n\u00fdm tienen\u00edm<\/strong>. Predov\u0161etk\u00fdm ke\u010f\u00a0<strong>m\u00e1te<\/strong>\u00a0<strong>pergolu so strechou zo skla<\/strong>, alebo\u00a0<strong>polykarbon\u00e1tu<\/strong>, ur\u010dite ocen\u00edte na\u0161e\u00a0<strong>stre\u0161n\u00e9 rolety<\/strong>, ktor\u00e9 s\u00fa\u00a0<strong>ovl\u00e1dan\u00e9 elektromotorom<\/strong>\u00a0a teda si ich\u00a0<strong>zatienenie<\/strong>\u00a0viete prisp\u00f4sobi\u0165\u00a0<strong>pod\u013ea potreby<\/strong>.Pergoly V\u00e1m poskytuj\u00fa roz\u0161\u00edri\u0165 si svoju ob\u00fdvaciu \u010das\u0165 okolo domu aj na z\u00e1hrade, alebo terase.<\/div>\n<\/div>\n<div class=\"wpb_text_column wpb_content_element  vc_custom_1644398714995\">\n<div class=\"wpb_wrapper\">\n<p><strong>V\u0161etky modely<\/strong>\u00a0vonkaj\u0161\u00edch hlin\u00edkov\u00fdch\u00a0<strong>roliet<\/strong>\u00a0pon\u00fakaj\u00fa\u00a0<strong>kvalitn\u00e9 zatienenie<\/strong>,\u00a0<strong>termoregul\u00e1ciu<\/strong>, zn\u00ed\u017eenie hluku a<strong>\u00a0zv\u00fd\u0161en\u00fa ochranu<\/strong>\u00a0pred zl\u00fdmi poveternostn\u00fdmi podmienkami. S\u00fa dostupn\u00e9 v\u00a0<strong>r\u00f4znych farebn\u00fdch odtie\u0148och<\/strong>.<\/div>\n<\/div>\n<\/div>\n<\/div>\n<\/div>\n<\/div>\n<\/div>\n<\/div>\n<\/div><\/div><\/div><div id=\"pgc-3000-0-1\"  class=\"panel-grid-cell\" ><div id=\"panel-3000-0-1-0\" class=\"so-panel widget widget_media_image panel-first-child panel-last-child\" data-index=\"1\" ><img loading=\"lazy\" decoding=\"async\" width=\"1385\" height=\"920\" src=\"https:\/\/www.zaluziemm.sk\/wp-content\/uploads\/2025\/05\/tienenie_pergol_a__zimnych_zahrad_zaluziemv_1.jpg\" class=\"image wp-image-3001  attachment-full size-full\" alt=\"\" style=\"max-width: 100%; height: auto;\" srcset=\"https:\/\/www.zaluziemm.sk\/wp-content\/uploads\/2025\/05\/tienenie_pergol_a__zimnych_zahrad_zaluziemv_1.jpg 1385w, https:\/\/www.zaluziemm.sk\/wp-content\/uploads\/2025\/05\/tienenie_pergol_a__zimnych_zahrad_zaluziemv_1-300x199.jpg 300w, https:\/\/www.zaluziemm.sk\/wp-content\/uploads\/2025\/05\/tienenie_pergol_a__zimnych_zahrad_zaluziemv_1-1024x680.jpg 1024w, https:\/\/www.zaluziemm.sk\/wp-content\/uploads\/2025\/05\/tienenie_pergol_a__zimnych_zahrad_zaluziemv_1-768x510.jpg 768w, https:\/\/www.zaluziemm.sk\/wp-content\/uploads\/2025\/05\/tienenie_pergol_a__zimnych_zahrad_zaluziemv_1-555x369.jpg 555w, https:\/\/www.zaluziemm.sk\/wp-content\/uploads\/2025\/05\/tienenie_pergol_a__zimnych_zahrad_zaluziemv_1-600x399.jpg 600w\" sizes=\"auto, (max-width: 1385px) 100vw, 1385px\" \/><\/div><\/div><\/div><\/div>","protected":false},"excerpt":{"rendered":"<p>We can execute complex kitchen remodelling projects that suit your personal style and preferences. We can assist you in making minor kitchen updates or performing entire kitchen remodelling.<\/p>\n","protected":false},"author":1,"featured_media":3001,"parent":0,"menu_order":0,"comment_status":"closed","ping_status":"open","template":"","meta":{"_acf_changed":false,"inline_featured_image":false,"footnotes":""},"class_list":["post-3000","page","type-page","status-publish","has-post-thumbnail","hentry"],"acf":[],"yoast_head":"<!-- This site is optimized with the Yoast SEO plugin v27.0 - https:\/\/yoast.com\/product\/yoast-seo-wordpress\/ -->\n<title>TIENENIE PERGOL A ZIMN\u00ddCH Z\u00c1HRAD - \u017dAL\u00daZIE MM | ROLETY \u2022 SIETE \u2022 PERGOLY<\/title>\n<meta name=\"description\" content=\"V letn\u00fdch mesiacoch m\u00f4\u017eete potrebova\u0165 aj nejak\u00e9 dodato\u010dn\u00e9 tienenie v podobe bo\u010dn\u00fdch screenov\u00fdch roliet, alebo stre\u0161n\u00fdm tienen\u00edm. Predov\u0161etk\u00fdm ke\u010f m\u00e1te pergolu so strechou zo skla, alebo polykarbon\u00e1tu, ur\u010dite ocen\u00edte na\u0161e stre\u0161n\u00e9 rolety, ktor\u00e9 s\u00fa ovl\u00e1dan\u00e9 elektromotorom a teda si ich zatienenie viete prisp\u00f4sobi\u0165 pod\u013ea potreby.\" \/>\n<meta name=\"robots\" content=\"index, follow, max-snippet:-1, max-image-preview:large, max-video-preview:-1\" \/>\n<link rel=\"canonical\" href=\"https:\/\/www.zaluziemm.sk\/index.php\/tienenie-pergol-a-zimnych-zahrad\/\" \/>\n<meta property=\"og:locale\" content=\"sk_SK\" \/>\n<meta property=\"og:type\" content=\"article\" \/>\n<meta property=\"og:title\" content=\"P\u00c1NTOV\u00c9 SIETE PROTI HMYZU NA DVERE\" \/>\n<meta property=\"og:description\" content=\"Dvere na balk\u00f3n, terasu alebo z\u00e1hradu je v\u017edy dobr\u00e9 doplni\u0165 o siete proti hmyzu na dvere. Hlavne po\u010das leta, si m\u00f4\u017eete vychutna\u0165 \u010derstv\u00fd vzduch ko\u013eko len chcete bez otravn\u00e9ho hmyzu. Jednoduch\u00fd syst\u00e9m na p\u00e1nty a uzatv\u00e1ranie pomocou magnetov.\" \/>\n<meta property=\"og:url\" content=\"https:\/\/www.zaluziemm.sk\/index.php\/tienenie-pergol-a-zimnych-zahrad\/\" \/>\n<meta property=\"og:site_name\" content=\"\u017dAL\u00daZIE MM | ROLETY \u2022 SIETE \u2022 PERGOLY\" \/>\n<meta property=\"og:image\" content=\"https:\/\/www.zaluziemm.sk\/wp-content\/uploads\/2025\/05\/siete_proti_hmyzu_na_dvere_plisse_zalziemv_.jpg\" \/>\n\t<meta property=\"og:image:width\" content=\"1100\" \/>\n\t<meta property=\"og:image:height\" content=\"538\" \/>\n\t<meta property=\"og:image:type\" content=\"image\/jpeg\" \/>\n<meta name=\"twitter:card\" content=\"summary_large_image\" \/>\n<meta name=\"twitter:label1\" content=\"Predpokladan\u00fd \u010das \u010d\u00edtania\" \/>\n\t<meta name=\"twitter:data1\" content=\"1 min\u00fata\" \/>\n<script type=\"application\/ld+json\" class=\"yoast-schema-graph\">{\"@context\":\"https:\/\/schema.org\",\"@graph\":[{\"@type\":\"WebPage\",\"@id\":\"https:\/\/www.zaluziemm.sk\/index.php\/tienenie-pergol-a-zimnych-zahrad\/\",\"url\":\"https:\/\/www.zaluziemm.sk\/index.php\/tienenie-pergol-a-zimnych-zahrad\/\",\"name\":\"TIENENIE PERGOL A ZIMN\u00ddCH Z\u00c1HRAD - \u017dAL\u00daZIE MM | ROLETY \u2022 SIETE \u2022 PERGOLY\",\"isPartOf\":{\"@id\":\"https:\/\/www.zaluziemm.sk\/#website\"},\"primaryImageOfPage\":{\"@id\":\"https:\/\/www.zaluziemm.sk\/index.php\/tienenie-pergol-a-zimnych-zahrad\/#primaryimage\"},\"image\":{\"@id\":\"https:\/\/www.zaluziemm.sk\/index.php\/tienenie-pergol-a-zimnych-zahrad\/#primaryimage\"},\"thumbnailUrl\":\"https:\/\/www.zaluziemm.sk\/wp-content\/uploads\/2025\/05\/tienenie_pergol_a__zimnych_zahrad_zaluziemv_1.jpg\",\"datePublished\":\"2025-05-22T14:54:03+00:00\",\"description\":\"V letn\u00fdch mesiacoch m\u00f4\u017eete potrebova\u0165 aj nejak\u00e9 dodato\u010dn\u00e9 tienenie v podobe bo\u010dn\u00fdch screenov\u00fdch roliet, alebo stre\u0161n\u00fdm tienen\u00edm. Predov\u0161etk\u00fdm ke\u010f m\u00e1te pergolu so strechou zo skla, alebo polykarbon\u00e1tu, ur\u010dite ocen\u00edte na\u0161e stre\u0161n\u00e9 rolety, ktor\u00e9 s\u00fa ovl\u00e1dan\u00e9 elektromotorom a teda si ich zatienenie viete prisp\u00f4sobi\u0165 pod\u013ea potreby.\",\"breadcrumb\":{\"@id\":\"https:\/\/www.zaluziemm.sk\/index.php\/tienenie-pergol-a-zimnych-zahrad\/#breadcrumb\"},\"inLanguage\":\"sk-SK\",\"potentialAction\":[{\"@type\":\"ReadAction\",\"target\":[\"https:\/\/www.zaluziemm.sk\/index.php\/tienenie-pergol-a-zimnych-zahrad\/\"]}]},{\"@type\":\"ImageObject\",\"inLanguage\":\"sk-SK\",\"@id\":\"https:\/\/www.zaluziemm.sk\/index.php\/tienenie-pergol-a-zimnych-zahrad\/#primaryimage\",\"url\":\"https:\/\/www.zaluziemm.sk\/wp-content\/uploads\/2025\/05\/tienenie_pergol_a__zimnych_zahrad_zaluziemv_1.jpg\",\"contentUrl\":\"https:\/\/www.zaluziemm.sk\/wp-content\/uploads\/2025\/05\/tienenie_pergol_a__zimnych_zahrad_zaluziemv_1.jpg\",\"width\":1385,\"height\":920},{\"@type\":\"BreadcrumbList\",\"@id\":\"https:\/\/www.zaluziemm.sk\/index.php\/tienenie-pergol-a-zimnych-zahrad\/#breadcrumb\",\"itemListElement\":[{\"@type\":\"ListItem\",\"position\":1,\"name\":\"Domovsk\u00e1 str\u00e1nka\",\"item\":\"https:\/\/www.zaluziemm.sk\/\"},{\"@type\":\"ListItem\",\"position\":2,\"name\":\"TIENENIE PERGOL A ZIMN\u00ddCH Z\u00c1HRAD\"}]},{\"@type\":\"WebSite\",\"@id\":\"https:\/\/www.zaluziemm.sk\/#website\",\"url\":\"https:\/\/www.zaluziemm.sk\/\",\"name\":\"\u017dAL\u00daZIE MM | ROLETY \u2022 SIETE \u2022 PERGOLY\",\"description\":\"Kvalita, prec\u00edznos\u0165 a osobn\u00fd pr\u00edstup \u2013 \u017daluzie MM.\",\"potentialAction\":[{\"@type\":\"SearchAction\",\"target\":{\"@type\":\"EntryPoint\",\"urlTemplate\":\"https:\/\/www.zaluziemm.sk\/?s={search_term_string}\"},\"query-input\":{\"@type\":\"PropertyValueSpecification\",\"valueRequired\":true,\"valueName\":\"search_term_string\"}}],\"inLanguage\":\"sk-SK\"}]}<\/script>\n<!-- \/ Yoast SEO plugin. -->","yoast_head_json":{"title":"TIENENIE PERGOL A ZIMN\u00ddCH Z\u00c1HRAD - \u017dAL\u00daZIE MM | ROLETY \u2022 SIETE \u2022 PERGOLY","description":"V letn\u00fdch mesiacoch m\u00f4\u017eete potrebova\u0165 aj nejak\u00e9 dodato\u010dn\u00e9 tienenie v podobe bo\u010dn\u00fdch screenov\u00fdch roliet, alebo stre\u0161n\u00fdm tienen\u00edm. Predov\u0161etk\u00fdm ke\u010f m\u00e1te pergolu so strechou zo skla, alebo polykarbon\u00e1tu, ur\u010dite ocen\u00edte na\u0161e stre\u0161n\u00e9 rolety, ktor\u00e9 s\u00fa ovl\u00e1dan\u00e9 elektromotorom a teda si ich zatienenie viete prisp\u00f4sobi\u0165 pod\u013ea potreby.","robots":{"index":"index","follow":"follow","max-snippet":"max-snippet:-1","max-image-preview":"max-image-preview:large","max-video-preview":"max-video-preview:-1"},"canonical":"https:\/\/www.zaluziemm.sk\/index.php\/tienenie-pergol-a-zimnych-zahrad\/","og_locale":"sk_SK","og_type":"article","og_title":"P\u00c1NTOV\u00c9 SIETE PROTI HMYZU NA DVERE","og_description":"Dvere na balk\u00f3n, terasu alebo z\u00e1hradu je v\u017edy dobr\u00e9 doplni\u0165 o siete proti hmyzu na dvere. Hlavne po\u010das leta, si m\u00f4\u017eete vychutna\u0165 \u010derstv\u00fd vzduch ko\u013eko len chcete bez otravn\u00e9ho hmyzu. Jednoduch\u00fd syst\u00e9m na p\u00e1nty a uzatv\u00e1ranie pomocou magnetov.","og_url":"https:\/\/www.zaluziemm.sk\/index.php\/tienenie-pergol-a-zimnych-zahrad\/","og_site_name":"\u017dAL\u00daZIE MM | ROLETY \u2022 SIETE \u2022 PERGOLY","og_image":[{"width":1100,"height":538,"url":"https:\/\/www.zaluziemm.sk\/wp-content\/uploads\/2025\/05\/siete_proti_hmyzu_na_dvere_plisse_zalziemv_.jpg","type":"image\/jpeg"}],"twitter_card":"summary_large_image","twitter_misc":{"Predpokladan\u00fd \u010das \u010d\u00edtania":"1 min\u00fata"},"schema":{"@context":"https:\/\/schema.org","@graph":[{"@type":"WebPage","@id":"https:\/\/www.zaluziemm.sk\/index.php\/tienenie-pergol-a-zimnych-zahrad\/","url":"https:\/\/www.zaluziemm.sk\/index.php\/tienenie-pergol-a-zimnych-zahrad\/","name":"TIENENIE PERGOL A ZIMN\u00ddCH Z\u00c1HRAD - \u017dAL\u00daZIE MM | ROLETY \u2022 SIETE \u2022 PERGOLY","isPartOf":{"@id":"https:\/\/www.zaluziemm.sk\/#website"},"primaryImageOfPage":{"@id":"https:\/\/www.zaluziemm.sk\/index.php\/tienenie-pergol-a-zimnych-zahrad\/#primaryimage"},"image":{"@id":"https:\/\/www.zaluziemm.sk\/index.php\/tienenie-pergol-a-zimnych-zahrad\/#primaryimage"},"thumbnailUrl":"https:\/\/www.zaluziemm.sk\/wp-content\/uploads\/2025\/05\/tienenie_pergol_a__zimnych_zahrad_zaluziemv_1.jpg","datePublished":"2025-05-22T14:54:03+00:00","description":"V letn\u00fdch mesiacoch m\u00f4\u017eete potrebova\u0165 aj nejak\u00e9 dodato\u010dn\u00e9 tienenie v podobe bo\u010dn\u00fdch screenov\u00fdch roliet, alebo stre\u0161n\u00fdm tienen\u00edm. Predov\u0161etk\u00fdm ke\u010f m\u00e1te pergolu so strechou zo skla, alebo polykarbon\u00e1tu, ur\u010dite ocen\u00edte na\u0161e stre\u0161n\u00e9 rolety, ktor\u00e9 s\u00fa ovl\u00e1dan\u00e9 elektromotorom a teda si ich zatienenie viete prisp\u00f4sobi\u0165 pod\u013ea potreby.","breadcrumb":{"@id":"https:\/\/www.zaluziemm.sk\/index.php\/tienenie-pergol-a-zimnych-zahrad\/#breadcrumb"},"inLanguage":"sk-SK","potentialAction":[{"@type":"ReadAction","target":["https:\/\/www.zaluziemm.sk\/index.php\/tienenie-pergol-a-zimnych-zahrad\/"]}]},{"@type":"ImageObject","inLanguage":"sk-SK","@id":"https:\/\/www.zaluziemm.sk\/index.php\/tienenie-pergol-a-zimnych-zahrad\/#primaryimage","url":"https:\/\/www.zaluziemm.sk\/wp-content\/uploads\/2025\/05\/tienenie_pergol_a__zimnych_zahrad_zaluziemv_1.jpg","contentUrl":"https:\/\/www.zaluziemm.sk\/wp-content\/uploads\/2025\/05\/tienenie_pergol_a__zimnych_zahrad_zaluziemv_1.jpg","width":1385,"height":920},{"@type":"BreadcrumbList","@id":"https:\/\/www.zaluziemm.sk\/index.php\/tienenie-pergol-a-zimnych-zahrad\/#breadcrumb","itemListElement":[{"@type":"ListItem","position":1,"name":"Domovsk\u00e1 str\u00e1nka","item":"https:\/\/www.zaluziemm.sk\/"},{"@type":"ListItem","position":2,"name":"TIENENIE PERGOL A ZIMN\u00ddCH Z\u00c1HRAD"}]},{"@type":"WebSite","@id":"https:\/\/www.zaluziemm.sk\/#website","url":"https:\/\/www.zaluziemm.sk\/","name":"\u017dAL\u00daZIE MM | ROLETY \u2022 SIETE \u2022 PERGOLY","description":"Kvalita, prec\u00edznos\u0165 a osobn\u00fd pr\u00edstup \u2013 \u017daluzie MM.","potentialAction":[{"@type":"SearchAction","target":{"@type":"EntryPoint","urlTemplate":"https:\/\/www.zaluziemm.sk\/?s={search_term_string}"},"query-input":{"@type":"PropertyValueSpecification","valueRequired":true,"valueName":"search_term_string"}}],"inLanguage":"sk-SK"}]}},"_links":{"self":[{"href":"https:\/\/www.zaluziemm.sk\/index.php\/wp-json\/wp\/v2\/pages\/3000","targetHints":{"allow":["GET"]}}],"collection":[{"href":"https:\/\/www.zaluziemm.sk\/index.php\/wp-json\/wp\/v2\/pages"}],"about":[{"href":"https:\/\/www.zaluziemm.sk\/index.php\/wp-json\/wp\/v2\/types\/page"}],"author":[{"embeddable":true,"href":"https:\/\/www.zaluziemm.sk\/index.php\/wp-json\/wp\/v2\/users\/1"}],"replies":[{"embeddable":true,"href":"https:\/\/www.zaluziemm.sk\/index.php\/wp-json\/wp\/v2\/comments?post=3000"}],"version-history":[{"count":1,"href":"https:\/\/www.zaluziemm.sk\/index.php\/wp-json\/wp\/v2\/pages\/3000\/revisions"}],"predecessor-version":[{"id":3002,"href":"https:\/\/www.zaluziemm.sk\/index.php\/wp-json\/wp\/v2\/pages\/3000\/revisions\/3002"}],"wp:featuredmedia":[{"embeddable":true,"href":"https:\/\/www.zaluziemm.sk\/index.php\/wp-json\/wp\/v2\/media\/3001"}],"wp:attachment":[{"href":"https:\/\/www.zaluziemm.sk\/index.php\/wp-json\/wp\/v2\/media?parent=3000"}],"curies":[{"name":"wp","href":"https:\/\/api.w.org\/{rel}","templated":true}]}}