{"id":3004,"date":"2025-05-22T16:56:31","date_gmt":"2025-05-22T14:56:31","guid":{"rendered":"https:\/\/www.zaluziemm.sk\/?page_id=3004"},"modified":"2025-05-22T16:56:31","modified_gmt":"2025-05-22T14:56:31","slug":"screenove-rolety","status":"publish","type":"page","link":"https:\/\/www.zaluziemm.sk\/index.php\/screenove-rolety\/","title":{"rendered":"SCREENOV\u00c9 ROLETY"},"content":{"rendered":"<div id=\"pl-3004\"  class=\"panel-layout\" ><div id=\"pg-3004-0\"  class=\"panel-grid panel-no-style\" ><div id=\"pgc-3004-0-0\"  class=\"panel-grid-cell\" ><div id=\"panel-3004-0-0-0\" class=\"so-panel widget widget_black-studio-tinymce widget_black_studio_tinymce panel-first-child panel-last-child\" data-index=\"0\" ><h3 class=\"widget-title\">SCREENOV\u00c9 ROLETY<\/h3><div class=\"textwidget\"><div class=\"wpb_text_column wpb_content_element vc_custom_1644485967327\">\n<div class=\"wpb_wrapper\">\n<div class=\"wpb_text_column wpb_content_element vc_custom_1644487915889\">\n<div class=\"wpb_wrapper\">\n<div class=\"wpb_text_column wpb_content_element vc_custom_1644400020454\">\n<div class=\"wpb_wrapper\">\n<div class=\"wpb_text_column wpb_content_element  vc_custom_1644403883257\">\n<div class=\"wpb_wrapper\">\n<p>Dod\u00e1vaj\u00fa budov\u00e1m\u00a0<strong>nad\u010dasov\u00fd modern\u00fd vzh\u013ead<\/strong>. Technick\u00e9 tkaniny ur\u010den\u00e9 pre tieto syst\u00e9my\u00a0<strong>zais\u0165uj\u00fa maxim\u00e1lnu ochranu proti<\/strong>\u00a0slne\u010dn\u00e9mu\u00a0<strong>\u017eiareniu<\/strong>,\u00a0<strong>prieniku tepla<\/strong>, a z\u00e1rove\u0148 zabezpe\u010duj\u00fa optim\u00e1lnu \u00farove\u0148 prirodzen\u00e9ho svetla v interi\u00e9ri.\u00a0<strong>V\u010faka<\/strong>\u00a0svojmu materi\u00e1lov\u00e9mu\u00a0<strong>zlo\u017eeniu<\/strong>\u00a0\u2013\u00a0<strong>sklenen\u00e9 vl\u00e1kno, PVC, polyester<\/strong>\u00a0\u2013 s\u00fa\u00a0<strong>odoln\u00e9<\/strong>\u00a0vo\u010di poveternostn\u00fdm vplyvom a preto s\u00fa\u00a0<strong>vhodn<\/strong>\u00e9 pre\u00a0<strong>interi\u00e9rov\u00e9<\/strong>\u00a0pou\u017eitie, ale\u00a0<strong>najm\u00e4<\/strong>\u00a0pre\u00a0<strong>exteri\u00e9rov\u00e9<\/strong>\u00a0<strong>pou\u017eitie<\/strong>.<\/div>\n<\/div>\n<div class=\"wpb_text_column wpb_content_element  vc_custom_1644402913432\">\n<div class=\"wpb_wrapper\">\n<p>Bo\u010dn\u00e9\u00a0<strong>screenov\u00e9 rolety<\/strong>\u00a0s\u00fa prisp\u00f4soben\u00e9 dizajnom k pergol\u00e1m. Rovnako s\u00fa ovl\u00e1dan\u00e9 motoricky.\u00a0<strong>Ponuka<\/strong>\u00a0screenov\u00fd\u00a0<strong>l\u00e1tok je bohat\u00e1<\/strong>\u00a0a ur\u010dite si ka\u017ed\u00fd vyberie. L\u00e1tky s\u00fa\u00a0<strong>veden\u00e9 priamo v li\u0161t\u00e1ch<\/strong>\u00a0a roleta tak p\u00f4sob\u00ed celistv\u00fdm dojmom. Tento\u00a0<strong>syst\u00e9m je naz\u00fdvan\u00fd screen zip<\/strong>.<\/div>\n<\/div>\n<div class=\"wpb_text_column wpb_content_element  vc_custom_1644404051473\">\n<div class=\"wpb_wrapper\">\n<p>Prednos\u0165ou\u00a0<strong>screenov\u00fdch roliet<\/strong>\u00a0je ich \u010diasto\u010dn\u00e1\u00a0<strong>sveteln\u00e1 priepustnos\u0165<\/strong>\u00a0a\u00a0<strong>variabilita<\/strong>. Tento typ roliet\u00a0<strong>prin\u00e1\u0161a<\/strong>\u00a0<strong>tie\u0148<\/strong>\u00a0bez straty v\u00fdh\u013eadu do exteri\u00e9ru, no z\u00e1rove\u0148\u00a0<strong>s\u0165a\u017euje poh\u013ead zvonku<\/strong>\u00a0do interi\u00e9rov a tak\u00a0<strong>zachov\u00e1va s\u00fakromie.\u00a0<\/strong>Screenov\u00e9 rolety\u00a0<strong>vytv\u00e1raj\u00fa<\/strong>\u00a0v interi\u00e9ri optim\u00e1lne\u00a0<strong>tepeln\u00e9 podmienky<\/strong>\u00a0a s\u00fa\u00a0<strong>vynikaj\u00facim doplnkom<\/strong>\u00a0konceptu pas\u00edvnych stavieb.<\/div>\n<\/div>\n<div class=\"wpb_text_column wpb_content_element  vc_custom_1644403165017\">\n<div class=\"wpb_wrapper\">\n<p><strong>Druh\u00fd typ<\/strong>\u00a0v na\u0161ej ponuke je\u00a0<strong>screen zip<\/strong>. To znamen\u00e1, \u017ee\u00a0<strong>l\u00e1tka je veden\u00e1 priamo v li\u0161t\u00e1ch<\/strong>\u00a0a je nap\u00ednan\u00e1 ako po d\u013a\u017eke, tak aj po \u0161\u00edrke.\u00a0<strong>T\u00e1to v\u00fdhoda<\/strong>\u00a0v\u0161ak\u00a0<strong>obmedzuje farebn\u00fa \u0161k\u00e1lu<\/strong>\u00a0l\u00e1tok len na\u00a0<strong>screenov\u00e9 l\u00e1tky<\/strong>.<\/div>\n<\/div>\n<\/div>\n<\/div>\n<\/div>\n<\/div>\n<\/div>\n<\/div>\n<\/div><\/div><\/div><div id=\"pgc-3004-0-1\"  class=\"panel-grid-cell\" ><div id=\"panel-3004-0-1-0\" class=\"so-panel widget widget_media_image panel-first-child panel-last-child\" data-index=\"1\" ><img loading=\"lazy\" decoding=\"async\" width=\"1600\" height=\"900\" src=\"https:\/\/www.zaluziemm.sk\/wp-content\/uploads\/2025\/05\/RB_Screen_098-re-essential-03.jpg\" class=\"image wp-image-3005  attachment-full size-full\" alt=\"\" style=\"max-width: 100%; height: auto;\" srcset=\"https:\/\/www.zaluziemm.sk\/wp-content\/uploads\/2025\/05\/RB_Screen_098-re-essential-03.jpg 1600w, https:\/\/www.zaluziemm.sk\/wp-content\/uploads\/2025\/05\/RB_Screen_098-re-essential-03-300x169.jpg 300w, https:\/\/www.zaluziemm.sk\/wp-content\/uploads\/2025\/05\/RB_Screen_098-re-essential-03-1024x576.jpg 1024w, https:\/\/www.zaluziemm.sk\/wp-content\/uploads\/2025\/05\/RB_Screen_098-re-essential-03-768x432.jpg 768w, https:\/\/www.zaluziemm.sk\/wp-content\/uploads\/2025\/05\/RB_Screen_098-re-essential-03-1536x864.jpg 1536w, https:\/\/www.zaluziemm.sk\/wp-content\/uploads\/2025\/05\/RB_Screen_098-re-essential-03-360x202.jpg 360w, https:\/\/www.zaluziemm.sk\/wp-content\/uploads\/2025\/05\/RB_Screen_098-re-essential-03-555x312.jpg 555w, https:\/\/www.zaluziemm.sk\/wp-content\/uploads\/2025\/05\/RB_Screen_098-re-essential-03-600x338.jpg 600w\" sizes=\"auto, (max-width: 1600px) 100vw, 1600px\" \/><\/div><\/div><\/div><\/div>","protected":false},"excerpt":{"rendered":"<p>We can execute complex kitchen remodelling projects that suit your personal style and preferences. We can assist you in making minor kitchen updates or performing entire kitchen remodelling.<\/p>\n","protected":false},"author":1,"featured_media":3005,"parent":0,"menu_order":0,"comment_status":"closed","ping_status":"open","template":"","meta":{"_acf_changed":false,"inline_featured_image":false,"footnotes":""},"class_list":["post-3004","page","type-page","status-publish","has-post-thumbnail","hentry"],"acf":[],"yoast_head":"<!-- This site is optimized with the Yoast SEO plugin v27.0 - https:\/\/yoast.com\/product\/yoast-seo-wordpress\/ -->\n<title>SCREENOV\u00c9 ROLETY - \u017dAL\u00daZIE MM | ROLETY \u2022 SIETE \u2022 PERGOLY<\/title>\n<meta name=\"description\" content=\"Hlin\u00edkov\u00e1 pergola zv\u00e4\u010d\u0161i obytn\u00fd priestor domu (hotela, kaviarne, inej prev\u00e1dzky) a z\u00e1rove\u0148 prepoj\u00ed dom so z\u00e1hradou. Je priestorom pre relax a Va\u0161u pohodu domova, kde sa m\u00f4\u017eu hra\u0165 Va\u0161e deti na \u010derstvom vzduchu. Hlin\u00edkov\u00e1 pergola je trend, ktor\u00fd z\u00e1rove\u0148 zvy\u0161uje \u0161tandard domu ale aj jeho trhov\u00fa hodnotu, teda nie je len invest\u00edcia.\" \/>\n<meta name=\"robots\" content=\"index, follow, max-snippet:-1, max-image-preview:large, max-video-preview:-1\" \/>\n<link rel=\"canonical\" href=\"https:\/\/www.zaluziemm.sk\/index.php\/screenove-rolety\/\" \/>\n<meta property=\"og:locale\" content=\"sk_SK\" \/>\n<meta property=\"og:type\" content=\"article\" \/>\n<meta property=\"og:title\" content=\"P\u00c1NTOV\u00c9 SIETE PROTI HMYZU NA DVERE\" \/>\n<meta property=\"og:description\" content=\"Dvere na balk\u00f3n, terasu alebo z\u00e1hradu je v\u017edy dobr\u00e9 doplni\u0165 o siete proti hmyzu na dvere. Hlavne po\u010das leta, si m\u00f4\u017eete vychutna\u0165 \u010derstv\u00fd vzduch ko\u013eko len chcete bez otravn\u00e9ho hmyzu. Jednoduch\u00fd syst\u00e9m na p\u00e1nty a uzatv\u00e1ranie pomocou magnetov.\" \/>\n<meta property=\"og:url\" content=\"https:\/\/www.zaluziemm.sk\/index.php\/screenove-rolety\/\" \/>\n<meta property=\"og:site_name\" content=\"\u017dAL\u00daZIE MM | ROLETY \u2022 SIETE \u2022 PERGOLY\" \/>\n<meta property=\"og:image\" content=\"https:\/\/www.zaluziemm.sk\/wp-content\/uploads\/2025\/05\/siete_proti_hmyzu_na_dvere_plisse_zalziemv_.jpg\" \/>\n\t<meta property=\"og:image:width\" content=\"1100\" \/>\n\t<meta property=\"og:image:height\" content=\"538\" \/>\n\t<meta property=\"og:image:type\" content=\"image\/jpeg\" \/>\n<meta name=\"twitter:card\" content=\"summary_large_image\" \/>\n<meta name=\"twitter:label1\" content=\"Predpokladan\u00fd \u010das \u010d\u00edtania\" \/>\n\t<meta name=\"twitter:data1\" content=\"2 min\u00faty\" \/>\n<script type=\"application\/ld+json\" class=\"yoast-schema-graph\">{\"@context\":\"https:\/\/schema.org\",\"@graph\":[{\"@type\":\"WebPage\",\"@id\":\"https:\/\/www.zaluziemm.sk\/index.php\/screenove-rolety\/\",\"url\":\"https:\/\/www.zaluziemm.sk\/index.php\/screenove-rolety\/\",\"name\":\"SCREENOV\u00c9 ROLETY - \u017dAL\u00daZIE MM | ROLETY \u2022 SIETE \u2022 PERGOLY\",\"isPartOf\":{\"@id\":\"https:\/\/www.zaluziemm.sk\/#website\"},\"primaryImageOfPage\":{\"@id\":\"https:\/\/www.zaluziemm.sk\/index.php\/screenove-rolety\/#primaryimage\"},\"image\":{\"@id\":\"https:\/\/www.zaluziemm.sk\/index.php\/screenove-rolety\/#primaryimage\"},\"thumbnailUrl\":\"https:\/\/www.zaluziemm.sk\/wp-content\/uploads\/2025\/05\/RB_Screen_098-re-essential-03.jpg\",\"datePublished\":\"2025-05-22T14:56:31+00:00\",\"description\":\"Hlin\u00edkov\u00e1 pergola zv\u00e4\u010d\u0161i obytn\u00fd priestor domu (hotela, kaviarne, inej prev\u00e1dzky) a z\u00e1rove\u0148 prepoj\u00ed dom so z\u00e1hradou. Je priestorom pre relax a Va\u0161u pohodu domova, kde sa m\u00f4\u017eu hra\u0165 Va\u0161e deti na \u010derstvom vzduchu. Hlin\u00edkov\u00e1 pergola je trend, ktor\u00fd z\u00e1rove\u0148 zvy\u0161uje \u0161tandard domu ale aj jeho trhov\u00fa hodnotu, teda nie je len invest\u00edcia.\",\"breadcrumb\":{\"@id\":\"https:\/\/www.zaluziemm.sk\/index.php\/screenove-rolety\/#breadcrumb\"},\"inLanguage\":\"sk-SK\",\"potentialAction\":[{\"@type\":\"ReadAction\",\"target\":[\"https:\/\/www.zaluziemm.sk\/index.php\/screenove-rolety\/\"]}]},{\"@type\":\"ImageObject\",\"inLanguage\":\"sk-SK\",\"@id\":\"https:\/\/www.zaluziemm.sk\/index.php\/screenove-rolety\/#primaryimage\",\"url\":\"https:\/\/www.zaluziemm.sk\/wp-content\/uploads\/2025\/05\/RB_Screen_098-re-essential-03.jpg\",\"contentUrl\":\"https:\/\/www.zaluziemm.sk\/wp-content\/uploads\/2025\/05\/RB_Screen_098-re-essential-03.jpg\",\"width\":1600,\"height\":900},{\"@type\":\"BreadcrumbList\",\"@id\":\"https:\/\/www.zaluziemm.sk\/index.php\/screenove-rolety\/#breadcrumb\",\"itemListElement\":[{\"@type\":\"ListItem\",\"position\":1,\"name\":\"Domovsk\u00e1 str\u00e1nka\",\"item\":\"https:\/\/www.zaluziemm.sk\/\"},{\"@type\":\"ListItem\",\"position\":2,\"name\":\"SCREENOV\u00c9 ROLETY\"}]},{\"@type\":\"WebSite\",\"@id\":\"https:\/\/www.zaluziemm.sk\/#website\",\"url\":\"https:\/\/www.zaluziemm.sk\/\",\"name\":\"\u017dAL\u00daZIE MM | ROLETY \u2022 SIETE \u2022 PERGOLY\",\"description\":\"Kvalita, prec\u00edznos\u0165 a osobn\u00fd pr\u00edstup \u2013 \u017daluzie MM.\",\"potentialAction\":[{\"@type\":\"SearchAction\",\"target\":{\"@type\":\"EntryPoint\",\"urlTemplate\":\"https:\/\/www.zaluziemm.sk\/?s={search_term_string}\"},\"query-input\":{\"@type\":\"PropertyValueSpecification\",\"valueRequired\":true,\"valueName\":\"search_term_string\"}}],\"inLanguage\":\"sk-SK\"}]}<\/script>\n<!-- \/ Yoast SEO plugin. -->","yoast_head_json":{"title":"SCREENOV\u00c9 ROLETY - \u017dAL\u00daZIE MM | ROLETY \u2022 SIETE \u2022 PERGOLY","description":"Hlin\u00edkov\u00e1 pergola zv\u00e4\u010d\u0161i obytn\u00fd priestor domu (hotela, kaviarne, inej prev\u00e1dzky) a z\u00e1rove\u0148 prepoj\u00ed dom so z\u00e1hradou. Je priestorom pre relax a Va\u0161u pohodu domova, kde sa m\u00f4\u017eu hra\u0165 Va\u0161e deti na \u010derstvom vzduchu. Hlin\u00edkov\u00e1 pergola je trend, ktor\u00fd z\u00e1rove\u0148 zvy\u0161uje \u0161tandard domu ale aj jeho trhov\u00fa hodnotu, teda nie je len invest\u00edcia.","robots":{"index":"index","follow":"follow","max-snippet":"max-snippet:-1","max-image-preview":"max-image-preview:large","max-video-preview":"max-video-preview:-1"},"canonical":"https:\/\/www.zaluziemm.sk\/index.php\/screenove-rolety\/","og_locale":"sk_SK","og_type":"article","og_title":"P\u00c1NTOV\u00c9 SIETE PROTI HMYZU NA DVERE","og_description":"Dvere na balk\u00f3n, terasu alebo z\u00e1hradu je v\u017edy dobr\u00e9 doplni\u0165 o siete proti hmyzu na dvere. Hlavne po\u010das leta, si m\u00f4\u017eete vychutna\u0165 \u010derstv\u00fd vzduch ko\u013eko len chcete bez otravn\u00e9ho hmyzu. Jednoduch\u00fd syst\u00e9m na p\u00e1nty a uzatv\u00e1ranie pomocou magnetov.","og_url":"https:\/\/www.zaluziemm.sk\/index.php\/screenove-rolety\/","og_site_name":"\u017dAL\u00daZIE MM | ROLETY \u2022 SIETE \u2022 PERGOLY","og_image":[{"width":1100,"height":538,"url":"https:\/\/www.zaluziemm.sk\/wp-content\/uploads\/2025\/05\/siete_proti_hmyzu_na_dvere_plisse_zalziemv_.jpg","type":"image\/jpeg"}],"twitter_card":"summary_large_image","twitter_misc":{"Predpokladan\u00fd \u010das \u010d\u00edtania":"2 min\u00faty"},"schema":{"@context":"https:\/\/schema.org","@graph":[{"@type":"WebPage","@id":"https:\/\/www.zaluziemm.sk\/index.php\/screenove-rolety\/","url":"https:\/\/www.zaluziemm.sk\/index.php\/screenove-rolety\/","name":"SCREENOV\u00c9 ROLETY - \u017dAL\u00daZIE MM | ROLETY \u2022 SIETE \u2022 PERGOLY","isPartOf":{"@id":"https:\/\/www.zaluziemm.sk\/#website"},"primaryImageOfPage":{"@id":"https:\/\/www.zaluziemm.sk\/index.php\/screenove-rolety\/#primaryimage"},"image":{"@id":"https:\/\/www.zaluziemm.sk\/index.php\/screenove-rolety\/#primaryimage"},"thumbnailUrl":"https:\/\/www.zaluziemm.sk\/wp-content\/uploads\/2025\/05\/RB_Screen_098-re-essential-03.jpg","datePublished":"2025-05-22T14:56:31+00:00","description":"Hlin\u00edkov\u00e1 pergola zv\u00e4\u010d\u0161i obytn\u00fd priestor domu (hotela, kaviarne, inej prev\u00e1dzky) a z\u00e1rove\u0148 prepoj\u00ed dom so z\u00e1hradou. Je priestorom pre relax a Va\u0161u pohodu domova, kde sa m\u00f4\u017eu hra\u0165 Va\u0161e deti na \u010derstvom vzduchu. Hlin\u00edkov\u00e1 pergola je trend, ktor\u00fd z\u00e1rove\u0148 zvy\u0161uje \u0161tandard domu ale aj jeho trhov\u00fa hodnotu, teda nie je len invest\u00edcia.","breadcrumb":{"@id":"https:\/\/www.zaluziemm.sk\/index.php\/screenove-rolety\/#breadcrumb"},"inLanguage":"sk-SK","potentialAction":[{"@type":"ReadAction","target":["https:\/\/www.zaluziemm.sk\/index.php\/screenove-rolety\/"]}]},{"@type":"ImageObject","inLanguage":"sk-SK","@id":"https:\/\/www.zaluziemm.sk\/index.php\/screenove-rolety\/#primaryimage","url":"https:\/\/www.zaluziemm.sk\/wp-content\/uploads\/2025\/05\/RB_Screen_098-re-essential-03.jpg","contentUrl":"https:\/\/www.zaluziemm.sk\/wp-content\/uploads\/2025\/05\/RB_Screen_098-re-essential-03.jpg","width":1600,"height":900},{"@type":"BreadcrumbList","@id":"https:\/\/www.zaluziemm.sk\/index.php\/screenove-rolety\/#breadcrumb","itemListElement":[{"@type":"ListItem","position":1,"name":"Domovsk\u00e1 str\u00e1nka","item":"https:\/\/www.zaluziemm.sk\/"},{"@type":"ListItem","position":2,"name":"SCREENOV\u00c9 ROLETY"}]},{"@type":"WebSite","@id":"https:\/\/www.zaluziemm.sk\/#website","url":"https:\/\/www.zaluziemm.sk\/","name":"\u017dAL\u00daZIE MM | ROLETY \u2022 SIETE \u2022 PERGOLY","description":"Kvalita, prec\u00edznos\u0165 a osobn\u00fd pr\u00edstup \u2013 \u017daluzie MM.","potentialAction":[{"@type":"SearchAction","target":{"@type":"EntryPoint","urlTemplate":"https:\/\/www.zaluziemm.sk\/?s={search_term_string}"},"query-input":{"@type":"PropertyValueSpecification","valueRequired":true,"valueName":"search_term_string"}}],"inLanguage":"sk-SK"}]}},"_links":{"self":[{"href":"https:\/\/www.zaluziemm.sk\/index.php\/wp-json\/wp\/v2\/pages\/3004","targetHints":{"allow":["GET"]}}],"collection":[{"href":"https:\/\/www.zaluziemm.sk\/index.php\/wp-json\/wp\/v2\/pages"}],"about":[{"href":"https:\/\/www.zaluziemm.sk\/index.php\/wp-json\/wp\/v2\/types\/page"}],"author":[{"embeddable":true,"href":"https:\/\/www.zaluziemm.sk\/index.php\/wp-json\/wp\/v2\/users\/1"}],"replies":[{"embeddable":true,"href":"https:\/\/www.zaluziemm.sk\/index.php\/wp-json\/wp\/v2\/comments?post=3004"}],"version-history":[{"count":1,"href":"https:\/\/www.zaluziemm.sk\/index.php\/wp-json\/wp\/v2\/pages\/3004\/revisions"}],"predecessor-version":[{"id":3006,"href":"https:\/\/www.zaluziemm.sk\/index.php\/wp-json\/wp\/v2\/pages\/3004\/revisions\/3006"}],"wp:featuredmedia":[{"embeddable":true,"href":"https:\/\/www.zaluziemm.sk\/index.php\/wp-json\/wp\/v2\/media\/3005"}],"wp:attachment":[{"href":"https:\/\/www.zaluziemm.sk\/index.php\/wp-json\/wp\/v2\/media?parent=3004"}],"curies":[{"name":"wp","href":"https:\/\/api.w.org\/{rel}","templated":true}]}}