{"id":3008,"date":"2025-05-22T16:58:27","date_gmt":"2025-05-22T14:58:27","guid":{"rendered":"https:\/\/www.zaluziemm.sk\/?page_id=3008"},"modified":"2025-05-22T16:58:27","modified_gmt":"2025-05-22T14:58:27","slug":"markizy","status":"publish","type":"page","link":"https:\/\/www.zaluziemm.sk\/index.php\/markizy\/","title":{"rendered":"MARK\u00cdZY"},"content":{"rendered":"<div id=\"pl-3008\"  class=\"panel-layout\" ><div id=\"pg-3008-0\"  class=\"panel-grid panel-no-style\" ><div id=\"pgc-3008-0-0\"  class=\"panel-grid-cell\" ><div id=\"panel-3008-0-0-0\" class=\"so-panel widget widget_black-studio-tinymce widget_black_studio_tinymce panel-first-child panel-last-child\" data-index=\"0\" ><h3 class=\"widget-title\">MARK\u00cdZY<\/h3><div class=\"textwidget\"><div class=\"wpb_text_column wpb_content_element vc_custom_1644485967327\">\n<div class=\"wpb_wrapper\">\n<div class=\"wpb_text_column wpb_content_element vc_custom_1644487915889\">\n<div class=\"wpb_wrapper\">\n<div class=\"wpb_text_column wpb_content_element vc_custom_1644400020454\">\n<div class=\"wpb_wrapper\">\n<div class=\"wpb_text_column wpb_content_element  vc_custom_1644405075808\">\n<div class=\"wpb_wrapper\">\n<p><strong>Mark\u00edzy na balk\u00f3n alebo terasu<\/strong>\u00a0(aj pre ve\u013ek\u00e9 plochy) urobia\u00a0<strong>pr\u00edjemn\u00fd tie\u0148<\/strong>. Pre\u017eite kr\u00e1sny de\u0148 na balk\u00f3ne \u010di na terase v pr\u00edjemnom tieni pod\u00a0vonkaj\u0161\u00edmi mark\u00edzami. Vonkaj\u0161ie mark\u00edzy v\u00e1s spo\u013eahlivo\u00a0<strong>ochr\u00e1nia nielen pred slne\u010dn\u00fdmi l\u00fa\u010dmi<\/strong>, ale v\u010faka \u0161peci\u00e1lnej\u00a0<strong>povrchovej \u00faprave<\/strong>\u00a0si poradia aj s\u00a0<strong>miernym da\u017e\u010fom<\/strong>\u00a0\u2013 s\u00fa toti\u017e\u00a0<strong>nepremokav\u00e9<\/strong>. Posedenie pod mark\u00edzami si u\u017eijete v hor\u00facom lete aj za nev\u013e\u00fadneho po\u010dasia.<\/div>\n<\/div>\n<div class=\"wpb_text_column wpb_content_element  vc_custom_1644406510183\">\n<div class=\"wpb_wrapper\">\n<p>Pri va\u0161om dome vytvoria\u00a0<strong>chr\u00e1nen\u00fd priestor<\/strong>\u00a0a vytvoria\u00a0<strong>pr\u00edjemn\u00e9 miesto<\/strong>\u00a0na stret\u00e1vanie s rodinou aj priate\u013emi. Mark\u00edzy s<strong>\u00fa potiahnut\u00e9 akrylovou l\u00e1tkou naimpregnovanou ochrann\u00fdm pr\u00edpravkom<\/strong>. Tento pr\u00edpravok chr\u00e1ni l\u00e1tku mark\u00edzy pred premoknut\u00edm a zne\u010disten\u00edm. Kvalitn\u00fd materi\u00e1l a spracovanie zaru\u010duj\u00fa\u00a0<strong>dlh\u00fa \u017eivotnos\u0165<\/strong>\u00a0mark\u00edzy a st\u00e1lu farbu. Vyberte si z mno\u017estva dekorov tak\u00fa l\u00e1tku na mark\u00edzy, ktor\u00e1 sa bude na va\u0161u terasu alebo v\u00e1\u0161 balk\u00f3n hodi\u0165 najlep\u0161ie. Mark\u00edzy\u00a0<strong>s\u00fa praktick\u00e9 a z\u00e1rove\u0148 elegantn\u00e9.<\/strong>\u00a0\u00da\u010dinne v\u00e1s chr\u00e1nia pred slne\u010dn\u00fdmi l\u00fa\u010dmi a z\u00e1rove\u0148 dotv\u00e1raj\u00fa vzh\u013ead v\u00e1\u0161ho domu.<\/div>\n<\/div>\n<\/div>\n<\/div>\n<\/div>\n<\/div>\n<\/div>\n<\/div>\n<\/div><\/div><\/div><div id=\"pgc-3008-0-1\"  class=\"panel-grid-cell\" ><div id=\"panel-3008-0-1-0\" class=\"so-panel widget widget_media_image panel-first-child panel-last-child\" data-index=\"1\" ><img loading=\"lazy\" decoding=\"async\" width=\"2560\" height=\"1437\" src=\"https:\/\/www.zaluziemm.sk\/wp-content\/uploads\/2025\/05\/markizy_zaluziemv.png\" class=\"image wp-image-3009  attachment-full size-full\" alt=\"\" style=\"max-width: 100%; height: auto;\" srcset=\"https:\/\/www.zaluziemm.sk\/wp-content\/uploads\/2025\/05\/markizy_zaluziemv.png 2560w, https:\/\/www.zaluziemm.sk\/wp-content\/uploads\/2025\/05\/markizy_zaluziemv-300x168.png 300w, https:\/\/www.zaluziemm.sk\/wp-content\/uploads\/2025\/05\/markizy_zaluziemv-1024x575.png 1024w, https:\/\/www.zaluziemm.sk\/wp-content\/uploads\/2025\/05\/markizy_zaluziemv-768x431.png 768w, https:\/\/www.zaluziemm.sk\/wp-content\/uploads\/2025\/05\/markizy_zaluziemv-1536x862.png 1536w, https:\/\/www.zaluziemm.sk\/wp-content\/uploads\/2025\/05\/markizy_zaluziemv-2048x1150.png 2048w, https:\/\/www.zaluziemm.sk\/wp-content\/uploads\/2025\/05\/markizy_zaluziemv-360x202.png 360w, https:\/\/www.zaluziemm.sk\/wp-content\/uploads\/2025\/05\/markizy_zaluziemv-555x312.png 555w, https:\/\/www.zaluziemm.sk\/wp-content\/uploads\/2025\/05\/markizy_zaluziemv-600x337.png 600w\" sizes=\"auto, (max-width: 2560px) 100vw, 2560px\" \/><\/div><\/div><\/div><\/div>","protected":false},"excerpt":{"rendered":"<p>We can execute complex kitchen remodelling projects that suit your personal style and preferences. We can assist you in making minor kitchen updates or performing entire kitchen remodelling.<\/p>\n","protected":false},"author":1,"featured_media":3009,"parent":0,"menu_order":0,"comment_status":"closed","ping_status":"open","template":"","meta":{"_acf_changed":false,"inline_featured_image":false,"footnotes":""},"class_list":["post-3008","page","type-page","status-publish","has-post-thumbnail","hentry"],"acf":[],"yoast_head":"<!-- This site is optimized with the Yoast SEO plugin v27.0 - https:\/\/yoast.com\/product\/yoast-seo-wordpress\/ -->\n<title>MARK\u00cdZY - \u017dAL\u00daZIE MM | ROLETY \u2022 SIETE \u2022 PERGOLY<\/title>\n<meta name=\"description\" content=\"Mark\u00edzy na balk\u00f3n alebo terasu (aj pre ve\u013ek\u00e9 plochy) urobia pr\u00edjemn\u00fd tie\u0148. Pre\u017eite kr\u00e1sny de\u0148 na balk\u00f3ne \u010di na terase v pr\u00edjemnom tieni pod vonkaj\u0161\u00edmi mark\u00edzami. Vonkaj\u0161ie mark\u00edzy v\u00e1s spo\u013eahlivo ochr\u00e1nia nielen pred slne\u010dn\u00fdmi l\u00fa\u010dmi, ale v\u010faka \u0161peci\u00e1lnej povrchovej \u00faprave si poradia aj s miernym da\u017e\u010fom \u2013 s\u00fa toti\u017e nepremokav\u00e9. Posedenie pod mark\u00edzami si u\u017eijete v hor\u00facom lete aj za nev\u013e\u00fadneho po\u010dasia.\" \/>\n<meta name=\"robots\" content=\"index, follow, max-snippet:-1, max-image-preview:large, max-video-preview:-1\" \/>\n<link rel=\"canonical\" href=\"https:\/\/www.zaluziemm.sk\/index.php\/markizy\/\" \/>\n<meta property=\"og:locale\" content=\"sk_SK\" \/>\n<meta property=\"og:type\" content=\"article\" \/>\n<meta property=\"og:title\" content=\"P\u00c1NTOV\u00c9 SIETE PROTI HMYZU NA DVERE\" \/>\n<meta property=\"og:description\" content=\"Dvere na balk\u00f3n, terasu alebo z\u00e1hradu je v\u017edy dobr\u00e9 doplni\u0165 o siete proti hmyzu na dvere. Hlavne po\u010das leta, si m\u00f4\u017eete vychutna\u0165 \u010derstv\u00fd vzduch ko\u013eko len chcete bez otravn\u00e9ho hmyzu. Jednoduch\u00fd syst\u00e9m na p\u00e1nty a uzatv\u00e1ranie pomocou magnetov.\" \/>\n<meta property=\"og:url\" content=\"https:\/\/www.zaluziemm.sk\/index.php\/markizy\/\" \/>\n<meta property=\"og:site_name\" content=\"\u017dAL\u00daZIE MM | ROLETY \u2022 SIETE \u2022 PERGOLY\" \/>\n<meta property=\"og:image\" content=\"https:\/\/www.zaluziemm.sk\/wp-content\/uploads\/2025\/05\/siete_proti_hmyzu_na_dvere_plisse_zalziemv_.jpg\" \/>\n\t<meta property=\"og:image:width\" content=\"1100\" \/>\n\t<meta property=\"og:image:height\" content=\"538\" \/>\n\t<meta property=\"og:image:type\" content=\"image\/jpeg\" \/>\n<meta name=\"twitter:card\" content=\"summary_large_image\" \/>\n<meta name=\"twitter:label1\" content=\"Predpokladan\u00fd \u010das \u010d\u00edtania\" \/>\n\t<meta name=\"twitter:data1\" content=\"2 min\u00faty\" \/>\n<script type=\"application\/ld+json\" class=\"yoast-schema-graph\">{\"@context\":\"https:\/\/schema.org\",\"@graph\":[{\"@type\":\"WebPage\",\"@id\":\"https:\/\/www.zaluziemm.sk\/index.php\/markizy\/\",\"url\":\"https:\/\/www.zaluziemm.sk\/index.php\/markizy\/\",\"name\":\"MARK\u00cdZY - \u017dAL\u00daZIE MM | ROLETY \u2022 SIETE \u2022 PERGOLY\",\"isPartOf\":{\"@id\":\"https:\/\/www.zaluziemm.sk\/#website\"},\"primaryImageOfPage\":{\"@id\":\"https:\/\/www.zaluziemm.sk\/index.php\/markizy\/#primaryimage\"},\"image\":{\"@id\":\"https:\/\/www.zaluziemm.sk\/index.php\/markizy\/#primaryimage\"},\"thumbnailUrl\":\"https:\/\/www.zaluziemm.sk\/wp-content\/uploads\/2025\/05\/markizy_zaluziemv.png\",\"datePublished\":\"2025-05-22T14:58:27+00:00\",\"description\":\"Mark\u00edzy na balk\u00f3n alebo terasu (aj pre ve\u013ek\u00e9 plochy) urobia pr\u00edjemn\u00fd tie\u0148. Pre\u017eite kr\u00e1sny de\u0148 na balk\u00f3ne \u010di na terase v pr\u00edjemnom tieni pod vonkaj\u0161\u00edmi mark\u00edzami. Vonkaj\u0161ie mark\u00edzy v\u00e1s spo\u013eahlivo ochr\u00e1nia nielen pred slne\u010dn\u00fdmi l\u00fa\u010dmi, ale v\u010faka \u0161peci\u00e1lnej povrchovej \u00faprave si poradia aj s miernym da\u017e\u010fom \u2013 s\u00fa toti\u017e nepremokav\u00e9. Posedenie pod mark\u00edzami si u\u017eijete v hor\u00facom lete aj za nev\u013e\u00fadneho po\u010dasia.\",\"breadcrumb\":{\"@id\":\"https:\/\/www.zaluziemm.sk\/index.php\/markizy\/#breadcrumb\"},\"inLanguage\":\"sk-SK\",\"potentialAction\":[{\"@type\":\"ReadAction\",\"target\":[\"https:\/\/www.zaluziemm.sk\/index.php\/markizy\/\"]}]},{\"@type\":\"ImageObject\",\"inLanguage\":\"sk-SK\",\"@id\":\"https:\/\/www.zaluziemm.sk\/index.php\/markizy\/#primaryimage\",\"url\":\"https:\/\/www.zaluziemm.sk\/wp-content\/uploads\/2025\/05\/markizy_zaluziemv.png\",\"contentUrl\":\"https:\/\/www.zaluziemm.sk\/wp-content\/uploads\/2025\/05\/markizy_zaluziemv.png\",\"width\":2560,\"height\":1437},{\"@type\":\"BreadcrumbList\",\"@id\":\"https:\/\/www.zaluziemm.sk\/index.php\/markizy\/#breadcrumb\",\"itemListElement\":[{\"@type\":\"ListItem\",\"position\":1,\"name\":\"Domovsk\u00e1 str\u00e1nka\",\"item\":\"https:\/\/www.zaluziemm.sk\/\"},{\"@type\":\"ListItem\",\"position\":2,\"name\":\"MARK\u00cdZY\"}]},{\"@type\":\"WebSite\",\"@id\":\"https:\/\/www.zaluziemm.sk\/#website\",\"url\":\"https:\/\/www.zaluziemm.sk\/\",\"name\":\"\u017dAL\u00daZIE MM | ROLETY \u2022 SIETE \u2022 PERGOLY\",\"description\":\"Kvalita, prec\u00edznos\u0165 a osobn\u00fd pr\u00edstup \u2013 \u017daluzie MM.\",\"potentialAction\":[{\"@type\":\"SearchAction\",\"target\":{\"@type\":\"EntryPoint\",\"urlTemplate\":\"https:\/\/www.zaluziemm.sk\/?s={search_term_string}\"},\"query-input\":{\"@type\":\"PropertyValueSpecification\",\"valueRequired\":true,\"valueName\":\"search_term_string\"}}],\"inLanguage\":\"sk-SK\"}]}<\/script>\n<!-- \/ Yoast SEO plugin. -->","yoast_head_json":{"title":"MARK\u00cdZY - \u017dAL\u00daZIE MM | ROLETY \u2022 SIETE \u2022 PERGOLY","description":"Mark\u00edzy na balk\u00f3n alebo terasu (aj pre ve\u013ek\u00e9 plochy) urobia pr\u00edjemn\u00fd tie\u0148. Pre\u017eite kr\u00e1sny de\u0148 na balk\u00f3ne \u010di na terase v pr\u00edjemnom tieni pod vonkaj\u0161\u00edmi mark\u00edzami. Vonkaj\u0161ie mark\u00edzy v\u00e1s spo\u013eahlivo ochr\u00e1nia nielen pred slne\u010dn\u00fdmi l\u00fa\u010dmi, ale v\u010faka \u0161peci\u00e1lnej povrchovej \u00faprave si poradia aj s miernym da\u017e\u010fom \u2013 s\u00fa toti\u017e nepremokav\u00e9. Posedenie pod mark\u00edzami si u\u017eijete v hor\u00facom lete aj za nev\u013e\u00fadneho po\u010dasia.","robots":{"index":"index","follow":"follow","max-snippet":"max-snippet:-1","max-image-preview":"max-image-preview:large","max-video-preview":"max-video-preview:-1"},"canonical":"https:\/\/www.zaluziemm.sk\/index.php\/markizy\/","og_locale":"sk_SK","og_type":"article","og_title":"P\u00c1NTOV\u00c9 SIETE PROTI HMYZU NA DVERE","og_description":"Dvere na balk\u00f3n, terasu alebo z\u00e1hradu je v\u017edy dobr\u00e9 doplni\u0165 o siete proti hmyzu na dvere. Hlavne po\u010das leta, si m\u00f4\u017eete vychutna\u0165 \u010derstv\u00fd vzduch ko\u013eko len chcete bez otravn\u00e9ho hmyzu. Jednoduch\u00fd syst\u00e9m na p\u00e1nty a uzatv\u00e1ranie pomocou magnetov.","og_url":"https:\/\/www.zaluziemm.sk\/index.php\/markizy\/","og_site_name":"\u017dAL\u00daZIE MM | ROLETY \u2022 SIETE \u2022 PERGOLY","og_image":[{"width":1100,"height":538,"url":"https:\/\/www.zaluziemm.sk\/wp-content\/uploads\/2025\/05\/siete_proti_hmyzu_na_dvere_plisse_zalziemv_.jpg","type":"image\/jpeg"}],"twitter_card":"summary_large_image","twitter_misc":{"Predpokladan\u00fd \u010das \u010d\u00edtania":"2 min\u00faty"},"schema":{"@context":"https:\/\/schema.org","@graph":[{"@type":"WebPage","@id":"https:\/\/www.zaluziemm.sk\/index.php\/markizy\/","url":"https:\/\/www.zaluziemm.sk\/index.php\/markizy\/","name":"MARK\u00cdZY - \u017dAL\u00daZIE MM | ROLETY \u2022 SIETE \u2022 PERGOLY","isPartOf":{"@id":"https:\/\/www.zaluziemm.sk\/#website"},"primaryImageOfPage":{"@id":"https:\/\/www.zaluziemm.sk\/index.php\/markizy\/#primaryimage"},"image":{"@id":"https:\/\/www.zaluziemm.sk\/index.php\/markizy\/#primaryimage"},"thumbnailUrl":"https:\/\/www.zaluziemm.sk\/wp-content\/uploads\/2025\/05\/markizy_zaluziemv.png","datePublished":"2025-05-22T14:58:27+00:00","description":"Mark\u00edzy na balk\u00f3n alebo terasu (aj pre ve\u013ek\u00e9 plochy) urobia pr\u00edjemn\u00fd tie\u0148. Pre\u017eite kr\u00e1sny de\u0148 na balk\u00f3ne \u010di na terase v pr\u00edjemnom tieni pod vonkaj\u0161\u00edmi mark\u00edzami. Vonkaj\u0161ie mark\u00edzy v\u00e1s spo\u013eahlivo ochr\u00e1nia nielen pred slne\u010dn\u00fdmi l\u00fa\u010dmi, ale v\u010faka \u0161peci\u00e1lnej povrchovej \u00faprave si poradia aj s miernym da\u017e\u010fom \u2013 s\u00fa toti\u017e nepremokav\u00e9. Posedenie pod mark\u00edzami si u\u017eijete v hor\u00facom lete aj za nev\u013e\u00fadneho po\u010dasia.","breadcrumb":{"@id":"https:\/\/www.zaluziemm.sk\/index.php\/markizy\/#breadcrumb"},"inLanguage":"sk-SK","potentialAction":[{"@type":"ReadAction","target":["https:\/\/www.zaluziemm.sk\/index.php\/markizy\/"]}]},{"@type":"ImageObject","inLanguage":"sk-SK","@id":"https:\/\/www.zaluziemm.sk\/index.php\/markizy\/#primaryimage","url":"https:\/\/www.zaluziemm.sk\/wp-content\/uploads\/2025\/05\/markizy_zaluziemv.png","contentUrl":"https:\/\/www.zaluziemm.sk\/wp-content\/uploads\/2025\/05\/markizy_zaluziemv.png","width":2560,"height":1437},{"@type":"BreadcrumbList","@id":"https:\/\/www.zaluziemm.sk\/index.php\/markizy\/#breadcrumb","itemListElement":[{"@type":"ListItem","position":1,"name":"Domovsk\u00e1 str\u00e1nka","item":"https:\/\/www.zaluziemm.sk\/"},{"@type":"ListItem","position":2,"name":"MARK\u00cdZY"}]},{"@type":"WebSite","@id":"https:\/\/www.zaluziemm.sk\/#website","url":"https:\/\/www.zaluziemm.sk\/","name":"\u017dAL\u00daZIE MM | ROLETY \u2022 SIETE \u2022 PERGOLY","description":"Kvalita, prec\u00edznos\u0165 a osobn\u00fd pr\u00edstup \u2013 \u017daluzie MM.","potentialAction":[{"@type":"SearchAction","target":{"@type":"EntryPoint","urlTemplate":"https:\/\/www.zaluziemm.sk\/?s={search_term_string}"},"query-input":{"@type":"PropertyValueSpecification","valueRequired":true,"valueName":"search_term_string"}}],"inLanguage":"sk-SK"}]}},"_links":{"self":[{"href":"https:\/\/www.zaluziemm.sk\/index.php\/wp-json\/wp\/v2\/pages\/3008","targetHints":{"allow":["GET"]}}],"collection":[{"href":"https:\/\/www.zaluziemm.sk\/index.php\/wp-json\/wp\/v2\/pages"}],"about":[{"href":"https:\/\/www.zaluziemm.sk\/index.php\/wp-json\/wp\/v2\/types\/page"}],"author":[{"embeddable":true,"href":"https:\/\/www.zaluziemm.sk\/index.php\/wp-json\/wp\/v2\/users\/1"}],"replies":[{"embeddable":true,"href":"https:\/\/www.zaluziemm.sk\/index.php\/wp-json\/wp\/v2\/comments?post=3008"}],"version-history":[{"count":1,"href":"https:\/\/www.zaluziemm.sk\/index.php\/wp-json\/wp\/v2\/pages\/3008\/revisions"}],"predecessor-version":[{"id":3010,"href":"https:\/\/www.zaluziemm.sk\/index.php\/wp-json\/wp\/v2\/pages\/3008\/revisions\/3010"}],"wp:featuredmedia":[{"embeddable":true,"href":"https:\/\/www.zaluziemm.sk\/index.php\/wp-json\/wp\/v2\/media\/3009"}],"wp:attachment":[{"href":"https:\/\/www.zaluziemm.sk\/index.php\/wp-json\/wp\/v2\/media?parent=3008"}],"curies":[{"name":"wp","href":"https:\/\/api.w.org\/{rel}","templated":true}]}}